{"id":6483,"date":"2021-12-16T05:02:52","date_gmt":"2021-12-16T10:02:52","guid":{"rendered":"https:\/\/puyapeptide.net\/product\/asetyyliheksapeptidi-38-adifyline-cas-1400634-44-7-voi-lisata-rintojen-tai-poskien-tilavuutta\/"},"modified":"2021-12-16T05:02:52","modified_gmt":"2021-12-16T10:02:52","slug":"asetyyliheksapeptidi-38-adifyline-cas-1400634-44-7-voi-lisata-rintojen-tai-poskien-tilavuutta","status":"publish","type":"product","link":"https:\/\/puyapeptide.net\/fi\/product\/asetyyliheksapeptidi-38-adifyline-cas-1400634-44-7-voi-lisata-rintojen-tai-poskien-tilavuutta\/","title":{"rendered":"Asetyyliheksapeptidi 38 \/ Adifyline CAS 1400634-44-7 voi lis\u00e4t\u00e4 rintojen tai poskien tilavuutta"},"content":{"rendered":"<h2><strong>Asetyyliheksapeptidi 38 \/ Adifyline CAS 1400634-44-7 voi lis\u00e4t\u00e4 rintojen tai poskien tilavuutta<\/strong><\/h2>\n<p>Tuotteen nimi: Asetyyliheksapeptidi 38<br \/>\nSynonyymit: Asetyyliheksapeptidi 38;adifyliini;PAW-\u03b2;Asetyyliheksapeptidi-38, Adifyliini;Asetyyliheksapeptidi;Asetyyliheksapeptidi-38;Asetyyliheksapeptidi-38;Asetyyliheksapeptidi-38-jauhe;Asetyyliheksapeptidi38; \/EP\/BP<br \/>\nCAS: 1400634-44-7<br \/>\nMF:<br \/>\nMW: 0<br \/>\nEINECS: 000-000-0<br \/>\nTuoteluokat:<br \/>\nMol File: Mol File&lt; &amp;&gt;Maksuehto: Trade Assurance, T\/T, Western Union, L\/C<\/p>\n<p>Acetyl Hexapeptide-38 (Adifyline), jotka lis\u00e4\u00e4v\u00e4t rasvakudoksen m\u00e4\u00e4r\u00e4\u00e4 tietyill\u00e4 alueilla parantaen kasvojen ulkon\u00e4k\u00f6\u00e4 ja houkuttelevat vartalon k\u00e4yri\u00e4 .Se stimuloi peroksisomiproliferaattorin aktivoimaa reseptorin Gamma-koaktivaattori 1a (PGC-1a) ilmentymist\u00e4, mik\u00e4 tehostaa adipogeneesin nopeutta. T\u00e4m\u00e4 johtaa korkeampaan lipidien kertymiseen ja tilavuuden kasvuun halutuilla alueilla, kuten rinnoissa ja poskissa.<br \/>\nHeksapeptidi38 lis\u00e4\u00e4 paikallista volyymia ja parantaa kasvojen ulkon\u00e4k\u00f6\u00e4 ja kaarevan siluetin tarjoaminen edist\u00e4m\u00e4ll\u00e4 PGC-1a:n ilmentymist\u00e4 ja lipidien kertymist\u00e4 rasvakudokseen.<\/p>\n<p> <strong>Asetyyliheksapeptidin toiminta ja k\u00e4ytt\u00f6 38 \/ Adifyline CAS 1400634-44-7<\/strong> <\/p>\n<p>1. Paranna adipogeneesin nopeutta.<\/p>\n<p>2. Aiheuttaa korkeampaa lipidien kertymist\u00e4 ja tilavuuden kasvua halutuilla alueilla, kuten rinnoissa ja poskissa.<\/p>\n<p>3. Paranna kasvojen ulkon\u00e4k\u00f6\u00e4 ja luo houkuttelevia vartalon k\u00e4yri\u00e4.<\/p>\n<p> <strong>Asetyyliheksapeptidin k\u00e4ytt\u00f6 38\/ Adifyline CAS 1400634-44-7<\/strong><br \/>\nlis\u00e4\u00e4 paikallista volyymia, parantaa kasvojen ulkon\u00e4k\u00f6\u00e4 ja luo kaarevan siluetin edist\u00e4m\u00e4ll\u00e4 PGC-1a:n ilmett\u00e4 ja lipidien kertyminen rasvakudokseen.<\/p>\n","protected":false},"excerpt":{"rendered":"<p>Tuotteen nimi: Asetyyliheksapeptidi 38<br \/>\nCAS: 1400634-44-7<br \/>\nMol File: Mol File<\/p>\n","protected":false},"featured_media":2121,"comment_status":"open","ping_status":"closed","template":"","meta":{"om_disable_all_campaigns":false,"_monsterinsights_skip_tracking":false,"_monsterinsights_sitenote_active":false,"_monsterinsights_sitenote_note":"","_monsterinsights_sitenote_category":0,"site-sidebar-layout":"default","site-content-layout":"default","ast-site-content-layout":"default","site-content-style":"default","site-sidebar-style":"default","ast-global-header-display":"","ast-banner-title-visibility":"","ast-main-header-display":"","ast-hfb-above-header-display":"","ast-hfb-below-header-display":"","ast-hfb-mobile-header-display":"","site-post-title":"","ast-breadcrumbs-content":"","ast-featured-img":"","footer-sml-layout":"","ast-disable-related-posts":"","theme-transparent-header-meta":"default","adv-header-id-meta":"","stick-header-meta":"","header-above-stick-meta":"","header-main-stick-meta":"","header-below-stick-meta":"","astra-migrate-meta-layouts":"default","ast-page-background-enabled":"default","ast-page-background-meta":{"desktop":{"background-color":"","background-image":"","background-repeat":"repeat","background-position":"center center","background-size":"auto","background-attachment":"scroll","background-type":"","background-media":"","overlay-type":"","overlay-color":"","overlay-opacity":"","overlay-gradient":""},"tablet":{"background-color":"","background-image":"","background-repeat":"repeat","background-position":"center center","background-size":"auto","background-attachment":"scroll","background-type":"","background-media":"","overlay-type":"","overlay-color":"","overlay-opacity":"","overlay-gradient":""},"mobile":{"background-color":"","background-image":"","background-repeat":"repeat","background-position":"center center","background-size":"auto","background-attachment":"scroll","background-type":"","background-media":"","overlay-type":"","overlay-color":"","overlay-opacity":"","overlay-gradient":""}},"ast-content-background-meta":{"desktop":{"background-color":"var(--ast-global-color-5)","background-image":"","background-repeat":"repeat","background-position":"center center","background-size":"auto","background-attachment":"scroll","background-type":"","background-media":"","overlay-type":"","overlay-color":"","overlay-opacity":"","overlay-gradient":""},"tablet":{"background-color":"var(--ast-global-color-5)","background-image":"","background-repeat":"repeat","background-position":"center center","background-size":"auto","background-attachment":"scroll","background-type":"","background-media":"","overlay-type":"","overlay-color":"","overlay-opacity":"","overlay-gradient":""},"mobile":{"background-color":"var(--ast-global-color-5)","background-image":"","background-repeat":"repeat","background-position":"center center","background-size":"auto","background-attachment":"scroll","background-type":"","background-media":"","overlay-type":"","overlay-color":"","overlay-opacity":"","overlay-gradient":""}}},"product_brand":[],"product_cat":[627],"product_tag":[3399],"class_list":{"0":"post-6483","1":"product","2":"type-product","3":"status-publish","4":"has-post-thumbnail","6":"product_cat-rasvaa-lisaava-ja-rintojen-kasvua-lisaava-peptidi","7":"product_tag-acetyl-hexapeptide-38-adifyline-cas-1400634-44-7-can-increase-the-volume-of-the-breasts-or-cheeks-fi","8":"desktop-align-left","9":"tablet-align-left","10":"mobile-align-left","12":"first","13":"instock","14":"shipping-taxable","15":"product-type-simple"},"_links":{"self":[{"href":"https:\/\/puyapeptide.net\/fi\/wp-json\/wp\/v2\/product\/6483","targetHints":{"allow":["GET"]}}],"collection":[{"href":"https:\/\/puyapeptide.net\/fi\/wp-json\/wp\/v2\/product"}],"about":[{"href":"https:\/\/puyapeptide.net\/fi\/wp-json\/wp\/v2\/types\/product"}],"replies":[{"embeddable":true,"href":"https:\/\/puyapeptide.net\/fi\/wp-json\/wp\/v2\/comments?post=6483"}],"wp:featuredmedia":[{"embeddable":true,"href":"https:\/\/puyapeptide.net\/fi\/wp-json\/wp\/v2\/media\/2121"}],"wp:attachment":[{"href":"https:\/\/puyapeptide.net\/fi\/wp-json\/wp\/v2\/media?parent=6483"}],"wp:term":[{"taxonomy":"product_brand","embeddable":true,"href":"https:\/\/puyapeptide.net\/fi\/wp-json\/wp\/v2\/product_brand?post=6483"},{"taxonomy":"product_cat","embeddable":true,"href":"https:\/\/puyapeptide.net\/fi\/wp-json\/wp\/v2\/product_cat?post=6483"},{"taxonomy":"product_tag","embeddable":true,"href":"https:\/\/puyapeptide.net\/fi\/wp-json\/wp\/v2\/product_tag?post=6483"}],"curies":[{"name":"wp","href":"https:\/\/api.w.org\/{rel}","templated":true}]}}