{"id":6511,"date":"2021-12-16T05:05:42","date_gmt":"2021-12-16T10:05:42","guid":{"rendered":"https:\/\/puyapeptide.net\/product\/palmitoyl-tripeptide-28-parantaa-ihon-kimmoisuutta-kiinteytta-ja-toimii-tulehdusta-ehkaisevana-aineena\/"},"modified":"2021-12-16T05:05:42","modified_gmt":"2021-12-16T10:05:42","slug":"palmitoyl-tripeptide-28-parantaa-ihon-kimmoisuutta-kiinteytta-ja-toimii-tulehdusta-ehkaisevana-aineena","status":"publish","type":"product","link":"https:\/\/puyapeptide.net\/fi\/product\/palmitoyl-tripeptide-28-parantaa-ihon-kimmoisuutta-kiinteytta-ja-toimii-tulehdusta-ehkaisevana-aineena\/","title":{"rendered":"Palmitoyl Tripeptide-28 parantaa ihon kimmoisuutta, kiinteytt\u00e4 ja toimii tulehdusta ehk\u00e4isev\u00e4n\u00e4 aineena"},"content":{"rendered":"<h2><strong>Palmitoyl Tripeptide-28 parantaa ihon kimmoisuutta, kiinteytt\u00e4 ja toimii tulehdusta ehk\u00e4isev\u00e4n\u00e4 aineena<\/strong><\/h2>\n<p>Tuotteen nimi: Palmitoyl Tripeptide-28<br \/>\nViite: ECM Moduline peptide<br \/>\nL\u00e4hde: synteettinen<br \/>\nLiukoisuus: liukenee veteen<br \/>\nStabiliteetti: stabiili<br \/>\nPuhtaus: &gt;=95 %<br \/>\n Arvosana: kosmeettinen<br \/>\nMSDS ja COA: saatavilla viitteellesi, ota yhteytt\u00e4<br \/>\nKapasiteetti: 1kg kuukaudessa<br \/>\nUlkon\u00e4k\u00f6: valkoinen jauhe<\/p>\n<p> <strong>Palmitoyl Tripeptide-28:n funktiot<\/strong><br \/>\nPalmitoyl Tripeptide -28 parantaa ihon kimmoisuutta ja kiinteytt\u00e4 ja toimii anti-inflammatorisena aineena.<\/p>\n<p> <strong>Palmitoyl Tripeptide-28<\/strong> :n k\u00e4ytt\u00f6<br \/>\nPalmitoyylitripeptidi-28 sitoutuu spesifiseen TGF-bII-reseptoriin (TbRII) solun pinnalla. T\u00e4m\u00e4 reseptori fosforyloi reseptorin TGF-bI (TbRI) aktiivisen reseptorikompleksin muodostamiseksi, jolloin ne fosforyloivat proteiinin Smad 2 tai Smad 3. Smad 2 tai Smad 3 muodostavat kompleksin citoplasmaattisen Smad 4 -proteiinin kanssa ja t\u00e4m\u00e4 mahdollistaa Smad-kompleksin siirtymisen. ytimeen. Siell\u00e4 tehoste-Smad-kompleksi sitoutuu solunulkoisen matriisin geenien promoottorien spesifisiin sekvensseihin, jotka aktivoivat sen ilmentymisen.<\/p>\n<p>Palmitoyylitripeptidi-28 on avain solunulkoisen matriisin regeneraatiossa, koska se stimuloi proteiinisynteesi\u00e4 solussa. solunulkoinen matriksi, est\u00e4\u00e4 kollageenia hajottavia metalloproteinaaseja, stimuloi proteaasi-inhibiittorien tuotantoa ja integriinien synteesi\u00e4.<\/p>\n","protected":false},"excerpt":{"rendered":"<p>Tuotteen nimi: Palmitoyl Tripeptide-28<br \/>\nL\u00e4hde: synteettinen<br \/>\nLiukoisuus: liukenee veteen<br \/>\nStabiliteetti: stabiili<br \/>\nPuhtaus: &gt;=95 %<br \/>\nLaste: kosmeettinen<br \/>\nUlkon\u00e4k\u00f6: valkoinen jauhe<\/p>\n","protected":false},"featured_media":2205,"comment_status":"open","ping_status":"closed","template":"","meta":{"om_disable_all_campaigns":false,"_monsterinsights_skip_tracking":false,"_monsterinsights_sitenote_active":false,"_monsterinsights_sitenote_note":"","_monsterinsights_sitenote_category":0,"site-sidebar-layout":"default","site-content-layout":"default","ast-site-content-layout":"default","site-content-style":"default","site-sidebar-style":"default","ast-global-header-display":"","ast-banner-title-visibility":"","ast-main-header-display":"","ast-hfb-above-header-display":"","ast-hfb-below-header-display":"","ast-hfb-mobile-header-display":"","site-post-title":"","ast-breadcrumbs-content":"","ast-featured-img":"","footer-sml-layout":"","ast-disable-related-posts":"","theme-transparent-header-meta":"default","adv-header-id-meta":"","stick-header-meta":"","header-above-stick-meta":"","header-main-stick-meta":"","header-below-stick-meta":"","astra-migrate-meta-layouts":"default","ast-page-background-enabled":"default","ast-page-background-meta":{"desktop":{"background-color":"","background-image":"","background-repeat":"repeat","background-position":"center center","background-size":"auto","background-attachment":"scroll","background-type":"","background-media":"","overlay-type":"","overlay-color":"","overlay-opacity":"","overlay-gradient":""},"tablet":{"background-color":"","background-image":"","background-repeat":"repeat","background-position":"center center","background-size":"auto","background-attachment":"scroll","background-type":"","background-media":"","overlay-type":"","overlay-color":"","overlay-opacity":"","overlay-gradient":""},"mobile":{"background-color":"","background-image":"","background-repeat":"repeat","background-position":"center center","background-size":"auto","background-attachment":"scroll","background-type":"","background-media":"","overlay-type":"","overlay-color":"","overlay-opacity":"","overlay-gradient":""}},"ast-content-background-meta":{"desktop":{"background-color":"var(--ast-global-color-5)","background-image":"","background-repeat":"repeat","background-position":"center center","background-size":"auto","background-attachment":"scroll","background-type":"","background-media":"","overlay-type":"","overlay-color":"","overlay-opacity":"","overlay-gradient":""},"tablet":{"background-color":"var(--ast-global-color-5)","background-image":"","background-repeat":"repeat","background-position":"center center","background-size":"auto","background-attachment":"scroll","background-type":"","background-media":"","overlay-type":"","overlay-color":"","overlay-opacity":"","overlay-gradient":""},"mobile":{"background-color":"var(--ast-global-color-5)","background-image":"","background-repeat":"repeat","background-position":"center center","background-size":"auto","background-attachment":"scroll","background-type":"","background-media":"","overlay-type":"","overlay-color":"","overlay-opacity":"","overlay-gradient":""}}},"product_brand":[],"product_cat":[627],"product_tag":[3383,3361],"class_list":{"0":"post-6511","1":"product","2":"type-product","3":"status-publish","4":"has-post-thumbnail","6":"product_cat-rasvaa-lisaava-ja-rintojen-kasvua-lisaava-peptidi","7":"product_tag-firmness-and-serves-as-an-anti-inflammatory-fi","8":"product_tag-palmitoyl-tripeptide-28-improves-skin-elasticity-fi","9":"desktop-align-left","10":"tablet-align-left","11":"mobile-align-left","13":"first","14":"instock","15":"shipping-taxable","16":"product-type-simple"},"_links":{"self":[{"href":"https:\/\/puyapeptide.net\/fi\/wp-json\/wp\/v2\/product\/6511","targetHints":{"allow":["GET"]}}],"collection":[{"href":"https:\/\/puyapeptide.net\/fi\/wp-json\/wp\/v2\/product"}],"about":[{"href":"https:\/\/puyapeptide.net\/fi\/wp-json\/wp\/v2\/types\/product"}],"replies":[{"embeddable":true,"href":"https:\/\/puyapeptide.net\/fi\/wp-json\/wp\/v2\/comments?post=6511"}],"wp:featuredmedia":[{"embeddable":true,"href":"https:\/\/puyapeptide.net\/fi\/wp-json\/wp\/v2\/media\/2205"}],"wp:attachment":[{"href":"https:\/\/puyapeptide.net\/fi\/wp-json\/wp\/v2\/media?parent=6511"}],"wp:term":[{"taxonomy":"product_brand","embeddable":true,"href":"https:\/\/puyapeptide.net\/fi\/wp-json\/wp\/v2\/product_brand?post=6511"},{"taxonomy":"product_cat","embeddable":true,"href":"https:\/\/puyapeptide.net\/fi\/wp-json\/wp\/v2\/product_cat?post=6511"},{"taxonomy":"product_tag","embeddable":true,"href":"https:\/\/puyapeptide.net\/fi\/wp-json\/wp\/v2\/product_tag?post=6511"}],"curies":[{"name":"wp","href":"https:\/\/api.w.org\/{rel}","templated":true}]}}