{"id":6592,"date":"2021-12-16T05:09:36","date_gmt":"2021-12-16T10:09:36","guid":{"rendered":"https:\/\/puyapeptide.net\/product\/myristoyl-pentapeptide-17-cas-959610-30-1-on-tehokas-kosmeettinen-ainesosa-joka-edistaa-ripsien-kasvua\/"},"modified":"2021-12-16T05:09:36","modified_gmt":"2021-12-16T10:09:36","slug":"myristoyl-pentapeptide-17-cas-959610-30-1-on-tehokas-kosmeettinen-ainesosa-joka-edistaa-ripsien-kasvua","status":"publish","type":"product","link":"https:\/\/puyapeptide.net\/fi\/product\/myristoyl-pentapeptide-17-cas-959610-30-1-on-tehokas-kosmeettinen-ainesosa-joka-edistaa-ripsien-kasvua\/","title":{"rendered":"Myristoyl Pentapeptide-17 CAS 959610-30-1 on tehokas kosmeettinen ainesosa, joka edist\u00e4\u00e4 ripsien kasvua"},"content":{"rendered":"<h2><strong>Myristoyl Pentapeptide-17 CAS 959610-30-1 on tehokas kosmeettinen ainesosa, joka edist\u00e4\u00e4 ripsien kasvua<\/strong><\/h2>\n<p>Tuotteen nimi: Myristoyylipentapeptidi-17<br \/>\nSynonyymit: Myristoyylipentapeptidi-17;sympeptidi226;N2-(1-oksotetradekyyli)-L-lysyyli-L-leusyyli-L-alanyyli-L-lysyyli-L-lysiiniamidi; muskottip\u00e4hkin\u00e4 5-peptidi 17;Myr-KLAKK-NH2;N-[(2S)-6-amino-1-[[(2S)-1-[[(2S)-1-[[(2S)-6-amino- 1-[[(2S)-1,6-diamino-1-oksoheksan-2-yyli]amino]-1-oksoheksan-2-yyli]amino]-1-oksopropan-2-yyli]amino]-4-metyyli -1-oksopentan-2-yyli]amino]-1-oksoheksan-2-yyli]tetradekaanamidi; N2-(1-oksotetradekyyli)-L-lysyyli-L-leusyyli-L-alanyyli-L-lysyyli-L-lys; Sympeptide 235<br \/>\nCAS: 959610-30-1<br \/>\nMF: C41H81N9O6<br \/>\nMW: 796.14<br \/>\nEINECS:<br \/>\nTuoteluokat:<br \/>\nMol Tiedosto: 959610-30-1.mol&lt;&amp; &gt;<br \/>\nMyristoyl pentapeptide-17\/eyelash peptide on tehokas ripsien kasvua edist\u00e4v\u00e4 kosmeettinen ainesosa, joka voi tehokkaasti stimuloida karvojen keratiinin synteesi\u00e4, edist\u00e4\u00e4 karvojen (ripset, kulmakarvat, hiukset) kasvua ja tehd\u00e4 niist\u00e4 paksumpia ja sitke\u00e4mpi\u00e4 .<\/p>\n<p>Yksi Myristoyl Pentapeptide-17:n t\u00e4rkeimmist\u00e4 teht\u00e4vist\u00e4 on antioksidantti. Kuten kaikki antioksidantit, Myristoyl Pentapeptide-17:n teht\u00e4v\u00e4n\u00e4 on suojella ihoa vahingollisilta vapailta radikaaleilta, jotka ovat seurausta liiallisesta auringonpaisteesta tai ymp\u00e4rist\u00f6n ep\u00e4puhtauksista. N\u00e4m\u00e4 vapaat radikaalit vahingoittavat yksitt\u00e4isi\u00e4 ihosoluja, mutta niiden todellinen vaara on, ett\u00e4 ne voivat aiheuttaa ennenaikaista ik\u00e4\u00e4ntymist\u00e4. Vapaat radikaalit voivat kannustaa ihosoluja lis\u00e4\u00e4ntym\u00e4\u00e4n nopeasti ja hallitsemattomasti. Ei vain suojaa ihosoluja antioksidantteilta, vaan se auttaa my\u00f6s neutraloimaan niit\u00e4, jotta ne voidaan poistaa. Kasvot voivat alkaa taas olla terveet. T\u00e4m\u00e4 tekee siit\u00e4 yhden markkinoiden hy\u00f6dyllisimmist\u00e4 antioksidanteista.<\/p>\n<p> <strong>Myristoyylipentapeptidi-17 CAS 959610-30-1 Kemialliset ominaisuudet<\/strong><br \/>\nKiehumispiste 1071,6\u00b165,0 \u00b0C (ennustettu)<br \/>\n tiheys 1,062\u00b10,06 g\/cm3 (ennustettu)<br \/>\nvarastointil\u00e4mp\u00f6tila. Suljettu kuivaan,Huonel\u00e4mp\u00f6tila<br \/>\npka 13,42\u00b10,46(ennustettu)<\/p>\n<p> <strong>Myristoyl Pentapeptide-17:n k\u00e4ytt\u00f6 ja k\u00e4ytt\u00f6tarkoitukset CAS 959610-30-1<\/strong><br \/>\n1.Poikkeuksellinen parannus ripsien ja kulmakarvojen ulkon\u00e4\u00f6lle<br \/>\n2.Tekee upeat, tihe\u00e4t ja rehev\u00e4n n\u00e4k\u00f6iset ripset<br \/>\n3.Ei prostaglandiiniteknologiaa<br \/>\n4.Ei \u00e4rsyt\u00e4 silmi\u00e4 tai v\u00e4rj\u00e4ytymisvaaraa<br \/>\n5.Ihotautil\u00e4\u00e4k\u00e4rin ja silm\u00e4l\u00e4\u00e4k\u00e4rin turvallisuustestattu.<\/p>\n","protected":false},"excerpt":{"rendered":"<p>Tuotteen nimi: Myristoyl Pentapeptide-17<br \/>\nCAS: 959610-30-1<br \/>\nMF: C41H81N9O6<br \/>\nMW: 796.14<br \/>\nMol Tiedosto: 959610-30-1.mol<\/p>\n","protected":false},"featured_media":2100,"comment_status":"open","ping_status":"closed","template":"","meta":{"om_disable_all_campaigns":false,"_monsterinsights_skip_tracking":false,"_monsterinsights_sitenote_active":false,"_monsterinsights_sitenote_note":"","_monsterinsights_sitenote_category":0,"site-sidebar-layout":"default","site-content-layout":"default","ast-site-content-layout":"default","site-content-style":"default","site-sidebar-style":"default","ast-global-header-display":"","ast-banner-title-visibility":"","ast-main-header-display":"","ast-hfb-above-header-display":"","ast-hfb-below-header-display":"","ast-hfb-mobile-header-display":"","site-post-title":"","ast-breadcrumbs-content":"","ast-featured-img":"","footer-sml-layout":"","ast-disable-related-posts":"","theme-transparent-header-meta":"default","adv-header-id-meta":"","stick-header-meta":"","header-above-stick-meta":"","header-main-stick-meta":"","header-below-stick-meta":"","astra-migrate-meta-layouts":"default","ast-page-background-enabled":"default","ast-page-background-meta":{"desktop":{"background-color":"","background-image":"","background-repeat":"repeat","background-position":"center center","background-size":"auto","background-attachment":"scroll","background-type":"","background-media":"","overlay-type":"","overlay-color":"","overlay-opacity":"","overlay-gradient":""},"tablet":{"background-color":"","background-image":"","background-repeat":"repeat","background-position":"center center","background-size":"auto","background-attachment":"scroll","background-type":"","background-media":"","overlay-type":"","overlay-color":"","overlay-opacity":"","overlay-gradient":""},"mobile":{"background-color":"","background-image":"","background-repeat":"repeat","background-position":"center center","background-size":"auto","background-attachment":"scroll","background-type":"","background-media":"","overlay-type":"","overlay-color":"","overlay-opacity":"","overlay-gradient":""}},"ast-content-background-meta":{"desktop":{"background-color":"var(--ast-global-color-5)","background-image":"","background-repeat":"repeat","background-position":"center center","background-size":"auto","background-attachment":"scroll","background-type":"","background-media":"","overlay-type":"","overlay-color":"","overlay-opacity":"","overlay-gradient":""},"tablet":{"background-color":"var(--ast-global-color-5)","background-image":"","background-repeat":"repeat","background-position":"center center","background-size":"auto","background-attachment":"scroll","background-type":"","background-media":"","overlay-type":"","overlay-color":"","overlay-opacity":"","overlay-gradient":""},"mobile":{"background-color":"var(--ast-global-color-5)","background-image":"","background-repeat":"repeat","background-position":"center center","background-size":"auto","background-attachment":"scroll","background-type":"","background-media":"","overlay-type":"","overlay-color":"","overlay-opacity":"","overlay-gradient":""}}},"product_brand":[],"product_cat":[582],"product_tag":[3266],"class_list":{"0":"post-6592","1":"product","2":"type-product","3":"status-publish","4":"has-post-thumbnail","6":"product_cat-eye-care-peptide-fi","7":"product_tag-myristoyl-pentapeptide-17-cas-959610-30-1-is-an-effective-cosmetic-ingredient-to-promote-eyelash-growth-fi","8":"desktop-align-left","9":"tablet-align-left","10":"mobile-align-left","12":"first","13":"instock","14":"shipping-taxable","15":"product-type-simple"},"_links":{"self":[{"href":"https:\/\/puyapeptide.net\/fi\/wp-json\/wp\/v2\/product\/6592","targetHints":{"allow":["GET"]}}],"collection":[{"href":"https:\/\/puyapeptide.net\/fi\/wp-json\/wp\/v2\/product"}],"about":[{"href":"https:\/\/puyapeptide.net\/fi\/wp-json\/wp\/v2\/types\/product"}],"replies":[{"embeddable":true,"href":"https:\/\/puyapeptide.net\/fi\/wp-json\/wp\/v2\/comments?post=6592"}],"wp:featuredmedia":[{"embeddable":true,"href":"https:\/\/puyapeptide.net\/fi\/wp-json\/wp\/v2\/media\/2100"}],"wp:attachment":[{"href":"https:\/\/puyapeptide.net\/fi\/wp-json\/wp\/v2\/media?parent=6592"}],"wp:term":[{"taxonomy":"product_brand","embeddable":true,"href":"https:\/\/puyapeptide.net\/fi\/wp-json\/wp\/v2\/product_brand?post=6592"},{"taxonomy":"product_cat","embeddable":true,"href":"https:\/\/puyapeptide.net\/fi\/wp-json\/wp\/v2\/product_cat?post=6592"},{"taxonomy":"product_tag","embeddable":true,"href":"https:\/\/puyapeptide.net\/fi\/wp-json\/wp\/v2\/product_tag?post=6592"}],"curies":[{"name":"wp","href":"https:\/\/api.w.org\/{rel}","templated":true}]}}