{"id":6613,"date":"2021-12-16T05:35:03","date_gmt":"2021-12-16T10:35:03","guid":{"rendered":"https:\/\/puyapeptide.net\/product\/asetyylitetrapeptidi-3-cas-827306-88-7-voi-korjata-karvatupen-soluja-stimuloi-kulmakarvojen-ja-karvojen-luonnollista-kasvua\/"},"modified":"2021-12-16T05:35:03","modified_gmt":"2021-12-16T10:35:03","slug":"asetyylitetrapeptidi-3-cas-827306-88-7-voi-korjata-karvatupen-soluja-stimuloi-kulmakarvojen-ja-karvojen-luonnollista-kasvua","status":"publish","type":"product","link":"https:\/\/puyapeptide.net\/fi\/product\/asetyylitetrapeptidi-3-cas-827306-88-7-voi-korjata-karvatupen-soluja-stimuloi-kulmakarvojen-ja-karvojen-luonnollista-kasvua\/","title":{"rendered":"Asetyylitetrapeptidi-3 CAS 827306-88-7 voi korjata karvatupen soluja Stimuloi kulmakarvojen ja karvojen luonnollista kasvua"},"content":{"rendered":"<h2><strong>Asetyylitetrapeptidi-3 CAS 827306-88-7 voi korjata karvatupen soluja Stimuloi kulmakarvojen ja karvojen luonnollista kasvua<\/strong><\/h2>\n<p>Tuotteen nimi: Asetyylitetrapeptidi-3<br \/>\nSynonyymit: N2-asetyyli-L-lysyyliglysyyli-L-histidyyli-L-lysiiniamidi; asetyylitetrapeptidi-3; kapiksyyli; asetyylitetrapeptidi-3\/kapiksyyli; asetyylitetrapeptidi-4, Kapiksyyli;Ac-KGHK;Asetyylitetrapeptidi-3\/kapiksyyli-3;L-lysinamidi, N2-asetyyli-L-lysyyliglysyyli-L-histidyyli-<br \/>\nCAS: 827306-88-7<br \/>\nMF: C22H39N9O5<br \/>\n MW: 509.6<br \/>\nEINECS: 1308068-626-2<br \/>\nTuoteluokat:<br \/>\nMol Tiedosto: 827306-88-7.mol<\/p>\n<p>Asetyylitetrapeptidi-3 on kauneuspolypeptidi, joka sis\u00e4lt\u00e4\u00e4 nelj\u00e4 aminohappoa , joka voi nopeasti korjata karvatuppisoluja, stimuloida kulmakarvojen ja hiusten luonnollista kasvua, v\u00e4hent\u00e4\u00e4 tehokkaasti ik\u00e4\u00e4ntymisen aiheuttamaa hiustenl\u00e4ht\u00f6\u00e4 ja tehd\u00e4 kulmakarvoista ja hiuksista tihe\u00e4mpi\u00e4, luonnollisempia, taipuisampia ja tiiviimpi\u00e4.<\/p>\n<p> <strong>Asetyylitetrapeptidi-3 CAS 827306-88-7 Kemialliset ominaisuudet<\/strong><br \/>\nKiehumispiste 1075,4\u00b165,0 \u00b0C (ennustettu)<br \/>\ntiheys 1,250\u00b10,06 g\/cm3 (ennustettu)<br \/>\nvarastointil\u00e4mp\u00f6tila. S\u00e4ilytett\u00e4v\u00e4 pime\u00e4ss\u00e4, inertiss\u00e4 ilmakeh\u00e4ss\u00e4, pakastimessa, alle -20\u00b0C<br \/>\npka 13.35\u00b10.46(ennustettu)<\/p>\n<p> <strong>Asetyylitetrapeptidi-3 CAS 827306-88-7 funktiot<\/strong><br \/>\nKarvankasvu pirist\u00e4v\u00e4, parantaa hiusten kiinnittymist\u00e4.<br \/>\nParanna ripsien ja\/tai kulmakarvojen ulkon\u00e4k\u00f6\u00e4.<\/p>\n<p> <strong>Asetyylitetrapeptidi-3 CAS 827306-88-7 sovellukset<\/strong><br \/>\nV\u00e4henee hiustenl\u00e4ht\u00f6\u00e4;<br \/>\nVoit vahvistaa hiusten kasvua. ;<br \/>\nParantaa follikkelien terveytt\u00e4 ja hiusten kiinnittymist\u00e4 juuriin;<br \/>\nV\u00e4henee p\u00e4\u00e4nahan tulehdusta<\/p>\n","protected":false},"excerpt":{"rendered":"<p>Tuotteen nimi: Asetyylitetrapeptidi-3<br \/>\nCAS: 827306-88-7<br \/>\nMF: C22H39N9O5<br \/>\nMW: 509,6<br \/>\nMol Tiedosto: 827306-88-7.mol<\/p>\n","protected":false},"featured_media":2163,"comment_status":"open","ping_status":"closed","template":"","meta":{"om_disable_all_campaigns":false,"_monsterinsights_skip_tracking":false,"_monsterinsights_sitenote_active":false,"_monsterinsights_sitenote_note":"","_monsterinsights_sitenote_category":0,"site-sidebar-layout":"default","site-content-layout":"default","ast-site-content-layout":"default","site-content-style":"default","site-sidebar-style":"default","ast-global-header-display":"","ast-banner-title-visibility":"","ast-main-header-display":"","ast-hfb-above-header-display":"","ast-hfb-below-header-display":"","ast-hfb-mobile-header-display":"","site-post-title":"","ast-breadcrumbs-content":"","ast-featured-img":"","footer-sml-layout":"","ast-disable-related-posts":"","theme-transparent-header-meta":"default","adv-header-id-meta":"","stick-header-meta":"","header-above-stick-meta":"","header-main-stick-meta":"","header-below-stick-meta":"","astra-migrate-meta-layouts":"default","ast-page-background-enabled":"default","ast-page-background-meta":{"desktop":{"background-color":"","background-image":"","background-repeat":"repeat","background-position":"center center","background-size":"auto","background-attachment":"scroll","background-type":"","background-media":"","overlay-type":"","overlay-color":"","overlay-opacity":"","overlay-gradient":""},"tablet":{"background-color":"","background-image":"","background-repeat":"repeat","background-position":"center center","background-size":"auto","background-attachment":"scroll","background-type":"","background-media":"","overlay-type":"","overlay-color":"","overlay-opacity":"","overlay-gradient":""},"mobile":{"background-color":"","background-image":"","background-repeat":"repeat","background-position":"center center","background-size":"auto","background-attachment":"scroll","background-type":"","background-media":"","overlay-type":"","overlay-color":"","overlay-opacity":"","overlay-gradient":""}},"ast-content-background-meta":{"desktop":{"background-color":"var(--ast-global-color-5)","background-image":"","background-repeat":"repeat","background-position":"center center","background-size":"auto","background-attachment":"scroll","background-type":"","background-media":"","overlay-type":"","overlay-color":"","overlay-opacity":"","overlay-gradient":""},"tablet":{"background-color":"var(--ast-global-color-5)","background-image":"","background-repeat":"repeat","background-position":"center center","background-size":"auto","background-attachment":"scroll","background-type":"","background-media":"","overlay-type":"","overlay-color":"","overlay-opacity":"","overlay-gradient":""},"mobile":{"background-color":"var(--ast-global-color-5)","background-image":"","background-repeat":"repeat","background-position":"center center","background-size":"auto","background-attachment":"scroll","background-type":"","background-media":"","overlay-type":"","overlay-color":"","overlay-opacity":"","overlay-gradient":""}}},"product_brand":[],"product_cat":[604],"product_tag":[3243],"class_list":{"0":"post-6613","1":"product","2":"type-product","3":"status-publish","4":"has-post-thumbnail","6":"product_cat-hiusten-ripsien-kasvua-edistava-peptidi","7":"product_tag-acetyl-tetrapeptide-3-cas-827306-88-7-can-repair-hair-follicle-cells-stimulate-natural-growth-of-eyebrows-and-hair-fi","8":"desktop-align-left","9":"tablet-align-left","10":"mobile-align-left","12":"first","13":"instock","14":"shipping-taxable","15":"product-type-simple"},"_links":{"self":[{"href":"https:\/\/puyapeptide.net\/fi\/wp-json\/wp\/v2\/product\/6613","targetHints":{"allow":["GET"]}}],"collection":[{"href":"https:\/\/puyapeptide.net\/fi\/wp-json\/wp\/v2\/product"}],"about":[{"href":"https:\/\/puyapeptide.net\/fi\/wp-json\/wp\/v2\/types\/product"}],"replies":[{"embeddable":true,"href":"https:\/\/puyapeptide.net\/fi\/wp-json\/wp\/v2\/comments?post=6613"}],"wp:featuredmedia":[{"embeddable":true,"href":"https:\/\/puyapeptide.net\/fi\/wp-json\/wp\/v2\/media\/2163"}],"wp:attachment":[{"href":"https:\/\/puyapeptide.net\/fi\/wp-json\/wp\/v2\/media?parent=6613"}],"wp:term":[{"taxonomy":"product_brand","embeddable":true,"href":"https:\/\/puyapeptide.net\/fi\/wp-json\/wp\/v2\/product_brand?post=6613"},{"taxonomy":"product_cat","embeddable":true,"href":"https:\/\/puyapeptide.net\/fi\/wp-json\/wp\/v2\/product_cat?post=6613"},{"taxonomy":"product_tag","embeddable":true,"href":"https:\/\/puyapeptide.net\/fi\/wp-json\/wp\/v2\/product_tag?post=6613"}],"curies":[{"name":"wp","href":"https:\/\/api.w.org\/{rel}","templated":true}]}}