{"id":6676,"date":"2021-12-16T05:41:04","date_gmt":"2021-12-16T10:41:04","guid":{"rendered":"https:\/\/puyapeptide.net\/product\/tetrapeptidi-14-ikaantymista-estavat-kohottavat-ja-ryppyja-estavat-vaikutukset\/"},"modified":"2021-12-16T05:41:04","modified_gmt":"2021-12-16T10:41:04","slug":"tetrapeptidi-14-ikaantymista-estavat-kohottavat-ja-ryppyja-estavat-vaikutukset","status":"publish","type":"product","link":"https:\/\/puyapeptide.net\/fi\/product\/tetrapeptidi-14-ikaantymista-estavat-kohottavat-ja-ryppyja-estavat-vaikutukset\/","title":{"rendered":"Tetrapeptidi-14 Ik\u00e4\u00e4ntymist\u00e4 est\u00e4v\u00e4t, kohottavat ja ryppyj\u00e4 est\u00e4v\u00e4t vaikutukset"},"content":{"rendered":"<h2><strong>Tetrapeptidi-14 Ik\u00e4\u00e4ntymist\u00e4 est\u00e4v\u00e4t, kohottavat ja ryppyj\u00e4 est\u00e4v\u00e4t vaikutukset<\/strong><\/h2>\n<p>Tuotteen nimi: Tetrapeptide-14<br \/>\nL\u00e4hde: synteettinen<br \/>\nLaste: kosmeettinen<br \/>\nFormulaatio: saatavana viitteellesi, ota yhteytt\u00e4.<br \/>\nMSDS ja COA: saatavilla viitteellesi, ota meihin yhteytt\u00e4<br \/>\nToimitus: heti varastosta<br \/>\nHaju: ominaista<br \/>\nStabiliteetti: vakaa<br \/>\nLiukoisuus: vesiliukoinen<br \/>\nKapasiteetti: 600g kuukaudessa<br \/>\nUlkon\u00e4k\u00f6: valkoinen jauhe<\/p>\n<p>Tetrapeptidi -14 on spesifinen peptidisekvenssi, jota voidaan k\u00e4ytt\u00e4\u00e4 kosmeettisissa hoidoissa ruusufinniin tai liev\u00e4\u00e4n auringolle altistumiseen liittyv\u00e4n punoituksen lievitt\u00e4miseen<br \/>\n-Vaikuttaa s\u00e4\u00e4telem\u00e4ll\u00e4 interleukiini-6:ta (IL-6) est\u00e4m\u00e4\u00e4n tulehdusta, mik\u00e4<br \/>\n k\u00e4\u00e4nn\u00f6s v\u00e4hent\u00e4\u00e4 MMP-1-vaurioita kirkkaan ja tasaisen ihon<br \/>\nulkomuodon ansiosta<br \/>\n &#8211; V\u00e4hent\u00e4\u00e4 my\u00f6s tulehduksen j\u00e4lkeisen pigmentaation todenn\u00e4k\u00f6isyytt\u00e4 sek\u00e4<br \/>\nparantaa ihon yleist\u00e4 terveytt\u00e4<\/p>\n<p> <strong>Tetrapeptidin k\u00e4ytt\u00f6tarkoitukset- 14<\/strong><br \/>\nTetrapeptide-14 on ainutlaatuinen jakelumatriisi, jossa yhdistyv\u00e4t punoitusta ja tulehdusta v\u00e4hent\u00e4v\u00e4 peptidi teen antioksidanttisiin ominaisuuksiin, rauhoittavaan oswellia serrata ja hunajan rauhoittava laatu.<\/p>\n","protected":false},"excerpt":{"rendered":"<p>Tuotteen nimi: Tetrapeptide-14<br \/>\nL\u00e4hde: synteettinen<br \/>\nLaatu: kosmeettinen<br \/>\nToimitus: heti varastosta<br \/>\nHaju: ominaisuus<br \/>\nUlkon\u00e4k\u00f6: valkoinen jauhe<\/p>\n","protected":false},"featured_media":2163,"comment_status":"open","ping_status":"closed","template":"","meta":{"om_disable_all_campaigns":false,"_monsterinsights_skip_tracking":false,"_monsterinsights_sitenote_active":false,"_monsterinsights_sitenote_note":"","_monsterinsights_sitenote_category":0,"site-sidebar-layout":"default","site-content-layout":"default","ast-site-content-layout":"default","site-content-style":"default","site-sidebar-style":"default","ast-global-header-display":"","ast-banner-title-visibility":"","ast-main-header-display":"","ast-hfb-above-header-display":"","ast-hfb-below-header-display":"","ast-hfb-mobile-header-display":"","site-post-title":"","ast-breadcrumbs-content":"","ast-featured-img":"","footer-sml-layout":"","ast-disable-related-posts":"","theme-transparent-header-meta":"default","adv-header-id-meta":"","stick-header-meta":"","header-above-stick-meta":"","header-main-stick-meta":"","header-below-stick-meta":"","astra-migrate-meta-layouts":"default","ast-page-background-enabled":"default","ast-page-background-meta":{"desktop":{"background-color":"","background-image":"","background-repeat":"repeat","background-position":"center center","background-size":"auto","background-attachment":"scroll","background-type":"","background-media":"","overlay-type":"","overlay-color":"","overlay-opacity":"","overlay-gradient":""},"tablet":{"background-color":"","background-image":"","background-repeat":"repeat","background-position":"center center","background-size":"auto","background-attachment":"scroll","background-type":"","background-media":"","overlay-type":"","overlay-color":"","overlay-opacity":"","overlay-gradient":""},"mobile":{"background-color":"","background-image":"","background-repeat":"repeat","background-position":"center center","background-size":"auto","background-attachment":"scroll","background-type":"","background-media":"","overlay-type":"","overlay-color":"","overlay-opacity":"","overlay-gradient":""}},"ast-content-background-meta":{"desktop":{"background-color":"var(--ast-global-color-5)","background-image":"","background-repeat":"repeat","background-position":"center center","background-size":"auto","background-attachment":"scroll","background-type":"","background-media":"","overlay-type":"","overlay-color":"","overlay-opacity":"","overlay-gradient":""},"tablet":{"background-color":"var(--ast-global-color-5)","background-image":"","background-repeat":"repeat","background-position":"center center","background-size":"auto","background-attachment":"scroll","background-type":"","background-media":"","overlay-type":"","overlay-color":"","overlay-opacity":"","overlay-gradient":""},"mobile":{"background-color":"var(--ast-global-color-5)","background-image":"","background-repeat":"repeat","background-position":"center center","background-size":"auto","background-attachment":"scroll","background-type":"","background-media":"","overlay-type":"","overlay-color":"","overlay-opacity":"","overlay-gradient":""}}},"product_brand":[],"product_cat":[582],"product_tag":[3134,3112],"class_list":{"0":"post-6676","1":"product","2":"type-product","3":"status-publish","4":"has-post-thumbnail","6":"product_cat-eye-care-peptide-fi","7":"product_tag-lifting-and-anti-wrinkle-effects-fi","8":"product_tag-tetrapeptide-14-anti-aging-fi","9":"desktop-align-left","10":"tablet-align-left","11":"mobile-align-left","13":"first","14":"instock","15":"shipping-taxable","16":"product-type-simple"},"_links":{"self":[{"href":"https:\/\/puyapeptide.net\/fi\/wp-json\/wp\/v2\/product\/6676","targetHints":{"allow":["GET"]}}],"collection":[{"href":"https:\/\/puyapeptide.net\/fi\/wp-json\/wp\/v2\/product"}],"about":[{"href":"https:\/\/puyapeptide.net\/fi\/wp-json\/wp\/v2\/types\/product"}],"replies":[{"embeddable":true,"href":"https:\/\/puyapeptide.net\/fi\/wp-json\/wp\/v2\/comments?post=6676"}],"wp:featuredmedia":[{"embeddable":true,"href":"https:\/\/puyapeptide.net\/fi\/wp-json\/wp\/v2\/media\/2163"}],"wp:attachment":[{"href":"https:\/\/puyapeptide.net\/fi\/wp-json\/wp\/v2\/media?parent=6676"}],"wp:term":[{"taxonomy":"product_brand","embeddable":true,"href":"https:\/\/puyapeptide.net\/fi\/wp-json\/wp\/v2\/product_brand?post=6676"},{"taxonomy":"product_cat","embeddable":true,"href":"https:\/\/puyapeptide.net\/fi\/wp-json\/wp\/v2\/product_cat?post=6676"},{"taxonomy":"product_tag","embeddable":true,"href":"https:\/\/puyapeptide.net\/fi\/wp-json\/wp\/v2\/product_tag?post=6676"}],"curies":[{"name":"wp","href":"https:\/\/api.w.org\/{rel}","templated":true}]}}