{"id":6746,"date":"2021-12-16T06:02:46","date_gmt":"2021-12-16T11:02:46","guid":{"rendered":"https:\/\/puyapeptide.net\/product\/oligopeptidi-68-cas-1206525-47-4-ihon-valaisemiseen-ja-ikaantymisen-estamiseen\/"},"modified":"2021-12-16T06:02:46","modified_gmt":"2021-12-16T11:02:46","slug":"oligopeptidi-68-cas-1206525-47-4-ihon-valaisemiseen-ja-ikaantymisen-estamiseen","status":"publish","type":"product","link":"https:\/\/puyapeptide.net\/fi\/product\/oligopeptidi-68-cas-1206525-47-4-ihon-valaisemiseen-ja-ikaantymisen-estamiseen\/","title":{"rendered":"Oligopeptidi-68 CAS 1206525-47-4 Ihon valaisemiseen ja ik\u00e4\u00e4ntymisen est\u00e4miseen"},"content":{"rendered":"<h2><strong>Oligopeptidi-68 CAS 1206525-47-4 Ihon valaisemiseen ja ik\u00e4\u00e4ntymisen est\u00e4miseen<\/strong><\/h2>\n<p>Tuotteen nimi: Oligopeptidi-68<br \/>\nSynonyymit: Glysyyli-L-arginyyliglysyyli-L-alfa-aspartyyli-L-tyrosyyli-L-isoleusyyli-L-tryptofyyli-L-seryyli-L-leusyyli-L-alfa- aspartyyli-L-treonyyli-L-glutamiini; oligopeptidi-68, beeta-valkoinen; L-glutamiini, glysyyli-L-arginyyliglysyyli-L-a-aspartyyli-L-tyrosyyli-L-isoleusyyli-L-tryptofyyli-L-seryyli- L-leusyyli-L-a-aspartyyli-L-treonyyli-; oligopeptidi-68 CAS 1206525-47-4 valkaiseva oligopeptidi-68 jauhe<br \/>\nCAS: 1206525-47-4<br \/>\nMF: C62H91N17O21<br \/>\nM 1410.49<br \/>\nEINECS: 205-358-3<br \/>\nTuoteluokat:<br \/>\nMol-tiedosto: 1206525-47-4.mol<\/p>\n<p>Oligopeptidi-68 &#8211; on monimutkainen yhdistelm\u00e4 TGF-\u00df-agonistipeptidi\u00e4 joka est\u00e4\u00e4 Microphtalmia-assosioitunutta transkriptiotekij\u00e4\u00e4 (MITF). MITF on melanogeenisten entsyymien, tyrosinaasin, TRP-1:n ja TRP-2:n, t\u00e4rkein transkription s\u00e4\u00e4telij\u00e4. T\u00e4m\u00e4 peptidi saa aikaan merkitt\u00e4v\u00e4n ihon vaalenemisen kuin arbutiinilla ja C-vitamiinilla.<\/p>\n<p> <strong>Oligopeptidi-68 CAS 1206525-47-4<\/strong> <\/p>\n<p>1. valkaista pisamia.<br \/>\n2. est\u00e4v\u00e4t melaniinin liiallista tuotantoa.<br \/>\n3. v\u00e4hent\u00e4\u00e4 melaniinin kertymist\u00e4.<\/p>\n<p> <strong>Oligopeptidi-68:n edut CAS 1206525-47-4<\/strong><br \/>\n1. Se voi valkaista pisamia.<br \/>\n2. Se voi est\u00e4\u00e4 melaniinin liiallista tuotantoa.<br \/>\n3. Se voi v\u00e4hent\u00e4\u00e4 melaniinin kertymist\u00e4.<br \/>\nOligopeptidi-68:n vaikutusmekanismi.<br \/>\nV\u00e4hent\u00e4\u00e4 melaniinin tuotantoa ja ehk\u00e4isee melaniinin ylituotantoa est\u00e4m\u00e4ll\u00e4 MSH:ta (melanosyyttej\u00e4 stimuloiva hormoni).<\/p>\n<p>Tiede on osoittanut, ett\u00e4 peptidit voivat auttaa hallitsemaan sit\u00e4. ryppyj\u00e4 ihossasi ja k\u00e4\u00e4nt\u00e4\u00e4 ik\u00e4\u00e4ntymisen merkkej\u00e4.<br \/>\nIhmisen iho koostuu enimm\u00e4kseen kollageenista. Kollageeni on proteiini, joka koostuu pitkist\u00e4 aminohapposegmenteist\u00e4, jotka on j\u00e4rjestetty ketjuksi. Kollageeni antaa iholle perustan ja paksuuden.<br \/>\nAlle 30-vuotiailla naisilla on runsaasti kollageenia, mik\u00e4 johtaa sile\u00e4\u00e4n, kire\u00e4\u00e4n ihoon.<br \/>\nMeill\u00e4 muilla on v\u00e4hemm\u00e4n kollageenia &#8211; iho on taipumus olla ohuempi ja paljastaa enemm\u00e4n ryppyj\u00e4.&lt;&amp; &gt;Kun kollageeni hajoaa, muodostuu lyhyit\u00e4 aminohapposegmenttej\u00e4. N\u00e4m\u00e4 ovat pieni\u00e4 proteiineja ja aktiivisia molekyylej\u00e4, jotka tunnetaan peptidein\u00e4. Peptidit ihonhoidossa voivat tarjota merkitt\u00e4vi\u00e4 ik\u00e4\u00e4ntymist\u00e4 est\u00e4vi\u00e4 etuja.<\/p>\n","protected":false},"excerpt":{"rendered":"<p>Tuotenimi: Oligopeptidi-68<br \/>\nCAS: 1206525-47-4<br \/>\nMF: C62H91N17O21<br \/>\nMW: 1410.49<br \/>\nEINECS: 205-358-3<br \/>\nMol File: 1206525-47-4. mol<\/p>\n","protected":false},"featured_media":2163,"comment_status":"open","ping_status":"closed","template":"","meta":{"om_disable_all_campaigns":false,"_monsterinsights_skip_tracking":false,"_monsterinsights_sitenote_active":false,"_monsterinsights_sitenote_note":"","_monsterinsights_sitenote_category":0,"site-sidebar-layout":"default","site-content-layout":"default","ast-site-content-layout":"default","site-content-style":"default","site-sidebar-style":"default","ast-global-header-display":"","ast-banner-title-visibility":"","ast-main-header-display":"","ast-hfb-above-header-display":"","ast-hfb-below-header-display":"","ast-hfb-mobile-header-display":"","site-post-title":"","ast-breadcrumbs-content":"","ast-featured-img":"","footer-sml-layout":"","ast-disable-related-posts":"","theme-transparent-header-meta":"default","adv-header-id-meta":"","stick-header-meta":"","header-above-stick-meta":"","header-main-stick-meta":"","header-below-stick-meta":"","astra-migrate-meta-layouts":"default","ast-page-background-enabled":"default","ast-page-background-meta":{"desktop":{"background-color":"","background-image":"","background-repeat":"repeat","background-position":"center center","background-size":"auto","background-attachment":"scroll","background-type":"","background-media":"","overlay-type":"","overlay-color":"","overlay-opacity":"","overlay-gradient":""},"tablet":{"background-color":"","background-image":"","background-repeat":"repeat","background-position":"center center","background-size":"auto","background-attachment":"scroll","background-type":"","background-media":"","overlay-type":"","overlay-color":"","overlay-opacity":"","overlay-gradient":""},"mobile":{"background-color":"","background-image":"","background-repeat":"repeat","background-position":"center center","background-size":"auto","background-attachment":"scroll","background-type":"","background-media":"","overlay-type":"","overlay-color":"","overlay-opacity":"","overlay-gradient":""}},"ast-content-background-meta":{"desktop":{"background-color":"var(--ast-global-color-5)","background-image":"","background-repeat":"repeat","background-position":"center center","background-size":"auto","background-attachment":"scroll","background-type":"","background-media":"","overlay-type":"","overlay-color":"","overlay-opacity":"","overlay-gradient":""},"tablet":{"background-color":"var(--ast-global-color-5)","background-image":"","background-repeat":"repeat","background-position":"center center","background-size":"auto","background-attachment":"scroll","background-type":"","background-media":"","overlay-type":"","overlay-color":"","overlay-opacity":"","overlay-gradient":""},"mobile":{"background-color":"var(--ast-global-color-5)","background-image":"","background-repeat":"repeat","background-position":"center center","background-size":"auto","background-attachment":"scroll","background-type":"","background-media":"","overlay-type":"","overlay-color":"","overlay-opacity":"","overlay-gradient":""}}},"product_brand":[],"product_cat":[562],"product_tag":[3070],"class_list":{"0":"post-6746","1":"product","2":"type-product","3":"status-publish","4":"has-post-thumbnail","6":"product_cat-valkaiseva-peptidi","7":"product_tag-oligopeptide-68-cas-1206525-47-4-for-for-skin-lighting-and-anti-aging-fi","8":"desktop-align-left","9":"tablet-align-left","10":"mobile-align-left","12":"first","13":"instock","14":"shipping-taxable","15":"product-type-simple"},"_links":{"self":[{"href":"https:\/\/puyapeptide.net\/fi\/wp-json\/wp\/v2\/product\/6746","targetHints":{"allow":["GET"]}}],"collection":[{"href":"https:\/\/puyapeptide.net\/fi\/wp-json\/wp\/v2\/product"}],"about":[{"href":"https:\/\/puyapeptide.net\/fi\/wp-json\/wp\/v2\/types\/product"}],"replies":[{"embeddable":true,"href":"https:\/\/puyapeptide.net\/fi\/wp-json\/wp\/v2\/comments?post=6746"}],"wp:featuredmedia":[{"embeddable":true,"href":"https:\/\/puyapeptide.net\/fi\/wp-json\/wp\/v2\/media\/2163"}],"wp:attachment":[{"href":"https:\/\/puyapeptide.net\/fi\/wp-json\/wp\/v2\/media?parent=6746"}],"wp:term":[{"taxonomy":"product_brand","embeddable":true,"href":"https:\/\/puyapeptide.net\/fi\/wp-json\/wp\/v2\/product_brand?post=6746"},{"taxonomy":"product_cat","embeddable":true,"href":"https:\/\/puyapeptide.net\/fi\/wp-json\/wp\/v2\/product_cat?post=6746"},{"taxonomy":"product_tag","embeddable":true,"href":"https:\/\/puyapeptide.net\/fi\/wp-json\/wp\/v2\/product_tag?post=6746"}],"curies":[{"name":"wp","href":"https:\/\/api.w.org\/{rel}","templated":true}]}}