{"id":6844,"date":"2021-12-16T06:08:17","date_gmt":"2021-12-16T11:08:17","guid":{"rendered":"https:\/\/puyapeptide.net\/product\/glutationijauhe-cas-70-18-8-ravintolisille-ihon-valkaisuun-vahennetty-glutationijauhe-l-glutationi\/"},"modified":"2021-12-16T06:08:17","modified_gmt":"2021-12-16T11:08:17","slug":"glutationijauhe-cas-70-18-8-ravintolisille-ihon-valkaisuun-vahennetty-glutationijauhe-l-glutationi","status":"publish","type":"product","link":"https:\/\/puyapeptide.net\/fi\/product\/glutationijauhe-cas-70-18-8-ravintolisille-ihon-valkaisuun-vahennetty-glutationijauhe-l-glutationi\/","title":{"rendered":"Glutationijauhe CAS 70-18-8 ravintolisille, ihon valkaisuun v\u00e4hennetty glutationijauhe L-glutationi"},"content":{"rendered":"<h2><strong>Glutationijauhe CAS 70-18-8 ravintolisille, ihon valkaisuun v\u00e4hennetty glutationijauhe L-glutationi<\/strong><\/h2>\n<p>Tuotteen nimi: Glutationi<br \/>\nSynonyymit: glutatiol;glutatione;glutide;glutinal;isetion;l-glutatione;N(NL-.gamma.-Glutamyl-L-cysteinyl)glycine;n-(nl-gamma-glutamyl) -l-kysteinyyli)-glysiini<br \/>\nCAS: 70-18-8<br \/>\nMF: C10H17N3O6S<br \/>\nMW: 307.32<br \/>\nEINECS: 200-725-4<br \/>\nTuoteluokat: kemiallinen;Inhibiittorit;Amino Hapot ja johdannaiset; materiaali; farmaseuttiset v\u00e4lituotteet; farmaseuttiset; farmaseuttiset; aminohapot 13C, 2H, 15N; antioksidantti; biokemia; v\u00e4lituotteet ja hienokemikaalit; l\u00e4\u00e4keteollisuus; API<br \/>\nMol-tiedosto: 80-80-1 &amp;&gt;Glutationi (GSH), jota kutsutaan my\u00f6s nimell\u00e4 Reduced Glutathione, on tripeptidi, joka koostuu glutamaatista, kysteiinist\u00e4 ja glysiinist\u00e4. Sit\u00e4 l\u00f6ytyy melkein jokaisesta ihmiskehon solusta. Nyky\u00e4\u00e4n glutationin teollinen tuotanto saadaan p\u00e4\u00e4asiassa entsymaattisella synteesill\u00e4. Menetelm\u00e4ss\u00e4 glutationilla on korkea puhtaus ja hyv\u00e4 vesiliukoisuus. Aktiivisena tripeptidin\u00e4, jolla on t\u00e4rkeit\u00e4 fysiologisia toimintoja, glutationi on t\u00e4rkein ei-proteiininen sulfhydryyliyhdiste organismeissa. Sill\u00e4 on biologisia aktiviteetteja, kuten myrkkyjen poisto, hapettumisen esto, vapaiden radikaalien poistaminen, ihon valkaisu ja t\u00e4pl\u00e4n haalistaminen. Siksi sit\u00e4 k\u00e4ytet\u00e4\u00e4n laajalti kosmetiikassa, l\u00e4\u00e4ketieteess\u00e4, terveydenhuoltotuotteissa ja muilla teollisuudenaloilla. Se liukenee veteen hyvin ja on helppo lis\u00e4t\u00e4 kaikenlaisiin ihoa valkaisuun kosmetiikkaan. Plamed Glutatione jaetaan kosmeettiseen ja l\u00e4\u00e4ketieteelliseen laatuun.<\/p>\n<p> <strong>Glutationi CAS 70-18-8 Kemialliset ominaisuudet<\/strong><br \/>\nSulamispiste 192-195 \u00b0C (hajoaa) (lit.)<br \/>\nalpha -16,5 \u00ba (c=2, H2O)<br \/>\nKeehumispiste 754,5\u00b160,0 \u00b0C(ennustettu)<br \/>\ntiheys 1,4482 (karkea arvio)<br \/>\ntaitekerroin -17 \u00b0 (C=2, H2O)<br \/>\nvarastointil\u00e4mp\u00f6tila . 2-8 \u00b0C:n liukoisuus H2O: 50 mg\/ml pka pK1 2,12; pK2 3,53; pK3 8,66; pK4 9.12 (25 \u2103)<br \/>\nmuotojauhe<br \/>\nv\u00e4ri Valkoinen<br \/>\nHaju Hajuton<br \/>\nPH 3 (10g\/l, H2O, 20\u00b0C)<br \/>\nVesiliukoisuus liukoinen<br \/>\nMerck 14, 4475<br \/>\nBRN 1729812<br \/>\nVakaus: Vakaa. Yhteensopimaton vahvojen hapettimien kanssa.<br \/>\nInChIKey RWSXRVCMGQZWBV-WDSKDSINSA-N<br \/>\nCAS-tietokannan viite 70-18-8(CAS-tietokannan viite)<br \/>\nEPA-ainerekisterij\u00e4rjestelm\u00e4 Glutationi (70-18-8)<br \/>\n&lt; &amp;&gt; <strong>Glutationin valmistajan prosessin vuokaavio<\/strong><br \/>\n <img fetchpriority=\"high\" decoding=\"async\" class=\"alignnone size-full wp-image-4158\" src=\"https:\/\/puyapeptide.net\/wp-content\/uploads\/2021\/12\/Glutathione-Manufacturer-Process-Flow-Chart.png\" alt=\"Glutationin valmistajan prosessin vuokaavio\" width=\"1458\" height=\"255\" srcset=\"https:\/\/puyapeptide.net\/wp-content\/uploads\/2021\/12\/Glutathione-Manufacturer-Process-Flow-Chart.png 1458w, https:\/\/puyapeptide.net\/wp-content\/uploads\/2021\/12\/Glutathione-Manufacturer-Process-Flow-Chart-768x134.png 768w, https:\/\/puyapeptide.net\/wp-content\/uploads\/2021\/12\/Glutathione-Manufacturer-Process-Flow-Chart-600x105.png 600w\" sizes=\"(max-width: 1458px) 100vw, 1458px\" \/><br \/>\n <strong>Glutationi CAS 70-18-8 Edut<\/strong><br \/>\n1.Valkaise ihoa ja poista pisamia<br \/>\nGlutationi voi kelatoida sis\u00e4isi\u00e4 ja ulkoisia myrkkyj\u00e4, kuten raskasmetalleja. Se voi est\u00e4\u00e4 ihon pigmentoitumista. Se voi my\u00f6s est\u00e4\u00e4 uuden melaniinin muodostumista ja v\u00e4hent\u00e4\u00e4 sen hapettumista. Glutationi lievitt\u00e4\u00e4 iho-ongelmia, kuten kloasmaa. Sill\u00e4 on loistava teht\u00e4v\u00e4 ihon vaaleuttamisessa ja pisamioiden poistamisessa. Samaan aikaan glutationi on pienimolekyylinen peptidi. Joten se voi helposti l\u00e4p\u00e4ist\u00e4 solukalvon ja imeyty\u00e4 ihoon, kun sit\u00e4 k\u00e4ytet\u00e4\u00e4n ulkoisesti. Se on tehokas kosmeettinen ainesosa ihon valkaisuun<br \/>\n2. Antioksidantti<br \/>\nGlutationin rakenne sis\u00e4lt\u00e4\u00e4 eloisan tioliryhm\u00e4n-SH. Joten se hapettuu ja dehydratoituu helposti. Vapaat radikaalit voidaan pelkist\u00e4\u00e4 suoraan happamiksi aineiksi yhdist\u00e4m\u00e4ll\u00e4 tioliryhm\u00e4 kehon vapaiden radikaalien kanssa. Siten se nopeuttaa vapaiden radikaalien poistumista; ja taistelee vapaiden radikaalien aiheuttamia ihovaurioita vastaan. Samaan aikaan glutationi on er\u00e4\u00e4nlainen s\u00e4teilylt\u00e4 suojaava aine. Se voi mahdollistaa s\u00e4teilyn tuottavan eritt\u00e4in aktiivisia vapaita radikaaleja el\u00e4viss\u00e4 organismeissa suoran ja ep\u00e4suoran toiminnan kautta. Ja sitten glutationi voi puhdistaa n\u00e4m\u00e4 vapaat radikaalit saavuttaakseen hapettumisenestovaikutuksensa.<br \/>\n3.Erist\u00e4\u00e4 PM2.5<br \/>\nGlutationi voi erist\u00e4\u00e4 PM2.5:n vaurioita iholle, kun se vaikuttaa ihon pintaan.&lt; &amp;&gt;<br \/>\n <strong>Glutationi CAS 70-18-8 K\u00e4ytt\u00f6- ja vertailuannostus<\/strong><br \/>\nGlutationia k\u00e4ytet\u00e4\u00e4n p\u00e4\u00e4asiassa valkaisuaineissa ihonhoitotuotteissa, kuten seerumissa, kasvonaamiossa, emulsiossa, kasvovedess\u00e4, esanssissa, voiteessa jne.<\/p>\n<table>\n<tbody>\n<tr>\n<td> Tuote<\/td>\n<td> Viiteannostus<\/td>\n<\/tr>\n<tr>\n<td> Glutationi 98%<\/td>\n<td> 0,1-0,5 %<\/td>\n<\/tr>\n<\/tbody>\n<\/table>\n<p>Huomio Glutationi CAS 70-18-8:<br \/>\nGlutationia ei saa k\u00e4ytt\u00e4\u00e4 B12-vitamiinin, oroottihapon (B13-vitamiini) kanssa kosmetiikassa, muuten se aiheuttaa iho\u00e4rsytyst\u00e4<\/p>\n<p> <strong>Glutationi CAS 70:n<\/strong> k\u00e4ytt\u00f6 <strong>-18-8<\/strong><br \/>\nGSH on ensisijainen aktiivinen tila, jonka osuus on noin 95 %; GSSG on noin 1 % inaktiivinen;<br \/>\nGSH:ssa on vain peptidisidoksia, ja GSSG sis\u00e4lt\u00e4\u00e4 my\u00f6s disulfidisidoksen;<br \/>\nGSH:n sitoutumiskyky on vahvempi kuin GSSG;<br \/>\nGlutationireduktaasi katalysoi GSH:n ja GSSG:n v\u00e4list\u00e4 konversiota.&lt;&amp; &gt;Usko, ett\u00e4 sinulla pit\u00e4isi olla alustava k\u00e4sitys glutationista. Menn\u00e4\u00e4n pidemm\u00e4lle.<\/p>\n","protected":false},"excerpt":{"rendered":"<p>Tuotteen nimi: Glutationi<br \/>\nCAS: 70-18-8<br \/>\nMF: C10H17N3O6S<br \/>\nMW: 307.32<br \/>\nEINECS: 200-725-4<br \/>\nMol Tiedosto: 70-18-8.mol<\/p>\n","protected":false},"featured_media":2163,"comment_status":"open","ping_status":"closed","template":"","meta":{"om_disable_all_campaigns":false,"_monsterinsights_skip_tracking":false,"_monsterinsights_sitenote_active":false,"_monsterinsights_sitenote_note":"","_monsterinsights_sitenote_category":0,"site-sidebar-layout":"default","site-content-layout":"default","ast-site-content-layout":"default","site-content-style":"default","site-sidebar-style":"default","ast-global-header-display":"","ast-banner-title-visibility":"","ast-main-header-display":"","ast-hfb-above-header-display":"","ast-hfb-below-header-display":"","ast-hfb-mobile-header-display":"","site-post-title":"","ast-breadcrumbs-content":"","ast-featured-img":"","footer-sml-layout":"","ast-disable-related-posts":"","theme-transparent-header-meta":"default","adv-header-id-meta":"","stick-header-meta":"","header-above-stick-meta":"","header-main-stick-meta":"","header-below-stick-meta":"","astra-migrate-meta-layouts":"default","ast-page-background-enabled":"default","ast-page-background-meta":{"desktop":{"background-color":"","background-image":"","background-repeat":"repeat","background-position":"center center","background-size":"auto","background-attachment":"scroll","background-type":"","background-media":"","overlay-type":"","overlay-color":"","overlay-opacity":"","overlay-gradient":""},"tablet":{"background-color":"","background-image":"","background-repeat":"repeat","background-position":"center center","background-size":"auto","background-attachment":"scroll","background-type":"","background-media":"","overlay-type":"","overlay-color":"","overlay-opacity":"","overlay-gradient":""},"mobile":{"background-color":"","background-image":"","background-repeat":"repeat","background-position":"center center","background-size":"auto","background-attachment":"scroll","background-type":"","background-media":"","overlay-type":"","overlay-color":"","overlay-opacity":"","overlay-gradient":""}},"ast-content-background-meta":{"desktop":{"background-color":"var(--ast-global-color-5)","background-image":"","background-repeat":"repeat","background-position":"center center","background-size":"auto","background-attachment":"scroll","background-type":"","background-media":"","overlay-type":"","overlay-color":"","overlay-opacity":"","overlay-gradient":""},"tablet":{"background-color":"var(--ast-global-color-5)","background-image":"","background-repeat":"repeat","background-position":"center center","background-size":"auto","background-attachment":"scroll","background-type":"","background-media":"","overlay-type":"","overlay-color":"","overlay-opacity":"","overlay-gradient":""},"mobile":{"background-color":"var(--ast-global-color-5)","background-image":"","background-repeat":"repeat","background-position":"center center","background-size":"auto","background-attachment":"scroll","background-type":"","background-media":"","overlay-type":"","overlay-color":"","overlay-opacity":"","overlay-gradient":""}}},"product_brand":[],"product_cat":[562],"product_tag":[2970],"class_list":{"0":"post-6844","1":"product","2":"type-product","3":"status-publish","4":"has-post-thumbnail","6":"product_cat-valkaiseva-peptidi","7":"product_tag-glutathione-powder-cas-70-18-8-for-nutrient-supplements-skin-whitening-reduced-glutathione-powder-l-glutathione-fi","8":"desktop-align-left","9":"tablet-align-left","10":"mobile-align-left","12":"first","13":"instock","14":"shipping-taxable","15":"product-type-simple"},"_links":{"self":[{"href":"https:\/\/puyapeptide.net\/fi\/wp-json\/wp\/v2\/product\/6844","targetHints":{"allow":["GET"]}}],"collection":[{"href":"https:\/\/puyapeptide.net\/fi\/wp-json\/wp\/v2\/product"}],"about":[{"href":"https:\/\/puyapeptide.net\/fi\/wp-json\/wp\/v2\/types\/product"}],"replies":[{"embeddable":true,"href":"https:\/\/puyapeptide.net\/fi\/wp-json\/wp\/v2\/comments?post=6844"}],"wp:featuredmedia":[{"embeddable":true,"href":"https:\/\/puyapeptide.net\/fi\/wp-json\/wp\/v2\/media\/2163"}],"wp:attachment":[{"href":"https:\/\/puyapeptide.net\/fi\/wp-json\/wp\/v2\/media?parent=6844"}],"wp:term":[{"taxonomy":"product_brand","embeddable":true,"href":"https:\/\/puyapeptide.net\/fi\/wp-json\/wp\/v2\/product_brand?post=6844"},{"taxonomy":"product_cat","embeddable":true,"href":"https:\/\/puyapeptide.net\/fi\/wp-json\/wp\/v2\/product_cat?post=6844"},{"taxonomy":"product_tag","embeddable":true,"href":"https:\/\/puyapeptide.net\/fi\/wp-json\/wp\/v2\/product_tag?post=6844"}],"curies":[{"name":"wp","href":"https:\/\/api.w.org\/{rel}","templated":true}]}}