{"id":6877,"date":"2021-12-16T06:09:15","date_gmt":"2021-12-16T11:09:15","guid":{"rendered":"https:\/\/puyapeptide.net\/product\/asetyylidekapeptidi-3-cas-935288-50-9-voi-tunkeutua-dermikseen-kollageenin-lisaamiseksi\/"},"modified":"2021-12-16T06:09:15","modified_gmt":"2021-12-16T11:09:15","slug":"asetyylidekapeptidi-3-cas-935288-50-9-voi-tunkeutua-dermikseen-kollageenin-lisaamiseksi","status":"publish","type":"product","link":"https:\/\/puyapeptide.net\/fi\/product\/asetyylidekapeptidi-3-cas-935288-50-9-voi-tunkeutua-dermikseen-kollageenin-lisaamiseksi\/","title":{"rendered":"Asetyylidekapeptidi-3 CAS 935288-50-9 voi tunkeutua dermikseen kollageenin lis\u00e4\u00e4miseksi"},"content":{"rendered":"<h2><strong>Asetyylidekapeptidi-3 CAS 935288-50-9 voi tunkeutua dermikseen kollageenin lis\u00e4\u00e4miseksi<\/strong><\/h2>\n<p>Tuotteen nimi: Asetyylidekapeptidi-3<br \/>\nSynonyymit: asetyylidekapeptidi-3; asetyylidekapeptidi-3\/dekapeptidi-4; L-tyrosiiniamidi, N-asetyyli-L-tyrosyyli-L-arginyyli-L-seryyli-L -arginyyli-L-lysyyli-L-tyrosyyli-L-treonyyli-L-seryyli-L-tryptofyyli-; asetyylidekapeptidi-3 USP\/EP\/BP; korkealaatuinen asetyylidekapeptidi-3 CAS 935288-50-9<br \/>\n CAS: 935288-50-9<br \/>\nMF: C68H95N19O17<br \/>\nMW: 1450.6<br \/>\nEINECS:<br \/>\nTuoteluokat:<br \/>\nMol Tiedosto: 935288-50-9.mol<\/p>\n<p>Asetyyli dekapeptidi-3 voi tunkeutua dermikseen lis\u00e4t\u00e4kseen kollageenia ja k\u00e4\u00e4nt\u00e4\u00e4kseen ihon ik\u00e4\u00e4ntymisprosessin uudelleen rakentumalla sis\u00e4lt\u00e4 ulosp\u00e4in; stimuloivat kollageenin, elastisten kuitujen ja hyaluronihapon lis\u00e4\u00e4ntymist\u00e4, parantavat ihon vesipitoisuutta ja vesilukkoa, lis\u00e4\u00e4v\u00e4t ihon paksuutta sek\u00e4 v\u00e4hent\u00e4v\u00e4t juonteita.<br \/>\nRyppyj\u00e4 est\u00e4v\u00e4 ja ik\u00e4\u00e4ntymisen esto Parantaa ihon laatua. Kauneus-ihonhoitoon voidaan lis\u00e4t\u00e4 kasvojen, kaulan ja k\u00e4sien hoitotuotteita, kuten voidetta, kasvonaamiota, aamu- ja iltavoidetta, silm\u00e4seerumia jne.<\/p>\n<p> <strong>Asetyylidekapeptidi-3:n teht\u00e4v\u00e4 CAS 935288-50-9<\/strong><br \/>\nEdist\u00e4 uusien ihosolujen tuotantoa V\u00e4henn\u00e4 ja ehk\u00e4ise hienoja juonteita ja ryppyj\u00e4 Normaalin ihon elinvoimaa ja energiaa Kirkastaa ihon s\u00e4vy\u00e4 Edist\u00e4\u00e4 uusien ihosolujen tuotantoa Vaalentaa arpia Edist\u00e4\u00e4 solujen tuotantoa Solujen migraatio Solujen selviytyminen ja solunulkoisen matriisin lis\u00e4\u00e4ntynyt ilmentyminen.&lt;&amp; &gt;1. Ryppyj\u00e4 ehk\u00e4isev\u00e4 ja ik\u00e4\u00e4ntymisen esto<br \/>\n2. Paranna ihon laatua<\/p>\n<p> <strong>Asetyylidekapeptidi-3 CAS 935288-50-9 k\u00e4ytt\u00f6<\/strong><br \/>\nKasvojen, kaulan ja k\u00e4sien hoitotuotteet, joita voidaan lis\u00e4t\u00e4 kauneudenhoitotuotteisiin, kuten voiteisiin, kasvonaamioihin, aamuisin ja iltavoiteita, silm\u00e4nymp\u00e4rysihoja jne<\/p>\n","protected":false},"excerpt":{"rendered":"<p>Tuotteen nimi: Asetyylidekapeptidi-3<br \/>\nCAS: 935288-50-9<br \/>\nMF: C68H95N19O17<br \/>\nMW: 1450,6<br \/>\nMol Tiedosto: 935288-50-9.mol<\/p>\n","protected":false},"featured_media":2205,"comment_status":"open","ping_status":"closed","template":"","meta":{"om_disable_all_campaigns":false,"_monsterinsights_skip_tracking":false,"_monsterinsights_sitenote_active":false,"_monsterinsights_sitenote_note":"","_monsterinsights_sitenote_category":0,"site-sidebar-layout":"default","site-content-layout":"default","ast-site-content-layout":"default","site-content-style":"default","site-sidebar-style":"default","ast-global-header-display":"","ast-banner-title-visibility":"","ast-main-header-display":"","ast-hfb-above-header-display":"","ast-hfb-below-header-display":"","ast-hfb-mobile-header-display":"","site-post-title":"","ast-breadcrumbs-content":"","ast-featured-img":"","footer-sml-layout":"","ast-disable-related-posts":"","theme-transparent-header-meta":"default","adv-header-id-meta":"","stick-header-meta":"","header-above-stick-meta":"","header-main-stick-meta":"","header-below-stick-meta":"","astra-migrate-meta-layouts":"default","ast-page-background-enabled":"default","ast-page-background-meta":{"desktop":{"background-color":"","background-image":"","background-repeat":"repeat","background-position":"center center","background-size":"auto","background-attachment":"scroll","background-type":"","background-media":"","overlay-type":"","overlay-color":"","overlay-opacity":"","overlay-gradient":""},"tablet":{"background-color":"","background-image":"","background-repeat":"repeat","background-position":"center center","background-size":"auto","background-attachment":"scroll","background-type":"","background-media":"","overlay-type":"","overlay-color":"","overlay-opacity":"","overlay-gradient":""},"mobile":{"background-color":"","background-image":"","background-repeat":"repeat","background-position":"center center","background-size":"auto","background-attachment":"scroll","background-type":"","background-media":"","overlay-type":"","overlay-color":"","overlay-opacity":"","overlay-gradient":""}},"ast-content-background-meta":{"desktop":{"background-color":"var(--ast-global-color-5)","background-image":"","background-repeat":"repeat","background-position":"center center","background-size":"auto","background-attachment":"scroll","background-type":"","background-media":"","overlay-type":"","overlay-color":"","overlay-opacity":"","overlay-gradient":""},"tablet":{"background-color":"var(--ast-global-color-5)","background-image":"","background-repeat":"repeat","background-position":"center center","background-size":"auto","background-attachment":"scroll","background-type":"","background-media":"","overlay-type":"","overlay-color":"","overlay-opacity":"","overlay-gradient":""},"mobile":{"background-color":"var(--ast-global-color-5)","background-image":"","background-repeat":"repeat","background-position":"center center","background-size":"auto","background-attachment":"scroll","background-type":"","background-media":"","overlay-type":"","overlay-color":"","overlay-opacity":"","overlay-gradient":""}}},"product_brand":[],"product_cat":[539],"product_tag":[2915],"class_list":{"0":"post-6877","1":"product","2":"type-product","3":"status-publish","4":"has-post-thumbnail","6":"product_cat-ryppyja-estava-ja-ikaantymista-estava-peptidi","7":"product_tag-acetyl-decapeptide-3-cas-935288-50-9-can-penetrate-the-dermis-to-increase-collagen-fi","8":"desktop-align-left","9":"tablet-align-left","10":"mobile-align-left","12":"first","13":"instock","14":"shipping-taxable","15":"product-type-simple"},"_links":{"self":[{"href":"https:\/\/puyapeptide.net\/fi\/wp-json\/wp\/v2\/product\/6877","targetHints":{"allow":["GET"]}}],"collection":[{"href":"https:\/\/puyapeptide.net\/fi\/wp-json\/wp\/v2\/product"}],"about":[{"href":"https:\/\/puyapeptide.net\/fi\/wp-json\/wp\/v2\/types\/product"}],"replies":[{"embeddable":true,"href":"https:\/\/puyapeptide.net\/fi\/wp-json\/wp\/v2\/comments?post=6877"}],"wp:featuredmedia":[{"embeddable":true,"href":"https:\/\/puyapeptide.net\/fi\/wp-json\/wp\/v2\/media\/2205"}],"wp:attachment":[{"href":"https:\/\/puyapeptide.net\/fi\/wp-json\/wp\/v2\/media?parent=6877"}],"wp:term":[{"taxonomy":"product_brand","embeddable":true,"href":"https:\/\/puyapeptide.net\/fi\/wp-json\/wp\/v2\/product_brand?post=6877"},{"taxonomy":"product_cat","embeddable":true,"href":"https:\/\/puyapeptide.net\/fi\/wp-json\/wp\/v2\/product_cat?post=6877"},{"taxonomy":"product_tag","embeddable":true,"href":"https:\/\/puyapeptide.net\/fi\/wp-json\/wp\/v2\/product_tag?post=6877"}],"curies":[{"name":"wp","href":"https:\/\/api.w.org\/{rel}","templated":true}]}}