{"id":6900,"date":"2021-12-16T06:10:47","date_gmt":"2021-12-16T11:10:47","guid":{"rendered":"https:\/\/puyapeptide.net\/product\/hot-sale-kosmeettinen-peptidi-l-karnosiini-karnosiini-cas-305-84-0\/"},"modified":"2021-12-16T06:10:47","modified_gmt":"2021-12-16T11:10:47","slug":"hot-sale-kosmeettinen-peptidi-l-karnosiini-karnosiini-cas-305-84-0","status":"publish","type":"product","link":"https:\/\/puyapeptide.net\/fi\/product\/hot-sale-kosmeettinen-peptidi-l-karnosiini-karnosiini-cas-305-84-0\/","title":{"rendered":"Hot Sale kosmeettinen peptidi L-karnosiini\/karnosiini CAS 305-84-0"},"content":{"rendered":"<h2><strong>Hot Sale kosmeettinen peptidi L-karnosiini\/karnosiini CAS 305-84-0<\/strong><\/h2>\n<p>Tuotteen nimi: L-karnosiini\/karnosiini<br \/>\nSynonyymit: NB-ALANYL-L-HISTIDINE;H-BETA-ALA-HIS-OH;L-IGNOTINE;L-BETA-ALANINE HISTIDINE;L-CARNOSINE;B -ALANYLI-L-HISTIDiini; BETA-AH; BETA-ALANYLI-L-HISTIDiini<br \/>\nCAS: 305-84-0<br \/>\nMF: C9H14N4O3<br \/>\nMW: 226,23<br \/>\nEINECS: 206-169-9<br \/>\nTuoteluokat: Elintarvikelis\u00e4aine;amino;aminohapot;kiraaliset;ravintolis\u00e4t;API;aminohappojohdannaiset;kosmetiikka<br \/>\nMol File: 305-84-0.mol<\/p>\n<p>Karnosiini on dipeptidi, joka sis\u00e4lt\u00e4\u00e4 beeta-alaniini ja histidiini. Sit\u00e4 esiintyy lihaksissa ja muissa kudoksissa. Sill\u00e4 on vahva hapettava ominaisuus, koska se pystyy poistamaan sek\u00e4 reaktiivisia happilajeja (ROS) ett\u00e4 reaktiivisia typpilajeja (RNS). Karnosiini toimii sytosolisena puskuroivana aineena ja makrofagien toiminnan s\u00e4\u00e4telij\u00e4n\u00e4.1 Koska sen kyky muodostaa komplekseja siirtym\u00e4metallien kanssa, sit\u00e4 k\u00e4ytet\u00e4\u00e4n s\u00e4\u00e4telem\u00e4\u00e4n siirtym\u00e4metalli-ionien pitoisuutta biologisissa nesteiss\u00e4 ja kudoksissa.<br \/>\nKarnosiini voi est\u00e4\u00e4 ik\u00e4\u00e4ntymist\u00e4 ja sit\u00e4 voidaan k\u00e4ytt\u00e4\u00e4 est\u00e4m\u00e4\u00e4n tai hoitamaan diabeteksen komplikaatioita, kuten hermovaurioita, silm\u00e4sairauksia (kaihia) ja munuaisongelmia. Karnosiinin mahdollisia terapeuttisia vaikutuksia ovat verenpainetta alentavat vaikutukset, immunomodulaatio, parantava vaikutus ja kasvaimia est\u00e4v\u00e4t\/kemopreventiiviset vaikutukset. Sinkki-ionin ja karnosiinin kelaattiyhdistett\u00e4 on k\u00e4ytetty Japanissa gastriittiin, mahahaavoihin ja dyspepsian oireisiin.<\/p>\n<p> <strong>L-karnosiini\/karnosiini CAS 305-84-0 Kemialliset ominaisuudet<\/strong><br \/>\nSulamispiste 253 \u00b0C (hajoaa) (lit.)<br \/>\nalfa 20,9 \u00ba (c=1,5, H2O)<br \/>\nKiehumispiste 367,84\u00b0C (karkea arvio)<br \/>\ntiheys 1,2673 (karkea arvio)<br \/>\ntaitekerroin 21 \u00b0 ( C=2, H2O)<br \/>\nvarastointil\u00e4mp\u00f6tila. -20\u00b0C<br \/>\npka 2.62(l\u00e4mp\u00f6tilassa 25\u2103)<br \/>\nmuoto kiteinen<br \/>\nv\u00e4ri Valkoinen<br \/>\nVesiliukoisuus l\u00e4hes l\u00e4pin\u00e4kyvyys<br \/>\nMerck 14,1850<br \/>\nBRN 87671<br \/>\nStabiliteetti: Stabiili, mutta voi olla l\u00e4mp\u00f6herkk\u00e4 &#8211; s\u00e4ilyt\u00e4 kylm\u00e4ss\u00e4. Yhteensopimaton vahvojen hapettimien kanssa.<br \/>\nInChIKey CQOVPNPJLQNMDC-ZETCQYMHSA-N<br \/>\nCAS-tietokannan viite 305-84-0(CAS-tietokannan viite)<br \/>\nEPA-ainerekisterij\u00e4rjestelm\u00e4 L-histidiini, .beta.-alanyyli- (305) -84-0)<\/p>\n<p> <strong>L-karnosiinin\/karnosiinin teht\u00e4v\u00e4 CAS 305-84-0<\/strong><br \/>\n1. Uudet elintarvikelis\u00e4aineet;<br \/>\n2. Karnosiini on \u03b2-alaniini- ja histidiinidipeptidikoostumus, jota voidaan syntetisoida el\u00e4imiss\u00e4;<br \/>\n3. Est\u00e4\u00e4 rasvan hapettumista ja suojaa lihan roolia;<br \/>\n4. Kosmeettinen peptidi voi est\u00e4\u00e4 ihon ik\u00e4\u00e4ntymist\u00e4 ja ihoa valkaiseva vaikutus;<br \/>\n5. Hoitaa seniili\u00e4 kaihia;<br \/>\n6. Voi edist\u00e4\u00e4 haavan paranemista <\/p>\n<p> <strong>L-karnosiinin\/karnosiinin CAS 305-84-0 k\u00e4ytt\u00f6<\/strong><br \/>\n1. Voi sitoutua haitallisiin metalliyhdisteisiin ja inaktivoida niit\u00e4.<br \/>\n2. Suojaa terveit\u00e4 soluja s\u00e4teilyvaurioilta.<br \/>\n3. Toimii katalysaattorina ja tehostaa monien muiden ravintoaineiden ja yhdisteiden toimintaa.<\/p>\n","protected":false},"excerpt":{"rendered":"<p>Tuotteen nimi: L-karnosiini\/karnosiini<br \/>\nCAS: 305-84-0<br \/>\nMF: C9H14N4O3<br \/>\nMW: 226.23<br \/>\nEINECS: 206-169-9<br \/>\nMol File: 305-84- 0.mol<\/p>\n","protected":false},"featured_media":2163,"comment_status":"open","ping_status":"closed","template":"","meta":{"om_disable_all_campaigns":false,"_monsterinsights_skip_tracking":false,"_monsterinsights_sitenote_active":false,"_monsterinsights_sitenote_note":"","_monsterinsights_sitenote_category":0,"site-sidebar-layout":"default","site-content-layout":"default","ast-site-content-layout":"default","site-content-style":"default","site-sidebar-style":"default","ast-global-header-display":"","ast-banner-title-visibility":"","ast-main-header-display":"","ast-hfb-above-header-display":"","ast-hfb-below-header-display":"","ast-hfb-mobile-header-display":"","site-post-title":"","ast-breadcrumbs-content":"","ast-featured-img":"","footer-sml-layout":"","ast-disable-related-posts":"","theme-transparent-header-meta":"default","adv-header-id-meta":"","stick-header-meta":"","header-above-stick-meta":"","header-main-stick-meta":"","header-below-stick-meta":"","astra-migrate-meta-layouts":"default","ast-page-background-enabled":"default","ast-page-background-meta":{"desktop":{"background-color":"","background-image":"","background-repeat":"repeat","background-position":"center center","background-size":"auto","background-attachment":"scroll","background-type":"","background-media":"","overlay-type":"","overlay-color":"","overlay-opacity":"","overlay-gradient":""},"tablet":{"background-color":"","background-image":"","background-repeat":"repeat","background-position":"center center","background-size":"auto","background-attachment":"scroll","background-type":"","background-media":"","overlay-type":"","overlay-color":"","overlay-opacity":"","overlay-gradient":""},"mobile":{"background-color":"","background-image":"","background-repeat":"repeat","background-position":"center center","background-size":"auto","background-attachment":"scroll","background-type":"","background-media":"","overlay-type":"","overlay-color":"","overlay-opacity":"","overlay-gradient":""}},"ast-content-background-meta":{"desktop":{"background-color":"var(--ast-global-color-5)","background-image":"","background-repeat":"repeat","background-position":"center center","background-size":"auto","background-attachment":"scroll","background-type":"","background-media":"","overlay-type":"","overlay-color":"","overlay-opacity":"","overlay-gradient":""},"tablet":{"background-color":"var(--ast-global-color-5)","background-image":"","background-repeat":"repeat","background-position":"center center","background-size":"auto","background-attachment":"scroll","background-type":"","background-media":"","overlay-type":"","overlay-color":"","overlay-opacity":"","overlay-gradient":""},"mobile":{"background-color":"var(--ast-global-color-5)","background-image":"","background-repeat":"repeat","background-position":"center center","background-size":"auto","background-attachment":"scroll","background-type":"","background-media":"","overlay-type":"","overlay-color":"","overlay-opacity":"","overlay-gradient":""}}},"product_brand":[],"product_cat":[539],"product_tag":[2894],"class_list":{"0":"post-6900","1":"product","2":"type-product","3":"status-publish","4":"has-post-thumbnail","6":"product_cat-ryppyja-estava-ja-ikaantymista-estava-peptidi","7":"product_tag-hot-sale-cosmetic-peptide-l-carnosine-carnosine-cas-305-84-0-fi","8":"desktop-align-left","9":"tablet-align-left","10":"mobile-align-left","12":"first","13":"instock","14":"shipping-taxable","15":"product-type-simple"},"_links":{"self":[{"href":"https:\/\/puyapeptide.net\/fi\/wp-json\/wp\/v2\/product\/6900","targetHints":{"allow":["GET"]}}],"collection":[{"href":"https:\/\/puyapeptide.net\/fi\/wp-json\/wp\/v2\/product"}],"about":[{"href":"https:\/\/puyapeptide.net\/fi\/wp-json\/wp\/v2\/types\/product"}],"replies":[{"embeddable":true,"href":"https:\/\/puyapeptide.net\/fi\/wp-json\/wp\/v2\/comments?post=6900"}],"wp:featuredmedia":[{"embeddable":true,"href":"https:\/\/puyapeptide.net\/fi\/wp-json\/wp\/v2\/media\/2163"}],"wp:attachment":[{"href":"https:\/\/puyapeptide.net\/fi\/wp-json\/wp\/v2\/media?parent=6900"}],"wp:term":[{"taxonomy":"product_brand","embeddable":true,"href":"https:\/\/puyapeptide.net\/fi\/wp-json\/wp\/v2\/product_brand?post=6900"},{"taxonomy":"product_cat","embeddable":true,"href":"https:\/\/puyapeptide.net\/fi\/wp-json\/wp\/v2\/product_cat?post=6900"},{"taxonomy":"product_tag","embeddable":true,"href":"https:\/\/puyapeptide.net\/fi\/wp-json\/wp\/v2\/product_tag?post=6900"}],"curies":[{"name":"wp","href":"https:\/\/api.w.org\/{rel}","templated":true}]}}