{"id":6988,"date":"2021-12-16T06:38:06","date_gmt":"2021-12-16T11:38:06","guid":{"rendered":"https:\/\/puyapeptide.net\/product\/tripeptidi-29-kollageeni-tripeptidi-h-gly-pro-hyp-oh-cas-2239-67-0-on-tehokas-ryppyja-estava-kosmeettinen-ainesosa\/"},"modified":"2021-12-16T06:38:06","modified_gmt":"2021-12-16T11:38:06","slug":"tripeptidi-29-kollageeni-tripeptidi-h-gly-pro-hyp-oh-cas-2239-67-0-on-tehokas-ryppyja-estava-kosmeettinen-ainesosa","status":"publish","type":"product","link":"https:\/\/puyapeptide.net\/fi\/product\/tripeptidi-29-kollageeni-tripeptidi-h-gly-pro-hyp-oh-cas-2239-67-0-on-tehokas-ryppyja-estava-kosmeettinen-ainesosa\/","title":{"rendered":"Tripeptidi-29\/ Kollageeni Tripeptidi\/ H-Gly-Pro-Hyp-OH CAS 2239-67-0 on tehokas ryppyj\u00e4 est\u00e4v\u00e4 kosmeettinen ainesosa"},"content":{"rendered":"<h2><strong>Tripeptidi-29\/ Kollageeni Tripeptidi\/ H-Gly-Pro-Hyp-OH CAS 2239-67-0 on tehokas ryppyj\u00e4 est\u00e4v\u00e4 kosmeettinen ainesosa<\/strong><\/h2>\n<p>Tuotteen nimi: Tripeptidi-29\/ Kollageenitripeptidi\/ H-Gly-Pro-Hyp-OH<br \/>\nSynonyymit: (2S,4R)-1-((S)-1-(2-aMinoasetyyli)pyrrolidiini-2 -karbonyyli)-4-hydroksipyrrolidiini-2-karboksyylihappo; Gly-Pro-Hyp; Tripeptidi-29; KollageeniTripeptidi; GLY-PRO-HYDROKSI-PRO; H-GLY-PRO-HYP-OH; gly-pro-hydroksi-pro P\/noin*6 % isopropanolia; Glysyyliprolyylihydroksiproliini<br \/>\nCAS: 2239-67-0<br \/>\nMF: C12H19N3O5<br \/>\nMW: 285,3<br \/>\nEINECS: 207-843-5<br \/>\nTuoteluokat:<br \/>\n &gt;Mol File: 2239-67-0.mol<\/p>\n<p>Tripeptidi-29 voi merkitt\u00e4v\u00e4sti lis\u00e4t\u00e4 kollageenisynteesi\u00e4 ja korjata ihoa. Se sopii erinomaisesti ik\u00e4\u00e4ntymist\u00e4 ehk\u00e4iseviin ihonhoitosovelluksiin, joissa halutaan edist\u00e4\u00e4 ryppyjen v\u00e4hent\u00e4mist\u00e4, kiinteytt\u00e4mist\u00e4 ja t\u00e4ytel\u00e4isyytt\u00e4.<\/p>\n<p>Collagen Tripeptide (CTP) on pienin kollageenin rakenneyksikk\u00f6, joka on valmistettu sian ja kalan ihosta edistyksellisen biotekniikan avulla. teknologiaa. Se on er\u00e4\u00e4nlainen kollageeni, joka sis\u00e4lt\u00e4\u00e4 glysiini\u00e4, valiinia (tai hydroksiproliinia). Plus yksi aminohappotripeptidi. Yksinkertaisesti sanottuna kollageenitripeptidit k\u00e4ytt\u00e4v\u00e4t todella kehittyneit\u00e4 biotekniikan tekniikoita siepatakseen suuria kollageenimolekyylej\u00e4, jotka ovat hy\u00f6dyllisi\u00e4 iholle. Sen rakenne voidaan ilmaista yksinkertaisesti muodossa Gly-xy. Sen keskim\u00e4\u00e4r\u00e4inen molekyylipaino on 280 daltonia. Koska kollageenitripeptidien molekyylipaino on pieni, ne voivat imeyty\u00e4 elimist\u00f6ss\u00e4 t\u00e4ysin. Samanaikaisesti kollageenitripeptidit voivat my\u00f6s tunkeutua tehokkaasti sarveiskerrokseen, dermikseen ja hiusjuuren soluihin.<\/p>\n<p> <strong>Tripeptidi-29\/ Kollageenitripeptidi\/ H-Gly-Pro-Hyp-OH CAS 2239-67-0 Kemialliset ominaisuudet<\/strong> Kiehumispiste 629,8\u00b155,0 \u00b0C (ennustettu)<br \/>\ntiheys 1,493\u00b10,06 g\/cm3 (ennustettu)<br \/>\nvarastointil\u00e4mp\u00f6tila. -15\u00b0C<br \/>\npka 3,18\u00b10,40(ennustettu)<\/p>\n<p> <strong>Tripeptidi-29\/ Kollageenitripeptidi\/ H-Gly-Pro-Hyp-OH CAS 2239-67-0:lla on p\u00e4\u00e4asiassa seuraavat p\u00e4\u00e4toiminnot<\/strong> &lt;&amp; &gt;1. Kosteuttava: Kollageenitripeptidi sis\u00e4lt\u00e4\u00e4 hydrofiilist\u00e4 luonnollista kosteustekij\u00e4\u00e4, ja vakaa kolmispiraalirakenne voi lukita kosteuden voimakkaasti ja pit\u00e4\u00e4 ihon kosteana ja joustavana! Kollageenilla ja kollageenipeptideill\u00e4 on kosteuttava vaikutus. CTP sis\u00e4lt\u00e4\u00e4 pienen molekyylipainoisen osan ja suuren molekyylipainoisen osan. Siksi sill\u00e4 ei ole vain samaa ihoa hoitavaa vaikutusta, vaan se on my\u00f6s vakaampi ja selke\u00e4mpi. Konduktanssiarvon m\u00e4\u00e4ritt\u00e4miseen k\u00e4ytettiin impedanssimittaria marraskeden kosteuspitoisuuden karakterisoimiseksi. Tulokset osoittavat, ett\u00e4 CTP:n k\u00e4ytt\u00f6 ei vain yll\u00e4pid\u00e4 kosteutta, vaan lis\u00e4\u00e4 my\u00f6s kosteuspitoisuutta, jolla on osansa kosteuttamisessa.<\/p>\n<p>2. Ravinto: Kollageenitripeptidit tunkeutuvat ihoon voimakkaammin kuin kollageeni. Se sitoutuu ihon epiteelisoluihin sarveiskerroksen kautta, osallistuu ja parantaa ihosolujen aineenvaihduntaa, vahvistaa ihon kollageenin toimintaa ja yll\u00e4pit\u00e4\u00e4 sarveiskerroksen kosteutta. Kuiturakenteen eheys parantaa ihosolujen elinymp\u00e4rist\u00f6\u00e4 ja edist\u00e4\u00e4 ihokudoksen aineenvaihduntaa, tehostaa verenkiertoa ja saavuttaa ihon ravitsemistarkoituksen.<\/p>\n<p>3.Kirkastus: ihon kiilto. iho riippuu kosteuspitoisuudesta. Kollageenitripeptidin hyv\u00e4 vedenpid\u00e4tyskyky tekee ihosta kostean ja kiilt\u00e4v\u00e4n sek\u00e4 antaa terveen hehkun.<\/p>\n<p>4. Kiinteytt\u00e4minen: Kun kollageenitripeptidi imeytyy ihoon, se t\u00e4ytt\u00e4\u00e4 ihon dermiksen v\u00e4liss\u00e4. , lis\u00e4\u00e4 ihon kireytt\u00e4, luo ihon kireytt\u00e4, supistaa huokosia, tekee ihosta kimmoisan ja joustavuuden!<\/p>\n<p>5. Ryppyj\u00e4 ehk\u00e4isev\u00e4: Dermis sis\u00e4lt\u00e4\u00e4 t\u00e4ytel\u00e4isen kollageenikerroksen ja t\u00e4ydent\u00e4\u00e4 kollageenitripeptidi\u00e4 voi tehokkaammin tukea ihosoluja, yhdist\u00e4\u00e4 kosteuttavia ja ryppyj\u00e4 est\u00e4vi\u00e4 vaikutuksia ja saavuttaa yhdess\u00e4 karkeita juonteita venytt\u00e4v\u00e4n ja hienoja juonteita laimentavan vaikutuksen!<\/p>\n<p>6.Korjaus: Kollageenitripeptidi voi tunkeutua suoraan ihon sis\u00e4\u00e4n pohjakerroksessa, ja sill\u00e4 on hyv\u00e4 affiniteetti ymp\u00e4r\u00f6iviin kudoksiin. Se voi auttaa soluja tuottamaan kollageenia ja edist\u00e4\u00e4 ihosolujen normaalia kasvua.<\/p>\n<p>7. Ravitsemus: Kollageenitripeptidi l\u00e4p\u00e4isee hyvin ihoa ja sitoutuu ihon epiteelisoluihin marraskeden kautta. Se osallistuu ja parantaa ihosolujen aineenvaihduntaa sek\u00e4 vahvistaa ihon kollageenin toimintaa. Se voi yll\u00e4pit\u00e4\u00e4 marraskeden vesi- ja kuiturakenteen eheytt\u00e4, parantaa ihosolujen elinymp\u00e4rist\u00f6\u00e4 ja edist\u00e4\u00e4 ihokudoksen aineenvaihduntaa, tehostaa verenkiertoa ja saavuttaa ihon ravitsemistarkoituksen.<\/p>\n<p>8.Rinta: kollageenitripeptidin ainutlaatuisella hydroksiproliinilla on sidekudosta kirist\u00e4v\u00e4 teht\u00e4v\u00e4, mik\u00e4 voi tehd\u00e4 l\u00f6ys\u00e4st\u00e4 kudoksesta kiinte\u00e4n, tukea roikkuvaa rintaa, tehd\u00e4 rinnasta pystysuoran, t\u00e4ytel\u00e4isen ja elastisen.<\/p>\n","protected":false},"excerpt":{"rendered":"<p>Tuotteen nimi: Tripeptidi-29\/ Kollageenitripeptidi\/ H-Gly-Pro-Hyp-OH<br \/>\nCAS: 2239-67-0<br \/>\nMF: C12H19N3O5<br \/>\nMW: 285,3<br \/>\nEINECS: 207-843- 5<br \/>\nMol Tiedosto: 2239-67-0.mol<\/p>\n","protected":false},"featured_media":2121,"comment_status":"open","ping_status":"closed","template":"","meta":{"om_disable_all_campaigns":false,"_monsterinsights_skip_tracking":false,"_monsterinsights_sitenote_active":false,"_monsterinsights_sitenote_note":"","_monsterinsights_sitenote_category":0,"site-sidebar-layout":"default","site-content-layout":"default","ast-site-content-layout":"default","site-content-style":"default","site-sidebar-style":"default","ast-global-header-display":"","ast-banner-title-visibility":"","ast-main-header-display":"","ast-hfb-above-header-display":"","ast-hfb-below-header-display":"","ast-hfb-mobile-header-display":"","site-post-title":"","ast-breadcrumbs-content":"","ast-featured-img":"","footer-sml-layout":"","ast-disable-related-posts":"","theme-transparent-header-meta":"default","adv-header-id-meta":"","stick-header-meta":"","header-above-stick-meta":"","header-main-stick-meta":"","header-below-stick-meta":"","astra-migrate-meta-layouts":"default","ast-page-background-enabled":"default","ast-page-background-meta":{"desktop":{"background-color":"","background-image":"","background-repeat":"repeat","background-position":"center center","background-size":"auto","background-attachment":"scroll","background-type":"","background-media":"","overlay-type":"","overlay-color":"","overlay-opacity":"","overlay-gradient":""},"tablet":{"background-color":"","background-image":"","background-repeat":"repeat","background-position":"center center","background-size":"auto","background-attachment":"scroll","background-type":"","background-media":"","overlay-type":"","overlay-color":"","overlay-opacity":"","overlay-gradient":""},"mobile":{"background-color":"","background-image":"","background-repeat":"repeat","background-position":"center center","background-size":"auto","background-attachment":"scroll","background-type":"","background-media":"","overlay-type":"","overlay-color":"","overlay-opacity":"","overlay-gradient":""}},"ast-content-background-meta":{"desktop":{"background-color":"var(--ast-global-color-5)","background-image":"","background-repeat":"repeat","background-position":"center center","background-size":"auto","background-attachment":"scroll","background-type":"","background-media":"","overlay-type":"","overlay-color":"","overlay-opacity":"","overlay-gradient":""},"tablet":{"background-color":"var(--ast-global-color-5)","background-image":"","background-repeat":"repeat","background-position":"center center","background-size":"auto","background-attachment":"scroll","background-type":"","background-media":"","overlay-type":"","overlay-color":"","overlay-opacity":"","overlay-gradient":""},"mobile":{"background-color":"var(--ast-global-color-5)","background-image":"","background-repeat":"repeat","background-position":"center center","background-size":"auto","background-attachment":"scroll","background-type":"","background-media":"","overlay-type":"","overlay-color":"","overlay-opacity":"","overlay-gradient":""}}},"product_brand":[],"product_cat":[539],"product_tag":[2864],"class_list":{"0":"post-6988","1":"product","2":"type-product","3":"status-publish","4":"has-post-thumbnail","6":"product_cat-ryppyja-estava-ja-ikaantymista-estava-peptidi","7":"product_tag-tripeptide-29-collagen-tripeptide-h-gly-pro-hyp-oh-cas-2239-67-0-is-an-effective-anti-wrinkle-cosmetic-ingredient-fi","8":"desktop-align-left","9":"tablet-align-left","10":"mobile-align-left","12":"first","13":"instock","14":"shipping-taxable","15":"product-type-simple"},"_links":{"self":[{"href":"https:\/\/puyapeptide.net\/fi\/wp-json\/wp\/v2\/product\/6988","targetHints":{"allow":["GET"]}}],"collection":[{"href":"https:\/\/puyapeptide.net\/fi\/wp-json\/wp\/v2\/product"}],"about":[{"href":"https:\/\/puyapeptide.net\/fi\/wp-json\/wp\/v2\/types\/product"}],"replies":[{"embeddable":true,"href":"https:\/\/puyapeptide.net\/fi\/wp-json\/wp\/v2\/comments?post=6988"}],"wp:featuredmedia":[{"embeddable":true,"href":"https:\/\/puyapeptide.net\/fi\/wp-json\/wp\/v2\/media\/2121"}],"wp:attachment":[{"href":"https:\/\/puyapeptide.net\/fi\/wp-json\/wp\/v2\/media?parent=6988"}],"wp:term":[{"taxonomy":"product_brand","embeddable":true,"href":"https:\/\/puyapeptide.net\/fi\/wp-json\/wp\/v2\/product_brand?post=6988"},{"taxonomy":"product_cat","embeddable":true,"href":"https:\/\/puyapeptide.net\/fi\/wp-json\/wp\/v2\/product_cat?post=6988"},{"taxonomy":"product_tag","embeddable":true,"href":"https:\/\/puyapeptide.net\/fi\/wp-json\/wp\/v2\/product_tag?post=6988"}],"curies":[{"name":"wp","href":"https:\/\/api.w.org\/{rel}","templated":true}]}}