{"id":7011,"date":"2021-12-16T06:38:53","date_gmt":"2021-12-16T11:38:53","guid":{"rendered":"https:\/\/puyapeptide.net\/product\/hexapeptide-9-cleatide-cas-1228371-11-6-it-is-a-very-stable-collagen-peptide\/"},"modified":"2021-12-18T02:29:46","modified_gmt":"2021-12-18T07:29:46","slug":"hexapeptide-9-cleatide-cas-1228371-11-6-it-is-a-very-stable-collagen-peptide","status":"publish","type":"product","link":"https:\/\/puyapeptide.net\/fi\/product\/hexapeptide-9-cleatide-cas-1228371-11-6-it-is-a-very-stable-collagen-peptide\/","title":{"rendered":"Hexapeptide-9\/ Cleatide CAS 1228371-11-6 Se on eritt\u00e4in vakaa kollageenipeptidi"},"content":{"rendered":"<h2><strong>Hexapeptide-9\/ Cleatide CAS 1228371-11-6 Se on eritt\u00e4in vakaa kollageenipeptidi<\/strong><\/h2>\n<p>Tuotteen nimi: Hexapeptide 9<br \/>\nSynonyymit: kollaksyyli; heksapeptidi 9; kollaksyyli III \/ heksapeptidi-9; heksapeptidi-9\/kollaksyyli; heksapeptidi-9 (cleatide); heksapeptidi 9 fandachem; heksapeptidi 9 jauhe, HPexapeptide 9; EP\/BP<br \/>\nCAS: 1228371-11-6<br \/>\nMF:<br \/>\nMW: 0<br \/>\nEINECS:<br \/>\nTuoteluokat:<br \/>\nMol-tiedosto: Mol-tiedosto<\/p>\n<p>Heksapeptidi -9 on peptidi, joka p\u00e4hkin\u00e4nkuoressa pakottaa ihon paranemaan itsest\u00e4\u00e4n. Se toimii sanansaattajana, joka k\u00e4ynnist\u00e4\u00e4 ihon nopeasti uusiutumaan vaurioituneisiin soluihinsa.<br \/>\nHeksapeptidi-9:n valmistajat tekiv\u00e4t kokeen KUOLLELLE ihonpalalla. Ne repiv\u00e4t ihoa simuloidakseen soluille vamman aikana aiheutuneita vaurioita, kuten toistuvia aknen puhkeamista.<br \/>\nTutkijat levittiv\u00e4t heksapeptidi-9:\u00e4\u00e4 kerran ja j\u00e4ttiv\u00e4t sen kuolleelle iholle 72 tunniksi. T\u00e4m\u00e4 on kuva kokeesta mikroskoopin l\u00e4pi n\u00e4htyn\u00e4. Muista, ett\u00e4 t\u00e4m\u00e4 oli kuolleelle iholle, joten kuvittele hyvin, ett\u00e4 se voi toimia el\u00e4v\u00e4ll\u00e4 iholla.<\/p>\n<p>Heksapeptidi-9 voi koostua kuudesta aminohaposta ja on eritt\u00e4in vakaa kollageenipeptidi. T\u00e4m\u00e4n peptidin rakenne on l\u00e4sn\u00e4 sek\u00e4 kollageeni IV:n ett\u00e4 XII:n (kaksi tyvikalvokollageenia) rakenteessa ihmiskehossa. Hexapeptide-9Chemicalbookilla on kattava ja merkitt\u00e4v\u00e4 ryppyj\u00e4 ehk\u00e4isev\u00e4 vaikutus t\u00e4m\u00e4n rakenteen ansiosta, ja sill\u00e4 on hyvin erikoinen vaikutus aknen j\u00e4lkien korjaamiseen. Lis\u00e4ksi heksapeptidi-9:ll\u00e4 on my\u00f6s merkitt\u00e4v\u00e4 kosmeettinen vaikutus silmien ryppyjen ja varisten jalkojen poistamisessa silmien ymp\u00e4rill\u00e4.<\/p>\n<p> <strong>Hexapeptide-9\/Cleatide CAS 1228371-11-6 toiminta<\/strong> ja k\u00e4ytt\u00f6<br \/>\n1\u3001Lis\u00e4\u00e4 tyypin I kollageeni<br \/>\n2\u3001lis\u00e4\u00e4 tyypin IV kollageenia<br \/>\n3\u3001lis\u00e4\u00e4 laminiini-5:t\u00e4<br \/>\n4\u3001lis\u00e4\u00e4 integriinia<br \/>\n5\u3001edist\u00e4\u00e4 orvaskeden solujen erilaistumista ja kypsymist\u00e4<br \/>\n6\u3001edist\u00e4\u00e4 ihon uusiutumista &lt;&amp; &gt;7\u3001V\u00e4henn\u00e4 ryppyj\u00e4<\/p>\n<p> <strong>Hexapeptide-9\/ Cleatide CAS 1228371-11-6 Edut<\/strong><br \/>\n1.Heksapeptidi-9:ll\u00e4 on merkitt\u00e4v\u00e4 ryppyj\u00e4 v\u00e4hent\u00e4v\u00e4 vaikutus.<br \/>\n2.Heksapeptidi-9:ll\u00e4 on ihoa korjaava vaikutus.<\/p>\n<p>Tiede on osoittanut, ett\u00e4 peptidit voivat auttaa hallitsemaan ihon ryppyj\u00e4 ja kumoamaan ik\u00e4\u00e4ntymisen merkkej\u00e4.<br \/>\nIhmisen iho koostuu p\u00e4\u00e4asiassa kollageenista. Kollageeni on proteiini, joka koostuu pitkist\u00e4 aminohapposegmenteist\u00e4, jotka on j\u00e4rjestetty ketjuksi. Kollageeni antaa iholle perustan ja paksuuden.<br \/>\nAlle 30-vuotiailla naisilla on runsaasti kollageenia, mik\u00e4 johtaa sile\u00e4\u00e4n, kire\u00e4\u00e4n ihoon.<br \/>\nMeill\u00e4 muilla on v\u00e4hemm\u00e4n kollageenia &#8211; iho on taipumus olla ohuempi ja paljastaa enemm\u00e4n ryppyj\u00e4.&lt;&amp; &gt;Kun kollageeni hajoaa, muodostuu lyhyit\u00e4 aminohapposegmenttej\u00e4. N\u00e4m\u00e4 ovat pieni\u00e4 proteiineja ja aktiivisia molekyylej\u00e4, jotka tunnetaan peptidein\u00e4. Peptidit ihonhoidossa voivat tarjota merkitt\u00e4vi\u00e4 ik\u00e4\u00e4ntymist\u00e4 est\u00e4vi\u00e4 etuja.<\/p>\n","protected":false},"excerpt":{"rendered":"<p>Tuotteen nimi: Hexapeptide 9<br \/>\nCAS: 1228371-11-6<br \/>\nMol File: Mol File<\/p>\n","protected":false},"featured_media":2100,"comment_status":"open","ping_status":"closed","template":"","meta":{"om_disable_all_campaigns":false,"_monsterinsights_skip_tracking":false,"_monsterinsights_sitenote_active":false,"_monsterinsights_sitenote_note":"","_monsterinsights_sitenote_category":0,"site-sidebar-layout":"default","site-content-layout":"default","ast-site-content-layout":"default","site-content-style":"default","site-sidebar-style":"default","ast-global-header-display":"","ast-banner-title-visibility":"","ast-main-header-display":"","ast-hfb-above-header-display":"","ast-hfb-below-header-display":"","ast-hfb-mobile-header-display":"","site-post-title":"","ast-breadcrumbs-content":"","ast-featured-img":"","footer-sml-layout":"","ast-disable-related-posts":"","theme-transparent-header-meta":"default","adv-header-id-meta":"","stick-header-meta":"","header-above-stick-meta":"","header-main-stick-meta":"","header-below-stick-meta":"","astra-migrate-meta-layouts":"default","ast-page-background-enabled":"default","ast-page-background-meta":{"desktop":{"background-color":"","background-image":"","background-repeat":"repeat","background-position":"center center","background-size":"auto","background-attachment":"scroll","background-type":"","background-media":"","overlay-type":"","overlay-color":"","overlay-opacity":"","overlay-gradient":""},"tablet":{"background-color":"","background-image":"","background-repeat":"repeat","background-position":"center center","background-size":"auto","background-attachment":"scroll","background-type":"","background-media":"","overlay-type":"","overlay-color":"","overlay-opacity":"","overlay-gradient":""},"mobile":{"background-color":"","background-image":"","background-repeat":"repeat","background-position":"center center","background-size":"auto","background-attachment":"scroll","background-type":"","background-media":"","overlay-type":"","overlay-color":"","overlay-opacity":"","overlay-gradient":""}},"ast-content-background-meta":{"desktop":{"background-color":"var(--ast-global-color-5)","background-image":"","background-repeat":"repeat","background-position":"center center","background-size":"auto","background-attachment":"scroll","background-type":"","background-media":"","overlay-type":"","overlay-color":"","overlay-opacity":"","overlay-gradient":""},"tablet":{"background-color":"var(--ast-global-color-5)","background-image":"","background-repeat":"repeat","background-position":"center center","background-size":"auto","background-attachment":"scroll","background-type":"","background-media":"","overlay-type":"","overlay-color":"","overlay-opacity":"","overlay-gradient":""},"mobile":{"background-color":"var(--ast-global-color-5)","background-image":"","background-repeat":"repeat","background-position":"center center","background-size":"auto","background-attachment":"scroll","background-type":"","background-media":"","overlay-type":"","overlay-color":"","overlay-opacity":"","overlay-gradient":""}}},"product_brand":[],"product_cat":[539],"product_tag":[2717],"class_list":{"0":"post-7011","1":"product","2":"type-product","3":"status-publish","4":"has-post-thumbnail","6":"product_cat-ryppyja-estava-ja-ikaantymista-estava-peptidi","7":"product_tag-hexapeptide-9-cleatide-cas-1228371-11-6-it-is-a-very-stable-collagen-peptide-fi","8":"desktop-align-left","9":"tablet-align-left","10":"mobile-align-left","12":"first","13":"instock","14":"shipping-taxable","15":"product-type-simple"},"_links":{"self":[{"href":"https:\/\/puyapeptide.net\/fi\/wp-json\/wp\/v2\/product\/7011","targetHints":{"allow":["GET"]}}],"collection":[{"href":"https:\/\/puyapeptide.net\/fi\/wp-json\/wp\/v2\/product"}],"about":[{"href":"https:\/\/puyapeptide.net\/fi\/wp-json\/wp\/v2\/types\/product"}],"replies":[{"embeddable":true,"href":"https:\/\/puyapeptide.net\/fi\/wp-json\/wp\/v2\/comments?post=7011"}],"wp:featuredmedia":[{"embeddable":true,"href":"https:\/\/puyapeptide.net\/fi\/wp-json\/wp\/v2\/media\/2100"}],"wp:attachment":[{"href":"https:\/\/puyapeptide.net\/fi\/wp-json\/wp\/v2\/media?parent=7011"}],"wp:term":[{"taxonomy":"product_brand","embeddable":true,"href":"https:\/\/puyapeptide.net\/fi\/wp-json\/wp\/v2\/product_brand?post=7011"},{"taxonomy":"product_cat","embeddable":true,"href":"https:\/\/puyapeptide.net\/fi\/wp-json\/wp\/v2\/product_cat?post=7011"},{"taxonomy":"product_tag","embeddable":true,"href":"https:\/\/puyapeptide.net\/fi\/wp-json\/wp\/v2\/product_tag?post=7011"}],"curies":[{"name":"wp","href":"https:\/\/api.w.org\/{rel}","templated":true}]}}