{"id":7060,"date":"2021-12-16T06:41:16","date_gmt":"2021-12-16T11:41:16","guid":{"rendered":"https:\/\/puyapeptide.net\/product\/asetyylidipeptidi-1-asetyylidipeptidi-1-setyyliesteri-cas-196604-48-5-voi-parantaa-ihon-luonnollista-joustavuutta-ja-vahentaa-ihon-roikkumista\/"},"modified":"2021-12-16T06:41:16","modified_gmt":"2021-12-16T11:41:16","slug":"asetyylidipeptidi-1-asetyylidipeptidi-1-setyyliesteri-cas-196604-48-5-voi-parantaa-ihon-luonnollista-joustavuutta-ja-vahentaa-ihon-roikkumista","status":"publish","type":"product","link":"https:\/\/puyapeptide.net\/fi\/product\/asetyylidipeptidi-1-asetyylidipeptidi-1-setyyliesteri-cas-196604-48-5-voi-parantaa-ihon-luonnollista-joustavuutta-ja-vahentaa-ihon-roikkumista\/","title":{"rendered":"Asetyylidipeptidi-1\/asetyylidipeptidi-1-setyyliesteri CAS 196604-48-5 voi parantaa ihon luonnollista joustavuutta ja v\u00e4hent\u00e4\u00e4 ihon roikkumista"},"content":{"rendered":"<h2><strong>Asetyylidipeptidi-1\/asetyylidipeptidi-1-setyyliesteri CAS 196604-48-5 voi parantaa ihon luonnollista joustavuutta ja v\u00e4hent\u00e4\u00e4 ihon roikkumista<\/strong><\/h2>\n<p>Tuotteen nimi: Asetyylidipeptidi-1-setyyliesteri<br \/>\nSynonyymit: Sensicalmine;Asetyylidipeptidi-1-setyyliesteri, Sensicalmine, Tyr-Arg;Calmosensine;Calmosensine (kosmeettinen ainesosa);Idealift;N-asetyyli-L-tyrosyyli L-arginiiniheksadekyyliesteri; asetyylidipeptidi-setyyliesteri; Ac-Tyr-Arg-O-heksadekyyliesteri, asetyylidipeptidi-1-setyyliesteri<br \/>\nCAS: 196604-48-5<br \/>\nMF: C33H57N5O5&lt;&amp;0&gt;M.<br \/>\nEINECS:<br \/>\nTuoteluokat: kosmeettiset<br \/>\nMol File: 196604-48-5.mol<\/p>\n<p>Asetyylidipeptidi-1-setyyliesteri on tuote, joka saadaan kytkem\u00e4ll\u00e4 tyrosiinin asetyyliesteri Dipeptidi-1:st\u00e4 (qv) dipeptidi-1:st\u00e4 per\u00e4isin olevan arginiinin setyyliesterin kanssa.<br \/>\nIk\u00e4\u00e4ntymist\u00e4 est\u00e4v\u00e4 Acetyl Dipeptide-1 Cetyl Ester -seerumi voi parantaa ihosi luonnollista kimmoisuutta ja siten v\u00e4hent\u00e4\u00e4 ihon roikkumista. Tee kasvoistasi kiinte\u00e4mpi ja kiinte\u00e4mpi, tasoittaa ryppyj\u00e4 ja s\u00e4ilytt\u00e4\u00e4 kosteuden. Se hidastaa ik\u00e4\u00e4ntymisprosessia, pehment\u00e4\u00e4, tasoittaa olemassa olevia juonteita, taistelee ihon l\u00f6ystymist\u00e4 vastaan, minimoi huokoset ja vahvistaa ihoa. Ihosi n\u00e4ytt\u00e4\u00e4 sile\u00e4lt\u00e4 ja hehkuvalta, terveelt\u00e4.<\/p>\n<p> <strong>Asetyylidipeptidi-1-setyyliesteri Kemialliset ominaisuudet<\/strong><br \/>\ntiheys 1,12\u00b10,1 g\/cm3 (ennustettu)<br \/>\npka 9,83\u00b10,15 (ennustettu)&lt; &amp;&gt;<br \/>\n <strong>Asetyylidipeptidi-1-setyyliesterin CAS 196604-48-5 k\u00e4ytt\u00f6<\/strong><br \/>\nHiusten hoitoaine; Ihonhoito<br \/>\n1. K\u00e4ytet\u00e4\u00e4n laajasti kosteusvoiteissa, voiteissa, kasvonaamioissa, silm\u00e4nymp\u00e4rysvoiteissa ja kylpytuotteissa.<br \/>\n2. K\u00e4ytettyn\u00e4 yhdess\u00e4 korkean makeutusaineiden, kuten NHDC:n kanssa, se voi tehd\u00e4 makeasta mausta pehme\u00e4mm\u00e4n ja saavuttaa ruoan makua parantavan vaikutuksen.<\/p>\n","protected":false},"excerpt":{"rendered":"<p>Tuotenimi: Asetyylidipeptidi-1-setyyliesteri<br \/>\nCAS: 196604-48-5<br \/>\nMF: C33H57N5O5<br \/>\nMW: 603.84<br \/>\nMol Tiedosto: 196604-48-5.mol<\/p>\n","protected":false},"featured_media":2205,"comment_status":"open","ping_status":"closed","template":"","meta":{"om_disable_all_campaigns":false,"_monsterinsights_skip_tracking":false,"_monsterinsights_sitenote_active":false,"_monsterinsights_sitenote_note":"","_monsterinsights_sitenote_category":0,"site-sidebar-layout":"default","site-content-layout":"default","ast-site-content-layout":"default","site-content-style":"default","site-sidebar-style":"default","ast-global-header-display":"","ast-banner-title-visibility":"","ast-main-header-display":"","ast-hfb-above-header-display":"","ast-hfb-below-header-display":"","ast-hfb-mobile-header-display":"","site-post-title":"","ast-breadcrumbs-content":"","ast-featured-img":"","footer-sml-layout":"","ast-disable-related-posts":"","theme-transparent-header-meta":"default","adv-header-id-meta":"","stick-header-meta":"","header-above-stick-meta":"","header-main-stick-meta":"","header-below-stick-meta":"","astra-migrate-meta-layouts":"default","ast-page-background-enabled":"default","ast-page-background-meta":{"desktop":{"background-color":"","background-image":"","background-repeat":"repeat","background-position":"center center","background-size":"auto","background-attachment":"scroll","background-type":"","background-media":"","overlay-type":"","overlay-color":"","overlay-opacity":"","overlay-gradient":""},"tablet":{"background-color":"","background-image":"","background-repeat":"repeat","background-position":"center center","background-size":"auto","background-attachment":"scroll","background-type":"","background-media":"","overlay-type":"","overlay-color":"","overlay-opacity":"","overlay-gradient":""},"mobile":{"background-color":"","background-image":"","background-repeat":"repeat","background-position":"center center","background-size":"auto","background-attachment":"scroll","background-type":"","background-media":"","overlay-type":"","overlay-color":"","overlay-opacity":"","overlay-gradient":""}},"ast-content-background-meta":{"desktop":{"background-color":"var(--ast-global-color-5)","background-image":"","background-repeat":"repeat","background-position":"center center","background-size":"auto","background-attachment":"scroll","background-type":"","background-media":"","overlay-type":"","overlay-color":"","overlay-opacity":"","overlay-gradient":""},"tablet":{"background-color":"var(--ast-global-color-5)","background-image":"","background-repeat":"repeat","background-position":"center center","background-size":"auto","background-attachment":"scroll","background-type":"","background-media":"","overlay-type":"","overlay-color":"","overlay-opacity":"","overlay-gradient":""},"mobile":{"background-color":"var(--ast-global-color-5)","background-image":"","background-repeat":"repeat","background-position":"center center","background-size":"auto","background-attachment":"scroll","background-type":"","background-media":"","overlay-type":"","overlay-color":"","overlay-opacity":"","overlay-gradient":""}}},"product_brand":[],"product_cat":[539],"product_tag":[2702],"class_list":{"0":"post-7060","1":"product","2":"type-product","3":"status-publish","4":"has-post-thumbnail","6":"product_cat-ryppyja-estava-ja-ikaantymista-estava-peptidi","7":"product_tag-acetyl-dipeptide-1-acetyl-dipeptide-1-cetyl-ester-cas-196604-48-5-can-improve-natural-skin-elasticity-and-reduce-sagging-skin-fi","8":"desktop-align-left","9":"tablet-align-left","10":"mobile-align-left","12":"first","13":"instock","14":"shipping-taxable","15":"product-type-simple"},"_links":{"self":[{"href":"https:\/\/puyapeptide.net\/fi\/wp-json\/wp\/v2\/product\/7060","targetHints":{"allow":["GET"]}}],"collection":[{"href":"https:\/\/puyapeptide.net\/fi\/wp-json\/wp\/v2\/product"}],"about":[{"href":"https:\/\/puyapeptide.net\/fi\/wp-json\/wp\/v2\/types\/product"}],"replies":[{"embeddable":true,"href":"https:\/\/puyapeptide.net\/fi\/wp-json\/wp\/v2\/comments?post=7060"}],"wp:featuredmedia":[{"embeddable":true,"href":"https:\/\/puyapeptide.net\/fi\/wp-json\/wp\/v2\/media\/2205"}],"wp:attachment":[{"href":"https:\/\/puyapeptide.net\/fi\/wp-json\/wp\/v2\/media?parent=7060"}],"wp:term":[{"taxonomy":"product_brand","embeddable":true,"href":"https:\/\/puyapeptide.net\/fi\/wp-json\/wp\/v2\/product_brand?post=7060"},{"taxonomy":"product_cat","embeddable":true,"href":"https:\/\/puyapeptide.net\/fi\/wp-json\/wp\/v2\/product_cat?post=7060"},{"taxonomy":"product_tag","embeddable":true,"href":"https:\/\/puyapeptide.net\/fi\/wp-json\/wp\/v2\/product_tag?post=7060"}],"curies":[{"name":"wp","href":"https:\/\/api.w.org\/{rel}","templated":true}]}}