{"id":7082,"date":"2021-12-16T06:43:00","date_gmt":"2021-12-16T11:43:00","guid":{"rendered":"https:\/\/puyapeptide.net\/product\/puya-supply-acetyl-pentapeptide-1-voi-parantaa-kollageeniproteiinia-ja-elastiiniproteiinia\/"},"modified":"2021-12-16T06:43:00","modified_gmt":"2021-12-16T11:43:00","slug":"puya-supply-acetyl-pentapeptide-1-voi-parantaa-kollageeniproteiinia-ja-elastiiniproteiinia","status":"publish","type":"product","link":"https:\/\/puyapeptide.net\/fi\/product\/puya-supply-acetyl-pentapeptide-1-voi-parantaa-kollageeniproteiinia-ja-elastiiniproteiinia\/","title":{"rendered":"Puya Supply Acetyl Pentapeptide-1 voi parantaa kollageeniproteiinia ja elastiiniproteiinia"},"content":{"rendered":"<h2><strong>Puya Supply Acetyl Pentapeptide-1 voi parantaa kollageeniproteiinia ja elastiiniproteiinia<\/strong><\/h2>\n<p>Tuotteen nimi: Acetyl Pentapeptide-1<br \/>\nMolecular: 720<br \/>\nUlkon\u00e4k\u00f6: valkoinen tai luonnonvalkoinen jauhe<br \/>\nCOA ja MSDS: saatavana viitteellesi<br \/>\nPuhtaus: 95 %<br \/>\nLaste: kosmeettinen<br \/>\nL\u00e4hde: synteettinen<br \/>\nKapasiteetti: 300g kuukaudessa<br \/>\nUlkon\u00e4k\u00f6: valkoinen jauhe<\/p>\n<p>Asetyylipentapeptidi-1 on ihanteellinen ainesosa parantamaan ihon kiinteytt\u00e4 vahvistamalla luonnollisia elementtej\u00e4, jotka onnistuvat s\u00e4ilytt\u00e4m\u00e4\u00e4n n\u00e4m\u00e4 ominaisuudet ihossa, mukaan lukien elastiini ja kollageeni. Siten se voidaan sis\u00e4llytt\u00e4\u00e4 kiinteytt\u00e4viin ja ik\u00e4\u00e4ntymist\u00e4 ehk\u00e4iseviin formulaatioihin sek\u00e4 kasvojen ett\u00e4 vartalonhoitoon, jossa ihon koheesiota ja kimmoisuutta halutaan lis\u00e4t\u00e4 roikkumisen ja velttouden minimoimiseksi. Lis\u00e4ksi olisi hy\u00f6dyllist\u00e4 lis\u00e4t\u00e4 laihdutusvalmisteita, jotta v\u00e4ltet\u00e4\u00e4n velttous laihdutuksen j\u00e4lkeen.<\/p>\n<p> <strong>Asetyylipentapeptidi-1:n toiminta<\/strong><br \/>\nEdist\u00e4\u00e4 kollageenin tuotantoa, korjaa vaurioitunutta ihoa, ehk\u00e4isee ik\u00e4\u00e4ntymist\u00e4, parantaa ihoa. kimmoisuutta, lis\u00e4\u00e4 ihon elinvoimaa.<br \/>\n1.Kollageeni- ja elastiiniproteiinisynteesi\u00e4 parantava, ryppyj\u00e4 ehk\u00e4isev\u00e4;<br \/>\n2.Auttaa ihoa paksummaksi ja kiinte\u00e4ksi, tekee ihosta kiinteytys.<\/p>\n<p> <strong>Asetyylipentapeptidin k\u00e4ytt\u00f6- 1<\/strong><br \/>\nAsetyylipentapeptidi-1 voi parantaa kollageeniproteiinin ja elastiiniproteiinin<br \/>\nsynteesi\u00e4, ryppyj\u00e4 vastaan; Se auttaa ihoa vahvistamaan ja kiinteytt\u00e4m\u00e4\u00e4n, kiinteytt\u00e4m\u00e4\u00e4n ihoa.<\/p>\n","protected":false},"excerpt":{"rendered":"<p>Tuotteen nimi: Acetyl Pentapeptide-1<br \/>\nMolecular: 720<br \/>\nUlkon\u00e4k\u00f6: valkoinen tai luonnonvalkoinen jauhe<br \/>\nPuhtaus: 95%<br \/>\nLaste: kosmeettinen<br \/>\nL\u00e4hde: synteettinen<br \/>\nUlkon\u00e4k\u00f6: valkoinen jauhe<\/p>\n","protected":false},"featured_media":2121,"comment_status":"open","ping_status":"closed","template":"","meta":{"om_disable_all_campaigns":false,"_monsterinsights_skip_tracking":false,"_monsterinsights_sitenote_active":false,"_monsterinsights_sitenote_note":"","_monsterinsights_sitenote_category":0,"site-sidebar-layout":"default","site-content-layout":"default","ast-site-content-layout":"default","site-content-style":"default","site-sidebar-style":"default","ast-global-header-display":"","ast-banner-title-visibility":"","ast-main-header-display":"","ast-hfb-above-header-display":"","ast-hfb-below-header-display":"","ast-hfb-mobile-header-display":"","site-post-title":"","ast-breadcrumbs-content":"","ast-featured-img":"","footer-sml-layout":"","ast-disable-related-posts":"","theme-transparent-header-meta":"default","adv-header-id-meta":"","stick-header-meta":"","header-above-stick-meta":"","header-main-stick-meta":"","header-below-stick-meta":"","astra-migrate-meta-layouts":"default","ast-page-background-enabled":"default","ast-page-background-meta":{"desktop":{"background-color":"","background-image":"","background-repeat":"repeat","background-position":"center center","background-size":"auto","background-attachment":"scroll","background-type":"","background-media":"","overlay-type":"","overlay-color":"","overlay-opacity":"","overlay-gradient":""},"tablet":{"background-color":"","background-image":"","background-repeat":"repeat","background-position":"center center","background-size":"auto","background-attachment":"scroll","background-type":"","background-media":"","overlay-type":"","overlay-color":"","overlay-opacity":"","overlay-gradient":""},"mobile":{"background-color":"","background-image":"","background-repeat":"repeat","background-position":"center center","background-size":"auto","background-attachment":"scroll","background-type":"","background-media":"","overlay-type":"","overlay-color":"","overlay-opacity":"","overlay-gradient":""}},"ast-content-background-meta":{"desktop":{"background-color":"var(--ast-global-color-5)","background-image":"","background-repeat":"repeat","background-position":"center center","background-size":"auto","background-attachment":"scroll","background-type":"","background-media":"","overlay-type":"","overlay-color":"","overlay-opacity":"","overlay-gradient":""},"tablet":{"background-color":"var(--ast-global-color-5)","background-image":"","background-repeat":"repeat","background-position":"center center","background-size":"auto","background-attachment":"scroll","background-type":"","background-media":"","overlay-type":"","overlay-color":"","overlay-opacity":"","overlay-gradient":""},"mobile":{"background-color":"var(--ast-global-color-5)","background-image":"","background-repeat":"repeat","background-position":"center center","background-size":"auto","background-attachment":"scroll","background-type":"","background-media":"","overlay-type":"","overlay-color":"","overlay-opacity":"","overlay-gradient":""}}},"product_brand":[],"product_cat":[539],"product_tag":[2678],"class_list":{"0":"post-7082","1":"product","2":"type-product","3":"status-publish","4":"has-post-thumbnail","6":"product_cat-ryppyja-estava-ja-ikaantymista-estava-peptidi","7":"product_tag-puya-supply-acetyl-pentapeptide-1-can-improve-collagen-protein-and-elastin-protein-fi","8":"desktop-align-left","9":"tablet-align-left","10":"mobile-align-left","12":"first","13":"instock","14":"shipping-taxable","15":"product-type-simple"},"_links":{"self":[{"href":"https:\/\/puyapeptide.net\/fi\/wp-json\/wp\/v2\/product\/7082","targetHints":{"allow":["GET"]}}],"collection":[{"href":"https:\/\/puyapeptide.net\/fi\/wp-json\/wp\/v2\/product"}],"about":[{"href":"https:\/\/puyapeptide.net\/fi\/wp-json\/wp\/v2\/types\/product"}],"replies":[{"embeddable":true,"href":"https:\/\/puyapeptide.net\/fi\/wp-json\/wp\/v2\/comments?post=7082"}],"wp:featuredmedia":[{"embeddable":true,"href":"https:\/\/puyapeptide.net\/fi\/wp-json\/wp\/v2\/media\/2121"}],"wp:attachment":[{"href":"https:\/\/puyapeptide.net\/fi\/wp-json\/wp\/v2\/media?parent=7082"}],"wp:term":[{"taxonomy":"product_brand","embeddable":true,"href":"https:\/\/puyapeptide.net\/fi\/wp-json\/wp\/v2\/product_brand?post=7082"},{"taxonomy":"product_cat","embeddable":true,"href":"https:\/\/puyapeptide.net\/fi\/wp-json\/wp\/v2\/product_cat?post=7082"},{"taxonomy":"product_tag","embeddable":true,"href":"https:\/\/puyapeptide.net\/fi\/wp-json\/wp\/v2\/product_tag?post=7082"}],"curies":[{"name":"wp","href":"https:\/\/api.w.org\/{rel}","templated":true}]}}