{"id":7114,"date":"2021-12-16T06:43:52","date_gmt":"2021-12-16T11:43:52","guid":{"rendered":"https:\/\/puyapeptide.net\/product\/asetyylioktapeptidi-3-snap-8-asetyyliglutamyyliheptapeptidi-1-cas-868844-74-0-ryppyjen-estoon\/"},"modified":"2021-12-16T06:43:52","modified_gmt":"2021-12-16T11:43:52","slug":"asetyylioktapeptidi-3-snap-8-asetyyliglutamyyliheptapeptidi-1-cas-868844-74-0-ryppyjen-estoon","status":"publish","type":"product","link":"https:\/\/puyapeptide.net\/fi\/product\/asetyylioktapeptidi-3-snap-8-asetyyliglutamyyliheptapeptidi-1-cas-868844-74-0-ryppyjen-estoon\/","title":{"rendered":"Asetyylioktapeptidi-3\/SNAP-8\/asetyyliglutamyyliheptapeptidi-1 CAS 868844-74-0 ryppyjen estoon"},"content":{"rendered":"<h2><strong>Asetyylioktapeptidi-3\/ SNAP-8\/ asetyyliglutamyyliheptapeptidi-1 CAS 868844-74-0 ryppyjen estoon<\/strong><\/h2>\n<p>Tuotteen nimi: Asetyylioktapeptidi-3\/ SNAP-8\/ Asetyyliglutamyyliheptapeptidi-1<br \/>\nSynonyymit: N-asetyyli-L-alfa-glutamyyli-L-alfa-glutamyyli-L-metionyyli-L-glutaminyyli-L -arginyyli-L-arginyyli-L-alanyyli-L-alfa-asparagiini; SNAP-8 (asetyyliglutamyyliheptapeptidi-3); asetyyliglutamyyliheptapeptidi-3; asetyylioktapeptidi-3; asetyyliglutamyylioktapeptidi-3; asetyyliglutamyylioktapeptidi-3; snap-8\/asetyylioktapeptidi-3\/asetyyliglutamyyliheptapeptidi-3; asetyylioktapeptidi-8<br \/>\nCAS: 868844-74-0<br \/>\nMF: C41H70N16O16S<br \/>\nMW: 1075,17<br \/>\nEINECSt<br \/>\nEINECSt Kategoriat: Kosmetiikka kauneuspeptidi<br \/>\nMol Tiedosto: 868844-74-0.mol<\/p>\n<p>Wrinkle-oktapeptidi SNAP-8 on kuuluisan heksapeptidin pidennys. SNAP-8 v\u00e4hent\u00e4\u00e4 ryppyjen syvyytt\u00e4 kasvoilla, jotka johtuvat ilmelihasten supistumisesta, erityisesti otsassa ja silmien ymp\u00e4rill\u00e4. SNAP-8 on turvallisempi, halvempi ja miedompi vaihtoehto botuliinitoksiinille, ja se kohdistuu paikallisesti samaan ryppyjen muodostumismekanismiin hyvin eri tavalla.<\/p>\n<p> <strong>Asetyylioktapeptidi-3\/ SNAP-8\/ Asetyyliglutamyyliheptapeptidi-1 CAS 868844-74-0 Kemialliset ominaisuudet<\/strong><br \/>\ntiheys 1,56<br \/>\nvarastointil\u00e4mp\u00f6tila. S\u00e4ilytett\u00e4v\u00e4 pime\u00e4ss\u00e4, inertiss\u00e4 ilmakeh\u00e4ss\u00e4, 2-8\u00b0C<br \/>\npka 4.07\u00b10.10(ennustettu)<\/p>\n<p> <strong>Asetyylioktapeptidi-3\/ SNAP-8\/ asetyyliglutamyyliheptapeptidi-1 CAS 868844- k\u00e4ytt\u00f6 ja toiminta 74-0<\/strong><br \/>\nAsetyyliglutamyyliheptapeptidi-3 tai asetyylioktapeptidi-1 (tai -3) (SNAP-8) on tieteellisesti ja j\u00e4rkev\u00e4sti suunniteltu polypeptidin ryppyj\u00e4 ehk\u00e4isevist\u00e4 ainesosista. Sill\u00e4 on samanlainen rooli kuin Areginin Essencell\u00e4, ja siit\u00e4 on tullut yksi suosituimmista raaka-aineista ymp\u00e4ri maailmaa korkealuokkaisessa ryppyj\u00e4 est\u00e4v\u00e4ss\u00e4 kosmetiikassa. Ryppyj\u00e4 ehk\u00e4isev\u00e4t kasvojen ilmeen lihasten supistukset, jotka v\u00e4hent\u00e4v\u00e4t hermosolujen kiihtyneisyytt\u00e4 SNARE-kompleksin destabilisaatiolla.&lt; &amp;&gt; Snap-8, t\u00e4m\u00e4 ainesosa sis\u00e4lt\u00e4\u00e4 kahdeksan aminohappoa ja (siis &quot;Octa&quot;) on samat (jotkut sanovat paljon paremmat) Argirelinin ryppyj\u00e4 ehk\u00e4isev\u00e4t ominaisuudet. Snap-8 v\u00e4hensi ryppyjen syvyytt\u00e4 noin 35 %.<br \/>\nSnap-8-peptidiliuos sis\u00e4lt\u00e4\u00e4 ryppyj\u00e4 est\u00e4v\u00e4\u00e4 oktapeptidi\u00e4, joka on heksapeptidin ARGIRELIN-peptidin pidennys. Siksi se v\u00e4hent\u00e4\u00e4 ilmeen ryppyj\u00e4 botuliinitoksiinin kaltaisen vaikutusmekanismin ansiosta.<\/p>\n<p> <strong>Asetyylioktapeptidi-3\/ SNAP-8\/ Asetyyliglutamyyliheptapeptidi-1 CAS 868844-74-0<\/strong><br \/>\nryppyj\u00e4 est\u00e4v\u00e4 , tasaiset rypyt.<\/p>\n","protected":false},"excerpt":{"rendered":"<p>Tuotteen nimi: Asetyylioktapeptidi-3\/ SNAP-8\/ Asetyyliglutamyyliheptapeptidi-1<br \/>\nCAS: 868844-74-0<br \/>\nMF: C41H70N16O16S<br \/>\nMW: 1075.17<br \/>\nMol File: 4-868-04 .mol<\/p>\n","protected":false},"featured_media":2163,"comment_status":"open","ping_status":"closed","template":"","meta":{"om_disable_all_campaigns":false,"_monsterinsights_skip_tracking":false,"_monsterinsights_sitenote_active":false,"_monsterinsights_sitenote_note":"","_monsterinsights_sitenote_category":0,"site-sidebar-layout":"default","site-content-layout":"default","ast-site-content-layout":"default","site-content-style":"default","site-sidebar-style":"default","ast-global-header-display":"","ast-banner-title-visibility":"","ast-main-header-display":"","ast-hfb-above-header-display":"","ast-hfb-below-header-display":"","ast-hfb-mobile-header-display":"","site-post-title":"","ast-breadcrumbs-content":"","ast-featured-img":"","footer-sml-layout":"","ast-disable-related-posts":"","theme-transparent-header-meta":"default","adv-header-id-meta":"","stick-header-meta":"","header-above-stick-meta":"","header-main-stick-meta":"","header-below-stick-meta":"","astra-migrate-meta-layouts":"default","ast-page-background-enabled":"default","ast-page-background-meta":{"desktop":{"background-color":"","background-image":"","background-repeat":"repeat","background-position":"center center","background-size":"auto","background-attachment":"scroll","background-type":"","background-media":"","overlay-type":"","overlay-color":"","overlay-opacity":"","overlay-gradient":""},"tablet":{"background-color":"","background-image":"","background-repeat":"repeat","background-position":"center center","background-size":"auto","background-attachment":"scroll","background-type":"","background-media":"","overlay-type":"","overlay-color":"","overlay-opacity":"","overlay-gradient":""},"mobile":{"background-color":"","background-image":"","background-repeat":"repeat","background-position":"center center","background-size":"auto","background-attachment":"scroll","background-type":"","background-media":"","overlay-type":"","overlay-color":"","overlay-opacity":"","overlay-gradient":""}},"ast-content-background-meta":{"desktop":{"background-color":"var(--ast-global-color-5)","background-image":"","background-repeat":"repeat","background-position":"center center","background-size":"auto","background-attachment":"scroll","background-type":"","background-media":"","overlay-type":"","overlay-color":"","overlay-opacity":"","overlay-gradient":""},"tablet":{"background-color":"var(--ast-global-color-5)","background-image":"","background-repeat":"repeat","background-position":"center center","background-size":"auto","background-attachment":"scroll","background-type":"","background-media":"","overlay-type":"","overlay-color":"","overlay-opacity":"","overlay-gradient":""},"mobile":{"background-color":"var(--ast-global-color-5)","background-image":"","background-repeat":"repeat","background-position":"center center","background-size":"auto","background-attachment":"scroll","background-type":"","background-media":"","overlay-type":"","overlay-color":"","overlay-opacity":"","overlay-gradient":""}}},"product_brand":[],"product_cat":[539],"product_tag":[2661],"class_list":{"0":"post-7114","1":"product","2":"type-product","3":"status-publish","4":"has-post-thumbnail","6":"product_cat-ryppyja-estava-ja-ikaantymista-estava-peptidi","7":"product_tag-acetyl-octapeptide-3-snap-8-acetyl-glutamyl-heptapeptide-1-cas-868844-74-0-for-anti-wrinkle-fi","8":"desktop-align-left","9":"tablet-align-left","10":"mobile-align-left","12":"first","13":"instock","14":"shipping-taxable","15":"product-type-simple"},"_links":{"self":[{"href":"https:\/\/puyapeptide.net\/fi\/wp-json\/wp\/v2\/product\/7114","targetHints":{"allow":["GET"]}}],"collection":[{"href":"https:\/\/puyapeptide.net\/fi\/wp-json\/wp\/v2\/product"}],"about":[{"href":"https:\/\/puyapeptide.net\/fi\/wp-json\/wp\/v2\/types\/product"}],"replies":[{"embeddable":true,"href":"https:\/\/puyapeptide.net\/fi\/wp-json\/wp\/v2\/comments?post=7114"}],"wp:featuredmedia":[{"embeddable":true,"href":"https:\/\/puyapeptide.net\/fi\/wp-json\/wp\/v2\/media\/2163"}],"wp:attachment":[{"href":"https:\/\/puyapeptide.net\/fi\/wp-json\/wp\/v2\/media?parent=7114"}],"wp:term":[{"taxonomy":"product_brand","embeddable":true,"href":"https:\/\/puyapeptide.net\/fi\/wp-json\/wp\/v2\/product_brand?post=7114"},{"taxonomy":"product_cat","embeddable":true,"href":"https:\/\/puyapeptide.net\/fi\/wp-json\/wp\/v2\/product_cat?post=7114"},{"taxonomy":"product_tag","embeddable":true,"href":"https:\/\/puyapeptide.net\/fi\/wp-json\/wp\/v2\/product_tag?post=7114"}],"curies":[{"name":"wp","href":"https:\/\/api.w.org\/{rel}","templated":true}]}}