{"id":7166,"date":"2021-12-16T07:15:04","date_gmt":"2021-12-16T12:15:04","guid":{"rendered":"https:\/\/puyapeptide.net\/product\/palmitoyl-oligopeptide-palmitoyl-tripeptide-1-cas-147732-56-7-kaytetaan-ikaantymista-estavan-kosmetiikan-valmistukseen\/"},"modified":"2021-12-16T07:15:04","modified_gmt":"2021-12-16T12:15:04","slug":"palmitoyl-oligopeptide-palmitoyl-tripeptide-1-cas-147732-56-7-kaytetaan-ikaantymista-estavan-kosmetiikan-valmistukseen","status":"publish","type":"product","link":"https:\/\/puyapeptide.net\/fi\/product\/palmitoyl-oligopeptide-palmitoyl-tripeptide-1-cas-147732-56-7-kaytetaan-ikaantymista-estavan-kosmetiikan-valmistukseen\/","title":{"rendered":"Palmitoyl oligopeptide\/ Palmitoyl Tripeptide-1 CAS 147732-56-7 k\u00e4ytet\u00e4\u00e4n ik\u00e4\u00e4ntymist\u00e4 est\u00e4v\u00e4n kosmetiikan valmistukseen"},"content":{"rendered":"<h2><strong>Palmitoyl oligopeptide\/ Palmitoyl Tripeptide-1 CAS 147732-56-7 k\u00e4ytet\u00e4\u00e4n ik\u00e4\u00e4ntymist\u00e4 est\u00e4v\u00e4n kosmetiikan valmistukseen<\/strong><\/h2>\n<p>Tuotteen nimi: N-1(1-oksoheksadekyyli-glysyyli-L-histidyyli-L-lysiini\/palmitoyylioligopeptidi\/palmitoyylitripeptidi-1<br \/>\nSynonyymit: L-lysiini, N-(1-oksoheksadekyyli)glysyyli-L -histidyyli-; Palmitoyylitripeptidi-1 Pal-AHK; N2-[(N-palmitoyyliglysyyli)-L-histidyyli]-L-lysiini; Pal-GHK (palmitoyylitripeptidi-1); N-(1-oksoheksadekyyli)glysyyli-L- histidyyli-L-lysiini; N2-[N-[N-(1-oksoheksadekyyli)glysyyli]-L-histidyyli]-L-lysiini; PalMitoyylitripeptidi-1\u30013;Pal-GHK, &gt;=95 %<br \/>\nCAS : 147732-56-7<br \/>\nMF: C30H54N6O5<br \/>\nMW: 578.79<br \/>\nEINECS:<br \/>\nTuoteluokat: Kosmetiikka-kauneuspeptidi<br \/>\nMol File: 147732-56-7.mol<br \/>\n&lt;&amp; &gt;Palmitoyylioligopeptidisekvenssi l\u00f6ytyy solunulkoisen matriisin proteiineista, kuten kollageenin \u03b1-ketjusta, ja sen uskotaan vapautuvan haavan ja tulehduksen aikana.T\u00e4lle peptidille on ehdotettu my\u00f6s kollageenin korjauksen palautestimulaatiota, mutta suurin hy\u00f6ty valon ik\u00e4\u00e4ntyneen ihon uskotaan tehostavan kuparin vapautumista. Sill\u00e4 on todettu olevan hy\u00f6dyllisi\u00e4 vaikutuksia kollageenin stimulaatioon.<\/p>\n<p>Palmitoyl Tetrapept ide-7 j\u00e4ljittelee DHEA:n, nuorisohormonin toimintaa, joka est\u00e4\u00e4 IL-6:n ylituotannon ja v\u00e4hent\u00e4\u00e4 siten ik\u00e4\u00e4ntymisen oireita sek\u00e4 immunosensenssi-ilmi\u00f6t\u00e4. Palmitoyylitetrapeptidi-7 voi tehostaa eri ihon toimintoja. hoito- ja v\u00e4rikosmeettinen koostumus.<\/p>\n<p> <strong>N-1(1-oksoheksadekyyli-glysyyli-L-histidyyli-L-lysiini\/palmitoyylioligopeptidi\/palmitoyylitripeptidi-1) Kemialliset ominaisuudet<\/strong><br \/>\nKiehumispiste 913,0\u00b165,0 \u00b0C( Ennustettu)<br \/>\ntiheys 1,105<br \/>\npka 3,16\u00b10,10 (ennustettu)<\/p>\n<p> <strong>N-1(1-oksoheksadekyyliglysyyli-L-histidyyli-L-lysiini\/palmitoyylioligopeptidi\/palmitoyylitripeptidi-1).<\/strong> &amp;&gt;1)Matrixyl 3000 (Palmitoyl Oligopeptide ja Palmitoyl Tetrapeptide-7) k\u00e4ytt\u00e4\u00e4 kahta matrikiinia l\u00e4hett\u00e4m\u00e4\u00e4n synergistisesti l\u00e4hettimi\u00e4 rekonstruoimaan vaurioitunutta kollageenia.<br \/>\n2)Matrixyl 3000 sis\u00e4lt\u00e4\u00e4 matrikiinit Pal-GHK ja Pal-GQPR, jotka toimivat synergisesti korjaa i\u00e4n aiheuttamat ihovauriot<br \/>\n3)Matrixyl 3000 sis\u00e4lt\u00e4\u00e4 matrikiinit Pal-GHK ja Pal-GQPR, jotka toimivat synergisesti korjaaen ihovaurioita s ik\u00e4inen. Aktivoimalla ihon luonnollista kollageenin, elastiinin ja hyaluronihapon tuotantoa Matrixyl 3000 v\u00e4hent\u00e4\u00e4 ryppyj\u00e4 ja muita ik\u00e4\u00e4ntymisen merkkej\u00e4.<\/p>\n<p> <strong>N-1(1-oksoheksadekyyliglysyyli-L-histidyyli-L-lysiini\/ Palmitoyylioligopeptidi\/ Palmitoyylitripeptidi-1 Vaikutustapa<\/strong><br \/>\n1)Matriksyyli v\u00e4hent\u00e4\u00e4 ryppyj\u00e4 45 %<br \/>\n2)Nostaa ja kiinteytt\u00e4\u00e4 ihoa<br \/>\n3) Palauttaa ihon nuorekkaan ulkon\u00e4\u00f6n<\/p>\n<p> <strong>N-1( 1-oksoheksadekyyli-glysyyli-L-histidyyli-L-lysiini\/palmitoyylioligopeptidi\/palmitoyylitripeptidi-1 Annostus<\/strong><br \/>\nT\u00e4m\u00e4 riippuu painostasi.Kaikissa t\u00e4h\u00e4n menness\u00e4 tehdyiss\u00e4 tutkimuksissa on k\u00e4ytetty jyrsij\u00e4tutkimuksia, rotat ja hiiret ovat tavallisesti ruiskutetaan tehokkaalla annoksella, jonka uskotaan olevan noin 10 \u03bcg (mcg) kilogrammaa kohden, ihmisill\u00e4 t\u00e4m\u00e4n uskotaan vastaavan 1,6 \u03bcg:aa kilogrammaa kohden ihmisill\u00e4, joten jos olet:<\/p>\n<p>60 KG (132 lb.), niin ihanteellinen p\u00e4ivitt\u00e4inen BPC-157 oraalinen annoksesi olisi 96 \u03bcg (mcg)<br \/>\n70 KG (154 lb.) =&gt; 112 \u03bcg<br \/>\n80 KG (176 lb.) =&gt; 128 \u03bcg&lt; &amp;&gt; 90 KG =&gt; 144 \u03bcg<\/p>\n","protected":false},"excerpt":{"rendered":"<p>Tuotteen nimi: N-1(1-oksoheksadekyyli-glysyyli-L-histidyyli-L-lysiini\/palmitoyylioligopeptidi\/palmitoyylitripeptidi-1<br \/>\nCAS: 147732-56-7<br \/>\nMF: C30H54N6O5<br \/>\nMW: 578,79<br \/>\nMol-tiedosto: 147732-56-7.mol<\/p>\n","protected":false},"featured_media":2205,"comment_status":"open","ping_status":"closed","template":"","meta":{"om_disable_all_campaigns":false,"_monsterinsights_skip_tracking":false,"_monsterinsights_sitenote_active":false,"_monsterinsights_sitenote_note":"","_monsterinsights_sitenote_category":0,"site-sidebar-layout":"default","site-content-layout":"default","ast-site-content-layout":"default","site-content-style":"default","site-sidebar-style":"default","ast-global-header-display":"","ast-banner-title-visibility":"","ast-main-header-display":"","ast-hfb-above-header-display":"","ast-hfb-below-header-display":"","ast-hfb-mobile-header-display":"","site-post-title":"","ast-breadcrumbs-content":"","ast-featured-img":"","footer-sml-layout":"","ast-disable-related-posts":"","theme-transparent-header-meta":"default","adv-header-id-meta":"","stick-header-meta":"","header-above-stick-meta":"","header-main-stick-meta":"","header-below-stick-meta":"","astra-migrate-meta-layouts":"default","ast-page-background-enabled":"default","ast-page-background-meta":{"desktop":{"background-color":"","background-image":"","background-repeat":"repeat","background-position":"center center","background-size":"auto","background-attachment":"scroll","background-type":"","background-media":"","overlay-type":"","overlay-color":"","overlay-opacity":"","overlay-gradient":""},"tablet":{"background-color":"","background-image":"","background-repeat":"repeat","background-position":"center center","background-size":"auto","background-attachment":"scroll","background-type":"","background-media":"","overlay-type":"","overlay-color":"","overlay-opacity":"","overlay-gradient":""},"mobile":{"background-color":"","background-image":"","background-repeat":"repeat","background-position":"center center","background-size":"auto","background-attachment":"scroll","background-type":"","background-media":"","overlay-type":"","overlay-color":"","overlay-opacity":"","overlay-gradient":""}},"ast-content-background-meta":{"desktop":{"background-color":"var(--ast-global-color-5)","background-image":"","background-repeat":"repeat","background-position":"center center","background-size":"auto","background-attachment":"scroll","background-type":"","background-media":"","overlay-type":"","overlay-color":"","overlay-opacity":"","overlay-gradient":""},"tablet":{"background-color":"var(--ast-global-color-5)","background-image":"","background-repeat":"repeat","background-position":"center center","background-size":"auto","background-attachment":"scroll","background-type":"","background-media":"","overlay-type":"","overlay-color":"","overlay-opacity":"","overlay-gradient":""},"mobile":{"background-color":"var(--ast-global-color-5)","background-image":"","background-repeat":"repeat","background-position":"center center","background-size":"auto","background-attachment":"scroll","background-type":"","background-media":"","overlay-type":"","overlay-color":"","overlay-opacity":"","overlay-gradient":""}}},"product_brand":[],"product_cat":[539],"product_tag":[2608],"class_list":{"0":"post-7166","1":"product","2":"type-product","3":"status-publish","4":"has-post-thumbnail","6":"product_cat-ryppyja-estava-ja-ikaantymista-estava-peptidi","7":"product_tag-palmitoyl-oligopeptide-palmitoyl-tripeptide-1-cas-147732-56-7-used-for-the-preparation-of-anti-aging-cosmetics-fi","8":"desktop-align-left","9":"tablet-align-left","10":"mobile-align-left","12":"first","13":"instock","14":"shipping-taxable","15":"product-type-simple"},"_links":{"self":[{"href":"https:\/\/puyapeptide.net\/fi\/wp-json\/wp\/v2\/product\/7166","targetHints":{"allow":["GET"]}}],"collection":[{"href":"https:\/\/puyapeptide.net\/fi\/wp-json\/wp\/v2\/product"}],"about":[{"href":"https:\/\/puyapeptide.net\/fi\/wp-json\/wp\/v2\/types\/product"}],"replies":[{"embeddable":true,"href":"https:\/\/puyapeptide.net\/fi\/wp-json\/wp\/v2\/comments?post=7166"}],"wp:featuredmedia":[{"embeddable":true,"href":"https:\/\/puyapeptide.net\/fi\/wp-json\/wp\/v2\/media\/2205"}],"wp:attachment":[{"href":"https:\/\/puyapeptide.net\/fi\/wp-json\/wp\/v2\/media?parent=7166"}],"wp:term":[{"taxonomy":"product_brand","embeddable":true,"href":"https:\/\/puyapeptide.net\/fi\/wp-json\/wp\/v2\/product_brand?post=7166"},{"taxonomy":"product_cat","embeddable":true,"href":"https:\/\/puyapeptide.net\/fi\/wp-json\/wp\/v2\/product_cat?post=7166"},{"taxonomy":"product_tag","embeddable":true,"href":"https:\/\/puyapeptide.net\/fi\/wp-json\/wp\/v2\/product_tag?post=7166"}],"curies":[{"name":"wp","href":"https:\/\/api.w.org\/{rel}","templated":true}]}}