{"id":7179,"date":"2021-12-16T07:15:09","date_gmt":"2021-12-16T12:15:09","guid":{"rendered":"https:\/\/puyapeptide.net\/product\/kuparipeptidi-ghk-cu-kuparitripeptidi-cas-89030-95-5-haavojen-paranemiseen-ja-ihon-uusimiseen\/"},"modified":"2021-12-16T07:15:09","modified_gmt":"2021-12-16T12:15:09","slug":"kuparipeptidi-ghk-cu-kuparitripeptidi-cas-89030-95-5-haavojen-paranemiseen-ja-ihon-uusimiseen","status":"publish","type":"product","link":"https:\/\/puyapeptide.net\/fi\/product\/kuparipeptidi-ghk-cu-kuparitripeptidi-cas-89030-95-5-haavojen-paranemiseen-ja-ihon-uusimiseen\/","title":{"rendered":"Kuparipeptidi (GHK-Cu)\/ Kuparitripeptidi CAS 89030-95-5 haavojen paranemiseen ja ihon uusimiseen"},"content":{"rendered":"<h2><strong>Kuparipeptidi (GHK-Cu)\/ Kuparitripeptidi CAS 89030-95-5 haavojen paranemiseen ja ihon uusimiseen<\/strong><\/h2>\n<p>Tuotteen nimi: Kuparipeptidi (GHK-Cu)\/ Kuparitripeptidi\/ [N2-(N-glysyyli-L-histidyyli)-L-lysinato(2-)]kupari<br \/>\nSekvenssi: (Cu2+ )H-Glu -His-Lys-OH<br \/>\nSynonyymit: [N2-(N-glysyyli-L-histidyyli)-L-lysinato(2-)]kupari; Ghk-Cu\/AHK-CU; Kuparitripeptidi (GHK-Cu); Pretsatidikupari, [N2-(N-glysyyli-L-histidyyli)-L-lysinato(2-)]kupari; tripeptidi\/GHK-Cu; kuparipeptidi, GHK-Cu, kuparitripeptidi-1; GHK-kupari;GHK.CU .HAC<br \/>\nCAS: 89030-95-5<br \/>\nMF: C14H21CuN6O4<br \/>\nMW: 400.91<br \/>\nEINECS:<br \/>\nTuoteluokat: L\u00e4\u00e4ke<br \/>\nMol File: 89030-95-5.mol&lt; &amp;&gt;<br \/>\nKupari on t\u00e4rke\u00e4 hivenaine, jonka on todettu olevan t\u00e4rke\u00e4 haavojen paranemisessa ja entsymaattisissa prosesseissa. Lysyylioksidaasi on t\u00e4rke\u00e4 entsyymi kollageenin ja elastiinin tuotannossa ja kuparipeptidi on riippuvainen kuparin vaikutuksesta. My\u00f6s tyrosinaasi ja sytokromi-c-oksidaasi vaativat kuparia. Vapaiden radikaalien haitalliset vaikutukset ihoon on selvitetty ihon valovanhenemisen tieteellisess\u00e4 perustutkimuksessa. Superoksididismutaasi toimii t\u00e4rke\u00e4n\u00e4 antioksidanttina ja vaatii kuparia kofaktorina.<br \/>\nCopper Peptide GHK -jauhe kompleksoituu spontaanisti kuparin kanssa ja helpottaa kuparin ottoa soluihin. Kuparipeptidisekvenssi l\u00f6ytyy ekstrasellulaarisen matriisin proteiineista, kuten kollageeniketjusta, ja kuparipeptidin uskotaan vapautuvan haavan ja tulehduksen aikana.<\/p>\n<p> <strong>Kuparipeptidin (GHK-Cu)\/kuparitripeptidin CAS toiminta 89030-95-5<\/strong><br \/>\n1. Nopeuta haavan paranemista<br \/>\n2. Lis\u00e4\u00e4 ihon epitelisaatiota<br \/>\n3. K\u00e4\u00e4nt\u00e4\u00e4 ihon ik\u00e4\u00e4ntymisen vaikutuksia<br \/>\n4. paksuntaa ihoa, parantaa joustavuutta ja lis\u00e4\u00e4 ihonalaista rasvakerrosta<br \/>\n5. Paranna hiustensiirron onnistumista, est\u00e4 hiustenl\u00e4ht\u00f6\u00e4<br \/>\n6. GHK-analogit, joissa on rasvaj\u00e4\u00e4m\u00e4analogeja, lis\u00e4\u00e4v\u00e4t karvatupen kokoa, stimuloivat hiusten kasvua ja v\u00e4hent\u00e4v\u00e4t hiustenl\u00e4ht\u00f6\u00e4<br \/>\n7. Paranna vaurioituneet suoliston limakalvot. Aktivoi ihon p\u00e4\u00e4asiallisen antioksidanttiproteiinin &#8211; superoksididismutaasin<\/p>\n<p> <strong>Kuparipeptidin (GHK-Cu)\/kuparitripeptidin CAS 89030-95-5 tyypillinen k\u00e4ytt\u00f6tarkoitus<\/strong><br \/>\nIhon i\u00e4n k\u00e4\u00e4nt\u00e4minen, ihon uusiutuminen, arpeuttaminen ja ihon poisto vaurioita, joilla on korkea turvallisuus. Sit\u00e4 voidaan k\u00e4ytt\u00e4\u00e4 ryppyjen torjuntaan \/ ihon korjaamiseen \/ hiusten palauttamiseen<\/p>\n","protected":false},"excerpt":{"rendered":"<p>Tuotenimi: Kuparipeptidi (GHK-Cu)\/ Kuparitripeptidi\/ [N2-(N-glysyyli-L-histidyyli)-L-lysinato(2-)]kupari<br \/>\nCAS: 89030-95-5<br \/>\nMF : C14H21CuN6O4<br \/>\nMW: 400.91<br \/>\nMol Tiedosto: 89030-95-5.mol<\/p>\n","protected":false},"featured_media":3864,"comment_status":"open","ping_status":"closed","template":"","meta":{"om_disable_all_campaigns":false,"_monsterinsights_skip_tracking":false,"_monsterinsights_sitenote_active":false,"_monsterinsights_sitenote_note":"","_monsterinsights_sitenote_category":0,"site-sidebar-layout":"default","site-content-layout":"default","ast-site-content-layout":"default","site-content-style":"default","site-sidebar-style":"default","ast-global-header-display":"","ast-banner-title-visibility":"","ast-main-header-display":"","ast-hfb-above-header-display":"","ast-hfb-below-header-display":"","ast-hfb-mobile-header-display":"","site-post-title":"","ast-breadcrumbs-content":"","ast-featured-img":"","footer-sml-layout":"","ast-disable-related-posts":"","theme-transparent-header-meta":"default","adv-header-id-meta":"","stick-header-meta":"","header-above-stick-meta":"","header-main-stick-meta":"","header-below-stick-meta":"","astra-migrate-meta-layouts":"default","ast-page-background-enabled":"default","ast-page-background-meta":{"desktop":{"background-color":"","background-image":"","background-repeat":"repeat","background-position":"center center","background-size":"auto","background-attachment":"scroll","background-type":"","background-media":"","overlay-type":"","overlay-color":"","overlay-opacity":"","overlay-gradient":""},"tablet":{"background-color":"","background-image":"","background-repeat":"repeat","background-position":"center center","background-size":"auto","background-attachment":"scroll","background-type":"","background-media":"","overlay-type":"","overlay-color":"","overlay-opacity":"","overlay-gradient":""},"mobile":{"background-color":"","background-image":"","background-repeat":"repeat","background-position":"center center","background-size":"auto","background-attachment":"scroll","background-type":"","background-media":"","overlay-type":"","overlay-color":"","overlay-opacity":"","overlay-gradient":""}},"ast-content-background-meta":{"desktop":{"background-color":"var(--ast-global-color-5)","background-image":"","background-repeat":"repeat","background-position":"center center","background-size":"auto","background-attachment":"scroll","background-type":"","background-media":"","overlay-type":"","overlay-color":"","overlay-opacity":"","overlay-gradient":""},"tablet":{"background-color":"var(--ast-global-color-5)","background-image":"","background-repeat":"repeat","background-position":"center center","background-size":"auto","background-attachment":"scroll","background-type":"","background-media":"","overlay-type":"","overlay-color":"","overlay-opacity":"","overlay-gradient":""},"mobile":{"background-color":"var(--ast-global-color-5)","background-image":"","background-repeat":"repeat","background-position":"center center","background-size":"auto","background-attachment":"scroll","background-type":"","background-media":"","overlay-type":"","overlay-color":"","overlay-opacity":"","overlay-gradient":""}}},"product_brand":[],"product_cat":[539],"product_tag":[2582],"class_list":{"0":"post-7179","1":"product","2":"type-product","3":"status-publish","4":"has-post-thumbnail","6":"product_cat-ryppyja-estava-ja-ikaantymista-estava-peptidi","7":"product_tag-copper-peptide-ghk-cu-copper-tripeptide-cas-89030-95-5-for-wound-healing-and-skin-renewal-fi","8":"desktop-align-left","9":"tablet-align-left","10":"mobile-align-left","12":"first","13":"instock","14":"shipping-taxable","15":"product-type-simple"},"_links":{"self":[{"href":"https:\/\/puyapeptide.net\/fi\/wp-json\/wp\/v2\/product\/7179","targetHints":{"allow":["GET"]}}],"collection":[{"href":"https:\/\/puyapeptide.net\/fi\/wp-json\/wp\/v2\/product"}],"about":[{"href":"https:\/\/puyapeptide.net\/fi\/wp-json\/wp\/v2\/types\/product"}],"replies":[{"embeddable":true,"href":"https:\/\/puyapeptide.net\/fi\/wp-json\/wp\/v2\/comments?post=7179"}],"wp:featuredmedia":[{"embeddable":true,"href":"https:\/\/puyapeptide.net\/fi\/wp-json\/wp\/v2\/media\/3864"}],"wp:attachment":[{"href":"https:\/\/puyapeptide.net\/fi\/wp-json\/wp\/v2\/media?parent=7179"}],"wp:term":[{"taxonomy":"product_brand","embeddable":true,"href":"https:\/\/puyapeptide.net\/fi\/wp-json\/wp\/v2\/product_brand?post=7179"},{"taxonomy":"product_cat","embeddable":true,"href":"https:\/\/puyapeptide.net\/fi\/wp-json\/wp\/v2\/product_cat?post=7179"},{"taxonomy":"product_tag","embeddable":true,"href":"https:\/\/puyapeptide.net\/fi\/wp-json\/wp\/v2\/product_tag?post=7179"}],"curies":[{"name":"wp","href":"https:\/\/api.w.org\/{rel}","templated":true}]}}