{"id":7283,"date":"2021-12-16T07:20:53","date_gmt":"2021-12-16T12:20:53","guid":{"rendered":"https:\/\/puyapeptide.net\/product\/melanotan-1-melanotan-i-afamelanotide-cas-75921-69-6\/"},"modified":"2021-12-16T07:20:53","modified_gmt":"2021-12-16T12:20:53","slug":"melanotan-1-melanotan-i-afamelanotide-cas-75921-69-6","status":"publish","type":"product","link":"https:\/\/puyapeptide.net\/fi\/product\/melanotan-1-melanotan-i-afamelanotide-cas-75921-69-6\/","title":{"rendered":"Melanotan 1 \/ Melanotan I \/ Afamelanotide CAS 75921-69-6"},"content":{"rendered":"<h2><strong>Melanotan 1 \/ Melanotan I \/ Afamelanotide CAS 75921-69-6<\/strong><\/h2>\n<p>Tuotteen nimi: Melanotan 1<br \/>\nSekvenssi: Ac-Ser-Tyr-Ser-Nle-Glu-His-D-Phe-Arg-Trp-Gly-Lys-Pro-Val-NH2<br \/>\nSynonyymit: [ NLE4,D-PHE]ALFA-MELANOSYYTTI\u00c4 stimuloiva hormoni; (NLE4,D-PHE7)-ALFHA-MSH; [Nle4,D-Phe7]\u03b1-MSH;Ac-L-Ser-L-Tyr-L-Ser-L -Nle-L-Glu-L-His-D-Phe-L-Arg-L-Trp-Gly-L-Lys-L-Pro-L-Val-NH2;N-Ac-L-Ser-L-Tyr -L-Ser-L-Nle-L-Glu-L-His-D-Phe-L-Arg-L-Trp-Gly-L-Lys-L-Pro-L-Val-NH2; [Nle4, DPhe7] a-MSH, amidi; [Nle4, DPhe7] a-MSH, amidi: melanotaani\u2160; [Nle4, D-Phe7]-a-MSH, amidi<br \/>\nCAS: 75921-69-6<br \/>\nMF: C78H111N21O19&lt; &amp;&gt;MW: 1646.85<br \/>\nEINECS: 211-519-9<br \/>\nTuoteluokat: Ionikanavaa moduloivat peptidit; Melanosyyttej\u00e4 stimuloivat hormonit (MSH); Immunomodulaattorit Hormonit; Liikalihavuustutkimus; Solubiologian peptidit; Hormoni (MSH) -peptidit ja -proteiinit; \u03b1-Melanosyyttej\u00e4 stimuloiva hormoni (\u03b1-MSH) -peptidit solubiologiaan; Sytokiinit kasvutekij\u00e4t ja -hormonit (lihavuus); Melanotan II A<br \/>\nMol File: 75921-69-6.mol&lt;&amp; &gt;<br \/>\nMelanotan 2 (tunnetaan my\u00f6s nimell\u00e4 Melanotan II) on synteettinen aine lly tuotettu muunnos peptidihormonista, jota tuotetaan<br \/>\nkehossamme luonnollisesti ja joka stimuloi melanogeneesi\u00e4, joka on vastuussa ihon pigmentaatiosta. T\u00e4m\u00e4 peptidihormoni, jota kutsutaan<br \/>\nalfa-melanosyyttej\u00e4 stimuloivaksi hormoniksi tai MSH:ksi, aktivoi tiettyj\u00e4 melanokortiinireseptoreita vaikuttaessaan.<br \/>\nMSH tuo my\u00f6s n\u00e4iden kautta esiin tehokkaita etuja lipidiaineenvaihdunnassa, ruokahalussa ja seksuaalisessa libidossa. melanokortiinireseptorit.<br \/>\nSiksi Melanotan 2:lla on tutkimuksissa osoitettu olevan ruokahalua hillitsevi\u00e4, lipolyyttisi\u00e4 ja libidoa lis\u00e4\u00e4vi\u00e4 vaikutuksia<br \/>\nihon rusketuksen edist\u00e4misen lis\u00e4ksi. Melanotan 2:ta on tutkittu laajasti k\u00e4ytett\u00e4v\u00e4ksi suojaamisessa auringonvalon ultravioletti<br \/>\ns\u00e4teilyn haitallisilta vaikutuksilta sen melanogeneesi\u00e4 stimuloivien ominaisuuksien vuoksi.<br \/>\nLis\u00e4ksi Melanotan 2(MT-2) ja samanlainen synteettisesti valmistettu muunnos, , on tutkittu mahdollisena l\u00e4\u00e4kkeen\u00e4<br \/>\nseksuaalisen toimintah\u00e4iri\u00f6n hoitoon; erityisesti miesten erektioh\u00e4iri\u00f6t.<\/p>\n<p> <strong>Melanotan 1\/ Melanotan I\/ Afamelanotide CAS 75921-69-6 Kemialliset ominaisuudet<\/strong><br \/>\ntiheys 1,46\u00b10,1 g\/cm3 (ennustettu)<br \/>\nRTECS OS1830200<br \/>\ns\u00e4ilytysl\u00e4mp\u00f6tila . \u221220\u00b0C<br \/>\npka 4,43\u00b10,10 (ennustettu)<br \/>\nInChIKey UAHFGYDRQSXQEB-LEBBXHLNSA-N<br \/>\nCAS-tietokannan viite 75921-69-6(CAS-tietokannan viite)<\/p>\n<p> <strong>Melanotanin k\u00e4ytt\u00f6tarkoitukset 1\/ Melanotan I\/ Afamelanotide CAS 75921-69-6s<\/strong><br \/>\nMelanotan I:n vapautumisen my\u00f6t\u00e4 t\u00e4ll\u00e4 13 aminohaposta koostuvalla lineaarisella peptidill\u00e4 on varmasti viel\u00e4 suurempi rooli l\u00e4\u00e4ketutkimuksessa. Melanotan I:n t\u00e4rkeimm\u00e4t englanninkieliset nimet ovat Melanotan-1 ja Afamelanotide, jotka kuuluvat \u03b1-MSH-analogeihin. Melanotan I:t\u00e4 voidaan k\u00e4ytt\u00e4\u00e4 erytropoieettisen protoporfyrian aiheuttamien valoherkkyysh\u00e4iri\u00f6iden hoitoon.<\/p>\n","protected":false},"excerpt":{"rendered":"<p>Tuotteen nimi: Melanotan 1<br \/>\nCAS: 75921-69-6<br \/>\nMF: C78H111N21O19<br \/>\nMW: 1646.85<br \/>\nEINECS: 211-519-9<br \/>\nMol Tiedosto: 75921-69-6.mol<\/p>\n","protected":false},"featured_media":2205,"comment_status":"open","ping_status":"closed","template":"","meta":{"om_disable_all_campaigns":false,"_monsterinsights_skip_tracking":false,"_monsterinsights_sitenote_active":false,"_monsterinsights_sitenote_note":"","_monsterinsights_sitenote_category":0,"site-sidebar-layout":"default","site-content-layout":"default","ast-site-content-layout":"default","site-content-style":"default","site-sidebar-style":"default","ast-global-header-display":"","ast-banner-title-visibility":"","ast-main-header-display":"","ast-hfb-above-header-display":"","ast-hfb-below-header-display":"","ast-hfb-mobile-header-display":"","site-post-title":"","ast-breadcrumbs-content":"","ast-featured-img":"","footer-sml-layout":"","ast-disable-related-posts":"","theme-transparent-header-meta":"default","adv-header-id-meta":"","stick-header-meta":"","header-above-stick-meta":"","header-main-stick-meta":"","header-below-stick-meta":"","astra-migrate-meta-layouts":"default","ast-page-background-enabled":"default","ast-page-background-meta":{"desktop":{"background-color":"","background-image":"","background-repeat":"repeat","background-position":"center center","background-size":"auto","background-attachment":"scroll","background-type":"","background-media":"","overlay-type":"","overlay-color":"","overlay-opacity":"","overlay-gradient":""},"tablet":{"background-color":"","background-image":"","background-repeat":"repeat","background-position":"center center","background-size":"auto","background-attachment":"scroll","background-type":"","background-media":"","overlay-type":"","overlay-color":"","overlay-opacity":"","overlay-gradient":""},"mobile":{"background-color":"","background-image":"","background-repeat":"repeat","background-position":"center center","background-size":"auto","background-attachment":"scroll","background-type":"","background-media":"","overlay-type":"","overlay-color":"","overlay-opacity":"","overlay-gradient":""}},"ast-content-background-meta":{"desktop":{"background-color":"var(--ast-global-color-5)","background-image":"","background-repeat":"repeat","background-position":"center center","background-size":"auto","background-attachment":"scroll","background-type":"","background-media":"","overlay-type":"","overlay-color":"","overlay-opacity":"","overlay-gradient":""},"tablet":{"background-color":"var(--ast-global-color-5)","background-image":"","background-repeat":"repeat","background-position":"center center","background-size":"auto","background-attachment":"scroll","background-type":"","background-media":"","overlay-type":"","overlay-color":"","overlay-opacity":"","overlay-gradient":""},"mobile":{"background-color":"var(--ast-global-color-5)","background-image":"","background-repeat":"repeat","background-position":"center center","background-size":"auto","background-attachment":"scroll","background-type":"","background-media":"","overlay-type":"","overlay-color":"","overlay-opacity":"","overlay-gradient":""}}},"product_brand":[],"product_cat":[532],"product_tag":[2555],"class_list":{"0":"post-7283","1":"product","2":"type-product","3":"status-publish","4":"has-post-thumbnail","6":"product_cat-muut-peptidit","7":"product_tag-melanotan-1-melanotan-i-afamelanotide-cas-75921-69-6-fi","8":"desktop-align-left","9":"tablet-align-left","10":"mobile-align-left","12":"first","13":"instock","14":"shipping-taxable","15":"product-type-simple"},"_links":{"self":[{"href":"https:\/\/puyapeptide.net\/fi\/wp-json\/wp\/v2\/product\/7283","targetHints":{"allow":["GET"]}}],"collection":[{"href":"https:\/\/puyapeptide.net\/fi\/wp-json\/wp\/v2\/product"}],"about":[{"href":"https:\/\/puyapeptide.net\/fi\/wp-json\/wp\/v2\/types\/product"}],"replies":[{"embeddable":true,"href":"https:\/\/puyapeptide.net\/fi\/wp-json\/wp\/v2\/comments?post=7283"}],"wp:featuredmedia":[{"embeddable":true,"href":"https:\/\/puyapeptide.net\/fi\/wp-json\/wp\/v2\/media\/2205"}],"wp:attachment":[{"href":"https:\/\/puyapeptide.net\/fi\/wp-json\/wp\/v2\/media?parent=7283"}],"wp:term":[{"taxonomy":"product_brand","embeddable":true,"href":"https:\/\/puyapeptide.net\/fi\/wp-json\/wp\/v2\/product_brand?post=7283"},{"taxonomy":"product_cat","embeddable":true,"href":"https:\/\/puyapeptide.net\/fi\/wp-json\/wp\/v2\/product_cat?post=7283"},{"taxonomy":"product_tag","embeddable":true,"href":"https:\/\/puyapeptide.net\/fi\/wp-json\/wp\/v2\/product_tag?post=7283"}],"curies":[{"name":"wp","href":"https:\/\/api.w.org\/{rel}","templated":true}]}}