{"id":7332,"date":"2021-12-16T07:22:39","date_gmt":"2021-12-16T12:22:39","guid":{"rendered":"https:\/\/puyapeptide.net\/product\/pentagastriini-cas-5534-95-2-edistaa-mahahapon-ja-pepsiinin-erittymista\/"},"modified":"2021-12-16T07:22:39","modified_gmt":"2021-12-16T12:22:39","slug":"pentagastriini-cas-5534-95-2-edistaa-mahahapon-ja-pepsiinin-erittymista","status":"publish","type":"product","link":"https:\/\/puyapeptide.net\/fi\/product\/pentagastriini-cas-5534-95-2-edistaa-mahahapon-ja-pepsiinin-erittymista\/","title":{"rendered":"Pentagastriini CAS 5534-95-2 Edist\u00e4\u00e4 mahahapon ja pepsiinin erittymist\u00e4"},"content":{"rendered":"<h2><strong>Pentagastriini CAS 5534-95-2 Edist\u00e4\u00e4 mahahapon ja pepsiinin erittymist\u00e4<\/strong><\/h2>\n<p>Tuotteen nimi: PENTAGASTRIN<br \/>\nSynonyymit: T-BOC-BETA-ALA-TRP-MET-ASP-PHE-NH2;aspartyyli]-l-fenyylialaniiniamidi;ay6608;boc-beta-ala-try-met-asp -phe(nh2);gastrodiagnostiikka;ici50123;laniiniamidi;l-metionyyli-l-alfa-aspartyyli-<br \/>\nCAS: 5534-95-2<br \/>\nMF: C37H49N7O9S<br \/>\nMW: 767,9<br \/>\nEINECS: 226 -889-7<br \/>\nTuoteluokat: MARCAINE;Peptidi<br \/>\nMol Tiedosto: 5534-95-2.mol<\/p>\n<p>Peptavlon, joka tunnetaan my\u00f6s nimell\u00e4 pentagastriini, on synteettinen pentagastriini, joka edist\u00e4\u00e4 mahahapon erityst\u00e4 , pepsiini ja endogastriini. Sit\u00e4 k\u00e4ytet\u00e4\u00e4n kliinisesti mahalaukun eritystoiminnan ja haiman toiminnan tutkimukseen.<\/p>\n<p> <strong>Pentagastriini CAS 5534-95-2 Kemialliset ominaisuudet<\/strong><br \/>\nSulamispiste 229-230\u00b0 (dec)<br \/>\nalfa D22 -28,8 \u00b10,5 \u00b0 (DMF)<br \/>\nKiehumispiste 1196,6\u00b165,0 \u00b0C (ennustettu)<br \/>\ntiheys 1,303\u00b10,06 g\/cm3(ennustettu)<br \/>\nvarastointil\u00e4mp\u00f6tila. -20\u00b0C<br \/>\nliukoisuus K\u00e4yt\u00e4nn\u00f6ss\u00e4 veteen liukenematon; liukenee 5 M ammoniakkiin ja dimetyyliformamidiin; liukenee heikosti etanoliin (96 %).<br \/>\npka 4,19\u00b10,10 (ennustettu)<br \/>\nmuotojauhe<br \/>\nInChIKey NEYNJQRKHLUJRU-DZUOILHNSA-N<\/p>\n<p> <strong>Pentagastriini CAS 5534-95-2<\/strong> &lt;&amp; &gt;1. anestesia (paikallinen)<br \/>\n2. mahalaukun eritysh\u00e4iri\u00f6iden diagnostinen aine<\/p>\n","protected":false},"excerpt":{"rendered":"<p>Tuotteen nimi: PENTAGASTRIN<br \/>\nCAS: 5534-95-2<br \/>\nMF: C37H49N7O9S<br \/>\nMW: 767.9<br \/>\nEINECS: 226-889-7<br \/>\nMol Tiedosto: 5534-95-2.mol<\/p>\n","protected":false},"featured_media":2100,"comment_status":"open","ping_status":"closed","template":"","meta":{"om_disable_all_campaigns":false,"_monsterinsights_skip_tracking":false,"_monsterinsights_sitenote_active":false,"_monsterinsights_sitenote_note":"","_monsterinsights_sitenote_category":0,"site-sidebar-layout":"default","site-content-layout":"default","ast-site-content-layout":"default","site-content-style":"default","site-sidebar-style":"default","ast-global-header-display":"","ast-banner-title-visibility":"","ast-main-header-display":"","ast-hfb-above-header-display":"","ast-hfb-below-header-display":"","ast-hfb-mobile-header-display":"","site-post-title":"","ast-breadcrumbs-content":"","ast-featured-img":"","footer-sml-layout":"","ast-disable-related-posts":"","theme-transparent-header-meta":"default","adv-header-id-meta":"","stick-header-meta":"","header-above-stick-meta":"","header-main-stick-meta":"","header-below-stick-meta":"","astra-migrate-meta-layouts":"default","ast-page-background-enabled":"default","ast-page-background-meta":{"desktop":{"background-color":"","background-image":"","background-repeat":"repeat","background-position":"center center","background-size":"auto","background-attachment":"scroll","background-type":"","background-media":"","overlay-type":"","overlay-color":"","overlay-opacity":"","overlay-gradient":""},"tablet":{"background-color":"","background-image":"","background-repeat":"repeat","background-position":"center center","background-size":"auto","background-attachment":"scroll","background-type":"","background-media":"","overlay-type":"","overlay-color":"","overlay-opacity":"","overlay-gradient":""},"mobile":{"background-color":"","background-image":"","background-repeat":"repeat","background-position":"center center","background-size":"auto","background-attachment":"scroll","background-type":"","background-media":"","overlay-type":"","overlay-color":"","overlay-opacity":"","overlay-gradient":""}},"ast-content-background-meta":{"desktop":{"background-color":"var(--ast-global-color-5)","background-image":"","background-repeat":"repeat","background-position":"center center","background-size":"auto","background-attachment":"scroll","background-type":"","background-media":"","overlay-type":"","overlay-color":"","overlay-opacity":"","overlay-gradient":""},"tablet":{"background-color":"var(--ast-global-color-5)","background-image":"","background-repeat":"repeat","background-position":"center center","background-size":"auto","background-attachment":"scroll","background-type":"","background-media":"","overlay-type":"","overlay-color":"","overlay-opacity":"","overlay-gradient":""},"mobile":{"background-color":"var(--ast-global-color-5)","background-image":"","background-repeat":"repeat","background-position":"center center","background-size":"auto","background-attachment":"scroll","background-type":"","background-media":"","overlay-type":"","overlay-color":"","overlay-opacity":"","overlay-gradient":""}}},"product_brand":[],"product_cat":[449],"product_tag":[2407],"class_list":{"0":"post-7332","1":"product","2":"type-product","3":"status-publish","4":"has-post-thumbnail","6":"product_cat-ruoansulatuskanavan-peptidi","7":"product_tag-pentagastrin-cas-5534-95-2-promotes-the-secretion-of-gastric-acid-and-pepsin-fi","8":"desktop-align-left","9":"tablet-align-left","10":"mobile-align-left","12":"first","13":"instock","14":"shipping-taxable","15":"product-type-simple"},"_links":{"self":[{"href":"https:\/\/puyapeptide.net\/fi\/wp-json\/wp\/v2\/product\/7332","targetHints":{"allow":["GET"]}}],"collection":[{"href":"https:\/\/puyapeptide.net\/fi\/wp-json\/wp\/v2\/product"}],"about":[{"href":"https:\/\/puyapeptide.net\/fi\/wp-json\/wp\/v2\/types\/product"}],"replies":[{"embeddable":true,"href":"https:\/\/puyapeptide.net\/fi\/wp-json\/wp\/v2\/comments?post=7332"}],"wp:featuredmedia":[{"embeddable":true,"href":"https:\/\/puyapeptide.net\/fi\/wp-json\/wp\/v2\/media\/2100"}],"wp:attachment":[{"href":"https:\/\/puyapeptide.net\/fi\/wp-json\/wp\/v2\/media?parent=7332"}],"wp:term":[{"taxonomy":"product_brand","embeddable":true,"href":"https:\/\/puyapeptide.net\/fi\/wp-json\/wp\/v2\/product_brand?post=7332"},{"taxonomy":"product_cat","embeddable":true,"href":"https:\/\/puyapeptide.net\/fi\/wp-json\/wp\/v2\/product_cat?post=7332"},{"taxonomy":"product_tag","embeddable":true,"href":"https:\/\/puyapeptide.net\/fi\/wp-json\/wp\/v2\/product_tag?post=7332"}],"curies":[{"name":"wp","href":"https:\/\/api.w.org\/{rel}","templated":true}]}}