{"id":7604,"date":"2021-12-16T10:22:51","date_gmt":"2021-12-16T15:22:51","guid":{"rendered":"https:\/\/puyapeptide.net\/product\/cjc-1295-cas-863288-34-0-hyvalla-hinnalla\/"},"modified":"2021-12-16T10:22:51","modified_gmt":"2021-12-16T15:22:51","slug":"cjc-1295-cas-863288-34-0-hyvalla-hinnalla","status":"publish","type":"product","link":"https:\/\/puyapeptide.net\/fi\/product\/cjc-1295-cas-863288-34-0-hyvalla-hinnalla\/","title":{"rendered":"CJC 1295 CAS 863288-34-0 Hyv\u00e4ll\u00e4 hinnalla"},"content":{"rendered":"<h2><strong>CJC 1295 CAS 863288-34-0 Hyv\u00e4ll\u00e4 hinnalla<\/strong><\/h2>\n<p>Tuotteen nimi: CJC1295<br \/>\nSynonyymit: CJC1295;Y(d -A)DAIFTQSYRKVLAQLSARKLLQDILSR-NH2;L-tyrosyyli-D-alanyyli-L-alfa-aspartyyli-L-alanyyli-L-isoleusyyli-L-fenyylialanyyli L-treonyyli-L-glutaminyyli-L-seryyli-L-tyrosyyli-L-arginyyli-L-lysyyli-L-valyyli-L-leusyyli-L-alanyyli-L-glutaminyyli-L-seryyli-L-alanyyli-L- arginyyli-L-lysyyli-L-leusyyli-L-leusyyli-L-glutaminyyli-L-alfa-aspartyyli-L-isoleusyyli-L-leusyyli-L-seryyli-L-arginyyli-N6-[3-(2,5- dihydro-2,5-diokso-1 H-pyrrol-1-yyli)-1-oksopropyyli]-L-lysiiniamidi; CJC-1295 CJC-1295; CJC-1295 asetaatti; CJC1295 ilman DAC:ta; -L-arginyyli-L- lysyyli-L-leusyyli-L-leusyyli-L-glutaminyyli; L-tyrosyyli-D-alanyyli-L-a-aspartyyli-L-alanyyli-L-isoleusyyli-L-fenyylialanyyli-L-allotreonyyli-L-glutaminyyli-L- seryyli-L-tyrosyyli-L-arginyyli-L-lysyyli-L-valyyli-L-leusyyli-L-alanyyli-L-glutaminyyli-L-leusyyli-L-seryyli-L-alanyyli<br \/>\nCAS: 863288-34- 0<br \/>\nMF: C152H252N44O42<br \/>\nMW: 3367.89688<br \/>\nEINECS: 206-141-6<br \/>\nTuoteluokat: Peptidit;CJC<br \/>\nMol Tiedosto: 863288-34-0.mol<br \/>\n &gt;Cjc-1295 on synteettinen GHRH (kasvuhormonia vapauttava hormoni) analogi, joka koostuu 30 aminohaposta. On havaittu, ett\u00e4 CJC-1295 on eritt\u00e4in tehokas kasvuhormonin ja IGF-1:n erityksen lis\u00e4\u00e4misess\u00e4 vaikuttamatta negatiivisesti GH-erityksen sykkimiseen. CJC-1295:n p\u00e4\u00e4asiallinen k\u00e4ytt\u00f6tarkoitus on lis\u00e4t\u00e4 GH-tasoja, mik\u00e4 johtaa my\u00f6s kohonneisiin IGF-1-tasoihin. CJC1295 ilman DAC-versiota voidaan kutsua my\u00f6s nimell\u00e4 Mod GRF 1-29. Vaikutusaika on suhteellisen lyhyt ja se metaboloituu elimist\u00f6ss\u00e4 pian.<\/p>\n<p> <strong>CJC1295 CAS 863288-34-0 edut<\/strong><br \/>\nLisoi painoa<br \/>\nLis\u00e4\u00e4 lihaskasvua<br \/>\nV\u00e4henn\u00e4 rasvaa&lt;&amp; &gt;Lis\u00e4\u00e4 solujen korjausta ja uusiutumista<br \/>\nEdist\u00e4\u00e4 unta<br \/>\nTehostaa immuunij\u00e4rjestelm\u00e4\u00e4 ja luuntiheytt\u00e4<br \/>\nCJC-1-&#39;2-&#39;9-&#39;5 edist\u00e4\u00e4 my\u00f6s hitaan aallon syv\u00e4unta, joka on vastuussa korkeimmasta lihasten kasvu ja muistin s\u00e4ilytt\u00e4minen ja nuorentaminen <\/p>\n<p> <strong>CJC1295:n k\u00e4ytt\u00f6tarkoitukset<\/strong><br \/>\nCJC 1295 Asetaattia k\u00e4ytet\u00e4\u00e4n kasvuhormonia vapauttavan hormonin agonistina ik\u00e4\u00e4ntymist\u00e4 est\u00e4v\u00e4n aineen valmistuksessa.<\/p>\n","protected":false},"excerpt":{"rendered":"<p>Tuotteen nimi: CJC1295<br \/>\nCAS: 863288-34-0<br \/>\nMF: C152H252N44O42<br \/>\nMW: 3367.89688<br \/>\nEINECS: 206-141-6<br \/>\nMol Tiedosto: 863288mo-3<\/p>\n","protected":false},"featured_media":2289,"comment_status":"open","ping_status":"closed","template":"","meta":{"om_disable_all_campaigns":false,"_monsterinsights_skip_tracking":false,"_monsterinsights_sitenote_active":false,"_monsterinsights_sitenote_note":"","_monsterinsights_sitenote_category":0,"site-sidebar-layout":"default","site-content-layout":"default","ast-site-content-layout":"default","site-content-style":"default","site-sidebar-style":"default","ast-global-header-display":"","ast-banner-title-visibility":"","ast-main-header-display":"","ast-hfb-above-header-display":"","ast-hfb-below-header-display":"","ast-hfb-mobile-header-display":"","site-post-title":"","ast-breadcrumbs-content":"","ast-featured-img":"","footer-sml-layout":"","ast-disable-related-posts":"","theme-transparent-header-meta":"default","adv-header-id-meta":"","stick-header-meta":"","header-above-stick-meta":"","header-main-stick-meta":"","header-below-stick-meta":"","astra-migrate-meta-layouts":"default","ast-page-background-enabled":"default","ast-page-background-meta":{"desktop":{"background-color":"","background-image":"","background-repeat":"repeat","background-position":"center center","background-size":"auto","background-attachment":"scroll","background-type":"","background-media":"","overlay-type":"","overlay-color":"","overlay-opacity":"","overlay-gradient":""},"tablet":{"background-color":"","background-image":"","background-repeat":"repeat","background-position":"center center","background-size":"auto","background-attachment":"scroll","background-type":"","background-media":"","overlay-type":"","overlay-color":"","overlay-opacity":"","overlay-gradient":""},"mobile":{"background-color":"","background-image":"","background-repeat":"repeat","background-position":"center center","background-size":"auto","background-attachment":"scroll","background-type":"","background-media":"","overlay-type":"","overlay-color":"","overlay-opacity":"","overlay-gradient":""}},"ast-content-background-meta":{"desktop":{"background-color":"var(--ast-global-color-5)","background-image":"","background-repeat":"repeat","background-position":"center center","background-size":"auto","background-attachment":"scroll","background-type":"","background-media":"","overlay-type":"","overlay-color":"","overlay-opacity":"","overlay-gradient":""},"tablet":{"background-color":"var(--ast-global-color-5)","background-image":"","background-repeat":"repeat","background-position":"center center","background-size":"auto","background-attachment":"scroll","background-type":"","background-media":"","overlay-type":"","overlay-color":"","overlay-opacity":"","overlay-gradient":""},"mobile":{"background-color":"var(--ast-global-color-5)","background-image":"","background-repeat":"repeat","background-position":"center center","background-size":"auto","background-attachment":"scroll","background-type":"","background-media":"","overlay-type":"","overlay-color":"","overlay-opacity":"","overlay-gradient":""}}},"product_brand":[],"product_cat":[532],"product_tag":[2166],"class_list":{"0":"post-7604","1":"product","2":"type-product","3":"status-publish","4":"has-post-thumbnail","6":"product_cat-muut-peptidit","7":"product_tag-cjc-1295-cas-863288-34-0-with-good-price-fi","8":"desktop-align-left","9":"tablet-align-left","10":"mobile-align-left","12":"first","13":"instock","14":"shipping-taxable","15":"product-type-simple"},"_links":{"self":[{"href":"https:\/\/puyapeptide.net\/fi\/wp-json\/wp\/v2\/product\/7604","targetHints":{"allow":["GET"]}}],"collection":[{"href":"https:\/\/puyapeptide.net\/fi\/wp-json\/wp\/v2\/product"}],"about":[{"href":"https:\/\/puyapeptide.net\/fi\/wp-json\/wp\/v2\/types\/product"}],"replies":[{"embeddable":true,"href":"https:\/\/puyapeptide.net\/fi\/wp-json\/wp\/v2\/comments?post=7604"}],"wp:featuredmedia":[{"embeddable":true,"href":"https:\/\/puyapeptide.net\/fi\/wp-json\/wp\/v2\/media\/2289"}],"wp:attachment":[{"href":"https:\/\/puyapeptide.net\/fi\/wp-json\/wp\/v2\/media?parent=7604"}],"wp:term":[{"taxonomy":"product_brand","embeddable":true,"href":"https:\/\/puyapeptide.net\/fi\/wp-json\/wp\/v2\/product_brand?post=7604"},{"taxonomy":"product_cat","embeddable":true,"href":"https:\/\/puyapeptide.net\/fi\/wp-json\/wp\/v2\/product_cat?post=7604"},{"taxonomy":"product_tag","embeddable":true,"href":"https:\/\/puyapeptide.net\/fi\/wp-json\/wp\/v2\/product_tag?post=7604"}],"curies":[{"name":"wp","href":"https:\/\/api.w.org\/{rel}","templated":true}]}}