{"id":7643,"date":"2021-12-16T10:25:32","date_gmt":"2021-12-16T15:25:32","guid":{"rendered":"https:\/\/puyapeptide.net\/product\/serum-thymic-factor-thymulin-cas-63958-90-7-saatelee-solujen-immuunitoimintaa-ja-antivirusvaikutusta\/"},"modified":"2021-12-16T10:25:32","modified_gmt":"2021-12-16T15:25:32","slug":"serum-thymic-factor-thymulin-cas-63958-90-7-saatelee-solujen-immuunitoimintaa-ja-antivirusvaikutusta","status":"publish","type":"product","link":"https:\/\/puyapeptide.net\/fi\/product\/serum-thymic-factor-thymulin-cas-63958-90-7-saatelee-solujen-immuunitoimintaa-ja-antivirusvaikutusta\/","title":{"rendered":"SERUM THYMIC FACTOR\/ Thymulin CAS 63958-90-7 s\u00e4\u00e4telee solujen immuunitoimintaa ja antivirusvaikutusta"},"content":{"rendered":"<h2><strong>SERUM THYMIC FACTOR\/ Thymulin CAS 63958-90-7 s\u00e4\u00e4telee solujen immuunitoimintaa ja antivirusvaikutusta<\/strong><\/h2>\n<p>Tuotteen nimi: SERUM TYMIC FACTOR\/Tymuliini<br \/>\nSynonyymit: pGlu-Ala-Lys-Ser-Gln-Gly-Gly-Ser-Asn;STF, seerumi ThyMic Factor, ThyMulin; L-asparagiini, 5-okso- L-prolyyli-L-alanyyli-L-lysyyli-L-seryyli-L-glutaminyyliglysyyliglysyyli-L-seryyli-;Pyr-Ala-Lys-Ser-Gln-Gly-Gly-Ser-Asn-OH-trifluoriasetaattisuola; Seerumin kateenkorvatekij\u00e4 (sika);Kateenkorvan seerumitekij\u00e4;Kateenkorvan seerumitekij\u00e4 (sika);PYR-ALA-LYS-SER-GLN-GLY-GLY-SER-ASN<br \/>\nCAS: 63958-90-7<br \/>\nMF: C33H54N12O15&lt;&amp; &gt;MW: 858.85<br \/>\nEINECS: 236-855-3<br \/>\nTuoteluokat: Peptidi<br \/>\nMol Tiedosto: 63958-90-7.mol<\/p>\n<p>Tymuliini on kateenkorva-nimisen elimen syntetisoima . Thymuliini toimii ensisijaisesti luomaan tiettyjen luuytimen tuottamien solujen, jotka ovat aktiivisia kehon puolustusj\u00e4rjestelm\u00e4ss\u00e4, eli T-lymfosyyteiss\u00e4, kehityst\u00e4 tai &quot;koulutusta&quot;.<br \/>\nTymuliini osallistuu erityisesti n\u00e4iden solujen kehittymiseen ei-toiminnallisesta tilastaan, jossa ne saapuvat kateenkorvaan, t\u00e4ysin hankituiksi toiminnallisiksi puolustaviksi soluiksi, joita kutsutaan immunokompetenteiksi.<br \/>\nTymuliini on vain yksi t\u00e4m\u00e4n rauhasen eritt\u00e4m\u00e4st\u00e4 H:sta, jota syntyy huomattavasti pienempi\u00e4 m\u00e4\u00e4ri\u00e4 toisen elinvuoden j\u00e4lkeen<\/p>\n<p> <strong>SERUM TYMIC FACTOR\/ Thymulin CAS 63958-90-7 Kemialliset ominaisuudet<\/strong> &lt;&amp; &gt;Kiehumispiste 1658,9\u00b165,0 \u00b0C (ennustettu)<br \/>\ntiheys 1,417\u00b10,06 g\/cm3(ennustettu)<br \/>\nvarastointil\u00e4mp\u00f6tila. \u221220\u00b0C<br \/>\nliukoisuus deionisoitu vesi: liukoinen<br \/>\npka 3.08\u00b10.10(ennustettu)<br \/>\nv\u00e4ri valkoinen<\/p>\n<p> <strong>THYMULINin toiminta<\/strong><br \/>\n1. Thymulin pystyy lis\u00e4\u00e4m\u00e4\u00e4n sek\u00e4 lihasmassaa ett\u00e4 luun mineraalitiheytt\u00e4, joten se on lupaava hoitomuoto vanhusten heikkouden hoitoon.<br \/>\n2. Thymuliini muuttaa my\u00f6s kehon rasvan aineenvaihduntaa, joten sill\u00e4 voi olla k\u00e4ytt\u00f6\u00e4 liikalihavuuden hoidossa.<br \/>\n3. Thymulin on l\u00e4\u00e4ke, joka toimii tehokkaana, oraalisesti aktiivisena kasvun erityst\u00e4 lis\u00e4\u00e4v\u00e4n\u00e4 aineena.<\/p>\n<p> <strong>THYMULINin k\u00e4ytt\u00f6<\/strong><br \/>\n1. Elintarvikealalla k\u00e4ytetty Semax-jauhe, jota k\u00e4ytet\u00e4\u00e4n p\u00e4\u00e4asiassa elintarvikelis\u00e4aineina;<br \/>\n2. Terveystuotealalla sovellettu Semax-jauhe miesten terveystuotteina lis\u00e4\u00e4m\u00e4\u00e4n seksuaalista voimaa;<br \/>\n3. L\u00e4\u00e4kealalla k\u00e4ytetty Semax voi hoitaa erilaisia miesten impotenssia ja seksuaalisia toimintah\u00e4iri\u00f6it\u00e4.<\/p>\n","protected":false},"excerpt":{"rendered":"<p>Tuotenimi: SERUM THYMIC FACTOR\/Tymuliini<br \/>\nCAS: 63958-90-7<br \/>\nMF: C33H54N12O15<br \/>\nMW: 858.85<br \/>\nEINECS: 236-855-3<br \/>\nMol Tiedosto: 63958-90 7.mol<\/p>\n","protected":false},"featured_media":2121,"comment_status":"open","ping_status":"closed","template":"","meta":{"om_disable_all_campaigns":false,"_monsterinsights_skip_tracking":false,"_monsterinsights_sitenote_active":false,"_monsterinsights_sitenote_note":"","_monsterinsights_sitenote_category":0,"site-sidebar-layout":"default","site-content-layout":"default","ast-site-content-layout":"default","site-content-style":"default","site-sidebar-style":"default","ast-global-header-display":"","ast-banner-title-visibility":"","ast-main-header-display":"","ast-hfb-above-header-display":"","ast-hfb-below-header-display":"","ast-hfb-mobile-header-display":"","site-post-title":"","ast-breadcrumbs-content":"","ast-featured-img":"","footer-sml-layout":"","ast-disable-related-posts":"","theme-transparent-header-meta":"default","adv-header-id-meta":"","stick-header-meta":"","header-above-stick-meta":"","header-main-stick-meta":"","header-below-stick-meta":"","astra-migrate-meta-layouts":"default","ast-page-background-enabled":"default","ast-page-background-meta":{"desktop":{"background-color":"","background-image":"","background-repeat":"repeat","background-position":"center center","background-size":"auto","background-attachment":"scroll","background-type":"","background-media":"","overlay-type":"","overlay-color":"","overlay-opacity":"","overlay-gradient":""},"tablet":{"background-color":"","background-image":"","background-repeat":"repeat","background-position":"center center","background-size":"auto","background-attachment":"scroll","background-type":"","background-media":"","overlay-type":"","overlay-color":"","overlay-opacity":"","overlay-gradient":""},"mobile":{"background-color":"","background-image":"","background-repeat":"repeat","background-position":"center center","background-size":"auto","background-attachment":"scroll","background-type":"","background-media":"","overlay-type":"","overlay-color":"","overlay-opacity":"","overlay-gradient":""}},"ast-content-background-meta":{"desktop":{"background-color":"var(--ast-global-color-5)","background-image":"","background-repeat":"repeat","background-position":"center center","background-size":"auto","background-attachment":"scroll","background-type":"","background-media":"","overlay-type":"","overlay-color":"","overlay-opacity":"","overlay-gradient":""},"tablet":{"background-color":"var(--ast-global-color-5)","background-image":"","background-repeat":"repeat","background-position":"center center","background-size":"auto","background-attachment":"scroll","background-type":"","background-media":"","overlay-type":"","overlay-color":"","overlay-opacity":"","overlay-gradient":""},"mobile":{"background-color":"var(--ast-global-color-5)","background-image":"","background-repeat":"repeat","background-position":"center center","background-size":"auto","background-attachment":"scroll","background-type":"","background-media":"","overlay-type":"","overlay-color":"","overlay-opacity":"","overlay-gradient":""}}},"product_brand":[],"product_cat":[375],"product_tag":[2157],"class_list":{"0":"post-7643","1":"product","2":"type-product","3":"status-publish","4":"has-post-thumbnail","6":"product_cat-immunomodulaattori-peptidi","7":"product_tag-serum-thymic-factor-thymulin-cas-63958-90-7-for-regulate-cellular-immune-function-and-anti-virus-effect-fi","8":"desktop-align-left","9":"tablet-align-left","10":"mobile-align-left","12":"first","13":"instock","14":"shipping-taxable","15":"product-type-simple"},"_links":{"self":[{"href":"https:\/\/puyapeptide.net\/fi\/wp-json\/wp\/v2\/product\/7643","targetHints":{"allow":["GET"]}}],"collection":[{"href":"https:\/\/puyapeptide.net\/fi\/wp-json\/wp\/v2\/product"}],"about":[{"href":"https:\/\/puyapeptide.net\/fi\/wp-json\/wp\/v2\/types\/product"}],"replies":[{"embeddable":true,"href":"https:\/\/puyapeptide.net\/fi\/wp-json\/wp\/v2\/comments?post=7643"}],"wp:featuredmedia":[{"embeddable":true,"href":"https:\/\/puyapeptide.net\/fi\/wp-json\/wp\/v2\/media\/2121"}],"wp:attachment":[{"href":"https:\/\/puyapeptide.net\/fi\/wp-json\/wp\/v2\/media?parent=7643"}],"wp:term":[{"taxonomy":"product_brand","embeddable":true,"href":"https:\/\/puyapeptide.net\/fi\/wp-json\/wp\/v2\/product_brand?post=7643"},{"taxonomy":"product_cat","embeddable":true,"href":"https:\/\/puyapeptide.net\/fi\/wp-json\/wp\/v2\/product_cat?post=7643"},{"taxonomy":"product_tag","embeddable":true,"href":"https:\/\/puyapeptide.net\/fi\/wp-json\/wp\/v2\/product_tag?post=7643"}],"curies":[{"name":"wp","href":"https:\/\/api.w.org\/{rel}","templated":true}]}}