{"id":7682,"date":"2021-12-16T10:27:28","date_gmt":"2021-12-16T15:27:28","guid":{"rendered":"https:\/\/puyapeptide.net\/product\/selank-peptidi-cas-129954-34-3-ahdistuneisuuden-lievitykseen\/"},"modified":"2021-12-16T10:27:28","modified_gmt":"2021-12-16T15:27:28","slug":"selank-peptidi-cas-129954-34-3-ahdistuneisuuden-lievitykseen","status":"publish","type":"product","link":"https:\/\/puyapeptide.net\/fi\/product\/selank-peptidi-cas-129954-34-3-ahdistuneisuuden-lievitykseen\/","title":{"rendered":"Selank-peptidi CAS 129954-34-3 Ahdistuneisuuden lievitykseen"},"content":{"rendered":"<h2><strong>Selank-peptidi CAS 129954-34-3 Ahdistuneisuuden lievitykseen<\/strong><\/h2>\n<p>Tuotteen nimi: Selank-peptidi<br \/>\nSynonyymit: Selank-peptidi; SelankAcetate;PL14736;L-treonyyli-L-lysyyli-L-prolyyli-L-arginyyli-L-prolyyliglysyyli-L-proliini; L-THREONYL-L- LYSYYLI-L-PROLYYLI-L-ARGINYYLI-L-PROLYLGLYSYYLI-L-PROLIINI; MONOASETAATTI;H-Thr-Lys-Pro-Arg-Pro-Gly-Pro-OH;SLANK;Selank-peptidi<br \/>\nCAS: 129954-34-3<br \/>\nMF: C33H57N11O9<br \/>\nMW: 751,87<br \/>\nEINECS : 232-660-2<br \/>\nTuoteluokat:<br \/>\nMol-tiedosto: 129954-34-3.mol<\/p>\n<p>Peptidi Selank on leimattu &quot;ahdistuneisuutta ehk\u00e4isev\u00e4ksi&quot; peptidiksi, ja se on my\u00f6s osoittanut parannusta oppimisessa, muistissa, kognitiossa, masennuksessa, heikkoudessa ja yleisess\u00e4 energiassa. <\/p>\n<p> <strong>Selank-peptidi CAS 129954-34-3 Kemialliset ominaisuudet<\/strong><br \/>\nSulamispiste 134-136 \u00b0C<br \/>\ntiheys 1,53\u00b10,1 g\/cm3 (ennustettu)<br \/>\npka 3,43\u00b10,20 (ennustettu)&lt; &amp;&gt;<br \/>\n <strong>Selank-peptidin CAS 129954-34-3 toiminta ja k\u00e4ytt\u00f6<\/strong><br \/>\nVoi parantaa ahdistusta<br \/>\nVoi parantaa oppimista<br \/>\nVoi parantaa muistia<br \/>\nVoi auttaa aivovaurioiden toipumisessa: Lis\u00e4\u00e4 BDNF-arvoa (Brain- johdettu neurotrofinen tekij\u00e4), t\u00e4rke\u00e4 aivojen kasvua edist\u00e4v\u00e4 yhdiste<br \/>\nVoi auttaa stabiloimaan enkefaliineja veress\u00e4: Ne est\u00e4v\u00e4t stressivasteen<br \/>\nVoivat auttaa alkoholin vieroitushoidossa<br \/>\nVoivat auttaa est\u00e4m\u00e4\u00e4n painonnousua ja alentamaan kolesterolia<br \/>\nSelank voi vahvistaa immuunitoimintaa lis\u00e4\u00e4m\u00e4ll\u00e4 IL-6:ta verisoluissa. IL-6 on tulehduksellinen proteiini, jonka uskotaan auttavan torjumaan infektioita. Selank voi my\u00f6s stimuloida interferonien vapautumista, jotka ovat antiviraalisia molekyylej\u00e4.<\/p>\n<p> <strong>MIK\u00c4 SELANK ON?<\/strong><br \/>\nSelank kuuluu synteettisiksi peptideiksi kutsuttujen molekyylien luokkaan. Selank valmistettiin yhdist\u00e4m\u00e4ll\u00e4 tuftsin-nimisen peptidin sekvenssi toiseen sekvenssiin, joka parantaa sen molekyylista stabiilisuutta. Tuftsin on peptidi, joka liittyy l\u00e4heisesti immuunitoimintaan. Sit\u00e4 esiintyy luonnossa ja se on yksi osa luonnollista vasta-ainetta IgG.<\/p>\n<p>Se on pieni peptidi verrattuna useimpiin luonnossa esiintyviin proteiineihin. Selank kehitettiin molekyyligenetiikan instituutissa yhteisty\u00f6ss\u00e4 VV Zakusovin farmakologian tutkimuslaitoksen (Ven\u00e4j\u00e4n l\u00e4\u00e4ketieteen akatemia) kanssa yhdess\u00e4 nootrooppisen l\u00e4\u00e4kkeen Semaxin kanssa, jota joskus kutsutaan sen serkkupeptidiksi. <\/p>\n<p>Selank on hyv\u00e4ksytty Ven\u00e4j\u00e4ll\u00e4 yleistyneen ahdistuneisuush\u00e4iri\u00f6n (GAD) hoitoon ja sen k\u00e4ytt\u00f6\u00f6n nootrooppisena l\u00e4\u00e4kkeen\u00e4. Kliinisiss\u00e4 tutkimuksissa l\u00e4\u00e4kkeen on osoitettu tarjoavan jatkuvan nootrooppisen ja anksiolyyttisen vaikutuksen, joka on hy\u00f6dyllinen yleistyneen ahdistuneisuush\u00e4iri\u00f6n (GAD) hoidossa.<\/p>\n<p> <strong>MITEN K\u00c4YTET\u00c4\u00c4N SELANKIA?<\/strong><br \/>\nSelank on peptidi, jota k\u00e4ytet\u00e4\u00e4n nen\u00e4suihkeena. T\u00e4m\u00e4 johtuu siit\u00e4, ett\u00e4 vatsa sulattaa sen, jos se otetaan suun kautta. Sen hengitt\u00e4minen on tehokkaampaa verenkiertoon ja aivoihin kuljettamisessa.<br \/>\nTyypillinen annos on yksi suihke kumpaankin sieraimeen p\u00e4ivitt\u00e4in.<\/p>\n","protected":false},"excerpt":{"rendered":"<p>Tuotenimi: Selank-peptidi<br \/>\nCAS: 129954-34-3<br \/>\nMF: C33H57N11O9<br \/>\nMW: 751.87<br \/>\nEINECS: 232-660-2<br \/>\nMol File: 129954-34-3.mol<\/p>\n","protected":false},"featured_media":2289,"comment_status":"open","ping_status":"closed","template":"","meta":{"om_disable_all_campaigns":false,"_monsterinsights_skip_tracking":false,"_monsterinsights_sitenote_active":false,"_monsterinsights_sitenote_note":"","_monsterinsights_sitenote_category":0,"site-sidebar-layout":"default","site-content-layout":"default","ast-site-content-layout":"default","site-content-style":"default","site-sidebar-style":"default","ast-global-header-display":"","ast-banner-title-visibility":"","ast-main-header-display":"","ast-hfb-above-header-display":"","ast-hfb-below-header-display":"","ast-hfb-mobile-header-display":"","site-post-title":"","ast-breadcrumbs-content":"","ast-featured-img":"","footer-sml-layout":"","ast-disable-related-posts":"","theme-transparent-header-meta":"default","adv-header-id-meta":"","stick-header-meta":"","header-above-stick-meta":"","header-main-stick-meta":"","header-below-stick-meta":"","astra-migrate-meta-layouts":"default","ast-page-background-enabled":"default","ast-page-background-meta":{"desktop":{"background-color":"","background-image":"","background-repeat":"repeat","background-position":"center center","background-size":"auto","background-attachment":"scroll","background-type":"","background-media":"","overlay-type":"","overlay-color":"","overlay-opacity":"","overlay-gradient":""},"tablet":{"background-color":"","background-image":"","background-repeat":"repeat","background-position":"center center","background-size":"auto","background-attachment":"scroll","background-type":"","background-media":"","overlay-type":"","overlay-color":"","overlay-opacity":"","overlay-gradient":""},"mobile":{"background-color":"","background-image":"","background-repeat":"repeat","background-position":"center center","background-size":"auto","background-attachment":"scroll","background-type":"","background-media":"","overlay-type":"","overlay-color":"","overlay-opacity":"","overlay-gradient":""}},"ast-content-background-meta":{"desktop":{"background-color":"var(--ast-global-color-5)","background-image":"","background-repeat":"repeat","background-position":"center center","background-size":"auto","background-attachment":"scroll","background-type":"","background-media":"","overlay-type":"","overlay-color":"","overlay-opacity":"","overlay-gradient":""},"tablet":{"background-color":"var(--ast-global-color-5)","background-image":"","background-repeat":"repeat","background-position":"center center","background-size":"auto","background-attachment":"scroll","background-type":"","background-media":"","overlay-type":"","overlay-color":"","overlay-opacity":"","overlay-gradient":""},"mobile":{"background-color":"var(--ast-global-color-5)","background-image":"","background-repeat":"repeat","background-position":"center center","background-size":"auto","background-attachment":"scroll","background-type":"","background-media":"","overlay-type":"","overlay-color":"","overlay-opacity":"","overlay-gradient":""}}},"product_brand":[],"product_cat":[532],"product_tag":[2076],"class_list":{"0":"post-7682","1":"product","2":"type-product","3":"status-publish","4":"has-post-thumbnail","6":"product_cat-muut-peptidit","7":"product_tag-selank-peptide-cas-129954-34-3-for-anti-anxiety-fi","8":"desktop-align-left","9":"tablet-align-left","10":"mobile-align-left","12":"first","13":"instock","14":"shipping-taxable","15":"product-type-simple"},"_links":{"self":[{"href":"https:\/\/puyapeptide.net\/fi\/wp-json\/wp\/v2\/product\/7682","targetHints":{"allow":["GET"]}}],"collection":[{"href":"https:\/\/puyapeptide.net\/fi\/wp-json\/wp\/v2\/product"}],"about":[{"href":"https:\/\/puyapeptide.net\/fi\/wp-json\/wp\/v2\/types\/product"}],"replies":[{"embeddable":true,"href":"https:\/\/puyapeptide.net\/fi\/wp-json\/wp\/v2\/comments?post=7682"}],"wp:featuredmedia":[{"embeddable":true,"href":"https:\/\/puyapeptide.net\/fi\/wp-json\/wp\/v2\/media\/2289"}],"wp:attachment":[{"href":"https:\/\/puyapeptide.net\/fi\/wp-json\/wp\/v2\/media?parent=7682"}],"wp:term":[{"taxonomy":"product_brand","embeddable":true,"href":"https:\/\/puyapeptide.net\/fi\/wp-json\/wp\/v2\/product_brand?post=7682"},{"taxonomy":"product_cat","embeddable":true,"href":"https:\/\/puyapeptide.net\/fi\/wp-json\/wp\/v2\/product_cat?post=7682"},{"taxonomy":"product_tag","embeddable":true,"href":"https:\/\/puyapeptide.net\/fi\/wp-json\/wp\/v2\/product_tag?post=7682"}],"curies":[{"name":"wp","href":"https:\/\/api.w.org\/{rel}","templated":true}]}}