{"id":7683,"date":"2021-12-16T10:27:28","date_gmt":"2021-12-16T15:27:28","guid":{"rendered":"https:\/\/puyapeptide.net\/product\/seraktidi-acth-1-39-adrenokortikotrooppinen-hormoni-ihmisen-cas-12279-41-3-laboratoriotutkimukseen\/"},"modified":"2021-12-16T10:27:28","modified_gmt":"2021-12-16T15:27:28","slug":"seraktidi-acth-1-39-adrenokortikotrooppinen-hormoni-ihmisen-cas-12279-41-3-laboratoriotutkimukseen","status":"publish","type":"product","link":"https:\/\/puyapeptide.net\/fi\/product\/seraktidi-acth-1-39-adrenokortikotrooppinen-hormoni-ihmisen-cas-12279-41-3-laboratoriotutkimukseen\/","title":{"rendered":"Seraktidi \/ ACTH (1-39) \/ Adrenokortikotrooppinen hormoni ihmisen CAS 12279-41-3 Laboratoriotutkimukseen"},"content":{"rendered":"<h2><strong>Seraktidi \/ ACTH (1-39) \/ Adrenokortikotrooppinen hormoni ihmisen CAS 12279-41-3 Laboratoriotutkimukseen<\/strong><\/h2>\n<p>Tuotteen nimi: Seractide<br \/>\nSynonyymit: CORTICOTROPIN (HUMAN);CORTICOTROPHIN;CORTICOTROPIN A;H-SER-TYR-SER-MET-GLU-HIS-PHE-ARG-TRP-GLY-LYS-PRO-VAL- GLY-LYS-LYS-ARG-ARG-PRO-VAL-LYS-VAL-TYR-PRO-ASN-GLY-ALA-GLU-ASP-GLU-SER-ALA-GLU-ALA-PHE-PRO-LEU-GLU- PHE-OH; ACTH (1-39) (ihminen) kortikotropiini; adrenokortikotrooppinen hormoni (ACTH) (1-39); seraktidiasetaatti; adrenokortikotrooppinen hormoni (ACTH) (1-39), ihmisen<br \/>\nCAS: 12279-41- 3<br \/>\nMF: C207H308N56O58S1<br \/>\nMW: 4541.07<br \/>\nEINECS: 634-154-0<br \/>\nTuoteluokat: Peptidi; Melanokortiinireseptori<br \/>\nMol-tiedosto: 12279-41-3.mol<br \/>\n&lt; &amp;&gt;Adrenokortikotrooppinen hormoni (ACTH) (1-39), ihminen on melanokortiinireseptorin agonisti.<br \/>\nAdrenokortikotrooppinen hormoni (ACTH), joka tunnetaan my\u00f6s nimell\u00e4 kortikotropiini, on pilkkoutumistuote suuremmasta proopiomelanokortiinin prekursorista (POMC). T\u00e4m\u00e4 39 aminohapon peptidihormoni tuotetaan aivolis\u00e4kkeen etuosassa hypotalamuksesta tulevan kortikotropiinia vapauttavan hormonin stimuloituessa vasteena stressiin. Se stimuloi steroidihormonin, erityisesti glukokortikoidien, erityst\u00e4 lis\u00e4munuaiskuoressa toimimalla solukalvoreseptorin (ACTH-R) kautta. Nis\u00e4kk\u00e4ill\u00e4 ACTH:n vaikutus rajoittuu niihin lis\u00e4munuaiskuoren alueisiin, joissa muodostuu glukokortikoidihormonit kortisoli (hydrokortisoni) ja kortikosteroni. ACTH hallitsee vain v\u00e4h\u00e4n aldosteronin, toisen t\u00e4rkeimm\u00e4n lis\u00e4munuaiskuoren steroidihormonin, erityst\u00e4.<\/p>\n<p> <strong>Seractide CAS 12279-41-3 Kemialliset ominaisuudet<\/strong><br \/>\nvarastointil\u00e4mp\u00f6tila. S\u00e4ilyt\u00e4 pime\u00e4ss\u00e4, inertiss\u00e4 ilmakeh\u00e4ss\u00e4, S\u00e4ilyt\u00e4 pakastimessa, alle -20\u00b0C<br \/>\nliukoisuus H2O: 1 mg\/ml, kirkas, v\u00e4rit\u00f6n<\/p>\n","protected":false},"excerpt":{"rendered":"<p>Tuotteen nimi: Seractide<br \/>\nCAS: 12279-41-3<br \/>\nMF: C207H308N56O58S1<br \/>\nMW: 4541.07<br \/>\nEINECS: 634-154-0<br \/>\nMol Tiedosto: 12279-41-3.mol<\/p>\n","protected":false},"featured_media":2100,"comment_status":"open","ping_status":"closed","template":"","meta":{"om_disable_all_campaigns":false,"_monsterinsights_skip_tracking":false,"_monsterinsights_sitenote_active":false,"_monsterinsights_sitenote_note":"","_monsterinsights_sitenote_category":0,"site-sidebar-layout":"default","site-content-layout":"default","ast-site-content-layout":"default","site-content-style":"default","site-sidebar-style":"default","ast-global-header-display":"","ast-banner-title-visibility":"","ast-main-header-display":"","ast-hfb-above-header-display":"","ast-hfb-below-header-display":"","ast-hfb-mobile-header-display":"","site-post-title":"","ast-breadcrumbs-content":"","ast-featured-img":"","footer-sml-layout":"","ast-disable-related-posts":"","theme-transparent-header-meta":"default","adv-header-id-meta":"","stick-header-meta":"","header-above-stick-meta":"","header-main-stick-meta":"","header-below-stick-meta":"","astra-migrate-meta-layouts":"default","ast-page-background-enabled":"default","ast-page-background-meta":{"desktop":{"background-color":"","background-image":"","background-repeat":"repeat","background-position":"center center","background-size":"auto","background-attachment":"scroll","background-type":"","background-media":"","overlay-type":"","overlay-color":"","overlay-opacity":"","overlay-gradient":""},"tablet":{"background-color":"","background-image":"","background-repeat":"repeat","background-position":"center center","background-size":"auto","background-attachment":"scroll","background-type":"","background-media":"","overlay-type":"","overlay-color":"","overlay-opacity":"","overlay-gradient":""},"mobile":{"background-color":"","background-image":"","background-repeat":"repeat","background-position":"center center","background-size":"auto","background-attachment":"scroll","background-type":"","background-media":"","overlay-type":"","overlay-color":"","overlay-opacity":"","overlay-gradient":""}},"ast-content-background-meta":{"desktop":{"background-color":"var(--ast-global-color-5)","background-image":"","background-repeat":"repeat","background-position":"center center","background-size":"auto","background-attachment":"scroll","background-type":"","background-media":"","overlay-type":"","overlay-color":"","overlay-opacity":"","overlay-gradient":""},"tablet":{"background-color":"var(--ast-global-color-5)","background-image":"","background-repeat":"repeat","background-position":"center center","background-size":"auto","background-attachment":"scroll","background-type":"","background-media":"","overlay-type":"","overlay-color":"","overlay-opacity":"","overlay-gradient":""},"mobile":{"background-color":"var(--ast-global-color-5)","background-image":"","background-repeat":"repeat","background-position":"center center","background-size":"auto","background-attachment":"scroll","background-type":"","background-media":"","overlay-type":"","overlay-color":"","overlay-opacity":"","overlay-gradient":""}}},"product_brand":[],"product_cat":[532],"product_tag":[2110],"class_list":{"0":"post-7683","1":"product","2":"type-product","3":"status-publish","4":"has-post-thumbnail","6":"product_cat-muut-peptidit","7":"product_tag-seractide-acth-1-39-adrenocorticotropic-hormone-human-cas-12279-41-3-for-lab-research-fi","8":"desktop-align-left","9":"tablet-align-left","10":"mobile-align-left","12":"first","13":"instock","14":"shipping-taxable","15":"product-type-simple"},"_links":{"self":[{"href":"https:\/\/puyapeptide.net\/fi\/wp-json\/wp\/v2\/product\/7683","targetHints":{"allow":["GET"]}}],"collection":[{"href":"https:\/\/puyapeptide.net\/fi\/wp-json\/wp\/v2\/product"}],"about":[{"href":"https:\/\/puyapeptide.net\/fi\/wp-json\/wp\/v2\/types\/product"}],"replies":[{"embeddable":true,"href":"https:\/\/puyapeptide.net\/fi\/wp-json\/wp\/v2\/comments?post=7683"}],"wp:featuredmedia":[{"embeddable":true,"href":"https:\/\/puyapeptide.net\/fi\/wp-json\/wp\/v2\/media\/2100"}],"wp:attachment":[{"href":"https:\/\/puyapeptide.net\/fi\/wp-json\/wp\/v2\/media?parent=7683"}],"wp:term":[{"taxonomy":"product_brand","embeddable":true,"href":"https:\/\/puyapeptide.net\/fi\/wp-json\/wp\/v2\/product_brand?post=7683"},{"taxonomy":"product_cat","embeddable":true,"href":"https:\/\/puyapeptide.net\/fi\/wp-json\/wp\/v2\/product_cat?post=7683"},{"taxonomy":"product_tag","embeddable":true,"href":"https:\/\/puyapeptide.net\/fi\/wp-json\/wp\/v2\/product_tag?post=7683"}],"curies":[{"name":"wp","href":"https:\/\/api.w.org\/{rel}","templated":true}]}}