{"id":7735,"date":"2021-12-16T10:30:01","date_gmt":"2021-12-16T15:30:01","guid":{"rendered":"https:\/\/puyapeptide.net\/product\/puya-supply-cilengitide-cas-188968-51-6-laboratoriotutkimukseen\/"},"modified":"2021-12-16T10:30:01","modified_gmt":"2021-12-16T15:30:01","slug":"puya-supply-cilengitide-cas-188968-51-6-laboratoriotutkimukseen","status":"publish","type":"product","link":"https:\/\/puyapeptide.net\/fi\/product\/puya-supply-cilengitide-cas-188968-51-6-laboratoriotutkimukseen\/","title":{"rendered":"Puya Supply Cilengitide CAS 188968-51-6 Laboratoriotutkimukseen"},"content":{"rendered":"<h2><strong>Puya Supply Cilengitide CAS 188968-51-6 Laboratoriotutkimukseen<\/strong><\/h2>\n<p>Tuotteen nimi: cilengitide<br \/>\nSekvenssi: syklo(Arg-Gly-Asp-D-Phe-N-Me-Val)<br \/>\nSynonyymit: 2-[(2S,5R,8S,11S)-5- bentsyyli-11-[3-(diaminometylideeniamino)propyyli]-7-metyyli-3,6,9,12,15-pentaokso-8-propan-2-yyli-1,4,7,10,13-pentatsasyklopentadekki-2 -yyli]etikkahappo;Syklo(L-arginyyliglysyyli-L-aspartyyli-D-fenyylialanyyli-N-metyyli-L-valyyli);Silengitidi (EMD121974,NSC-707544);Cilengitidi;C(RGDf-Me-V);EMD 121974;EMD-121974;EMD121974;CS-1500;CS-2674<br \/>\nCAS: 188968-51-6<br \/>\nMF: C27H40N8O7<br \/>\nMW: 588.66<br \/>\nEINECS: Inducthibit:<br \/>\nProducts &amp;&gt;Mol File: 188968-51-6.mol<\/p>\n<p>Cilengitidi on syklinen peptidi, joka sis\u00e4lt\u00e4\u00e4 RGD-sekvenssin. Peptidi perustuu avp3-integriiniligandiin in vivo, ja se saatiin syklisoinnin, spatiaalisen seulonnan ja metylaatioskannauksen yhdistelm\u00e4ll\u00e4, jolla oli korkea affiniteetti ja selektiivisyys avp3-integriinien suhteen. Testit ovat osoittaneet, ett\u00e4 peptidi ei ainoastaan pysty paremmin est\u00e4m\u00e4\u00e4n melanooman ja glioblastooman kasvua, vaan se voi my\u00f6s parantaa muiden kasvainten, kuten p\u00e4\u00e4n ja kaulan okasolukasvainten, paranemisnopeutta yhdess\u00e4 s\u00e4dehoidon kanssa, jolla on hyv\u00e4t markkinan\u00e4kym\u00e4t ja mahdollisuudet. . Peptidisynteesiss\u00e4 Cilengitidia valmistettiin yhdist\u00e4m\u00e4ll\u00e4 kiinte\u00e4faasipeptidisynteesitekniikka nestefaasipeptidisynteesiteknologiaan.<\/p>\n<p> <strong>cilengitidi CAS 188968-51-6 Kemialliset ominaisuudet<\/strong><br \/>\ntiheys 1,41\u00b10,1 g\/cm3(ennustettu)&lt; &amp;&gt; s\u00e4ilytysl\u00e4mp\u00f6tila -20\u00b0C<br \/>\nmuotojauhe<br \/>\npka 4,01\u00b10,10(ennustettu)<br \/>\nv\u00e4ri valkoisesta beigeen<\/p>\n<p> <strong>Silengitidin CAS 188968-51-6 k\u00e4ytt\u00f6tarkoitukset<\/strong><br \/>\nAngiogeneesin est\u00e4j\u00e4.<\/p>\n","protected":false},"excerpt":{"rendered":"<p>Tuotenimi: cilengitide<br \/>\nCAS: 188968-51-6<br \/>\nMF: C27H40N8O7<br \/>\nMW: 588.66<br \/>\nMol Tiedosto: 188968-51-6.mol<\/p>\n","protected":false},"featured_media":2205,"comment_status":"open","ping_status":"closed","template":"","meta":{"om_disable_all_campaigns":false,"_monsterinsights_skip_tracking":false,"_monsterinsights_sitenote_active":false,"_monsterinsights_sitenote_note":"","_monsterinsights_sitenote_category":0,"site-sidebar-layout":"default","site-content-layout":"default","ast-site-content-layout":"default","site-content-style":"default","site-sidebar-style":"default","ast-global-header-display":"","ast-banner-title-visibility":"","ast-main-header-display":"","ast-hfb-above-header-display":"","ast-hfb-below-header-display":"","ast-hfb-mobile-header-display":"","site-post-title":"","ast-breadcrumbs-content":"","ast-featured-img":"","footer-sml-layout":"","ast-disable-related-posts":"","theme-transparent-header-meta":"default","adv-header-id-meta":"","stick-header-meta":"","header-above-stick-meta":"","header-main-stick-meta":"","header-below-stick-meta":"","astra-migrate-meta-layouts":"default","ast-page-background-enabled":"default","ast-page-background-meta":{"desktop":{"background-color":"","background-image":"","background-repeat":"repeat","background-position":"center center","background-size":"auto","background-attachment":"scroll","background-type":"","background-media":"","overlay-type":"","overlay-color":"","overlay-opacity":"","overlay-gradient":""},"tablet":{"background-color":"","background-image":"","background-repeat":"repeat","background-position":"center center","background-size":"auto","background-attachment":"scroll","background-type":"","background-media":"","overlay-type":"","overlay-color":"","overlay-opacity":"","overlay-gradient":""},"mobile":{"background-color":"","background-image":"","background-repeat":"repeat","background-position":"center center","background-size":"auto","background-attachment":"scroll","background-type":"","background-media":"","overlay-type":"","overlay-color":"","overlay-opacity":"","overlay-gradient":""}},"ast-content-background-meta":{"desktop":{"background-color":"var(--ast-global-color-5)","background-image":"","background-repeat":"repeat","background-position":"center center","background-size":"auto","background-attachment":"scroll","background-type":"","background-media":"","overlay-type":"","overlay-color":"","overlay-opacity":"","overlay-gradient":""},"tablet":{"background-color":"var(--ast-global-color-5)","background-image":"","background-repeat":"repeat","background-position":"center center","background-size":"auto","background-attachment":"scroll","background-type":"","background-media":"","overlay-type":"","overlay-color":"","overlay-opacity":"","overlay-gradient":""},"mobile":{"background-color":"var(--ast-global-color-5)","background-image":"","background-repeat":"repeat","background-position":"center center","background-size":"auto","background-attachment":"scroll","background-type":"","background-media":"","overlay-type":"","overlay-color":"","overlay-opacity":"","overlay-gradient":""}}},"product_brand":[],"product_cat":[388],"product_tag":[2035],"class_list":{"0":"post-7735","1":"product","2":"type-product","3":"status-publish","4":"has-post-thumbnail","6":"product_cat-kasvaimen-vastainen-peptidi","7":"product_tag-puya-supply-cilengitide-cas-188968-51-6-for-lab-research-fi","8":"desktop-align-left","9":"tablet-align-left","10":"mobile-align-left","12":"first","13":"instock","14":"shipping-taxable","15":"product-type-simple"},"_links":{"self":[{"href":"https:\/\/puyapeptide.net\/fi\/wp-json\/wp\/v2\/product\/7735","targetHints":{"allow":["GET"]}}],"collection":[{"href":"https:\/\/puyapeptide.net\/fi\/wp-json\/wp\/v2\/product"}],"about":[{"href":"https:\/\/puyapeptide.net\/fi\/wp-json\/wp\/v2\/types\/product"}],"replies":[{"embeddable":true,"href":"https:\/\/puyapeptide.net\/fi\/wp-json\/wp\/v2\/comments?post=7735"}],"wp:featuredmedia":[{"embeddable":true,"href":"https:\/\/puyapeptide.net\/fi\/wp-json\/wp\/v2\/media\/2205"}],"wp:attachment":[{"href":"https:\/\/puyapeptide.net\/fi\/wp-json\/wp\/v2\/media?parent=7735"}],"wp:term":[{"taxonomy":"product_brand","embeddable":true,"href":"https:\/\/puyapeptide.net\/fi\/wp-json\/wp\/v2\/product_brand?post=7735"},{"taxonomy":"product_cat","embeddable":true,"href":"https:\/\/puyapeptide.net\/fi\/wp-json\/wp\/v2\/product_cat?post=7735"},{"taxonomy":"product_tag","embeddable":true,"href":"https:\/\/puyapeptide.net\/fi\/wp-json\/wp\/v2\/product_tag?post=7735"}],"curies":[{"name":"wp","href":"https:\/\/api.w.org\/{rel}","templated":true}]}}