{"id":7765,"date":"2021-12-16T10:32:00","date_gmt":"2021-12-16T15:32:00","guid":{"rendered":"https:\/\/puyapeptide.net\/product\/hot-sale-buserelin-cas-57982-77-1-eturauhassyovan-ja-rintasyovan-hoitoon\/"},"modified":"2021-12-16T10:32:00","modified_gmt":"2021-12-16T15:32:00","slug":"hot-sale-buserelin-cas-57982-77-1-eturauhassyovan-ja-rintasyovan-hoitoon","status":"publish","type":"product","link":"https:\/\/puyapeptide.net\/fi\/product\/hot-sale-buserelin-cas-57982-77-1-eturauhassyovan-ja-rintasyovan-hoitoon\/","title":{"rendered":"Hot Sale Buserelin CAS 57982-77-1 Eturauhassy\u00f6v\u00e4n ja rintasy\u00f6v\u00e4n hoitoon"},"content":{"rendered":"<h2><strong>Hot Sale Buserelin CAS 57982-77-1 Eturauhassy\u00f6v\u00e4n ja rintasy\u00f6v\u00e4n hoitoon<\/strong><\/h2>\n<p>Tuotteen nimi: BUSERELIN<br \/>\nSynonyymit: (d-ser(bu(supt)(sup6)))-lh-rh(1-9)nonapeptide-ethylamid;(d-ser(tbu)(sup6)- ea(sup10))-lhrh;(d-ser(tbu)(sup6)-ea(sup10))-luteinisoivaa hormonia vapauttava hormoni;(d-ser(tbu)(sup6)-ea(sup10))-luteinisoivaa hormonia vapauttava hormoni; BUSERELIN; 1-9-luteinisoivaa hormonia vapauttava tekij\u00e4 (siat), 6-[O-(1,1-dimetyylietyyli)-D-seriini]-9-(N-etyyli-L-proliiniamidi)-; buseriliini; BUSERELIN PH . EUR.<br \/>\nCAS: 57982-77-1<br \/>\nMF: C60H86N16O13<br \/>\nMW: 1239.42<br \/>\nEINECS: 261-061-9<br \/>\nTuoteluokat: hormonit<br \/>\nMol File: 57982-77 -1.mol<\/p>\n<p>Busereliini, GnRH-analogi. Se voi indusoida LH-, FSH- ja sukupuolihormonierityksen lis\u00e4\u00e4ntymist\u00e4 k\u00e4yt\u00f6n alussa, ja 1-2 viikon kuluttua se alkaa tuottaa p\u00e4invastaista vaikutusta ja sukupuolihormonien eritys voidaan v\u00e4hent\u00e4\u00e4 depot-tasolle. Sit\u00e4 k\u00e4ytet\u00e4\u00e4n kliinisesti p\u00e4\u00e4asiassa eturauhassy\u00f6v\u00e4n ja rintasy\u00f6v\u00e4n hoitoon. Sit\u00e4 ruiskutetaan aluksi ihon alle [miehill\u00e4, joilla on Flutamide] ja nen\u00e4sumutetta k\u00e4ytet\u00e4\u00e4n yll\u00e4pitohoidossa.<\/p>\n<p> <strong>Buserelin CAS 57982-77-1 Kemialliset ominaisuudet<\/strong><br \/>\nalpha D20 -40,4\u00b0 (c) = 1 dimetyyliasetamidissa)<br \/>\nKeehumispiste 845,19\u00b0C (karkea arvio)<br \/>\ntiheys 1,0711 (karkea arvio)<br \/>\ntaitekerroin 1,6200 (arvio)<br \/>\nliukoisuus Liukenee niukasti veteen ja laimeisiin happoihin.<br \/>\n &gt;pka 9,82\u00b10,15 (ennustettu)<\/p>\n<p> <strong>Buserelin CAS 57982-77-1<br \/>\nGnRH-analogien toiminta ja sovellus<\/strong> . Se voi lis\u00e4t\u00e4 I.H-, FSH- ja sukupuolihormonierityst\u00e4 k\u00e4yt\u00f6n alussa, ja 1-2 viikon kuluttua se alkaa tuottaa p\u00e4invastaista vaikutusta, ja sukupuolihormonien eritys voidaan v\u00e4hent\u00e4\u00e4 varastotasolle. Sit\u00e4 k\u00e4ytet\u00e4\u00e4n kliinisesti p\u00e4\u00e4asiassa eturauhassy\u00f6v\u00e4n ja rintasy\u00f6v\u00e4n hoitoon. Se pistet\u00e4\u00e4n ihon alle alussa (miehill\u00e4, joilla on flutamidi), ja yll\u00e4pitohoito annetaan nen\u00e4sumuteella.<\/p>\n","protected":false},"excerpt":{"rendered":"<p>Tuotteen nimi: BUSERELIN<br \/>\nCAS: 57982-77-1<br \/>\nMF: C60H86N16O13<br \/>\nMW: 1239.42<br \/>\nEINECS: 261-061-9<br \/>\nMol Tiedosto: 57982-77-1.mol<\/p>\n","protected":false},"featured_media":2121,"comment_status":"open","ping_status":"closed","template":"","meta":{"om_disable_all_campaigns":false,"_monsterinsights_skip_tracking":false,"_monsterinsights_sitenote_active":false,"_monsterinsights_sitenote_note":"","_monsterinsights_sitenote_category":0,"site-sidebar-layout":"default","site-content-layout":"default","ast-site-content-layout":"default","site-content-style":"default","site-sidebar-style":"default","ast-global-header-display":"","ast-banner-title-visibility":"","ast-main-header-display":"","ast-hfb-above-header-display":"","ast-hfb-below-header-display":"","ast-hfb-mobile-header-display":"","site-post-title":"","ast-breadcrumbs-content":"","ast-featured-img":"","footer-sml-layout":"","ast-disable-related-posts":"","theme-transparent-header-meta":"default","adv-header-id-meta":"","stick-header-meta":"","header-above-stick-meta":"","header-main-stick-meta":"","header-below-stick-meta":"","astra-migrate-meta-layouts":"default","ast-page-background-enabled":"default","ast-page-background-meta":{"desktop":{"background-color":"","background-image":"","background-repeat":"repeat","background-position":"center center","background-size":"auto","background-attachment":"scroll","background-type":"","background-media":"","overlay-type":"","overlay-color":"","overlay-opacity":"","overlay-gradient":""},"tablet":{"background-color":"","background-image":"","background-repeat":"repeat","background-position":"center center","background-size":"auto","background-attachment":"scroll","background-type":"","background-media":"","overlay-type":"","overlay-color":"","overlay-opacity":"","overlay-gradient":""},"mobile":{"background-color":"","background-image":"","background-repeat":"repeat","background-position":"center center","background-size":"auto","background-attachment":"scroll","background-type":"","background-media":"","overlay-type":"","overlay-color":"","overlay-opacity":"","overlay-gradient":""}},"ast-content-background-meta":{"desktop":{"background-color":"var(--ast-global-color-5)","background-image":"","background-repeat":"repeat","background-position":"center center","background-size":"auto","background-attachment":"scroll","background-type":"","background-media":"","overlay-type":"","overlay-color":"","overlay-opacity":"","overlay-gradient":""},"tablet":{"background-color":"var(--ast-global-color-5)","background-image":"","background-repeat":"repeat","background-position":"center center","background-size":"auto","background-attachment":"scroll","background-type":"","background-media":"","overlay-type":"","overlay-color":"","overlay-opacity":"","overlay-gradient":""},"mobile":{"background-color":"var(--ast-global-color-5)","background-image":"","background-repeat":"repeat","background-position":"center center","background-size":"auto","background-attachment":"scroll","background-type":"","background-media":"","overlay-type":"","overlay-color":"","overlay-opacity":"","overlay-gradient":""}}},"product_brand":[],"product_cat":[388],"product_tag":[2023],"class_list":{"0":"post-7765","1":"product","2":"type-product","3":"status-publish","4":"has-post-thumbnail","6":"product_cat-kasvaimen-vastainen-peptidi","7":"product_tag-hot-sale-buserelin-cas-57982-77-1-for-treat-prostate-cancer-and-breast-cancer-fi","8":"desktop-align-left","9":"tablet-align-left","10":"mobile-align-left","12":"first","13":"instock","14":"shipping-taxable","15":"product-type-simple"},"_links":{"self":[{"href":"https:\/\/puyapeptide.net\/fi\/wp-json\/wp\/v2\/product\/7765","targetHints":{"allow":["GET"]}}],"collection":[{"href":"https:\/\/puyapeptide.net\/fi\/wp-json\/wp\/v2\/product"}],"about":[{"href":"https:\/\/puyapeptide.net\/fi\/wp-json\/wp\/v2\/types\/product"}],"replies":[{"embeddable":true,"href":"https:\/\/puyapeptide.net\/fi\/wp-json\/wp\/v2\/comments?post=7765"}],"wp:featuredmedia":[{"embeddable":true,"href":"https:\/\/puyapeptide.net\/fi\/wp-json\/wp\/v2\/media\/2121"}],"wp:attachment":[{"href":"https:\/\/puyapeptide.net\/fi\/wp-json\/wp\/v2\/media?parent=7765"}],"wp:term":[{"taxonomy":"product_brand","embeddable":true,"href":"https:\/\/puyapeptide.net\/fi\/wp-json\/wp\/v2\/product_brand?post=7765"},{"taxonomy":"product_cat","embeddable":true,"href":"https:\/\/puyapeptide.net\/fi\/wp-json\/wp\/v2\/product_cat?post=7765"},{"taxonomy":"product_tag","embeddable":true,"href":"https:\/\/puyapeptide.net\/fi\/wp-json\/wp\/v2\/product_tag?post=7765"}],"curies":[{"name":"wp","href":"https:\/\/api.w.org\/{rel}","templated":true}]}}