{"id":7785,"date":"2021-12-16T10:33:26","date_gmt":"2021-12-16T15:33:26","guid":{"rendered":"https:\/\/puyapeptide.net\/product\/epitalon-epithalon-acetate-cas-307297-39-8-anti-aging\/"},"modified":"2021-12-16T10:33:26","modified_gmt":"2021-12-16T15:33:26","slug":"epitalon-epithalon-acetate-cas-307297-39-8-anti-aging","status":"publish","type":"product","link":"https:\/\/puyapeptide.net\/fi\/product\/epitalon-epithalon-acetate-cas-307297-39-8-anti-aging\/","title":{"rendered":"Epitalon\/Epithalon acetate CAS 307297-39-8 Anti-aging"},"content":{"rendered":"<h2><strong>Epitalon\/Epithalon acetate CAS 307297-39-8 Anti-aging<\/strong><\/h2>\n<p>Tuotteen nimi: Epitalon<br \/>\nSynonyymit: Epitalon;Epithalon;Glysiini, L-alanyyli-La-glutamyyli-La-aspartyyli-;L-alanyyli-L-alfa-glutamyyli-L-alfa-aspartyyliglysiini;9: PN : WO02090380 SIVU: 55 vaadittu proteiini; L-alanyyli-L-a-glutamyyli-L-a-aspartyyliglysiini; epithalon, epithalontetrapeptidi; epitaloniasetaatti<br \/>\nCAS: 307297-39-8<br \/>\nMF: C44H22&gt; MW: 390.35<br \/>\nEINECS: 211-519-9<br \/>\nTuoteluokat:<br \/>\nMol Tiedosto: 307297-39-8.mol<\/p>\n<p>Epithalon on peptidi, jota k\u00e4ytet\u00e4\u00e4n s\u00e4\u00e4telem\u00e4\u00e4n solukiertoa aina yl\u00f6sp\u00e4in &#8211; telomeraasitoiminnan s\u00e4\u00e4tely. Peptidin aminohapposekvenssi on alaniini-glutamaatti-asparagiini-glysiini. El\u00e4intutkimuksia on tehty Epithalonin vaikutuksista spontaanien rintasy\u00f6p\u00e4kasvainten ja spontaanin karsinogeneesin suppressioon. Tutkimukset ovat osoittaneet, ett\u00e4 Epithalonin vaikutustapaan kuuluu onkogeenin ilmentymisen suppressio ja telomeraasiaktiivisuuden modifiointi.<\/p>\n<p>Epitalon (tunnetaan my\u00f6s nimell\u00e4 Epithalon tai Epithalone) on synteettinen versio polypeptidist\u00e4 Epithalamin, jota tuotetaan luonnollisesti k\u00e4pylis\u00e4ke. Sen syntetisoi ven\u00e4l\u00e4inen professori ja gerontologi Vladimir Khavinson, jonka tutkimus keskittyi eri elinten toiminnan palauttamiseen k\u00e4ytett\u00e4vien peptidivalmisteiden kehitt\u00e4miseen ik\u00e4\u00e4ntymisprosessin ehk\u00e4isemiseksi ja k\u00e4\u00e4nt\u00e4miseksi. H\u00e4n toimii t\u00e4ll\u00e4 hetkell\u00e4 Pietarin bioregulaation ja gerontologian instituutin johtajana.<br \/>\nEpitalonia pidet\u00e4\u00e4n &quot;nuoruuden l\u00e4hteen\u00e4&quot;. Se on tetrapeptidi, mik\u00e4 tarkoittaa, ett\u00e4 se koostuu nelj\u00e4st\u00e4 aminohappoketjusta. Peptidi\u00e4 k\u00e4ytet\u00e4\u00e4n s\u00e4\u00e4telem\u00e4\u00e4n solusykli\u00e4 telomeraasiaktiivisuuden aikana. Telomeraasi, jota kutsutaan my\u00f6s telomeeriterminaalitransferaasiksi, on proteiini- ja RNA-alayksik\u00f6ist\u00e4 koostuva entsyymi, joka pident\u00e4\u00e4 kromosomeja. Kun telomeraasiaktiivisuutta ei ole (kun vanhenemme), solumme vanhenevat. Telomeerimme lyhenev\u00e4t ja alkavat kuolla. Jos telomeraasi aktivoituu soluissamme, telomeerimme pitenev\u00e4t, solu jatkaa kasvuaan ja jakautumista hidastaen ik\u00e4\u00e4ntymisprosessia. (UT Southwestern Medical Lab)<br \/>\nhttps:\/\/www.amisantabarbara.com\/epitalon<\/p>\n<p> <strong>Epitalon\/Epithalon acetate CAS 307297-39-8 Kemialliset ominaisuudet<\/strong><br \/>\nEpitalonin kemialliset ominaisuudet<br \/>\n Kiehumispiste 959,8 \u00b165,0 \u00b0C (ennustettu)<br \/>\ntiheys 1,466\u00b10,06 g\/cm3 (ennustettu)<br \/>\npka 3,16\u00b10,10 (ennustettu)<br \/>\nCAS-tietokannan viite 307297-39-8<\/p>\n<p> <strong>Toiminnot ja sovellukset of Epitalon\/Epithalon acetate CAS 307297-39-8<\/strong><br \/>\nEpitalon l\u00f6ysi ven\u00e4l\u00e4inen tiedemies, professori Vladimir Khavinson. H\u00e4n tutki t\u00e4t\u00e4 peptidi\u00e4 yli 35 vuoden ajan sek\u00e4 el\u00e4imill\u00e4 ett\u00e4 ihmisill\u00e4 tehdyiss\u00e4 kliinisiss\u00e4 kokeissa. Tulokset olivat h\u00e4mm\u00e4stytt\u00e4vi\u00e4. Ensimm\u00e4ist\u00e4 kertaa ihmisill\u00e4 tehdyt kliiniset kokeet osoittivat kiistattomasti, ett\u00e4 aine sis\u00e4lsi voimakkaita elini\u00e4n pident\u00e4mis- ja ik\u00e4\u00e4ntymisen estomahdollisuuksia.<br \/>\nEpitalonin edut: Epitalonin telomeraasin tuotantoon kohdistuvan vaikutuksen seurauksena hy\u00f6dyt ovat ainutlaatuisia ja saavuttaa ja sis\u00e4lt\u00e4\u00e4:<br \/>\nIhmisen elini\u00e4n pident\u00e4minen pident\u00e4m\u00e4ll\u00e4 ihmissolujen telomeerej\u00e4<br \/>\nSyv\u00e4n unen edist\u00e4minen<br \/>\nIk\u00e4\u00e4n liittyvien sairauksien, kuten sy\u00f6v\u00e4n, syd\u00e4nsairauksien ja dementian, viiv\u00e4styminen ja ehk\u00e4isy<br \/>\nToimii antioksidantti v\u00e4hent\u00e4m\u00e4ll\u00e4 lipidien hapettumista ja ROS:ia (Reaktiivisia happilajeja) sek\u00e4 normalisoimalla T-solujen toimintaa.<br \/>\nIhon terveyden ja ulkon\u00e4\u00f6n parantaminen<br \/>\nVaurioituneiden ja heikkenevien lihassolujen paraneminen<br \/>\nPalauttaa ja normalisoi melatoniinitasoja vanhemmat ihmiset, jotka ovat menett\u00e4neet k\u00e4pylihan toimintaa ik\u00e4\u00e4ntymisen vuoksi<br \/>\nVoi lis\u00e4t\u00e4 vastustuskyky\u00e4 emotionaaliselle stressille<\/p>\n","protected":false},"excerpt":{"rendered":"<p>Tuotteen nimi: Epitalon<br \/>\nCAS: 307297-39-8<br \/>\nMF: C14H22N4O9<br \/>\nMW: 390.35<br \/>\nEINECS: 211-519-9<br \/>\nMol Tiedosto: 307297-39-8.mol<\/p>\n","protected":false},"featured_media":2205,"comment_status":"open","ping_status":"closed","template":"","meta":{"om_disable_all_campaigns":false,"_monsterinsights_skip_tracking":false,"_monsterinsights_sitenote_active":false,"_monsterinsights_sitenote_note":"","_monsterinsights_sitenote_category":0,"site-sidebar-layout":"default","site-content-layout":"default","ast-site-content-layout":"default","site-content-style":"default","site-sidebar-style":"default","ast-global-header-display":"","ast-banner-title-visibility":"","ast-main-header-display":"","ast-hfb-above-header-display":"","ast-hfb-below-header-display":"","ast-hfb-mobile-header-display":"","site-post-title":"","ast-breadcrumbs-content":"","ast-featured-img":"","footer-sml-layout":"","ast-disable-related-posts":"","theme-transparent-header-meta":"default","adv-header-id-meta":"","stick-header-meta":"","header-above-stick-meta":"","header-main-stick-meta":"","header-below-stick-meta":"","astra-migrate-meta-layouts":"default","ast-page-background-enabled":"default","ast-page-background-meta":{"desktop":{"background-color":"","background-image":"","background-repeat":"repeat","background-position":"center center","background-size":"auto","background-attachment":"scroll","background-type":"","background-media":"","overlay-type":"","overlay-color":"","overlay-opacity":"","overlay-gradient":""},"tablet":{"background-color":"","background-image":"","background-repeat":"repeat","background-position":"center center","background-size":"auto","background-attachment":"scroll","background-type":"","background-media":"","overlay-type":"","overlay-color":"","overlay-opacity":"","overlay-gradient":""},"mobile":{"background-color":"","background-image":"","background-repeat":"repeat","background-position":"center center","background-size":"auto","background-attachment":"scroll","background-type":"","background-media":"","overlay-type":"","overlay-color":"","overlay-opacity":"","overlay-gradient":""}},"ast-content-background-meta":{"desktop":{"background-color":"var(--ast-global-color-5)","background-image":"","background-repeat":"repeat","background-position":"center center","background-size":"auto","background-attachment":"scroll","background-type":"","background-media":"","overlay-type":"","overlay-color":"","overlay-opacity":"","overlay-gradient":""},"tablet":{"background-color":"var(--ast-global-color-5)","background-image":"","background-repeat":"repeat","background-position":"center center","background-size":"auto","background-attachment":"scroll","background-type":"","background-media":"","overlay-type":"","overlay-color":"","overlay-opacity":"","overlay-gradient":""},"mobile":{"background-color":"var(--ast-global-color-5)","background-image":"","background-repeat":"repeat","background-position":"center center","background-size":"auto","background-attachment":"scroll","background-type":"","background-media":"","overlay-type":"","overlay-color":"","overlay-opacity":"","overlay-gradient":""}}},"product_brand":[],"product_cat":[749],"product_tag":[1995],"class_list":{"0":"post-7785","1":"product","2":"type-product","3":"status-publish","4":"has-post-thumbnail","6":"product_cat-muut-kosmeettiset-peptidit","7":"product_tag-epitalon-epithalon-acetate-cas-307297-39-8-for-anti-aging-fi","8":"desktop-align-left","9":"tablet-align-left","10":"mobile-align-left","12":"first","13":"instock","14":"shipping-taxable","15":"product-type-simple"},"_links":{"self":[{"href":"https:\/\/puyapeptide.net\/fi\/wp-json\/wp\/v2\/product\/7785","targetHints":{"allow":["GET"]}}],"collection":[{"href":"https:\/\/puyapeptide.net\/fi\/wp-json\/wp\/v2\/product"}],"about":[{"href":"https:\/\/puyapeptide.net\/fi\/wp-json\/wp\/v2\/types\/product"}],"replies":[{"embeddable":true,"href":"https:\/\/puyapeptide.net\/fi\/wp-json\/wp\/v2\/comments?post=7785"}],"wp:featuredmedia":[{"embeddable":true,"href":"https:\/\/puyapeptide.net\/fi\/wp-json\/wp\/v2\/media\/2205"}],"wp:attachment":[{"href":"https:\/\/puyapeptide.net\/fi\/wp-json\/wp\/v2\/media?parent=7785"}],"wp:term":[{"taxonomy":"product_brand","embeddable":true,"href":"https:\/\/puyapeptide.net\/fi\/wp-json\/wp\/v2\/product_brand?post=7785"},{"taxonomy":"product_cat","embeddable":true,"href":"https:\/\/puyapeptide.net\/fi\/wp-json\/wp\/v2\/product_cat?post=7785"},{"taxonomy":"product_tag","embeddable":true,"href":"https:\/\/puyapeptide.net\/fi\/wp-json\/wp\/v2\/product_tag?post=7785"}],"curies":[{"name":"wp","href":"https:\/\/api.w.org\/{rel}","templated":true}]}}