{"id":7866,"date":"2021-12-16T11:17:56","date_gmt":"2021-12-16T16:17:56","guid":{"rendered":"https:\/\/puyapeptide.net\/product\/sermoreliini-sermoreliiniasetaatti-grf-1-29-amidi-ihminen-cas-86168-78-7\/"},"modified":"2021-12-16T11:17:56","modified_gmt":"2021-12-16T16:17:56","slug":"sermoreliini-sermoreliiniasetaatti-grf-1-29-amidi-ihminen-cas-86168-78-7","status":"publish","type":"product","link":"https:\/\/puyapeptide.net\/fi\/product\/sermoreliini-sermoreliiniasetaatti-grf-1-29-amidi-ihminen-cas-86168-78-7\/","title":{"rendered":"Sermoreliini \/ Sermoreliiniasetaatti \/ GRF (1-29) amidi (ihminen) CAS 86168-78-7"},"content":{"rendered":"<h2><strong>Sermoreliini \/ Sermoreliiniasetaatti \/ GRF (1-29) amidi (ihminen) CAS 86168-78-7<\/strong><\/h2>\n<p>Tuotteen nimi: Sermorelin<br \/>\nSynonyymit: SERMORELIN;SERMORELIN ACETATE;YADAIFTNSYRKVLGQLSARKLLQDIMSR-NH2;TYR-ALA-ASP-ALA-ILE-PHE-THR-ASN-SER-TYR-ARG-LYS-VAL-LEU-GLY -GLN-LEU-SER-ALA-ARG-LYS-LEU-LEU-GLN-ASP-ILE-MET-SER-ARG-NH2;TYR-ALA-ASP-ALA-ILE-PHE-THR-ASN-SER-TYR -ARG-LYS-VAL-LEU-GLY-GLN-LEU-SER-ALA-ARG-LYS-LEU-LEU-GLN-ASP-ILE-MET-SER-ARG-NH2 IHMIS;kasvuhormonia vapauttava tekij\u00e4*fragmentti 1- 29 ami;H-TYR-ALA-ASP-ALA-ILE-PHE-THR-ASN-SER-TYR-ARG-LYS-VAL-LEU-GLY-GLN-LEU-SER-ALA-ARG-LYS-LEU-LEU -GLN-ASP-ILE-MET-SER-ARG-NH2;Kasvuhormonia vapauttava tekij\u00e4 (1-29), AMIDE, IHMIS<br \/>\nCAS: 86168-78-7<br \/>\nMF: C149H246N44O42S<br \/>\nMW: 3357,93<br \/>\nEINECS: 1312995-182-4<br \/>\nTuoteluokat: peptidi; aminohappojohdannaiset; GH-RHObesity-tutkimus; GH-RH-peptidit solubiologiaan; kasvuhormoneja vapauttavat tekij\u00e4t; neuropeptidit; neurotransmissio; liikalihavuus;<br \/>\nMol-tiedosto: 86168-78-7.mol<\/p>\n<p>Serm&#39;oreliiniasetaatti on biologisesti aktiivinen kasvua vapauttavan tekij\u00e4n (GRF 1-44) analogi, joka vapauttaa GHRH-hormoni, jota ihmisen aivot tuottavat luonnollisesti stimuloimaan aivolis\u00e4kkeen tuotantoa ja erityst\u00e4. Serm&#39;orelin ei ole ae; se on erityst\u00e4 lis\u00e4\u00e4v\u00e4 aine, mik\u00e4 tarkoittaa, ett\u00e4 se stimuloi aivolis\u00e4kett\u00e4 sitoutumalla spesifisiin reseptoreihin lis\u00e4\u00e4m\u00e4\u00e4n aivolis\u00e4kkeen tuotantoa ja erityst\u00e4<\/p>\n<p>Ik\u00e4\u00e4ntyess\u00e4 GHRH v\u00e4henee, mik\u00e4 v\u00e4hent\u00e4\u00e4 aivolis\u00e4kkeen tuotantoa ja erityst\u00e4 ja lis\u00e4\u00e4 kasvuhormonien vajaatoimintaa. jotka heikent\u00e4v\u00e4t terveytt\u00e4, kest\u00e4vyytt\u00e4 ja elinvoimaa my\u00f6hemm\u00e4n el\u00e4m\u00e4n aikana. Serm&#39;oreliinia pidet\u00e4\u00e4n ik\u00e4\u00e4ntymist\u00e4 est\u00e4v\u00e4n\u00e4 lis\u00e4aineena, joka voi auttaa kehoa korjaamaan vaurioituneita soluja ja heikentyneet j\u00e4rjestelm\u00e4t, jotka johtuvat riitt\u00e4m\u00e4tt\u00f6myydest\u00e4. <\/p>\n<p>Serm&#39;orelin on GHRH-peptidianalogi. Sen peptidisekvenssi koostuu 29 aminohaposta. T\u00e4m\u00e4 sekvenssi on osa endogeenisen henkil\u00f6n GHRH:ta, ja sit\u00e4 pidet\u00e4\u00e4n t\u00e4ll\u00e4 hetkell\u00e4 lyhimp\u00e4n\u00e4 synteettisen\u00e4 peptidin\u00e4, jolla on koko joukko toiminnallista GHRH-aktiivisuutta. T\u00e4st\u00e4 syyst\u00e4 sermor&#39;eliinia pidet\u00e4\u00e4n erityst\u00e4 lis\u00e4\u00e4v\u00e4n\u00e4 aineena.<\/p>\n<p>Serm&#39;oreliinia on k\u00e4ytetty tutkimuksen aikana stimuloimaan erityst\u00e4 adenohypofyysist\u00e4 (kutsutaan my\u00f6s aivolis\u00e4kkeen etupuolelle). Aivolis\u00e4kkeen etuosa eritt\u00e4\u00e4 trofiaa. Sermoreliinia on k\u00e4ytetty my\u00f6s tutkimusstimulaatiotesteiss\u00e4 aivolis\u00e4kkeen riitt\u00e4vyyden arvioimiseksi suhteessa eritykseen.<\/p>\n<p> <strong>Sermorelin\/ Sermorelin Acetate\/ GRF (1-29) amidi (ihminen) CAS 86168-78-7 Kemiallinen Ominaisuudet<\/strong><br \/>\nalfa D20 -63,1\u00b0 (c = 1 in 30 % etikkahappo)<br \/>\ntiheys 1,45\u00b10,1 g\/cm3(ennustettu)<br \/>\nvarastointil\u00e4mp\u00f6tila. \u221220\u00b0C<br \/>\nInChIKey BVLCEKWPOSAKSZ-YQMCHIOTSA-N<br \/>\nCAS-tietokannan viite 86168-78-7(CAS-tietokannan viite)<\/p>\n<p> <strong>Sermoreliinin\/ Sermoreliiniasetaatin\/ GRF (1-29) amidin toiminnot ihminen) CAS 86168-78-7<\/strong><br \/>\n1. Lis\u00e4\u00e4 energiaa, elinvoimaa, voimaa ja kest\u00e4vyytt\u00e4.<br \/>\n2. V\u00e4h\u00e4rasvaisen lihasmassan kasvu\/rasvan v\u00e4hent\u00e4minen, v\u00e4h\u00e4rasvaisen lihasmassan kasvu.<br \/>\n3. Hajottaa kehon rasvaa ja rasvahappoja.<br \/>\n4. Parantaa syd\u00e4men toimintaa.<br \/>\n5. Lis\u00e4\u00e4 kalsiumin kertymist\u00e4, mik\u00e4 vahvistaa ja lis\u00e4\u00e4 luuntiheytt\u00e4.<br \/>\n6. Vahvistaa immuunij\u00e4rjestelm\u00e4\u00e4 ja nopeuttaa paranemista haavoista tai leikkauksista.<br \/>\n7. Edist\u00e4\u00e4 hidasaallon ei-REM-unia, parantaa unen laatua.<br \/>\n8. Lis\u00e4\u00e4 proteiinisynteesi\u00e4 ja stimuloi kaikkien sis\u00e4elinten kasvua paitsi aivoja.<br \/>\n9. Ihon ja kynsien terveys (tiukempi iho, paksummat kynnet).<br \/>\n10. Vartalokivun, kuten nivel- ja lihaskivun, v\u00e4heneminen.<\/p>\n<p> <strong>Sermorelin\/Sermorelin Acetate\/GRF (1-29) -amidin (ihminen) sovellukset CAS 86168-78-7<\/strong><br \/>\nSermoreliinilla on laaja valikoima positiivisista vaikutuksista. Koska sermo&#39;reliini on GHRH, se vain lis\u00e4\u00e4 kehon kyky\u00e4 tuottaa enemm\u00e4n; se ei ole injektio itsest\u00e4\u00e4n. Sek\u00e4 suorituskyky\u00e4 parantavan ett\u00e4 yleisen hyvinvoinnin kannalta sermo&#39;reliinill\u00e4 on laaja valikoima etuja, jotka tekev\u00e4t siit\u00e4 tehokkaan ja arvokkaan aineen.<\/p>\n<p>Sermo&#39;reliiniasetaatti on ihmisen hormoneja vapauttava hormoni (GHRH tai GHRH). GRF), jota k\u00e4ytet\u00e4\u00e4n aivolis\u00e4kkeen toiminnan diagnostiseen arviointiin ja my\u00f6s lasten kasvun lis\u00e4\u00e4miseen.<\/p>\n","protected":false},"excerpt":{"rendered":"<p>Tuotteen nimi: Sermorelin<br \/>\nCAS: 86168-78-7<br \/>\nMF: C149H246N44O42S<br \/>\nMW: 3357.93<br \/>\nEINECS: 1312995-182-4<br \/>\nMol File: 86168-78-7.<\/p>\n","protected":false},"featured_media":2121,"comment_status":"open","ping_status":"closed","template":"","meta":{"om_disable_all_campaigns":false,"_monsterinsights_skip_tracking":false,"_monsterinsights_sitenote_active":false,"_monsterinsights_sitenote_note":"","_monsterinsights_sitenote_category":0,"site-sidebar-layout":"default","site-content-layout":"default","ast-site-content-layout":"default","site-content-style":"default","site-sidebar-style":"default","ast-global-header-display":"","ast-banner-title-visibility":"","ast-main-header-display":"","ast-hfb-above-header-display":"","ast-hfb-below-header-display":"","ast-hfb-mobile-header-display":"","site-post-title":"","ast-breadcrumbs-content":"","ast-featured-img":"","footer-sml-layout":"","ast-disable-related-posts":"","theme-transparent-header-meta":"default","adv-header-id-meta":"","stick-header-meta":"","header-above-stick-meta":"","header-main-stick-meta":"","header-below-stick-meta":"","astra-migrate-meta-layouts":"default","ast-page-background-enabled":"default","ast-page-background-meta":{"desktop":{"background-color":"","background-image":"","background-repeat":"repeat","background-position":"center center","background-size":"auto","background-attachment":"scroll","background-type":"","background-media":"","overlay-type":"","overlay-color":"","overlay-opacity":"","overlay-gradient":""},"tablet":{"background-color":"","background-image":"","background-repeat":"repeat","background-position":"center center","background-size":"auto","background-attachment":"scroll","background-type":"","background-media":"","overlay-type":"","overlay-color":"","overlay-opacity":"","overlay-gradient":""},"mobile":{"background-color":"","background-image":"","background-repeat":"repeat","background-position":"center center","background-size":"auto","background-attachment":"scroll","background-type":"","background-media":"","overlay-type":"","overlay-color":"","overlay-opacity":"","overlay-gradient":""}},"ast-content-background-meta":{"desktop":{"background-color":"var(--ast-global-color-5)","background-image":"","background-repeat":"repeat","background-position":"center center","background-size":"auto","background-attachment":"scroll","background-type":"","background-media":"","overlay-type":"","overlay-color":"","overlay-opacity":"","overlay-gradient":""},"tablet":{"background-color":"var(--ast-global-color-5)","background-image":"","background-repeat":"repeat","background-position":"center center","background-size":"auto","background-attachment":"scroll","background-type":"","background-media":"","overlay-type":"","overlay-color":"","overlay-opacity":"","overlay-gradient":""},"mobile":{"background-color":"var(--ast-global-color-5)","background-image":"","background-repeat":"repeat","background-position":"center center","background-size":"auto","background-attachment":"scroll","background-type":"","background-media":"","overlay-type":"","overlay-color":"","overlay-opacity":"","overlay-gradient":""}}},"product_brand":[],"product_cat":[532],"product_tag":[1900],"class_list":{"0":"post-7866","1":"product","2":"type-product","3":"status-publish","4":"has-post-thumbnail","6":"product_cat-muut-peptidit","7":"product_tag-sermorelin-sermorelin-acetate-grf-1-29-amide-human-cas-86168-78-7-fi","8":"desktop-align-left","9":"tablet-align-left","10":"mobile-align-left","12":"first","13":"instock","14":"shipping-taxable","15":"product-type-simple"},"_links":{"self":[{"href":"https:\/\/puyapeptide.net\/fi\/wp-json\/wp\/v2\/product\/7866","targetHints":{"allow":["GET"]}}],"collection":[{"href":"https:\/\/puyapeptide.net\/fi\/wp-json\/wp\/v2\/product"}],"about":[{"href":"https:\/\/puyapeptide.net\/fi\/wp-json\/wp\/v2\/types\/product"}],"replies":[{"embeddable":true,"href":"https:\/\/puyapeptide.net\/fi\/wp-json\/wp\/v2\/comments?post=7866"}],"wp:featuredmedia":[{"embeddable":true,"href":"https:\/\/puyapeptide.net\/fi\/wp-json\/wp\/v2\/media\/2121"}],"wp:attachment":[{"href":"https:\/\/puyapeptide.net\/fi\/wp-json\/wp\/v2\/media?parent=7866"}],"wp:term":[{"taxonomy":"product_brand","embeddable":true,"href":"https:\/\/puyapeptide.net\/fi\/wp-json\/wp\/v2\/product_brand?post=7866"},{"taxonomy":"product_cat","embeddable":true,"href":"https:\/\/puyapeptide.net\/fi\/wp-json\/wp\/v2\/product_cat?post=7866"},{"taxonomy":"product_tag","embeddable":true,"href":"https:\/\/puyapeptide.net\/fi\/wp-json\/wp\/v2\/product_tag?post=7866"}],"curies":[{"name":"wp","href":"https:\/\/api.w.org\/{rel}","templated":true}]}}