{"id":7895,"date":"2021-12-16T11:18:59","date_gmt":"2021-12-16T16:18:59","guid":{"rendered":"https:\/\/puyapeptide.net\/product\/gonadoreliini-gonadoreliiniasetaatti-cas-33515-09-2-kaytto-hedelmattomyyden-ja-vesiviljelyn-hoitoon\/"},"modified":"2021-12-16T11:18:59","modified_gmt":"2021-12-16T16:18:59","slug":"gonadoreliini-gonadoreliiniasetaatti-cas-33515-09-2-kaytto-hedelmattomyyden-ja-vesiviljelyn-hoitoon","status":"publish","type":"product","link":"https:\/\/puyapeptide.net\/fi\/product\/gonadoreliini-gonadoreliiniasetaatti-cas-33515-09-2-kaytto-hedelmattomyyden-ja-vesiviljelyn-hoitoon\/","title":{"rendered":"Gonadoreliini\/gonadoreliiniasetaatti CAS 33515-09-2 K\u00e4ytt\u00f6 hedelm\u00e4tt\u00f6myyden ja vesiviljelyn hoitoon"},"content":{"rendered":"<h2><strong>Gonadoreliini\/gonadoreliiniasetaatti CAS 33515-09-2 K\u00e4ytt\u00f6 hedelm\u00e4tt\u00f6myyden ja vesiviljelyn hoitoon<\/strong><\/h2>\n<p>Tuotteen nimi: Gonadorelin<br \/>\nSynonyymit: Gonadoliberin, Luliberin;(2S)-N-[(2S)-1-[[(2S)-1-[[(2S)-1-[[(2S) -1-[[2-[[(2S)-1-[[(2S)-1-[(2S)-2-[(2-amino-2-oksoetyyli)karbamoyyli]pyrrolidin-1-yyli]-5 -(diaminometylideeniamino)-1-oksopentan-2-yyli]amino]-4-metyyli-1-oksopentan-2-yyli]amino]-2-oksoetyyli]amino]-3-(4-hydroksifenyyli)-1-oksopropaani- 2-yyli]amino]-3-hydroksi-1-oksopropan-2-yyli]amino]-3-(1 H-indol-3-yyli)-1-oksopropan-2-yyli]amino]-3-(1 H- imidatsol-5-yyli)-1-oksopropan-2-yyli]-5-oksopyrrolidiini-2-karboksamidi; LUTEINISOIVA HORMONIA vapauttava hormoni IHMIS; LUTEINISOIVA HORMONIA vapauttava hormoni (IHMINEN) SIA, ROTA; LUTEINISOIVA HORMONIA vapauttava hormoni (ihminen) ;LUTEINISOIVA HORMONIA vapauttava hormoniasetaatti; LUTEINISOIVA HORMONIA vapauttava TEKIJ\u00c4 (MERI BREAM); LUTEINISOIVA HORMONIA vapauttava hormoni<br \/>\nCAS: 33515-09-2<br \/>\nMF: C55H75N17W1.5:1&amp;&lt;&gt;17O1.3:1 553-1<br \/>\nTuoteluokat: peptidi; peptidireseptorit; gonadotropiinia vapauttava hormoni (GnRH); farmaseuttinen<br \/>\nMol-tiedosto: 33515-09-2.mol<\/p>\n<p> <strong>Gonadoreliini\/ Gonadoreliiniasetaa te CAS 33515-09-2 Kemialliset ominaisuudet<\/strong><br \/>\ntiheys 1,54<br \/>\nmuoto puhdas<br \/>\npka 9,82\u00b10,15 (ennustettu)<br \/>\nInChIKey XLXSAKCOAKORKW-AQJXLSMYSA-N<\/p>\n<p> <strong>Gonadorelinin\/asetaattien k\u00e4ytt\u00f6tarkoitukset CAS 33515-09-2<\/strong><br \/>\nSit\u00e4 k\u00e4ytet\u00e4\u00e4n lehmien lis\u00e4\u00e4ntymissairauksien hoitoon ja lehmien lis\u00e4\u00e4ntymisen hallintaan, mukaan lukien samanaikainen kiima ja ajoitetut keinosiemennystoimenpiteet. Sit\u00e4 k\u00e4ytet\u00e4\u00e4n p\u00e4\u00e4asiassa karjankasvatuksen kliinisiss\u00e4 n\u00e4k\u00f6kohdissa Kiinassa sek\u00e4 lehmien samanaikaiseen kiimaan ja ajoitettuun siemennykseen. Sit\u00e4 k\u00e4ytet\u00e4\u00e4n p\u00e4\u00e4asiassa lehmille, joilla on lepotilassa munasarjojen toiminta ja joilla munasarjojen tilavuus on periaatteessa normaali suorassa tutkimuksessa eik\u00e4 kehittyvi\u00e4 munarakkuloita tai keltasolua ole. Sit\u00e4 suositellaan 200 mikrogramman annoksella lehmien, joilla on lepotilassa olevat munasarjat, kliiniseen hoitoon. Chemicalbook samanaikainen kiima ja ajoitettu keinosiemennys, ensimm\u00e4inen luteinisoivaa hormonia vapauttavan hormonin injektio, jota seurasi 7 p\u00e4iv\u00e4\u00e4 my\u00f6hemmin 0,5 mg\/p\u00e4\u00e4 prostaglandiinia vasta muodostuneen keltakudoksen liuottamiseksi. 48 tuntia my\u00f6hemmin toinen ruiske luteinisoivaa hormonia vapauttavaa hormonia, jota seuraa 16-24 tuntia ajoitettu keinosiemennys. T\u00e4m\u00e4n tuotteen suositeltu annos lehmien samanaikaiseen kiimaan ja ajoitettuun keinosiemennykseen on 100 mcg.<\/p>\n<p> <strong>Gonadoreliinin\/gonadoreliiniasetaatin k\u00e4ytt\u00f6tarkoitukset CAS 33515-09-2<\/strong><br \/>\n1. Biokemialliset tutkimukset; sill\u00e4 on hedelm\u00e4tt\u00f6myyden hoidossa k\u00e4ytettyjen sukupuolihormonien (LH ja FSH) erityst\u00e4 stimuloiva vaikutus aivolis\u00e4kkeen etuosassa; k\u00e4ytet\u00e4\u00e4n vesiviljelyss\u00e4 emokalan ovulaation edist\u00e4miseen Chemicalbook.<br \/>\n2. Hypotalamuksen hedelm\u00e4tt\u00f6myyden, sekundaarisen kuukautistenvuodon ja amenorrean diagnoosi ja hoito yksitt\u00e4isill\u00e4 normaaleilla naisilla steroidisten ehk\u00e4isyvalmisteiden pitk\u00e4aikaisen k\u00e4yt\u00f6n vuoksi.<\/p>\n","protected":false},"excerpt":{"rendered":"<p>Tuotteen nimi: Gonadorelin<br \/>\nCAS: 33515-09-2<br \/>\nMF: C55H75N17O13<br \/>\nMW: 1182.31<br \/>\nEINECS: 251-553-1<br \/>\nMol Tiedosto: 33515-09-2.mol<\/p>\n","protected":false},"featured_media":2268,"comment_status":"closed","ping_status":"closed","template":"","meta":{"om_disable_all_campaigns":false,"_monsterinsights_skip_tracking":false,"_monsterinsights_sitenote_active":false,"_monsterinsights_sitenote_note":"","_monsterinsights_sitenote_category":0,"site-sidebar-layout":"default","site-content-layout":"default","ast-site-content-layout":"default","site-content-style":"default","site-sidebar-style":"default","ast-global-header-display":"","ast-banner-title-visibility":"","ast-main-header-display":"","ast-hfb-above-header-display":"","ast-hfb-below-header-display":"","ast-hfb-mobile-header-display":"","site-post-title":"","ast-breadcrumbs-content":"","ast-featured-img":"","footer-sml-layout":"","ast-disable-related-posts":"","theme-transparent-header-meta":"default","adv-header-id-meta":"","stick-header-meta":"","header-above-stick-meta":"","header-main-stick-meta":"","header-below-stick-meta":"","astra-migrate-meta-layouts":"default","ast-page-background-enabled":"default","ast-page-background-meta":{"desktop":{"background-color":"","background-image":"","background-repeat":"repeat","background-position":"center center","background-size":"auto","background-attachment":"scroll","background-type":"","background-media":"","overlay-type":"","overlay-color":"","overlay-opacity":"","overlay-gradient":""},"tablet":{"background-color":"","background-image":"","background-repeat":"repeat","background-position":"center center","background-size":"auto","background-attachment":"scroll","background-type":"","background-media":"","overlay-type":"","overlay-color":"","overlay-opacity":"","overlay-gradient":""},"mobile":{"background-color":"","background-image":"","background-repeat":"repeat","background-position":"center center","background-size":"auto","background-attachment":"scroll","background-type":"","background-media":"","overlay-type":"","overlay-color":"","overlay-opacity":"","overlay-gradient":""}},"ast-content-background-meta":{"desktop":{"background-color":"var(--ast-global-color-5)","background-image":"","background-repeat":"repeat","background-position":"center center","background-size":"auto","background-attachment":"scroll","background-type":"","background-media":"","overlay-type":"","overlay-color":"","overlay-opacity":"","overlay-gradient":""},"tablet":{"background-color":"var(--ast-global-color-5)","background-image":"","background-repeat":"repeat","background-position":"center center","background-size":"auto","background-attachment":"scroll","background-type":"","background-media":"","overlay-type":"","overlay-color":"","overlay-opacity":"","overlay-gradient":""},"mobile":{"background-color":"var(--ast-global-color-5)","background-image":"","background-repeat":"repeat","background-position":"center center","background-size":"auto","background-attachment":"scroll","background-type":"","background-media":"","overlay-type":"","overlay-color":"","overlay-opacity":"","overlay-gradient":""}}},"product_brand":[],"product_cat":[434],"product_tag":[1886],"class_list":{"0":"post-7895","1":"product","2":"type-product","3":"status-publish","4":"has-post-thumbnail","6":"product_cat-urogenitaalinen-peptidi","7":"product_tag-gonadorelin-gonadorelin-acetate-cas-33515-09-2-use-for-treat-infertility-and-aquaculture-fi","8":"desktop-align-left","9":"tablet-align-left","10":"mobile-align-left","12":"first","13":"instock","14":"shipping-taxable","15":"product-type-simple"},"_links":{"self":[{"href":"https:\/\/puyapeptide.net\/fi\/wp-json\/wp\/v2\/product\/7895","targetHints":{"allow":["GET"]}}],"collection":[{"href":"https:\/\/puyapeptide.net\/fi\/wp-json\/wp\/v2\/product"}],"about":[{"href":"https:\/\/puyapeptide.net\/fi\/wp-json\/wp\/v2\/types\/product"}],"replies":[{"embeddable":true,"href":"https:\/\/puyapeptide.net\/fi\/wp-json\/wp\/v2\/comments?post=7895"}],"wp:featuredmedia":[{"embeddable":true,"href":"https:\/\/puyapeptide.net\/fi\/wp-json\/wp\/v2\/media\/2268"}],"wp:attachment":[{"href":"https:\/\/puyapeptide.net\/fi\/wp-json\/wp\/v2\/media?parent=7895"}],"wp:term":[{"taxonomy":"product_brand","embeddable":true,"href":"https:\/\/puyapeptide.net\/fi\/wp-json\/wp\/v2\/product_brand?post=7895"},{"taxonomy":"product_cat","embeddable":true,"href":"https:\/\/puyapeptide.net\/fi\/wp-json\/wp\/v2\/product_cat?post=7895"},{"taxonomy":"product_tag","embeddable":true,"href":"https:\/\/puyapeptide.net\/fi\/wp-json\/wp\/v2\/product_tag?post=7895"}],"curies":[{"name":"wp","href":"https:\/\/api.w.org\/{rel}","templated":true}]}}