{"id":7912,"date":"2021-12-16T11:19:55","date_gmt":"2021-12-16T16:19:55","guid":{"rendered":"https:\/\/puyapeptide.net\/product\/desloreliini-desloreliiniasetaatti-cas-57773-65-6-eturauhassyovan-hoito\/"},"modified":"2021-12-16T11:19:55","modified_gmt":"2021-12-16T16:19:55","slug":"desloreliini-desloreliiniasetaatti-cas-57773-65-6-eturauhassyovan-hoito","status":"publish","type":"product","link":"https:\/\/puyapeptide.net\/fi\/product\/desloreliini-desloreliiniasetaatti-cas-57773-65-6-eturauhassyovan-hoito\/","title":{"rendered":"Desloreliini\/ Desloreliiniasetaatti CAS 57773-65-6 Eturauhassy\u00f6v\u00e4n hoito"},"content":{"rendered":"<h2><strong>Desloreliini\/ Desloreliiniasetaatti CAS 57773-65-6 Eturauhassy\u00f6v\u00e4n hoito<\/strong><\/h2>\n<p>Tuotteen nimi: Desloreliini<br \/>\nSynonyymit: GLP-HIS-TRP-SER-TYR-D-TRP-LEU-ARG-PRO-NHET;[D-TRP6, DES-GLY10]-LH-RH ETHYLAMIDE;DESORELIN ;DESLORELIN; desloreliiniasetaatti; DESLORELIN (ihminen); DES-GLY10,[D-TRP6]-LH-RH-ETYLIAMIDI; (DES-GLY10,D-TRP6, PRO-NHET9)-GONADOTROPIINIA vapauttava hormoni<br \/>\nCAS: 57773 -65-6<br \/>\nMF: C64H83N17O12<br \/>\nMW: 1282.48<br \/>\nEINECS: 637-335-2<br \/>\nTuoteluokat: hormonit;Peptidi<br \/>\nMol File: 57773-65-6.mol&lt;&amp; &gt;<br \/>\nDesloreliini\/Dehydronandrolonasetaatti on keskeinen synteesin v\u00e4lituote (faslodex), kun taas edellinen oli AstraZeneca Companyn kehitt\u00e4m\u00e4 rintasy\u00f6v\u00e4n vastainen l\u00e4\u00e4ke ja j\u00e4lkimm\u00e4inen oli Organon Companyn markkinoima synteettinen steroidi ilmaston j\u00e4lkeisiin vaivoihin. Se on tehokas yhdiste, joka tuottaa laadukasta, pitk\u00e4kestoista lihaskasvua. T\u00e4m\u00e4 johtuu l\u00e4\u00e4kkeen suhteellisen pitk\u00e4st\u00e4 puoliintumisajasta. K\u00e4ytt\u00e4j\u00e4t raportoivat lievist\u00e4 sivuvaikutuksista, joista suurin sivuvaikutus on vedenpid\u00e4tys. on synteesin keskeinen v\u00e4lituote (faslodex), kun taas edellinen oli AstraZeneca Companyn kehitt\u00e4m\u00e4 rintasy\u00f6v\u00e4n vastainen l\u00e4\u00e4ke ja j\u00e4lkimm\u00e4inen oli Organon Companyn markkinoima synteettinen steroidi ilmaston j\u00e4lkeisiin vaivoihin. Se on tehokas yhdiste, joka tuottaa laadukasta, pitk\u00e4kestoista lihaskasvua. T\u00e4m\u00e4 johtuu l\u00e4\u00e4kkeen suhteellisen pitk\u00e4st\u00e4 puoliintumisajasta. K\u00e4ytt\u00e4j\u00e4t raportoivat lievist\u00e4 sivuvaikutuksista, joista suurin sivuvaikutus on vedenpid\u00e4tys. on synteesin keskeinen v\u00e4lituote (faslodex), kun taas edellinen oli AstraZeneca Companyn kehitt\u00e4m\u00e4 rintasy\u00f6v\u00e4n vastainen l\u00e4\u00e4ke ja j\u00e4lkimm\u00e4inen oli Organon Companyn markkinoima synteettinen steroidi ilmaston j\u00e4lkeisiin vaivoihin. Se on tehokas yhdiste, joka tuottaa laadukasta, pitk\u00e4kestoista lihaskasvua. T\u00e4m\u00e4 johtuu l\u00e4\u00e4kkeen suhteellisen pitk\u00e4st\u00e4 puoliintumisajasta. K\u00e4ytt\u00e4j\u00e4t raportoivat lievist\u00e4 sivuvaikutuksista, joista suurin sivuvaikutus on vedenpid\u00e4tys.<\/p>\n<p> <strong>Deslorelin\/ Deslorelin Acetate CAS 57773-65-6 Kemialliset ominaisuudet<\/strong><br \/>\nalfa D24 -61\u00b0 (c = 0,37 0,1 M etikkahapossa )<br \/>\ntiheys 1,48\u00b10,1 g\/cm3(ennustettu)<br \/>\nvarastointil\u00e4mp\u00f6tila. \u221220\u00b0C<br \/>\npka 9,82\u00b10,15(ennustettu)<br \/>\nCAS-tietokannan viite 57773-65-6(CAS-tietokannan viite)<\/p>\n<p> <strong>Desloreliinin\/desloreliiniasetaatin CAS 57773-65-6 toiminta ja k\u00e4ytt\u00f6<\/strong><br \/>\nDesloreliinia testattiin onnistuneesti Yhdysvalloissa ja se hyv\u00e4ksyttiin el\u00e4inl\u00e4\u00e4kinn\u00e4lliseen k\u00e4ytt\u00f6\u00f6n tietyiss\u00e4 olosuhteissa. Euroopassa se on hyv\u00e4ksytty k\u00e4ytett\u00e4v\u00e4ksi hevosen avusteisessa lis\u00e4\u00e4ntymisess\u00e4.<br \/>\nSit\u00e4 testataan my\u00f6s ihmisill\u00e4 sen tehokkuuden tutkimiseksi naisten rintasy\u00f6v\u00e4n hoidossa sek\u00e4 ennenaikaisen murrosi\u00e4n ja synnynn\u00e4isen lis\u00e4munuaisten liikakasvun hoidossa mies- ja naislapsilla.<\/p>\n","protected":false},"excerpt":{"rendered":"<p>Tuotteen nimi: Deslorelin<br \/>\nCAS: 57773-65-6<br \/>\nMF: C64H83N17O12<br \/>\nMW: 1282.48<br \/>\nEINECS: 637-335-2<br \/>\nMol Tiedosto: 57773-65-6.mol<\/p>\n","protected":false},"featured_media":2100,"comment_status":"open","ping_status":"closed","template":"","meta":{"om_disable_all_campaigns":false,"_monsterinsights_skip_tracking":false,"_monsterinsights_sitenote_active":false,"_monsterinsights_sitenote_note":"","_monsterinsights_sitenote_category":0,"site-sidebar-layout":"default","site-content-layout":"default","ast-site-content-layout":"default","site-content-style":"default","site-sidebar-style":"default","ast-global-header-display":"","ast-banner-title-visibility":"","ast-main-header-display":"","ast-hfb-above-header-display":"","ast-hfb-below-header-display":"","ast-hfb-mobile-header-display":"","site-post-title":"","ast-breadcrumbs-content":"","ast-featured-img":"","footer-sml-layout":"","ast-disable-related-posts":"","theme-transparent-header-meta":"default","adv-header-id-meta":"","stick-header-meta":"","header-above-stick-meta":"","header-main-stick-meta":"","header-below-stick-meta":"","astra-migrate-meta-layouts":"default","ast-page-background-enabled":"default","ast-page-background-meta":{"desktop":{"background-color":"","background-image":"","background-repeat":"repeat","background-position":"center center","background-size":"auto","background-attachment":"scroll","background-type":"","background-media":"","overlay-type":"","overlay-color":"","overlay-opacity":"","overlay-gradient":""},"tablet":{"background-color":"","background-image":"","background-repeat":"repeat","background-position":"center center","background-size":"auto","background-attachment":"scroll","background-type":"","background-media":"","overlay-type":"","overlay-color":"","overlay-opacity":"","overlay-gradient":""},"mobile":{"background-color":"","background-image":"","background-repeat":"repeat","background-position":"center center","background-size":"auto","background-attachment":"scroll","background-type":"","background-media":"","overlay-type":"","overlay-color":"","overlay-opacity":"","overlay-gradient":""}},"ast-content-background-meta":{"desktop":{"background-color":"var(--ast-global-color-5)","background-image":"","background-repeat":"repeat","background-position":"center center","background-size":"auto","background-attachment":"scroll","background-type":"","background-media":"","overlay-type":"","overlay-color":"","overlay-opacity":"","overlay-gradient":""},"tablet":{"background-color":"var(--ast-global-color-5)","background-image":"","background-repeat":"repeat","background-position":"center center","background-size":"auto","background-attachment":"scroll","background-type":"","background-media":"","overlay-type":"","overlay-color":"","overlay-opacity":"","overlay-gradient":""},"mobile":{"background-color":"var(--ast-global-color-5)","background-image":"","background-repeat":"repeat","background-position":"center center","background-size":"auto","background-attachment":"scroll","background-type":"","background-media":"","overlay-type":"","overlay-color":"","overlay-opacity":"","overlay-gradient":""}}},"product_brand":[],"product_cat":[388],"product_tag":[1858],"class_list":{"0":"post-7912","1":"product","2":"type-product","3":"status-publish","4":"has-post-thumbnail","6":"product_cat-kasvaimen-vastainen-peptidi","7":"product_tag-deslorelin-deslorelin-acetate-cas-57773-65-6-treatment-of-prostate-cancer-fi","8":"desktop-align-left","9":"tablet-align-left","10":"mobile-align-left","12":"first","13":"instock","14":"shipping-taxable","15":"product-type-simple"},"_links":{"self":[{"href":"https:\/\/puyapeptide.net\/fi\/wp-json\/wp\/v2\/product\/7912","targetHints":{"allow":["GET"]}}],"collection":[{"href":"https:\/\/puyapeptide.net\/fi\/wp-json\/wp\/v2\/product"}],"about":[{"href":"https:\/\/puyapeptide.net\/fi\/wp-json\/wp\/v2\/types\/product"}],"replies":[{"embeddable":true,"href":"https:\/\/puyapeptide.net\/fi\/wp-json\/wp\/v2\/comments?post=7912"}],"wp:featuredmedia":[{"embeddable":true,"href":"https:\/\/puyapeptide.net\/fi\/wp-json\/wp\/v2\/media\/2100"}],"wp:attachment":[{"href":"https:\/\/puyapeptide.net\/fi\/wp-json\/wp\/v2\/media?parent=7912"}],"wp:term":[{"taxonomy":"product_brand","embeddable":true,"href":"https:\/\/puyapeptide.net\/fi\/wp-json\/wp\/v2\/product_brand?post=7912"},{"taxonomy":"product_cat","embeddable":true,"href":"https:\/\/puyapeptide.net\/fi\/wp-json\/wp\/v2\/product_cat?post=7912"},{"taxonomy":"product_tag","embeddable":true,"href":"https:\/\/puyapeptide.net\/fi\/wp-json\/wp\/v2\/product_tag?post=7912"}],"curies":[{"name":"wp","href":"https:\/\/api.w.org\/{rel}","templated":true}]}}