{"id":7987,"date":"2021-12-16T11:24:19","date_gmt":"2021-12-16T16:24:19","guid":{"rendered":"https:\/\/puyapeptide.net\/product\/huippuluokan-aviptadiiliasetaatti-vasoaktiivinen-suolen-peptidi-ihminen-rotta-hiiri-kani-koira-sika-cas-40077-57-4\/"},"modified":"2021-12-16T11:24:19","modified_gmt":"2021-12-16T16:24:19","slug":"huippuluokan-aviptadiiliasetaatti-vasoaktiivinen-suolen-peptidi-ihminen-rotta-hiiri-kani-koira-sika-cas-40077-57-4","status":"publish","type":"product","link":"https:\/\/puyapeptide.net\/fi\/product\/huippuluokan-aviptadiiliasetaatti-vasoaktiivinen-suolen-peptidi-ihminen-rotta-hiiri-kani-koira-sika-cas-40077-57-4\/","title":{"rendered":"Huippuluokan aviptadiiliasetaatti\/vasoaktiivinen suolen peptidi (ihminen, rotta, hiiri, kani, koira, sika) CAS 40077-57-4"},"content":{"rendered":"<h2><strong>Huippuluokan aviptadiiliasetaatti\/vasoaktiivinen suolen peptidi (ihminen, rotta, hiiri, kani, koira, sika) CAS 40077-57-4<\/strong><\/h2>\n<p>Tuotteen nimi: Aviptadil Acetate\/Vasoactive Intestinal Peptide (ihminen, rotta, hiiri, kani, koira, sika)<br \/>\nSynonyymit: VASOACTIVE INESTINAL PEPTIDE (IHMIS, NAUTAS, SIAT, ROTT); VASOACTIVE INTESTINAL, PEPTPOIDE (PEPTOPIDI) );VASOAKTIIVINEN SUOLTOPEPTIDI, IHMISEN, SIAN JA ROTA;VASOAKTIIVINEN SUOLTOPEPTIDI (IHMIS, SIAT) (NAUTA, ROTT, KOIRA);VASOAKTIIVINEN SUOLTOPEPTIDI IHMISEN, SIAN, ROTTAN VASOACTIVE INESTINAL PEPTID, SIAN;VASOAKTIIVINEN SUOLTOPEPTIDI<br \/>\nCAS: 40077-57-4<br \/>\nMF: C147H238N44O42S<br \/>\nMW: 3325.8<br \/>\nEINECS: &lt;Tuotekategoria &amp; PPP-AP&amp;&gt; &gt;Mol File: 40077-57-4.mol<\/p>\n<p>Aviptadil, joka tunnetaan my\u00f6s nimell\u00e4 vasoactive intestinal polypeptide (VIP), on 28 aminohapon neuropeptidi, joka kuuluu glukagonin kasvuhormonia vapauttavien tekij\u00f6iden erityksen superperheeseen. Sill\u00e4 on voimakas anti-inflammatorinen ja immunomodulatorinen vaikutus. Lis\u00e4ksi Aviptadil toimii tehokkaana systeemisen\u00e4 verisuonia ja keuhkoputkia laajentavana aineena, se est\u00e4\u00e4 verisuonten ja keuhkoputkien sile\u00e4n lihaksen solujen lis\u00e4\u00e4ntymist\u00e4 ja v\u00e4hent\u00e4\u00e4 verihiutaleiden aggregaatiota. N\u00e4m\u00e4 biologiset vaikutukset ovat spesifisten VIP-reseptorien v\u00e4litt\u00e4mi\u00e4. <\/p>\n<p>Vasoaktiivinen suolen peptidi (VIP) on levinnyt laajalti kehossa ja sen uskotaan esiintyv\u00e4n kaikkialla ruoansulatuskanavassa. Se on 28-t\u00e4hteinen polypeptidi, jolla on rakenteellisia samankaltaisuuksia sekretiinin ja glukagonin kanssa. Se aiheuttaa vasodilataatiota ja lis\u00e4\u00e4 syd\u00e4men supistumiskyky\u00e4. VIP stimuloi bikarbonaattierityst\u00e4, rentouttaa maha-suolikanavan ja muita sileit\u00e4 lihaksia, stimuloi glykogeneesi\u00e4, est\u00e4\u00e4 mahahapon erityst\u00e4 ja stimuloi insuliinin erityst\u00e4. Sen hormonaalista ja v\u00e4litt\u00e4j\u00e4aineen roolia on tutkittu.<\/p>\n<p> <strong>Aviptadil Acetate\/Vasoactive Intestinal Peptide (ihminen, rotta, hiiri, kani, koira, sika) CAS 40077-57-4 Kemialliset ominaisuudet<\/strong><br \/>\ntiheys 1,47\u00b10,1 g\/ cm3(ennustettu)<br \/>\nvarastointil\u00e4mp\u00f6tila \u221220\u00b0C<br \/>\nliukoisuus 1 % etikkahappoa: liukeneva 0,1 %, kirkas, v\u00e4rit\u00f6n<br \/>\nmuotoinen jauhe<br \/>\nInChIKey HEOYHMUESMJFDC-RIWXPGAOSA-N<\/p>\n<p> <strong>Aviptadiliasetaatin\/vasoaktiivisen suolen peptidin toiminta ja k\u00e4ytt\u00f6 (ihminen, rotta, hiiri, kani, koira, sika) CAS 40077-57-4<\/strong><br \/>\nAviptadil Acetate MondobiotechAG:n ja BiogenIdecin kehitt\u00e4m\u00e4 atendiiliasetaatti on lineaarinen Chemicalbook-peptidi, joka koostuu 28 aminohaposta ja jota k\u00e4ytet\u00e4\u00e4n p\u00e4\u00e4asiassa hoidossa akuutin hengitysvaikeusoireyhtym\u00e4n ja idiopaattisen keuhkofibroosin hoitoon, jolla on parempi vaikutus ja v\u00e4hemm\u00e4n sivuvaikutuksia, ja se on lupaava peptidil\u00e4\u00e4ke.<\/p>\n","protected":false},"excerpt":{"rendered":"<p>Tuotenimi: Aviptadil Acetate\/Vasoactive Intestinal Peptide (ihminen, rotta, hiiri, kani, koira, sika)<br \/>\nCAS: 40077-57-4<br \/>\nMF: C147H238N44O42S<br \/>\nMW: 3325.8<br \/>\nM 40077-57-4.mol<\/p>\n","protected":false},"featured_media":2289,"comment_status":"open","ping_status":"closed","template":"","meta":{"om_disable_all_campaigns":false,"_monsterinsights_skip_tracking":false,"_monsterinsights_sitenote_active":false,"_monsterinsights_sitenote_note":"","_monsterinsights_sitenote_category":0,"site-sidebar-layout":"default","site-content-layout":"default","ast-site-content-layout":"default","site-content-style":"default","site-sidebar-style":"default","ast-global-header-display":"","ast-banner-title-visibility":"","ast-main-header-display":"","ast-hfb-above-header-display":"","ast-hfb-below-header-display":"","ast-hfb-mobile-header-display":"","site-post-title":"","ast-breadcrumbs-content":"","ast-featured-img":"","footer-sml-layout":"","ast-disable-related-posts":"","theme-transparent-header-meta":"default","adv-header-id-meta":"","stick-header-meta":"","header-above-stick-meta":"","header-main-stick-meta":"","header-below-stick-meta":"","astra-migrate-meta-layouts":"default","ast-page-background-enabled":"default","ast-page-background-meta":{"desktop":{"background-color":"","background-image":"","background-repeat":"repeat","background-position":"center center","background-size":"auto","background-attachment":"scroll","background-type":"","background-media":"","overlay-type":"","overlay-color":"","overlay-opacity":"","overlay-gradient":""},"tablet":{"background-color":"","background-image":"","background-repeat":"repeat","background-position":"center center","background-size":"auto","background-attachment":"scroll","background-type":"","background-media":"","overlay-type":"","overlay-color":"","overlay-opacity":"","overlay-gradient":""},"mobile":{"background-color":"","background-image":"","background-repeat":"repeat","background-position":"center center","background-size":"auto","background-attachment":"scroll","background-type":"","background-media":"","overlay-type":"","overlay-color":"","overlay-opacity":"","overlay-gradient":""}},"ast-content-background-meta":{"desktop":{"background-color":"var(--ast-global-color-5)","background-image":"","background-repeat":"repeat","background-position":"center center","background-size":"auto","background-attachment":"scroll","background-type":"","background-media":"","overlay-type":"","overlay-color":"","overlay-opacity":"","overlay-gradient":""},"tablet":{"background-color":"var(--ast-global-color-5)","background-image":"","background-repeat":"repeat","background-position":"center center","background-size":"auto","background-attachment":"scroll","background-type":"","background-media":"","overlay-type":"","overlay-color":"","overlay-opacity":"","overlay-gradient":""},"mobile":{"background-color":"var(--ast-global-color-5)","background-image":"","background-repeat":"repeat","background-position":"center center","background-size":"auto","background-attachment":"scroll","background-type":"","background-media":"","overlay-type":"","overlay-color":"","overlay-opacity":"","overlay-gradient":""}}},"product_brand":[],"product_cat":[532],"product_tag":[1782,1738,1804,1760,1716,1694],"class_list":{"0":"post-7987","1":"product","2":"type-product","3":"status-publish","4":"has-post-thumbnail","6":"product_cat-muut-peptidit","7":"product_tag-canine-fi","8":"product_tag-mouse-fi","9":"product_tag-porcine-cas-40077-57-4-fi","10":"product_tag-rabbit-fi","11":"product_tag-rat-fi","12":"product_tag-top-grade-aviptadil-acetate-vasoactive-intestinal-peptide-human-fi","13":"desktop-align-left","14":"tablet-align-left","15":"mobile-align-left","17":"first","18":"instock","19":"shipping-taxable","20":"product-type-simple"},"_links":{"self":[{"href":"https:\/\/puyapeptide.net\/fi\/wp-json\/wp\/v2\/product\/7987","targetHints":{"allow":["GET"]}}],"collection":[{"href":"https:\/\/puyapeptide.net\/fi\/wp-json\/wp\/v2\/product"}],"about":[{"href":"https:\/\/puyapeptide.net\/fi\/wp-json\/wp\/v2\/types\/product"}],"replies":[{"embeddable":true,"href":"https:\/\/puyapeptide.net\/fi\/wp-json\/wp\/v2\/comments?post=7987"}],"wp:featuredmedia":[{"embeddable":true,"href":"https:\/\/puyapeptide.net\/fi\/wp-json\/wp\/v2\/media\/2289"}],"wp:attachment":[{"href":"https:\/\/puyapeptide.net\/fi\/wp-json\/wp\/v2\/media?parent=7987"}],"wp:term":[{"taxonomy":"product_brand","embeddable":true,"href":"https:\/\/puyapeptide.net\/fi\/wp-json\/wp\/v2\/product_brand?post=7987"},{"taxonomy":"product_cat","embeddable":true,"href":"https:\/\/puyapeptide.net\/fi\/wp-json\/wp\/v2\/product_cat?post=7987"},{"taxonomy":"product_tag","embeddable":true,"href":"https:\/\/puyapeptide.net\/fi\/wp-json\/wp\/v2\/product_tag?post=7987"}],"curies":[{"name":"wp","href":"https:\/\/api.w.org\/{rel}","templated":true}]}}