{"id":7998,"date":"2021-12-16T11:24:23","date_gmt":"2021-12-16T16:24:23","guid":{"rendered":"https:\/\/puyapeptide.net\/product\/puya-supply-eledoisin-acetate-eledoisin-cas-69-25-0\/"},"modified":"2021-12-16T11:24:23","modified_gmt":"2021-12-16T16:24:23","slug":"puya-supply-eledoisin-acetate-eledoisin-cas-69-25-0","status":"publish","type":"product","link":"https:\/\/puyapeptide.net\/fi\/product\/puya-supply-eledoisin-acetate-eledoisin-cas-69-25-0\/","title":{"rendered":"Puya Supply Eledoisin Acetate\/ Eledoisin CAS 69-25-0"},"content":{"rendered":"<h2><strong>Puya Supply Eledoisin Acetate\/ Eledoisin CAS 69-25-0<\/strong><\/h2>\n<p>Tuotteen nimi: Eledoisin<br \/>\nSynonyymit: eledonepeptide;ELEDOISIN;GLP-PRO-SER-LYS-ASP-ALA-PHE-ILE-GLY-LEU-MET-NH2;5-okso-l-prolyyli-l- prolyyli-l-seryyli-l-lysyyli-l-aspartyyli-l-alanyyli-l-fenyylialanyyli-l-isoleusyyliglysyyli-l-leusyyli-l-metioniiniamidi; PYR-PRO-SER-LYS-ASP-ALA-PHE-ILE- GLY-LEU-MET-NH2;PYR-PSKDAFIGLM-NH2;PGLU-PRO-SER-LYS-ASP-ALA-PHE-ILE-GLY-LEU-MET-NH2;ELEDOSIINI<br \/>\nCAS: 69-25-0&lt; &amp;&gt;MF: C54H85N13O15S<br \/>\nMW: 1188,4<br \/>\nEINECS:<br \/>\nTuoteluokat: proteiinit;Peptidi<br \/>\nMol Tiedosto: 69-25-0.mol<\/p>\n<p>Eledoisin Acetate, j\u00e4sen takykiniiniperhe on aktiivinen peptidi, joka kiihottaa hermosoluja ja laukaisee k\u00e4ytt\u00e4ytymisvasteita. Se on voimakas verisuonia laajentava ja erityst\u00e4 lis\u00e4\u00e4v\u00e4 aine, joka koskettaa monia sileit\u00e4 lihaksia.<\/p>\n<p> <strong>Eledoisin Acetate\/ Eledoisin CAS 69-25-0 Kemialliset ominaisuudet<\/strong><br \/>\nSulamispiste 230 \u00b0C (hajoaa)<br \/>\nKiehumispiste 1618,1\u00b165,0 \u00b0C(ennustettu)<br \/>\ntiheys 1,289\u00b10,06 g\/cm3(ennustettu)<br \/>\nvarastointil\u00e4mp\u00f6tila. \u221220\u00b0C<br \/>\npka 4,19\u00b10,10(ennustettu)<\/p>\n<p> <strong>Eledoisin Acetate\/ Eledoisin CAS 69-25-0<\/strong><br \/>\nSill\u00e4 on p\u00e4\u00e4asiassa voimakas angiotensiini II vasokonstriktio ja verenpaineen nousu. Mekanismi on: 1. Jotta kehon valtimoiden sile\u00e4n lihaksen supistuminen, lis\u00e4\u00e4ntynyt perifeerinen vastus; 2. Joten lis\u00e4\u00e4 lis\u00e4munuaisen aldosteronin vapautumista, mik\u00e4 aiheuttaa natriumin pid\u00e4ttymist\u00e4, lis\u00e4\u00e4ntynyt veren tilavuus; 3. Edist\u00e4\u00e4 suoraan munuaistiehyiden natriumin ja veden takaisinimeytymist\u00e4; 4. Joten aivojen keskushermoston sympaattinen verisuonia supistava toiminta, mik\u00e4 aiheuttaa lis\u00e4\u00e4ntynytt\u00e4 perifeerist\u00e4 verisuonten vastusta; 5. Stimuloi lis\u00e4munuaisen ydin vapauttamaan epinefriini\u00e4 ja norepinefriini\u00e4<\/p>\n","protected":false},"excerpt":{"rendered":"<p>Tuotteen nimi: Eledoisin<br \/>\nCAS: 69-25-0<br \/>\nMF: C54H85N13O15S<br \/>\nMW: 1188.4<br \/>\nMol Tiedosto: 69-25-0.mol<\/p>\n","protected":false},"featured_media":2268,"comment_status":"open","ping_status":"closed","template":"","meta":{"om_disable_all_campaigns":false,"_monsterinsights_skip_tracking":false,"_monsterinsights_sitenote_active":false,"_monsterinsights_sitenote_note":"","_monsterinsights_sitenote_category":0,"site-sidebar-layout":"default","site-content-layout":"default","ast-site-content-layout":"default","site-content-style":"default","site-sidebar-style":"default","ast-global-header-display":"","ast-banner-title-visibility":"","ast-main-header-display":"","ast-hfb-above-header-display":"","ast-hfb-below-header-display":"","ast-hfb-mobile-header-display":"","site-post-title":"","ast-breadcrumbs-content":"","ast-featured-img":"","footer-sml-layout":"","ast-disable-related-posts":"","theme-transparent-header-meta":"default","adv-header-id-meta":"","stick-header-meta":"","header-above-stick-meta":"","header-main-stick-meta":"","header-below-stick-meta":"","astra-migrate-meta-layouts":"default","ast-page-background-enabled":"default","ast-page-background-meta":{"desktop":{"background-color":"","background-image":"","background-repeat":"repeat","background-position":"center center","background-size":"auto","background-attachment":"scroll","background-type":"","background-media":"","overlay-type":"","overlay-color":"","overlay-opacity":"","overlay-gradient":""},"tablet":{"background-color":"","background-image":"","background-repeat":"repeat","background-position":"center center","background-size":"auto","background-attachment":"scroll","background-type":"","background-media":"","overlay-type":"","overlay-color":"","overlay-opacity":"","overlay-gradient":""},"mobile":{"background-color":"","background-image":"","background-repeat":"repeat","background-position":"center center","background-size":"auto","background-attachment":"scroll","background-type":"","background-media":"","overlay-type":"","overlay-color":"","overlay-opacity":"","overlay-gradient":""}},"ast-content-background-meta":{"desktop":{"background-color":"var(--ast-global-color-5)","background-image":"","background-repeat":"repeat","background-position":"center center","background-size":"auto","background-attachment":"scroll","background-type":"","background-media":"","overlay-type":"","overlay-color":"","overlay-opacity":"","overlay-gradient":""},"tablet":{"background-color":"var(--ast-global-color-5)","background-image":"","background-repeat":"repeat","background-position":"center center","background-size":"auto","background-attachment":"scroll","background-type":"","background-media":"","overlay-type":"","overlay-color":"","overlay-opacity":"","overlay-gradient":""},"mobile":{"background-color":"var(--ast-global-color-5)","background-image":"","background-repeat":"repeat","background-position":"center center","background-size":"auto","background-attachment":"scroll","background-type":"","background-media":"","overlay-type":"","overlay-color":"","overlay-opacity":"","overlay-gradient":""}}},"product_brand":[],"product_cat":[532],"product_tag":[1659],"class_list":{"0":"post-7998","1":"product","2":"type-product","3":"status-publish","4":"has-post-thumbnail","6":"product_cat-muut-peptidit","7":"product_tag-puya-supply-eledoisin-acetate-eledoisin-cas-69-25-0-fi","8":"desktop-align-left","9":"tablet-align-left","10":"mobile-align-left","12":"first","13":"instock","14":"shipping-taxable","15":"product-type-simple"},"_links":{"self":[{"href":"https:\/\/puyapeptide.net\/fi\/wp-json\/wp\/v2\/product\/7998","targetHints":{"allow":["GET"]}}],"collection":[{"href":"https:\/\/puyapeptide.net\/fi\/wp-json\/wp\/v2\/product"}],"about":[{"href":"https:\/\/puyapeptide.net\/fi\/wp-json\/wp\/v2\/types\/product"}],"replies":[{"embeddable":true,"href":"https:\/\/puyapeptide.net\/fi\/wp-json\/wp\/v2\/comments?post=7998"}],"wp:featuredmedia":[{"embeddable":true,"href":"https:\/\/puyapeptide.net\/fi\/wp-json\/wp\/v2\/media\/2268"}],"wp:attachment":[{"href":"https:\/\/puyapeptide.net\/fi\/wp-json\/wp\/v2\/media?parent=7998"}],"wp:term":[{"taxonomy":"product_brand","embeddable":true,"href":"https:\/\/puyapeptide.net\/fi\/wp-json\/wp\/v2\/product_brand?post=7998"},{"taxonomy":"product_cat","embeddable":true,"href":"https:\/\/puyapeptide.net\/fi\/wp-json\/wp\/v2\/product_cat?post=7998"},{"taxonomy":"product_tag","embeddable":true,"href":"https:\/\/puyapeptide.net\/fi\/wp-json\/wp\/v2\/product_tag?post=7998"}],"curies":[{"name":"wp","href":"https:\/\/api.w.org\/{rel}","templated":true}]}}