{"id":8044,"date":"2021-12-16T12:15:28","date_gmt":"2021-12-16T17:15:28","guid":{"rendered":"https:\/\/puyapeptide.net\/product\/protireliiniasetaatti-protireliini-tyrotropiinia-vapauttava-hormoni-trh-cas-24305-27-9-laboratoriotutkimukseen\/"},"modified":"2021-12-16T12:15:28","modified_gmt":"2021-12-16T17:15:28","slug":"protireliiniasetaatti-protireliini-tyrotropiinia-vapauttava-hormoni-trh-cas-24305-27-9-laboratoriotutkimukseen","status":"publish","type":"product","link":"https:\/\/puyapeptide.net\/fi\/product\/protireliiniasetaatti-protireliini-tyrotropiinia-vapauttava-hormoni-trh-cas-24305-27-9-laboratoriotutkimukseen\/","title":{"rendered":"Protireliiniasetaatti\/protireliini\/tyrotropiinia vapauttava hormoni (TRH) CAS 24305-27-9 laboratoriotutkimukseen"},"content":{"rendered":"<h2><strong>Protireliiniasetaatti\/protireliini\/tyrotropiinia vapauttava hormoni (TRH) CAS 24305-27-9 laboratoriotutkimukseen<\/strong><\/h2>\n<p>Tuotteen nimi: Protireliiniasetaatti\/ Protireliini\/ Tyrotropiinia vapauttava hormoni (TRH)<br \/>\nSynonyymit: THR 1-2;THR 2-3;PROTIRELIN;PYROGLU-HIS-PRO AMIDE;PYROGLU-HIS-PRO NH2;PYR- HIS-PRO-NH2(TRH);PYR-HIS-PRO-NH2;PGLU-HIS-PRO-NH2<br \/>\nCAS: 24305-27-9<br \/>\nMF: C16H22N6O4<br \/>\nMW: 362,38<br \/>\nEINECS : 246-143-4<br \/>\nTuoteluokat: Peptide; TIPINONE<br \/>\nMol Tiedosto: 24305-27-9.mol<\/p>\n<p>Protireliini, joka tunnettiin aiemmin nimell\u00e4 tyrotropiinia vapauttava hormoni, on tripeptidihormoni, joka vapautuu hypotalamus. TRH on levinnyt laajalti keskushermostoon ja joihinkin perifeerisiin elimiin, ja endokriinisten vaikutustensa lis\u00e4ksi se toimii my\u00f6s endogeenisen\u00e4 eksitatorisena v\u00e4litt\u00e4j\u00e4aineena, joka tuottaa laajan valikoiman keskus- ja \u00e4\u00e4reisvaikutuksia. Sill\u00e4 on jonkin verran antagonistista vaikutusta endogeenisiin opioidireseptoreihin, mutta se ei antagonisoi morfiinin analgeettista vaikutusta.<\/p>\n<p> <strong>Protireliiniasetaatti\/ Protireliini\/Tyrotropiinia vapauttava hormoni (TRH) CAS 24305-27-9 Kemialliset ominaisuudet<\/strong><br \/>\nTRH Kemialliset ominaisuudet<br \/>\nalfa -50 (D\/25 \u2103) (c = 1,5, H2O) -65,5 (D) (c = 1,0, H2O)<br \/>\nKiehumispiste 494 \u00b0C (karkea arvio)<br \/>\ntiheys 1,1675 (karkea arvio)<br \/>\ntaitekerroin 1,6000 (arvio)<br \/>\nvarastointil\u00e4mp\u00f6tila. \u221220\u00b0C<br \/>\nliukoisuus H2O: 10 mg\/ml, kirkas, v\u00e4rit\u00f6n<br \/>\npka 13.05\u00b10.20(ennustettu)<br \/>\nmuotojauhe<br \/>\nPH pH (10g\/l, 25\u2103) : 3.0\uff5e4.0<br \/>\nMerck 13,9663<br \/>\nBRN 770238<br \/>\nInChIKey ITYONPBTNRIEBA-SRVKXCTJSA-N<br \/>\nCAS-tietokannan viite 24305-27-9<\/p>\n<p> <strong>Protireliiniasetaatin\/thleasrotropiinin toiminta ja k\u00e4ytt\u00f6 (TRH)<\/strong><br \/>\nShokin hoidon lis\u00e4ksi Protirelinill\u00e4 on muita k\u00e4ytt\u00f6tarkoituksia, kuten hypotalamuksen hypotyreoosin ja sentraalisen kilpirauhasen liikatoiminnan hoito endokrinologiassa. Psykiatriassa sit\u00e4 k\u00e4ytet\u00e4\u00e4n masennuksen ja skitsofrenian hoitoon. Neurologiassa sit\u00e4 k\u00e4ytet\u00e4\u00e4n aivo- ja selk\u00e4ydinvamman, eri syist\u00e4 johtuvan kemiallisen kirjakooman, amyotrofisen lateraaliskleroosin, selk\u00e4rangan pikkuaivojen rappeuman, Alzheimerin taudin, epilepsian jne. hoitoon. Sit\u00e4 k\u00e4ytet\u00e4\u00e4n kilpirauhasen liikatoiminnan diagnosoinnissa. Siksi Protirelin on l\u00e4\u00e4ke, jolla on hyv\u00e4 kehitysarvo ja joka ansaitsee lis\u00e4tutkimusta sen k\u00e4ytt\u00f6tarkoituksen laajentamiseksi.<\/p>\n","protected":false},"excerpt":{"rendered":"<p>Tuotenimi: Protireliiniasetaatti\/ Protireliini\/Tyreotropiinia vapauttava hormoni (TRH)<br \/>\nCAS: 24305-27-9<br \/>\nMF: C16H22N6O4<br \/>\nMW: 362.38<br \/>\nEINECS: 246-143-4<br \/>\nMol Tiedosto: 24305-27-9.mol<\/p>\n","protected":false},"featured_media":2205,"comment_status":"open","ping_status":"closed","template":"","meta":{"om_disable_all_campaigns":false,"_monsterinsights_skip_tracking":false,"_monsterinsights_sitenote_active":false,"_monsterinsights_sitenote_note":"","_monsterinsights_sitenote_category":0,"site-sidebar-layout":"default","site-content-layout":"default","ast-site-content-layout":"default","site-content-style":"default","site-sidebar-style":"default","ast-global-header-display":"","ast-banner-title-visibility":"","ast-main-header-display":"","ast-hfb-above-header-display":"","ast-hfb-below-header-display":"","ast-hfb-mobile-header-display":"","site-post-title":"","ast-breadcrumbs-content":"","ast-featured-img":"","footer-sml-layout":"","ast-disable-related-posts":"","theme-transparent-header-meta":"default","adv-header-id-meta":"","stick-header-meta":"","header-above-stick-meta":"","header-main-stick-meta":"","header-below-stick-meta":"","astra-migrate-meta-layouts":"default","ast-page-background-enabled":"default","ast-page-background-meta":{"desktop":{"background-color":"","background-image":"","background-repeat":"repeat","background-position":"center center","background-size":"auto","background-attachment":"scroll","background-type":"","background-media":"","overlay-type":"","overlay-color":"","overlay-opacity":"","overlay-gradient":""},"tablet":{"background-color":"","background-image":"","background-repeat":"repeat","background-position":"center center","background-size":"auto","background-attachment":"scroll","background-type":"","background-media":"","overlay-type":"","overlay-color":"","overlay-opacity":"","overlay-gradient":""},"mobile":{"background-color":"","background-image":"","background-repeat":"repeat","background-position":"center center","background-size":"auto","background-attachment":"scroll","background-type":"","background-media":"","overlay-type":"","overlay-color":"","overlay-opacity":"","overlay-gradient":""}},"ast-content-background-meta":{"desktop":{"background-color":"var(--ast-global-color-5)","background-image":"","background-repeat":"repeat","background-position":"center center","background-size":"auto","background-attachment":"scroll","background-type":"","background-media":"","overlay-type":"","overlay-color":"","overlay-opacity":"","overlay-gradient":""},"tablet":{"background-color":"var(--ast-global-color-5)","background-image":"","background-repeat":"repeat","background-position":"center center","background-size":"auto","background-attachment":"scroll","background-type":"","background-media":"","overlay-type":"","overlay-color":"","overlay-opacity":"","overlay-gradient":""},"mobile":{"background-color":"var(--ast-global-color-5)","background-image":"","background-repeat":"repeat","background-position":"center center","background-size":"auto","background-attachment":"scroll","background-type":"","background-media":"","overlay-type":"","overlay-color":"","overlay-opacity":"","overlay-gradient":""}}},"product_brand":[],"product_cat":[532],"product_tag":[1616],"class_list":{"0":"post-8044","1":"product","2":"type-product","3":"status-publish","4":"has-post-thumbnail","6":"product_cat-muut-peptidit","7":"product_tag-protirelin-acetate-protirelin-thyrotropin-releasing-hormone-trh-cas-24305-27-9-for-lab-research-fi","8":"desktop-align-left","9":"tablet-align-left","10":"mobile-align-left","12":"first","13":"instock","14":"shipping-taxable","15":"product-type-simple"},"_links":{"self":[{"href":"https:\/\/puyapeptide.net\/fi\/wp-json\/wp\/v2\/product\/8044","targetHints":{"allow":["GET"]}}],"collection":[{"href":"https:\/\/puyapeptide.net\/fi\/wp-json\/wp\/v2\/product"}],"about":[{"href":"https:\/\/puyapeptide.net\/fi\/wp-json\/wp\/v2\/types\/product"}],"replies":[{"embeddable":true,"href":"https:\/\/puyapeptide.net\/fi\/wp-json\/wp\/v2\/comments?post=8044"}],"wp:featuredmedia":[{"embeddable":true,"href":"https:\/\/puyapeptide.net\/fi\/wp-json\/wp\/v2\/media\/2205"}],"wp:attachment":[{"href":"https:\/\/puyapeptide.net\/fi\/wp-json\/wp\/v2\/media?parent=8044"}],"wp:term":[{"taxonomy":"product_brand","embeddable":true,"href":"https:\/\/puyapeptide.net\/fi\/wp-json\/wp\/v2\/product_brand?post=8044"},{"taxonomy":"product_cat","embeddable":true,"href":"https:\/\/puyapeptide.net\/fi\/wp-json\/wp\/v2\/product_cat?post=8044"},{"taxonomy":"product_tag","embeddable":true,"href":"https:\/\/puyapeptide.net\/fi\/wp-json\/wp\/v2\/product_tag?post=8044"}],"curies":[{"name":"wp","href":"https:\/\/api.w.org\/{rel}","templated":true}]}}