{"id":8104,"date":"2021-12-16T12:18:40","date_gmt":"2021-12-16T17:18:40","guid":{"rendered":"https:\/\/puyapeptide.net\/product\/hot-sale-vasopressin-cas-11000-17-2-laboratoriotutkimukseen\/"},"modified":"2021-12-16T12:18:40","modified_gmt":"2021-12-16T17:18:40","slug":"hot-sale-vasopressin-cas-11000-17-2-laboratoriotutkimukseen","status":"publish","type":"product","link":"https:\/\/puyapeptide.net\/fi\/product\/hot-sale-vasopressin-cas-11000-17-2-laboratoriotutkimukseen\/","title":{"rendered":"Hot Sale Vasopressin CAS 11000-17-2 Laboratoriotutkimukseen"},"content":{"rendered":"<h2><strong>Hot Sale Vasopressin CAS 11000-17-2 Laboratoriotutkimukseen<\/strong><\/h2>\n<p>Tuotteen nimi: Vasopressiini<br \/>\nSynonyymit: adh(hormoni);leiormoni;pitressiini;pituitriini;tonefiini;vasofysiini;1-[19-amino-13-butan-2-yyli-10-(2-karbamoyylietyyli)- 7-(karbamoyylimetyyli)-16-[(4-hydroksifenyyli)metyyli]-6,9,12,15,18-pentaokso-1,2-ditia-5,8,11,14,17-pentatsasykloisaani-4-karbonyyli ]-N-[1-(karbamoyylimetyylikarbamoyyli)-4-(diaminometylideeniamino)butyyli]pyrrolidiini-2-karboksamidi; VASOPRESSIINIASETAATTI<br \/>\nCAS: 11000-17-2<br \/>\nMF: C46H65N13O12S2<br \/>\nMW.2&lt;&amp;56.2&lt;10&amp;56 &gt;EINECS: 234-236-2<br \/>\nTuotekategoriat:<br \/>\nMol-tiedosto: 11000-17-2.mol<\/p>\n<p>Antidiureettinen hormoni, joka tunnetaan my\u00f6s nimell\u00e4 vasopressiini, on yhdeks\u00e4n aminohapon peptidi, jota erittyy aivolis\u00e4kkeen takaosa. Antidiureettinen hormoni sitoutuu reseptoreihin munuaisen distaalisissa tai ker\u00e4ystiehyiss\u00e4 ja edist\u00e4\u00e4 veden imeytymist\u00e4 takaisin verenkiertoon.<\/p>\n<p> <strong>Vasopressiini CAS 11000-17-2 Kemialliset ominaisuudet<\/strong><br \/>\nmuodossa lyofilisoitu jauhe<br \/>\nv\u00e4ri valkoinen<br \/>\nVesiliukoisuus Vesiliukoinen (sekoittuva).<br \/>\nCAS-tietokannan viite 11000-17-2(CAS-tietokannan viite)<\/p>\n<p> <strong>Vasopressiinin CAS 11000-17-2 toiminta ja k\u00e4ytt\u00f6<\/strong><br \/>\nVasopressiini toimii kolmella eri reseptorilla, vasopressiinireseptori V1a (joka k\u00e4ynnist\u00e4\u00e4 verisuonten supistumisen, maksan glukoneogeneesin, verihiutaleiden aggregaation ja tekij\u00e4 VIII:n vapautumisen), vasopressiinireseptori V1b (joka v\u00e4litt\u00e4\u00e4 kortikotropiinin erityst\u00e4 aivolis\u00e4kkeest\u00e4) ja vasopressiinireseptori V2, joka s\u00e4\u00e4telee vapaan veden imeytymist\u00e4 munuaisytimess\u00e4. . Vasopressiinin sitoutuminen V2-reseptoriin aktivoi adenylaattisyklaasin, joka saa aikaan akvaporiini 2 -kanavien vapautumisen munuaisydintiehyit\u00e4 ymp\u00e4r\u00f6iviin soluihin. T\u00e4m\u00e4 mahdollistaa veden imeytymisen takaisin osmoottista gradienttia pitkin, jolloin virtsa on v\u00e4kev\u00e4mp\u00e4\u00e4.<\/p>\n<p>Ihmisl\u00e4\u00e4ketieteess\u00e4 vasopressiini\u00e4 on k\u00e4ytetty akuutin maha-suolikanavan verenvuodon hoitoon ja ruoansulatuskanavan peristaltiikan stimuloimiseen. Vasopressiini CRI:t\u00e4 k\u00e4ytet\u00e4\u00e4n my\u00f6s sellaisten hypotensiivisten septisten potilaiden hoitoon, jotka eiv\u00e4t reagoi tavanomaiseen vasopressoriin. Ennen radiografisia toimenpiteit\u00e4 sit\u00e4 on k\u00e4ytetty h\u00e4iritsevien kaasuvarjojen h\u00e4lvent\u00e4miseen tai varjoaineiden keskitt\u00e4miseen.<\/p>\n","protected":false},"excerpt":{"rendered":"<p>Tuotteen nimi: Vasopressiini<br \/>\nCAS: 11000-17-2<br \/>\nMF: C46H65N13O12S2<br \/>\nMW: 1056.22<br \/>\nEINECS: 234-236-2<br \/>\nMol Tiedosto: 11000-17-2.mol<\/p>\n","protected":false},"featured_media":2205,"comment_status":"open","ping_status":"closed","template":"","meta":{"om_disable_all_campaigns":false,"_monsterinsights_skip_tracking":false,"_monsterinsights_sitenote_active":false,"_monsterinsights_sitenote_note":"","_monsterinsights_sitenote_category":0,"site-sidebar-layout":"default","site-content-layout":"default","ast-site-content-layout":"default","site-content-style":"default","site-sidebar-style":"default","ast-global-header-display":"","ast-banner-title-visibility":"","ast-main-header-display":"","ast-hfb-above-header-display":"","ast-hfb-below-header-display":"","ast-hfb-mobile-header-display":"","site-post-title":"","ast-breadcrumbs-content":"","ast-featured-img":"","footer-sml-layout":"","ast-disable-related-posts":"","theme-transparent-header-meta":"default","adv-header-id-meta":"","stick-header-meta":"","header-above-stick-meta":"","header-main-stick-meta":"","header-below-stick-meta":"","astra-migrate-meta-layouts":"default","ast-page-background-enabled":"default","ast-page-background-meta":{"desktop":{"background-color":"","background-image":"","background-repeat":"repeat","background-position":"center center","background-size":"auto","background-attachment":"scroll","background-type":"","background-media":"","overlay-type":"","overlay-color":"","overlay-opacity":"","overlay-gradient":""},"tablet":{"background-color":"","background-image":"","background-repeat":"repeat","background-position":"center center","background-size":"auto","background-attachment":"scroll","background-type":"","background-media":"","overlay-type":"","overlay-color":"","overlay-opacity":"","overlay-gradient":""},"mobile":{"background-color":"","background-image":"","background-repeat":"repeat","background-position":"center center","background-size":"auto","background-attachment":"scroll","background-type":"","background-media":"","overlay-type":"","overlay-color":"","overlay-opacity":"","overlay-gradient":""}},"ast-content-background-meta":{"desktop":{"background-color":"var(--ast-global-color-5)","background-image":"","background-repeat":"repeat","background-position":"center center","background-size":"auto","background-attachment":"scroll","background-type":"","background-media":"","overlay-type":"","overlay-color":"","overlay-opacity":"","overlay-gradient":""},"tablet":{"background-color":"var(--ast-global-color-5)","background-image":"","background-repeat":"repeat","background-position":"center center","background-size":"auto","background-attachment":"scroll","background-type":"","background-media":"","overlay-type":"","overlay-color":"","overlay-opacity":"","overlay-gradient":""},"mobile":{"background-color":"var(--ast-global-color-5)","background-image":"","background-repeat":"repeat","background-position":"center center","background-size":"auto","background-attachment":"scroll","background-type":"","background-media":"","overlay-type":"","overlay-color":"","overlay-opacity":"","overlay-gradient":""}}},"product_brand":[],"product_cat":[406],"product_tag":[1549],"class_list":{"0":"post-8104","1":"product","2":"type-product","3":"status-publish","4":"has-post-thumbnail","6":"product_cat-veren-ja-verisuonten-peptidi","7":"product_tag-hot-sale-vasopressin-cas-11000-17-2-for-lab-research-fi","8":"desktop-align-left","9":"tablet-align-left","10":"mobile-align-left","12":"first","13":"instock","14":"shipping-taxable","15":"product-type-simple"},"_links":{"self":[{"href":"https:\/\/puyapeptide.net\/fi\/wp-json\/wp\/v2\/product\/8104","targetHints":{"allow":["GET"]}}],"collection":[{"href":"https:\/\/puyapeptide.net\/fi\/wp-json\/wp\/v2\/product"}],"about":[{"href":"https:\/\/puyapeptide.net\/fi\/wp-json\/wp\/v2\/types\/product"}],"replies":[{"embeddable":true,"href":"https:\/\/puyapeptide.net\/fi\/wp-json\/wp\/v2\/comments?post=8104"}],"wp:featuredmedia":[{"embeddable":true,"href":"https:\/\/puyapeptide.net\/fi\/wp-json\/wp\/v2\/media\/2205"}],"wp:attachment":[{"href":"https:\/\/puyapeptide.net\/fi\/wp-json\/wp\/v2\/media?parent=8104"}],"wp:term":[{"taxonomy":"product_brand","embeddable":true,"href":"https:\/\/puyapeptide.net\/fi\/wp-json\/wp\/v2\/product_brand?post=8104"},{"taxonomy":"product_cat","embeddable":true,"href":"https:\/\/puyapeptide.net\/fi\/wp-json\/wp\/v2\/product_cat?post=8104"},{"taxonomy":"product_tag","embeddable":true,"href":"https:\/\/puyapeptide.net\/fi\/wp-json\/wp\/v2\/product_tag?post=8104"}],"curies":[{"name":"wp","href":"https:\/\/api.w.org\/{rel}","templated":true}]}}