{"id":8217,"date":"2021-12-16T12:24:50","date_gmt":"2021-12-16T17:24:50","guid":{"rendered":"https:\/\/puyapeptide.net\/product\/tymosiini-%ce%b11-tymosiini-%ce%b11-asetaattitymosiini-alpha-1-cas-162304-98-7-kroonisen-hepatiitti-bn-hoitoon-ja-immuunijarjestelman-vahvistamiseen\/"},"modified":"2021-12-16T12:24:50","modified_gmt":"2021-12-16T17:24:50","slug":"tymosiini-%ce%b11-tymosiini-%ce%b11-asetaattitymosiini-alpha-1-cas-162304-98-7-kroonisen-hepatiitti-bn-hoitoon-ja-immuunijarjestelman-vahvistamiseen","status":"publish","type":"product","link":"https:\/\/puyapeptide.net\/fi\/product\/tymosiini-%ce%b11-tymosiini-%ce%b11-asetaattitymosiini-alpha-1-cas-162304-98-7-kroonisen-hepatiitti-bn-hoitoon-ja-immuunijarjestelman-vahvistamiseen\/","title":{"rendered":"Tymosiini \u03b11 \/ Tymosiini \u03b11 \/ AsetaattiTymosiini Alpha 1 CAS 162304-98-7 Kroonisen hepatiitti B:n hoitoon ja immuunij\u00e4rjestelm\u00e4n vahvistamiseen"},"content":{"rendered":"<h2><strong>Tymosiini \u03b11 \/ Tymosiini \u03b11 \/ AsetaattiTymosiini Alpha 1 CAS 162304-98-7 Kroonisen hepatiitti B:n hoitoon ja immuunij\u00e4rjestelm\u00e4n vahvistamiseen<\/strong><\/h2>\n<p>Tuotteen nimi: Tymosiini \u03b11<br \/>\nSekvenssi: Ac-Ser-Asp-Ala-Ala-Val-Asp-Thr-Ser-Ser-Glu-Ile-Thr-Thr-Lys-Asp-Leu-Lys-Glu -Lys-Glu-Val-Glu-Glu-Ala-Glu-Ala-Glu-Asn-OH<br \/>\nSynonyymit: TYMOSIN ALPHA 1; TYMOSIN ALPHA1 BOVINE; Tymosiini APHA 1; Zadaksiini; tymosiini \u03b11 asetaatti; tymosiini-asetaatti; tymosiini-asetaatti; Asetaattisuola;Tymosiini \u03b1 1 -asetaatti (tymalfasiini)<br \/>\nCAS: 62304-98-7<br \/>\nMF: C129H215N33O55<br \/>\nMW: 3108,32<br \/>\nEINECS: 1592732-Amicidit&amp;&gt;Producnote: 453-0 Johdannaiset;Peptidi;Erilaiset peptidit<br \/>\nMol File: 62304-98-7.mol<\/p>\n<p>Tymosiini-\u03b11 (T-\u03b11), synteettinen 28 aminohapon peptidi, jolla on useita biologisia aktiivisuuksia, jotka on suunnattu ensisijaisesti immuunivasteeseen parannus, t\u00e4t\u00e4 l\u00e4\u00e4kett\u00e4 k\u00e4ytet\u00e4\u00e4n HBV- ja hepatiitti C-virus (HCV) -infektioiden hoitoon, ja sit\u00e4 kehitet\u00e4\u00e4n ei-pienisoluisen keuhkosy\u00f6v\u00e4n (NSCLC), hepatosellulaarisen karsinooman, AIDSin ja pahanlaatuisen melanooman hoitoon. T-\u03b11 pystyy voimistamaan sytokiinien vaikutusta ja my\u00f6s v\u00e4hent\u00e4m\u00e4\u00e4n sytotoksisten l\u00e4\u00e4kehoitojen, kuten syklofosfamidin, 5-fluorourasiilin, dakarbatsiinin, hematologista toksisuutta.<\/p>\n<p> <strong>Tymosiini \u03b11\/ Tymosiini \u03b11 \/ Asetaatti Tymosiini Alfa1-2130AS4 98-7 Kemialliset ominaisuudet<\/strong><br \/>\nKiehumispiste 2899,7\u00b165,0 \u00b0C(ennustettu)<br \/>\ntiheys 1,360\u00b10,06 g\/cm3(ennustettu)<br \/>\nvarastointil\u00e4mp\u00f6tila. \u221220\u00b0C<br \/>\nliukoisuus On suositeltavaa liuottaa kylm\u00e4kuivattu tymosiini a1 steriiliin 18M\u03a9-cm H2O v\u00e4hint\u00e4\u00e4n 100 \u03bcg\/ml, joka voidaan sitten edelleen laimentaa muihin vesiliuoksiin.<br \/>\nv\u00e4ri Steriili Suodatettu Valkoinen lyofilisoitu (pakastekuivattu) jauhe.<br \/>\nStabiliteetti: Lyofilisoitu tymosiini a1, vaikka se on stabiili huoneenl\u00e4mm\u00f6ss\u00e4 3 viikkoa, tulee s\u00e4ilytt\u00e4\u00e4 kuivattuna alle -18 \u00b0C:ssa. K\u00e4ytt\u00f6valmiiksi saattamisen j\u00e4lkeen tymalfasiini tulee s\u00e4ilytt\u00e4\u00e4 4\u00b0C:ssa 2-7 p\u00e4iv\u00e4\u00e4 ja my\u00f6hemp\u00e4\u00e4 k\u00e4ytt\u00f6\u00e4 varten alle -18\u00b0C.<br \/>\nPitk\u00e4aikaista varastointia varten on suositeltavaa lis\u00e4t\u00e4 kantajaproteiinia (0,1 % HSA tai BSA).&lt;&amp; &gt;Est\u00e4 j\u00e4\u00e4dytys-sulatusjaksot.<\/p>\n<p> <strong>Tymosiini \u03b11:n\/Tymosiini \u03b11:n \/ AcetateThymosin Alpha 1:n toiminta ja k\u00e4ytt\u00f6 CAS 162304-98-7<\/strong><br \/>\nTymosiini \u03b11 on kemiallisesti syntetisoitu tymosiini \u03b11, joka on identtinen ihmisen tymosiinin kanssa \u03b11. Tymosiini \u03b11 on asetyloitu polypeptidi. Tymosiini \u03b11 on t\u00e4ll\u00e4 hetkell\u00e4 hyv\u00e4ksytty B- ja C-hepatiittien hoitoon 35 kehitysmaassa. Tymosiini \u03b11:t\u00e4 k\u00e4ytet\u00e4\u00e4n my\u00f6s immuunivasteen tehostamiseen muiden sairauksien hoidossa.<\/p>\n<p> <strong>Tymosiini alfa 1:n edut<\/strong><br \/>\nTymalfasiini (tymosiini-alfa 1) on immunomoduloiva aine, joka pystyy tehostamaan Thl-immuunivastetta. In vitro: tymalfasiinin (T\u03b11) konjugointi iRGD:n kanssa s\u00e4ilytt\u00e4\u00e4 l\u00e4\u00e4kkeen immunomodulatorisen aktiivisuuden lis\u00e4\u00e4m\u00e4ll\u00e4 hiiren pernan lymfosyyttien proliferaatiota. Lis\u00e4ksi Ta1-hoitoon verrattuna MCF-7-solujen T\u03b11-iRGD-k\u00e4sittely lis\u00e4\u00e4 huomattavasti apoptoosin l\u00e4pik\u00e4yvien solujen m\u00e4\u00e4r\u00e4\u00e4, mik\u00e4 johtaa annoksesta riippuvaiseen sy\u00f6p\u00e4solujen kasvun estoon. <\/p>\n<p>In vivo: Tymalfasiinin on osoitettu tehoavan useissa kokeellisissa immuunij\u00e4rjestelm\u00e4n toimintah\u00e4iri\u00f6iden malleissa, p\u00e4\u00e4asiassa tartuntataudeissa, kuten hepatiitissa ja influenssassa (hiiri), sek\u00e4 sy\u00f6viss\u00e4, kuten melanoomassa (hiiri) ja kolorektaalisissa karsinooma (rotta), jossa tymalfasiinilla on ollut kasvaimia est\u00e4vi\u00e4 vaikutuksia. <\/p>\n<p> <strong>Thymosin alfa 1 Annostus<\/strong><br \/>\nT\u00e4m\u00e4 riippuu painostasi. Kaikessa t\u00e4h\u00e4n menness\u00e4 tehdyss\u00e4 tutkimuksessa on k\u00e4ytetty jyrsij\u00e4tutkimuksia, rotille ja hiirille ruiskutetaan yleens\u00e4 tehokkaalla annoksella, jonka uskotaan olevan noin 10 \u03bcg (mcg) kilogrammaa kohti, ihmisill\u00e4 t\u00e4m\u00e4n uskotaan olevan noin 1,6 \u03bcg:n vastaava annos. ihmiskiloa kohden, joten jos olet: <\/p>\n<p>60 KG (132 lb.), ihanteellinen p\u00e4ivitt\u00e4inen BPC-157 suun kautta otettava annoksesi on 96 \u03bcg (mcg)<br \/>\n70 KG (154 lb.) = &gt; 112 \u03bcg<br \/>\n80 KG (176 lb.) =&gt; 128 \u03bcg<br \/>\n90 KG (198 lb.) =&gt; 144 \u03bcg<\/p>\n","protected":false},"excerpt":{"rendered":"<p>Tuotteen nimi: Thymosin \u03b11<br \/>\nCAS: 62304-98-7<br \/>\nMF: C129H215N33O55<br \/>\nMW: 3108.32<br \/>\nEINECS: 1592732-453-0<br \/>\nMol Tiedosto: 62304-7mol.98<\/p>\n","protected":false},"featured_media":2100,"comment_status":"open","ping_status":"closed","template":"","meta":{"om_disable_all_campaigns":false,"_monsterinsights_skip_tracking":false,"_monsterinsights_sitenote_active":false,"_monsterinsights_sitenote_note":"","_monsterinsights_sitenote_category":0,"site-sidebar-layout":"default","site-content-layout":"default","ast-site-content-layout":"default","site-content-style":"default","site-sidebar-style":"default","ast-global-header-display":"","ast-banner-title-visibility":"","ast-main-header-display":"","ast-hfb-above-header-display":"","ast-hfb-below-header-display":"","ast-hfb-mobile-header-display":"","site-post-title":"","ast-breadcrumbs-content":"","ast-featured-img":"","footer-sml-layout":"","ast-disable-related-posts":"","theme-transparent-header-meta":"default","adv-header-id-meta":"","stick-header-meta":"","header-above-stick-meta":"","header-main-stick-meta":"","header-below-stick-meta":"","astra-migrate-meta-layouts":"default","ast-page-background-enabled":"default","ast-page-background-meta":{"desktop":{"background-color":"","background-image":"","background-repeat":"repeat","background-position":"center center","background-size":"auto","background-attachment":"scroll","background-type":"","background-media":"","overlay-type":"","overlay-color":"","overlay-opacity":"","overlay-gradient":""},"tablet":{"background-color":"","background-image":"","background-repeat":"repeat","background-position":"center center","background-size":"auto","background-attachment":"scroll","background-type":"","background-media":"","overlay-type":"","overlay-color":"","overlay-opacity":"","overlay-gradient":""},"mobile":{"background-color":"","background-image":"","background-repeat":"repeat","background-position":"center center","background-size":"auto","background-attachment":"scroll","background-type":"","background-media":"","overlay-type":"","overlay-color":"","overlay-opacity":"","overlay-gradient":""}},"ast-content-background-meta":{"desktop":{"background-color":"var(--ast-global-color-5)","background-image":"","background-repeat":"repeat","background-position":"center center","background-size":"auto","background-attachment":"scroll","background-type":"","background-media":"","overlay-type":"","overlay-color":"","overlay-opacity":"","overlay-gradient":""},"tablet":{"background-color":"var(--ast-global-color-5)","background-image":"","background-repeat":"repeat","background-position":"center center","background-size":"auto","background-attachment":"scroll","background-type":"","background-media":"","overlay-type":"","overlay-color":"","overlay-opacity":"","overlay-gradient":""},"mobile":{"background-color":"var(--ast-global-color-5)","background-image":"","background-repeat":"repeat","background-position":"center center","background-size":"auto","background-attachment":"scroll","background-type":"","background-media":"","overlay-type":"","overlay-color":"","overlay-opacity":"","overlay-gradient":""}}},"product_brand":[],"product_cat":[375],"product_tag":[1478],"class_list":{"0":"post-8217","1":"product","2":"type-product","3":"status-publish","4":"has-post-thumbnail","6":"product_cat-immunomodulaattori-peptidi","7":"product_tag-thymosin-1-thymosin-1-acetatethymosin-alpha-1-cas-162304-98-7-for-treat-chronic-hepatitis-b-and-boosting-the-immune-system-fi","8":"desktop-align-left","9":"tablet-align-left","10":"mobile-align-left","12":"first","13":"instock","14":"shipping-taxable","15":"product-type-simple"},"_links":{"self":[{"href":"https:\/\/puyapeptide.net\/fi\/wp-json\/wp\/v2\/product\/8217","targetHints":{"allow":["GET"]}}],"collection":[{"href":"https:\/\/puyapeptide.net\/fi\/wp-json\/wp\/v2\/product"}],"about":[{"href":"https:\/\/puyapeptide.net\/fi\/wp-json\/wp\/v2\/types\/product"}],"replies":[{"embeddable":true,"href":"https:\/\/puyapeptide.net\/fi\/wp-json\/wp\/v2\/comments?post=8217"}],"wp:featuredmedia":[{"embeddable":true,"href":"https:\/\/puyapeptide.net\/fi\/wp-json\/wp\/v2\/media\/2100"}],"wp:attachment":[{"href":"https:\/\/puyapeptide.net\/fi\/wp-json\/wp\/v2\/media?parent=8217"}],"wp:term":[{"taxonomy":"product_brand","embeddable":true,"href":"https:\/\/puyapeptide.net\/fi\/wp-json\/wp\/v2\/product_brand?post=8217"},{"taxonomy":"product_cat","embeddable":true,"href":"https:\/\/puyapeptide.net\/fi\/wp-json\/wp\/v2\/product_cat?post=8217"},{"taxonomy":"product_tag","embeddable":true,"href":"https:\/\/puyapeptide.net\/fi\/wp-json\/wp\/v2\/product_tag?post=8217"}],"curies":[{"name":"wp","href":"https:\/\/api.w.org\/{rel}","templated":true}]}}