{"id":8224,"date":"2021-12-16T12:25:48","date_gmt":"2021-12-16T17:25:48","guid":{"rendered":"https:\/\/puyapeptide.net\/product\/korkealaatuinen-cosyntropin-tetracosactide-acetate-cas-16960-16-0-joidenkin-crohnin-taudin-tai-haavaisen-paksusuolitulehduksen-hoito\/"},"modified":"2021-12-16T12:25:48","modified_gmt":"2021-12-16T17:25:48","slug":"korkealaatuinen-cosyntropin-tetracosactide-acetate-cas-16960-16-0-joidenkin-crohnin-taudin-tai-haavaisen-paksusuolitulehduksen-hoito","status":"publish","type":"product","link":"https:\/\/puyapeptide.net\/fi\/product\/korkealaatuinen-cosyntropin-tetracosactide-acetate-cas-16960-16-0-joidenkin-crohnin-taudin-tai-haavaisen-paksusuolitulehduksen-hoito\/","title":{"rendered":"Korkealaatuinen Cosyntropin\/Tetracosactide Acetate CAS 16960-16-0 Joidenkin Crohnin taudin tai haavaisen paksusuolitulehduksen hoito"},"content":{"rendered":"<h2><strong>Korkealaatuinen Cosyntropin\/Tetracosactide Acetate CAS 16960-16-0 Joidenkin Crohnin taudin tai haavaisen paksusuolitulehduksen hoito<\/strong><\/h2>\n<p>Tuotteen nimi: Cosyntropin<br \/>\nSynonyymit: L-SER-TYR-SER-MET-GLU-HIS-PHE-ARG-TRP-GLY-LYS-PRO-VAL-GLY-LYS-LYS-ARG-ARG- PRO-VAL-LYS-VAL-TYR-PRO;kosyntropiini;H-SER-TYR-SER-MET-GLU-HIS-PHE-ARG-TRP-GLY-LYS-PRO-VAL-GLY-LYS-LYS-ARG- ARG PRO-VAL-LYS-VAL-TYR-PRO-OH TETRAKOSAKTIDI (IHMINEN, NAUTA, HIIRI, LAMPA, SIA, KANI, ROTA);H-SER-TYR-SER-MET-GLU-HIS-PHE-ARG-TRP -GLY-LYS-PRO-VAL-GLY-LYS-LYS-ARG-ARG-PRO-VAL-LYS-VAL-TYR-PRO-OH;SER-TYR-SER-MET-GLU-HIS-PHE-ARG-TRP -GLY-LYS-PRO-VAL-GLY-LYS-LYS-ARG-ARG-PRO-VAL-LYS-VAL-TYR-PRO IHMIS;SER-TYR-SER-MET-GLU-HIS-PHE-ARG-TRP- GLY-LYS-PRO-VAL-GLY-LYS-LYS-ARG-ARG-PRO-VAL-LYS-VAL-TYR-PRO;TETRACOSACTIDE;TETRACOSACTIDE (IHMINEN)<br \/>\nCAS: 16960-16-0<br \/>\nMF : C136H210N40O31S<br \/>\nMW: 2933.44<br \/>\nEINECS: 241-031-1<br \/>\nTuoteluokat: Melanokortiinireseptori; Peptidi; Organics<br \/>\nMol File: 16960-16-0.mol&lt;tropin&amp;&gt;Cos&lt;tropin&amp;&gt; on synteettinen polypeptidi, joka koostuu ihmisen ACTH:n aminohappot\u00e4hteist\u00e4 1-24, mutta jolla on t\u00e4ysi biologinen aktiivisuus sen emoproteiinissa. Koska se on synteettist\u00e4 alkuper\u00e4\u00e4, se on v\u00e4hemm\u00e4n allergiaa aiheuttava kuin luonnollinen ACTH. Kosyntropiinia k\u00e4ytet\u00e4\u00e4n diagnostisena aineena lis\u00e4munuaiskuoren vajaatoiminnasta ep\u00e4iltyjen potilaiden seulonnassa. Normaalisti kosyntropiinin parenteraalinen anto vaikuttaa nopeasti lis\u00e4munuaiskuoreen ja vaikuttaa plasman hydrokortisonin vapautumiseen; testi\u00e4 suoritettaessa hydrokortisonipitoisuuksia verrataan aikaisemmin otettuun kontrolliverin\u00e4ytteeseen.<\/p>\n<p> <strong>Cosyntropin\/Tetracosactide Acetate CAS 16960-16-0 Kemialliset ominaisuudet<\/strong><br \/>\ntiheys 1,47\u00b10,1 g\/cm3 (ennustettu)&lt; &amp;&gt; s\u00e4ilytysl\u00e4mp\u00f6tila \u221220\u00b0C<br \/>\nliukoisuus Liukenee niukasti veteen.<br \/>\nVesiliukoisuus Vesiliukoinen<br \/>\nInChIKey ZOEFCCMDUURGSE-SQKVDDBVSA-N<br \/>\nCAS-tietokannan viite 16960-16-0(CAS-tietokannan viite)<br \/>\n&lt; &amp;&gt; <strong>Cosyntropin\/Tetracosactide Acetate CAS 16960-16-0:n toiminta ja k\u00e4ytt\u00f6<\/strong><br \/>\nK\u00e4ytet\u00e4\u00e4n lis\u00e4munuaisen kortikaalisen vajaatoiminnan diagnosointiin; k\u00e4ytet\u00e4\u00e4n my\u00f6s reuman, nivelreuman, ihosairauksien ja shokin hoitoon. Haittavaikutukset ja vasta-aiheet: kutina, punoitus, urtikaria, bronkospasmi ja muut Chemicalbookin allergiset reaktiot ovat harvinaisempia kuin kortikosteroidit. Satunnainen py\u00f6rtyminen ja puutos. Pitk\u00e4aikainen tai liiallinen k\u00e4ytt\u00f6 voi aiheuttaa turvotusta, kohonnutta verenpainetta, hypokalemiaa, hyperpigmentaatiota ja infektioita jne. K\u00e4yt\u00e4 varoen, jos olet allerginen luonnollisille kortikosteroideille.<\/p>\n","protected":false},"excerpt":{"rendered":"<p>Tuotteen nimi: Cosyntropin<br \/>\nCAS: 16960-16-0<br \/>\nMF: C136H210N40O31S<br \/>\nMW: 2933.44<br \/>\nEINECS: 241-031-1<br \/>\nMol File: 16960-16-0.mol<\/p>\n","protected":false},"featured_media":2331,"comment_status":"open","ping_status":"closed","template":"","meta":{"om_disable_all_campaigns":false,"_monsterinsights_skip_tracking":false,"_monsterinsights_sitenote_active":false,"_monsterinsights_sitenote_note":"","_monsterinsights_sitenote_category":0,"site-sidebar-layout":"default","site-content-layout":"default","ast-site-content-layout":"default","site-content-style":"default","site-sidebar-style":"default","ast-global-header-display":"","ast-banner-title-visibility":"","ast-main-header-display":"","ast-hfb-above-header-display":"","ast-hfb-below-header-display":"","ast-hfb-mobile-header-display":"","site-post-title":"","ast-breadcrumbs-content":"","ast-featured-img":"","footer-sml-layout":"","ast-disable-related-posts":"","theme-transparent-header-meta":"default","adv-header-id-meta":"","stick-header-meta":"","header-above-stick-meta":"","header-main-stick-meta":"","header-below-stick-meta":"","astra-migrate-meta-layouts":"default","ast-page-background-enabled":"default","ast-page-background-meta":{"desktop":{"background-color":"","background-image":"","background-repeat":"repeat","background-position":"center center","background-size":"auto","background-attachment":"scroll","background-type":"","background-media":"","overlay-type":"","overlay-color":"","overlay-opacity":"","overlay-gradient":""},"tablet":{"background-color":"","background-image":"","background-repeat":"repeat","background-position":"center center","background-size":"auto","background-attachment":"scroll","background-type":"","background-media":"","overlay-type":"","overlay-color":"","overlay-opacity":"","overlay-gradient":""},"mobile":{"background-color":"","background-image":"","background-repeat":"repeat","background-position":"center center","background-size":"auto","background-attachment":"scroll","background-type":"","background-media":"","overlay-type":"","overlay-color":"","overlay-opacity":"","overlay-gradient":""}},"ast-content-background-meta":{"desktop":{"background-color":"var(--ast-global-color-5)","background-image":"","background-repeat":"repeat","background-position":"center center","background-size":"auto","background-attachment":"scroll","background-type":"","background-media":"","overlay-type":"","overlay-color":"","overlay-opacity":"","overlay-gradient":""},"tablet":{"background-color":"var(--ast-global-color-5)","background-image":"","background-repeat":"repeat","background-position":"center center","background-size":"auto","background-attachment":"scroll","background-type":"","background-media":"","overlay-type":"","overlay-color":"","overlay-opacity":"","overlay-gradient":""},"mobile":{"background-color":"var(--ast-global-color-5)","background-image":"","background-repeat":"repeat","background-position":"center center","background-size":"auto","background-attachment":"scroll","background-type":"","background-media":"","overlay-type":"","overlay-color":"","overlay-opacity":"","overlay-gradient":""}}},"product_brand":[],"product_cat":[532],"product_tag":[1444],"class_list":{"0":"post-8224","1":"product","2":"type-product","3":"status-publish","4":"has-post-thumbnail","6":"product_cat-muut-peptidit","7":"product_tag-high-quality-cosyntropin-tetracosactide-acetate-cas-16960-16-0-treat-for-some-crohns-disease-or-ulcerative-colitis-fi","8":"desktop-align-left","9":"tablet-align-left","10":"mobile-align-left","12":"first","13":"instock","14":"shipping-taxable","15":"product-type-simple"},"_links":{"self":[{"href":"https:\/\/puyapeptide.net\/fi\/wp-json\/wp\/v2\/product\/8224","targetHints":{"allow":["GET"]}}],"collection":[{"href":"https:\/\/puyapeptide.net\/fi\/wp-json\/wp\/v2\/product"}],"about":[{"href":"https:\/\/puyapeptide.net\/fi\/wp-json\/wp\/v2\/types\/product"}],"replies":[{"embeddable":true,"href":"https:\/\/puyapeptide.net\/fi\/wp-json\/wp\/v2\/comments?post=8224"}],"wp:featuredmedia":[{"embeddable":true,"href":"https:\/\/puyapeptide.net\/fi\/wp-json\/wp\/v2\/media\/2331"}],"wp:attachment":[{"href":"https:\/\/puyapeptide.net\/fi\/wp-json\/wp\/v2\/media?parent=8224"}],"wp:term":[{"taxonomy":"product_brand","embeddable":true,"href":"https:\/\/puyapeptide.net\/fi\/wp-json\/wp\/v2\/product_brand?post=8224"},{"taxonomy":"product_cat","embeddable":true,"href":"https:\/\/puyapeptide.net\/fi\/wp-json\/wp\/v2\/product_cat?post=8224"},{"taxonomy":"product_tag","embeddable":true,"href":"https:\/\/puyapeptide.net\/fi\/wp-json\/wp\/v2\/product_tag?post=8224"}],"curies":[{"name":"wp","href":"https:\/\/api.w.org\/{rel}","templated":true}]}}