{"id":8234,"date":"2021-12-16T12:25:51","date_gmt":"2021-12-16T17:25:51","guid":{"rendered":"https:\/\/puyapeptide.net\/product\/huippuluokan-abaloparatidi-cas-247062-33-5-murtumien-ja-hyperkalsemian-esiintyvyyden-vahentamiseen\/"},"modified":"2021-12-16T12:25:51","modified_gmt":"2021-12-16T17:25:51","slug":"huippuluokan-abaloparatidi-cas-247062-33-5-murtumien-ja-hyperkalsemian-esiintyvyyden-vahentamiseen","status":"publish","type":"product","link":"https:\/\/puyapeptide.net\/fi\/product\/huippuluokan-abaloparatidi-cas-247062-33-5-murtumien-ja-hyperkalsemian-esiintyvyyden-vahentamiseen\/","title":{"rendered":"Huippuluokan abaloparatidi CAS 247062-33-5 murtumien ja hyperkalsemian esiintyvyyden v\u00e4hent\u00e4miseen"},"content":{"rendered":"<h2><strong>Huippuluokan abaloparatidi CAS 247062-33-5 murtumien ja hyperkalsemian esiintyvyyden v\u00e4hent\u00e4miseen<\/strong><\/h2>\n<p>Tuotteen nimi: Abaloparatide<br \/>\nSekvenssi: H-Ala-Val-Ser-Glu-His-Gln-Leu-Leu-His-Asp-Lys-Gly-Lys-Ser-Ile-Gln-Asp-Leu- Arg-Arg-Arg-Glu-Leu-Leu-Glu-Lys-Leu-Leu-N-Me-Ala-Lys- Leu-His-Thr-Ala-NH2<br \/>\nSynonyymit: Abaloparatidi<br \/>\nCAS: 247062- 33-5<br \/>\nMF: C174H300N56O49<br \/>\nMW: 3960.5896<br \/>\nEINECS:<br \/>\nTuoteluokat:<br \/>\nMol Tiedosto: 247062-33-5.mol<\/p>\n<p>Abaloparatidi, selektiivinen aktivaattori lis\u00e4kilpirauhashormonireseptorin (PTH1-reseptorin) kliininen kehitys on edennyt kliiniseen kehitykseen osteoporoosin hoitoon postmenopausaalisilla naisilla, joilla on suuri murtumariski sen hyv\u00e4n osteogeenisen aktiivisuuden vuoksi, valmistettu abaloparatidista.<\/p>\n<p> <strong>Tekninen indeksi Abaloparatidi CAS 247062-33-5<\/strong><br \/>\nUlkon\u00e4k\u00f6: Valkoinen jauhe<br \/>\nPuhtaus (HPLC) \u226598,0 %<br \/>\nAsetaattipitoisuus 5,0 % ~ 12,0 %<br \/>\nVesipitoisuus \u22648,0 %<br \/>\nPeptidipitoisuus \u226580,0 %<br \/>\nPakkaus ja kuljetus:<br \/>\nMatala l\u00e4mp\u00f6tila, tyhji\u00f6pakattu, tarkkuudella mg pyynn\u00f6st\u00e4.<\/p>\n<p> <strong>Abaloparatidin CAS 247062-33-5 toiminta ja k\u00e4ytt\u00f6<\/strong><br \/>\nAbaparatidi, peptidi, joka koostuu 34 aminohappot\u00e4hteest\u00e4, on RadiusHealthin kehitt\u00e4m\u00e4 uusi lis\u00e4kilpirauhashormoneihin liittyv\u00e4 peptidi (PTHrP), joka on tehokas ja selektiivinen PTH-I-reseptorin aktivaattori lis\u00e4\u00e4m\u00e4\u00e4n luun mineraalipitoisuutta, luun tiheytt\u00e4 ja lujuutta sek\u00e4 edist\u00e4m\u00e4\u00e4n luun muodostumista. , ja FDA on hyv\u00e4ksynyt sen markkinoitavaksi huhtikuussa Chemicalbook28, 2017. FDA on hyv\u00e4ksynyt markkinointiin 28. huhtikuuta 2017 kauppanimell\u00e4 Tymlos. Abapatide annetaan ihon alle osteoporoosin hoitoon postmenopausaalisilla naisilla, joilla on riski saada murtuma tai jotka eiv\u00e4t ole reagoineet muihin terapeuttisiin aineisiin, ja ne v\u00e4hent\u00e4v\u00e4t tehokkaasti uusien nikamamurtumien ja ei-nikamamurtumien m\u00e4\u00e4r\u00e4\u00e4. Abapatidi pystyy v\u00e4hent\u00e4m\u00e4\u00e4n murtumien ja hyperkalsemiaa paremmin kuin teriparatidi.<\/p>\n","protected":false},"excerpt":{"rendered":"<p>Tuotteen nimi: Abaloparatidi<br \/>\nCAS: 247062-33-5<br \/>\nMF: C174H300N56O49<br \/>\nMW: 3960.5896<br \/>\nMol Tiedosto: 247062-33-5.mol<\/p>\n","protected":false},"featured_media":2163,"comment_status":"open","ping_status":"closed","template":"","meta":{"om_disable_all_campaigns":false,"_monsterinsights_skip_tracking":false,"_monsterinsights_sitenote_active":false,"_monsterinsights_sitenote_note":"","_monsterinsights_sitenote_category":0,"site-sidebar-layout":"default","site-content-layout":"default","ast-site-content-layout":"default","site-content-style":"default","site-sidebar-style":"default","ast-global-header-display":"","ast-banner-title-visibility":"","ast-main-header-display":"","ast-hfb-above-header-display":"","ast-hfb-below-header-display":"","ast-hfb-mobile-header-display":"","site-post-title":"","ast-breadcrumbs-content":"","ast-featured-img":"","footer-sml-layout":"","ast-disable-related-posts":"","theme-transparent-header-meta":"default","adv-header-id-meta":"","stick-header-meta":"","header-above-stick-meta":"","header-main-stick-meta":"","header-below-stick-meta":"","astra-migrate-meta-layouts":"default","ast-page-background-enabled":"default","ast-page-background-meta":{"desktop":{"background-color":"","background-image":"","background-repeat":"repeat","background-position":"center center","background-size":"auto","background-attachment":"scroll","background-type":"","background-media":"","overlay-type":"","overlay-color":"","overlay-opacity":"","overlay-gradient":""},"tablet":{"background-color":"","background-image":"","background-repeat":"repeat","background-position":"center center","background-size":"auto","background-attachment":"scroll","background-type":"","background-media":"","overlay-type":"","overlay-color":"","overlay-opacity":"","overlay-gradient":""},"mobile":{"background-color":"","background-image":"","background-repeat":"repeat","background-position":"center center","background-size":"auto","background-attachment":"scroll","background-type":"","background-media":"","overlay-type":"","overlay-color":"","overlay-opacity":"","overlay-gradient":""}},"ast-content-background-meta":{"desktop":{"background-color":"var(--ast-global-color-5)","background-image":"","background-repeat":"repeat","background-position":"center center","background-size":"auto","background-attachment":"scroll","background-type":"","background-media":"","overlay-type":"","overlay-color":"","overlay-opacity":"","overlay-gradient":""},"tablet":{"background-color":"var(--ast-global-color-5)","background-image":"","background-repeat":"repeat","background-position":"center center","background-size":"auto","background-attachment":"scroll","background-type":"","background-media":"","overlay-type":"","overlay-color":"","overlay-opacity":"","overlay-gradient":""},"mobile":{"background-color":"var(--ast-global-color-5)","background-image":"","background-repeat":"repeat","background-position":"center center","background-size":"auto","background-attachment":"scroll","background-type":"","background-media":"","overlay-type":"","overlay-color":"","overlay-opacity":"","overlay-gradient":""}}},"product_brand":[],"product_cat":[471],"product_tag":[1419],"class_list":{"0":"post-8234","1":"product","2":"type-product","3":"status-publish","4":"has-post-thumbnail","6":"product_cat-osteoporoosin-peptidi","7":"product_tag-top-grade-abaloparatide-cas-247062-33-5-for-reduced-fracture-rate-and-hypercalcemia-incidence-fi","8":"desktop-align-left","9":"tablet-align-left","10":"mobile-align-left","12":"first","13":"instock","14":"shipping-taxable","15":"product-type-simple"},"_links":{"self":[{"href":"https:\/\/puyapeptide.net\/fi\/wp-json\/wp\/v2\/product\/8234","targetHints":{"allow":["GET"]}}],"collection":[{"href":"https:\/\/puyapeptide.net\/fi\/wp-json\/wp\/v2\/product"}],"about":[{"href":"https:\/\/puyapeptide.net\/fi\/wp-json\/wp\/v2\/types\/product"}],"replies":[{"embeddable":true,"href":"https:\/\/puyapeptide.net\/fi\/wp-json\/wp\/v2\/comments?post=8234"}],"wp:featuredmedia":[{"embeddable":true,"href":"https:\/\/puyapeptide.net\/fi\/wp-json\/wp\/v2\/media\/2163"}],"wp:attachment":[{"href":"https:\/\/puyapeptide.net\/fi\/wp-json\/wp\/v2\/media?parent=8234"}],"wp:term":[{"taxonomy":"product_brand","embeddable":true,"href":"https:\/\/puyapeptide.net\/fi\/wp-json\/wp\/v2\/product_brand?post=8234"},{"taxonomy":"product_cat","embeddable":true,"href":"https:\/\/puyapeptide.net\/fi\/wp-json\/wp\/v2\/product_cat?post=8234"},{"taxonomy":"product_tag","embeddable":true,"href":"https:\/\/puyapeptide.net\/fi\/wp-json\/wp\/v2\/product_tag?post=8234"}],"curies":[{"name":"wp","href":"https:\/\/api.w.org\/{rel}","templated":true}]}}