{"id":8304,"date":"2021-12-16T13:22:10","date_gmt":"2021-12-16T18:22:10","guid":{"rendered":"https:\/\/puyapeptide.net\/product\/korkealaatuinen-sincalide-cck-8-cas-25126-32-3-kaytetaan-paaasiassa-sappirakon-supistumisen-edistamiseen-sappirakon-diagnostinen-reagenssi\/"},"modified":"2021-12-16T13:22:10","modified_gmt":"2021-12-16T18:22:10","slug":"korkealaatuinen-sincalide-cck-8-cas-25126-32-3-kaytetaan-paaasiassa-sappirakon-supistumisen-edistamiseen-sappirakon-diagnostinen-reagenssi","status":"publish","type":"product","link":"https:\/\/puyapeptide.net\/fi\/product\/korkealaatuinen-sincalide-cck-8-cas-25126-32-3-kaytetaan-paaasiassa-sappirakon-supistumisen-edistamiseen-sappirakon-diagnostinen-reagenssi\/","title":{"rendered":"Korkealaatuinen Sincalide\/ CCK-8 CAS 25126-32-3 K\u00e4ytet\u00e4\u00e4n p\u00e4\u00e4asiassa sappirakon supistumisen edist\u00e4miseen, sappirakon diagnostinen reagenssi"},"content":{"rendered":"<h2><strong>Korkealaatuinen Sincalide\/ CCK-8 CAS 25126-32-3 K\u00e4ytet\u00e4\u00e4n p\u00e4\u00e4asiassa sappirakon supistumisen edist\u00e4miseen, sappirakon diagnostinen reagenssi<\/strong><\/h2>\n<p>Tuotteen nimi: Sincalide<br \/>\nSynonyymit: [27-TYR(SO3H)]KOLESKISTOKININI-Fragmentti (26-33)-AMIDE; PANCREOZYMIN C-TERMINAL OCTAPEPTIDE; SINCALIDE;(Tyr[SO3H]27)kolekystokiniinifragmentti26- 33 amidi; sinkalidi(CCK-8);(tyr(so3H)27)-kolekystokiniinifragmentti*26-33-amidi;H-ASP-TYR(SO3H)-MET-GLY-TRP-MET-ASP-PHE-NH2;H -ASP-TYR(SO3H)-MET-GLY-TRP-MET-ASP-PHE-NH2 ammoniumsuola<br \/>\nCAS: 25126-32-3<br \/>\nMF: C49H62N10O16S3<br \/>\nMW: 1143,27<br \/>\nEINECS: 246-639-0<br \/>\nTuoteluokat: API;hormonit;peptidi;kolekystokiniini (CCK) -reseptori; peptidireseptorit<br \/>\nMol Tiedosto: 25126-32-3.mol<\/p>\n<p>Sincalide\/kolekystokiniini (CCK- 8) on aivojen suoliston peptidi, jolla on useita molekyylimuotoja ja kaksoisjakauma, joka koostuu 33 aminohaposta ja jolla on hormonaalisia ja v\u00e4litt\u00e4j\u00e4ainevaikutuksia. Sincalide on oktapeptidimolekyyli, kolekystokiniinin fragmentti, Chemicalbookissa on kaikki kolekystokiniinin biologiset vaikutukset, synteettinen kolekystokiniinioktapeptidi (Octapeptide), jota k\u00e4ytet\u00e4\u00e4n p\u00e4\u00e4asiassa sappirakon supistumisen edist\u00e4miseen, sappirakon diagnostinen reagenssi, kliininen k\u00e4ytt\u00f6 kroonisen haimatulehduksen hoidossa. haiman eritystoiminta parani merkitt\u00e4v\u00e4sti, oireet v\u00e4heniv\u00e4t merkitt\u00e4v\u00e4sti. Oireet v\u00e4heniv\u00e4t merkitt\u00e4v\u00e4sti.<\/p>\n<p> <strong>Sincalide\/ CCK-8 CAS 25126-32-3 Kemialliset ominaisuudet<\/strong><br \/>\nalfa D23 -18,4\u00b0 (c = 0,7 1 N NH3:ssa)<br \/>\ntiheys 1,440\u00b10,06 g\/ cm3(ennustettu)<br \/>\nvarastointil\u00e4mp\u00f6tila -20\u00b0C<br \/>\nliukoisuus 0,05 M ammoniumhydroksidi: 1 mg\/ml, kirkas, v\u00e4rit\u00f6n<br \/>\npka -4,17\u00b10,18(ennustettu)<br \/>\njauhemuoto<br \/>\nVesiliukoisuus Liukenee veteen 1 g\/L at 10\u00b0C.<br \/>\nMerck 13,8617<br \/>\nBRN 5231801<\/p>\n<p> <strong>Sincalide\/CCK-8 CAS 25126-32-3 Kemialliset ominaisuudet<\/strong><br \/>\nSincalide\/kolekystokiniini\u00e4 (CCK-8) k\u00e4ytet\u00e4\u00e4n usein kliinisesti tehd\u00e4 yhteisty\u00f6t\u00e4 haiman erityksen toiminnan tutkimuksen kanssa ja tehostaa sit\u00e4; CCK:ta k\u00e4ytet\u00e4\u00e4n korvaamaan rasvaista ateriaa kolangiografian aikana, mik\u00e4 voi edist\u00e4\u00e4 suoliston peristaltiikkaa ja lyhent\u00e4\u00e4 bariumateriatutkimuksen aikaa. Sit\u00e4 voidaan k\u00e4ytt\u00e4\u00e4 my\u00f6s suoliston halvauksen hoitoon.<\/p>\n","protected":false},"excerpt":{"rendered":"<p>Tuotteen nimi: Sincalide<br \/>\nMF: C49H62N10O16S3<br \/>\nMW: 1143.27<br \/>\nEINECS: 246-639-0<br \/>\nMol Tiedosto: 25126-32-3.mol<\/p>\n","protected":false},"featured_media":2121,"comment_status":"open","ping_status":"closed","template":"","meta":{"om_disable_all_campaigns":false,"_monsterinsights_skip_tracking":false,"_monsterinsights_sitenote_active":false,"_monsterinsights_sitenote_note":"","_monsterinsights_sitenote_category":0,"site-sidebar-layout":"default","site-content-layout":"default","ast-site-content-layout":"default","site-content-style":"default","site-sidebar-style":"default","ast-global-header-display":"","ast-banner-title-visibility":"","ast-main-header-display":"","ast-hfb-above-header-display":"","ast-hfb-below-header-display":"","ast-hfb-mobile-header-display":"","site-post-title":"","ast-breadcrumbs-content":"","ast-featured-img":"","footer-sml-layout":"","ast-disable-related-posts":"","theme-transparent-header-meta":"default","adv-header-id-meta":"","stick-header-meta":"","header-above-stick-meta":"","header-main-stick-meta":"","header-below-stick-meta":"","astra-migrate-meta-layouts":"default","ast-page-background-enabled":"default","ast-page-background-meta":{"desktop":{"background-color":"","background-image":"","background-repeat":"repeat","background-position":"center center","background-size":"auto","background-attachment":"scroll","background-type":"","background-media":"","overlay-type":"","overlay-color":"","overlay-opacity":"","overlay-gradient":""},"tablet":{"background-color":"","background-image":"","background-repeat":"repeat","background-position":"center center","background-size":"auto","background-attachment":"scroll","background-type":"","background-media":"","overlay-type":"","overlay-color":"","overlay-opacity":"","overlay-gradient":""},"mobile":{"background-color":"","background-image":"","background-repeat":"repeat","background-position":"center center","background-size":"auto","background-attachment":"scroll","background-type":"","background-media":"","overlay-type":"","overlay-color":"","overlay-opacity":"","overlay-gradient":""}},"ast-content-background-meta":{"desktop":{"background-color":"var(--ast-global-color-5)","background-image":"","background-repeat":"repeat","background-position":"center center","background-size":"auto","background-attachment":"scroll","background-type":"","background-media":"","overlay-type":"","overlay-color":"","overlay-opacity":"","overlay-gradient":""},"tablet":{"background-color":"var(--ast-global-color-5)","background-image":"","background-repeat":"repeat","background-position":"center center","background-size":"auto","background-attachment":"scroll","background-type":"","background-media":"","overlay-type":"","overlay-color":"","overlay-opacity":"","overlay-gradient":""},"mobile":{"background-color":"var(--ast-global-color-5)","background-image":"","background-repeat":"repeat","background-position":"center center","background-size":"auto","background-attachment":"scroll","background-type":"","background-media":"","overlay-type":"","overlay-color":"","overlay-opacity":"","overlay-gradient":""}}},"product_brand":[],"product_cat":[532],"product_tag":[1372,1350],"class_list":{"0":"post-8304","1":"product","2":"type-product","3":"status-publish","4":"has-post-thumbnail","6":"product_cat-muut-peptidit","7":"product_tag-gallbladder-diagnostic-reagent-fi","8":"product_tag-high-quality-sincalide-cck-8-cas-25126-32-3-mainly-used-to-promote-gallbladder-contraction-fi","9":"desktop-align-left","10":"tablet-align-left","11":"mobile-align-left","13":"first","14":"instock","15":"shipping-taxable","16":"product-type-simple"},"_links":{"self":[{"href":"https:\/\/puyapeptide.net\/fi\/wp-json\/wp\/v2\/product\/8304","targetHints":{"allow":["GET"]}}],"collection":[{"href":"https:\/\/puyapeptide.net\/fi\/wp-json\/wp\/v2\/product"}],"about":[{"href":"https:\/\/puyapeptide.net\/fi\/wp-json\/wp\/v2\/types\/product"}],"replies":[{"embeddable":true,"href":"https:\/\/puyapeptide.net\/fi\/wp-json\/wp\/v2\/comments?post=8304"}],"wp:featuredmedia":[{"embeddable":true,"href":"https:\/\/puyapeptide.net\/fi\/wp-json\/wp\/v2\/media\/2121"}],"wp:attachment":[{"href":"https:\/\/puyapeptide.net\/fi\/wp-json\/wp\/v2\/media?parent=8304"}],"wp:term":[{"taxonomy":"product_brand","embeddable":true,"href":"https:\/\/puyapeptide.net\/fi\/wp-json\/wp\/v2\/product_brand?post=8304"},{"taxonomy":"product_cat","embeddable":true,"href":"https:\/\/puyapeptide.net\/fi\/wp-json\/wp\/v2\/product_cat?post=8304"},{"taxonomy":"product_tag","embeddable":true,"href":"https:\/\/puyapeptide.net\/fi\/wp-json\/wp\/v2\/product_tag?post=8304"}],"curies":[{"name":"wp","href":"https:\/\/api.w.org\/{rel}","templated":true}]}}