{"id":8326,"date":"2021-12-16T13:23:25","date_gmt":"2021-12-16T18:23:25","guid":{"rendered":"https:\/\/puyapeptide.net\/product\/alareliiniasetaatti-gnrh-a-cas-79561-22-1-edistaa-ovulaatiota-ja-hoitaa-munasarjojen-epanormaalista-toiminnasta-johtuvaa-hedelmattomyytta\/"},"modified":"2021-12-16T13:23:25","modified_gmt":"2021-12-16T18:23:25","slug":"alareliiniasetaatti-gnrh-a-cas-79561-22-1-edistaa-ovulaatiota-ja-hoitaa-munasarjojen-epanormaalista-toiminnasta-johtuvaa-hedelmattomyytta","status":"publish","type":"product","link":"https:\/\/puyapeptide.net\/fi\/product\/alareliiniasetaatti-gnrh-a-cas-79561-22-1-edistaa-ovulaatiota-ja-hoitaa-munasarjojen-epanormaalista-toiminnasta-johtuvaa-hedelmattomyytta\/","title":{"rendered":"Alareliiniasetaatti\/GnRH-A CAS 79561-22-1 Edist\u00e4\u00e4 ovulaatiota ja hoitaa munasarjojen ep\u00e4normaalista toiminnasta johtuvaa hedelm\u00e4tt\u00f6myytt\u00e4"},"content":{"rendered":"<h2><strong>Alareliiniasetaatti\/GnRH-A CAS 79561-22-1 Edist\u00e4\u00e4 ovulaatiota ja hoitaa munasarjojen ep\u00e4normaalista toiminnasta johtuvaa hedelm\u00e4tt\u00f6myytt\u00e4<\/strong><\/h2>\n<p>Tuotteen nimi: Alarelin<br \/>\nSekvenssi: Pyr-His-Trp-Ser-Tyr-D-Ala-Leu-Arg-Pro-NHEt<br \/>\nSynonyymit: ALARELIN;PYR-HIS-TRP-SER-TYR- D-ALA-LEU-ARG-PRO-NHET;(DES-GLY10,D-ALA6,PRO-NHET9)-GONADOTROPIINIA VAPAUTTAVA HORMONI (MERI);(DES-GLY10,D-ALA6,PRO-NHET9)-GONADOTROPIINI -VAPAUTTAVA HORMONI;(DES-GLY10,D-ALA6,PRO-NHET9)-LUTEINISOIVA HORMONIA VAPAUTTAVA TEKIJ\u00c4 (MERI);(DES-GLY10,D-ALA6,PRO-NHET9)-LUTEINISOIVA HORMONIA vapauttava tekij\u00e4;(DES) -GLY10,D-ALA6,PRO-NHET9)-LHRH (MERI);[DES-GLY10, D-ALA6, PRO-NHET9]-LH-RH (IHMIS)<br \/>\nCAS: 79561-22-1&lt;&amp; &gt;MF: C56H78N16O12<br \/>\nMW: 1167.32<br \/>\nEINECS: 635-974-1<br \/>\nTuoteluokat: API;Peptidi;LH-RH-peptidit solubiologiaan;Neuropeptidit;vapautustekij\u00e4tAmino-tekij\u00e4t; &amp;&gt;Mol File: 79561-22-1.mol<\/p>\n<p>Alaraliini (gonadotropiinia vapauttavan hormonin analogi (GnRH-A), joka tunnetaan my\u00f6s nimell\u00e4 albuteroli, on gonadotropiinia vapauttavan hormonin (GnRH) synteettinen yhdeks\u00e4n peptidin analogi, joka on 15 kertaa tehokkaampi kuin emo. Se voi stimuloida aivolis\u00e4kett\u00e4 vapauttamaan l uteinisoiva hormoni (LH) ja follikkelia stimuloiva hormoni (FSH) l\u00e4\u00e4kkeen k\u00e4yt\u00f6n alussa, mik\u00e4 aiheuttaa ohimenev\u00e4n munasarjojen kemiallisista kirjoista per\u00e4isin olevan steroidihormonin lis\u00e4\u00e4ntymisen; toistuva annostelu voi est\u00e4\u00e4 LH:n ja FSH:n vapautumisen aivolis\u00e4kkeest\u00e4, jolloin veren estradiolitaso laskee, jolloin saadaan l\u00e4\u00e4kkeen deovulaatiovaikutus, ja samalla sill\u00e4 on s\u00e4\u00e4telev\u00e4 vaikutus onkogeenien ilmentymiseen. ras, neu ja myc liittyv\u00e4t kohdun limakalvon sy\u00f6p\u00e4\u00e4n. Sill\u00e4 on my\u00f6s s\u00e4\u00e4televi\u00e4 vaikutuksia ras-, neu- ja myc-ilmentymiseen, jotka liittyv\u00e4t kohdun limakalvon sy\u00f6p\u00e4\u00e4n. Kliinisesti sit\u00e4 k\u00e4ytet\u00e4\u00e4n p\u00e4\u00e4asiassa ovulaation edist\u00e4miseen, munasarjojen ep\u00e4normaalista toiminnasta, endometrioosin ja kohdun fibroidien aiheuttaman hedelm\u00e4tt\u00f6myyden hoitoon sek\u00e4 raskausasteen parantamiseen.<\/p>\n<p> <strong>Alarelin Acetate\/GnRH-A CAS 79561-22-1 k\u00e4ytt\u00f6<\/strong> &lt;&amp; &gt; Sit\u00e4 k\u00e4ytet\u00e4\u00e4n kliinisesti p\u00e4\u00e4asiassa ovulaation edist\u00e4miseen, munasarjojen ep\u00e4normaalin toiminnan, endometrioosin ja kohdun fibroidien aiheuttaman hedelm\u00e4tt\u00f6myyden hoitoon sek\u00e4 raskausasteen parantamiseen.<\/p>\n","protected":false},"excerpt":{"rendered":"<p>Tuotteen nimi: Alarelin<br \/>\nCAS: 79561-22-1<br \/>\nMF: C56H78N16O12<br \/>\nMW: 1167.32<br \/>\nEINECS: 635-974-1<br \/>\nMol Tiedosto: 79561-22-1.mol<\/p>\n","protected":false},"featured_media":2121,"comment_status":"open","ping_status":"closed","template":"","meta":{"om_disable_all_campaigns":false,"_monsterinsights_skip_tracking":false,"_monsterinsights_sitenote_active":false,"_monsterinsights_sitenote_note":"","_monsterinsights_sitenote_category":0,"site-sidebar-layout":"default","site-content-layout":"default","ast-site-content-layout":"default","site-content-style":"default","site-sidebar-style":"default","ast-global-header-display":"","ast-banner-title-visibility":"","ast-main-header-display":"","ast-hfb-above-header-display":"","ast-hfb-below-header-display":"","ast-hfb-mobile-header-display":"","site-post-title":"","ast-breadcrumbs-content":"","ast-featured-img":"","footer-sml-layout":"","ast-disable-related-posts":"","theme-transparent-header-meta":"default","adv-header-id-meta":"","stick-header-meta":"","header-above-stick-meta":"","header-main-stick-meta":"","header-below-stick-meta":"","astra-migrate-meta-layouts":"default","ast-page-background-enabled":"default","ast-page-background-meta":{"desktop":{"background-color":"","background-image":"","background-repeat":"repeat","background-position":"center center","background-size":"auto","background-attachment":"scroll","background-type":"","background-media":"","overlay-type":"","overlay-color":"","overlay-opacity":"","overlay-gradient":""},"tablet":{"background-color":"","background-image":"","background-repeat":"repeat","background-position":"center center","background-size":"auto","background-attachment":"scroll","background-type":"","background-media":"","overlay-type":"","overlay-color":"","overlay-opacity":"","overlay-gradient":""},"mobile":{"background-color":"","background-image":"","background-repeat":"repeat","background-position":"center center","background-size":"auto","background-attachment":"scroll","background-type":"","background-media":"","overlay-type":"","overlay-color":"","overlay-opacity":"","overlay-gradient":""}},"ast-content-background-meta":{"desktop":{"background-color":"var(--ast-global-color-5)","background-image":"","background-repeat":"repeat","background-position":"center center","background-size":"auto","background-attachment":"scroll","background-type":"","background-media":"","overlay-type":"","overlay-color":"","overlay-opacity":"","overlay-gradient":""},"tablet":{"background-color":"var(--ast-global-color-5)","background-image":"","background-repeat":"repeat","background-position":"center center","background-size":"auto","background-attachment":"scroll","background-type":"","background-media":"","overlay-type":"","overlay-color":"","overlay-opacity":"","overlay-gradient":""},"mobile":{"background-color":"var(--ast-global-color-5)","background-image":"","background-repeat":"repeat","background-position":"center center","background-size":"auto","background-attachment":"scroll","background-type":"","background-media":"","overlay-type":"","overlay-color":"","overlay-opacity":"","overlay-gradient":""}}},"product_brand":[],"product_cat":[434],"product_tag":[1329],"class_list":{"0":"post-8326","1":"product","2":"type-product","3":"status-publish","4":"has-post-thumbnail","6":"product_cat-urogenitaalinen-peptidi","7":"product_tag-alarelin-acetate-gnrh-a-cas-79561-22-1-for-promote-ovulation-and-treat-infertility-caused-by-abnormal-ovarian-function-fi","8":"desktop-align-left","9":"tablet-align-left","10":"mobile-align-left","12":"first","13":"instock","14":"shipping-taxable","15":"product-type-simple"},"_links":{"self":[{"href":"https:\/\/puyapeptide.net\/fi\/wp-json\/wp\/v2\/product\/8326","targetHints":{"allow":["GET"]}}],"collection":[{"href":"https:\/\/puyapeptide.net\/fi\/wp-json\/wp\/v2\/product"}],"about":[{"href":"https:\/\/puyapeptide.net\/fi\/wp-json\/wp\/v2\/types\/product"}],"replies":[{"embeddable":true,"href":"https:\/\/puyapeptide.net\/fi\/wp-json\/wp\/v2\/comments?post=8326"}],"wp:featuredmedia":[{"embeddable":true,"href":"https:\/\/puyapeptide.net\/fi\/wp-json\/wp\/v2\/media\/2121"}],"wp:attachment":[{"href":"https:\/\/puyapeptide.net\/fi\/wp-json\/wp\/v2\/media?parent=8326"}],"wp:term":[{"taxonomy":"product_brand","embeddable":true,"href":"https:\/\/puyapeptide.net\/fi\/wp-json\/wp\/v2\/product_brand?post=8326"},{"taxonomy":"product_cat","embeddable":true,"href":"https:\/\/puyapeptide.net\/fi\/wp-json\/wp\/v2\/product_cat?post=8326"},{"taxonomy":"product_tag","embeddable":true,"href":"https:\/\/puyapeptide.net\/fi\/wp-json\/wp\/v2\/product_tag?post=8326"}],"curies":[{"name":"wp","href":"https:\/\/api.w.org\/{rel}","templated":true}]}}