{"id":8438,"date":"2021-12-16T13:29:12","date_gmt":"2021-12-16T18:29:12","guid":{"rendered":"https:\/\/puyapeptide.net\/product\/oksitosiini-%ce%b1-hypophamine-oksitosiinihormoni-cas-50-56-6-on-pleiotrooppinen-hypotalamuksen-peptidi-joka-edistaa-synnytysta-imetysta-ja-sosiaalista-kayttaytymista\/"},"modified":"2021-12-16T13:29:12","modified_gmt":"2021-12-16T18:29:12","slug":"oksitosiini-%ce%b1-hypophamine-oksitosiinihormoni-cas-50-56-6-on-pleiotrooppinen-hypotalamuksen-peptidi-joka-edistaa-synnytysta-imetysta-ja-sosiaalista-kayttaytymista","status":"publish","type":"product","link":"https:\/\/puyapeptide.net\/fi\/product\/oksitosiini-%ce%b1-hypophamine-oksitosiinihormoni-cas-50-56-6-on-pleiotrooppinen-hypotalamuksen-peptidi-joka-edistaa-synnytysta-imetysta-ja-sosiaalista-kayttaytymista\/","title":{"rendered":"Oksitosiini (\u03b1-Hypophamine; Oksitosiinihormoni) CAS 50-56-6 on pleiotrooppinen hypotalamuksen peptidi, joka edist\u00e4\u00e4 synnytyst\u00e4, imetyst\u00e4 ja sosiaalista k\u00e4ytt\u00e4ytymist\u00e4."},"content":{"rendered":"<h2><strong>Oksitosiini (\u03b1-hypophamine; Oksitosiinihormoni) CAS 50-56-6 on pleiotrooppinen hypotalamuksen peptidi, joka edist\u00e4\u00e4 synnytyst\u00e4, imetyst\u00e4 ja sosiaalista k\u00e4ytt\u00e4ytymist\u00e4<\/strong><\/h2>\n<p>Tuotteen nimi: Oksitosiini<br \/>\nSynonyymit: (1-hemikystiini)-oksitosiini;3-isoleusiini-8-leusinevasopressiini;atonino;syklinen (1-6)-di\/\/\/;di-sipidiini;endopituitrina;glysiiniamidi, l-kysteinyyli-l-tyrosyyli-l-isoleusyyli-l-glutaminyyli-l-asparaginyyli-l-cys;nobitosiinit<br \/>\nCAS: 50-56-6<br \/>\nMF: C43H66N12O12S2<br \/>\nMW: 1007,19<br \/>\n EINECS: 200-048-4<br \/>\nTuoteluokat: Aminohappojohdannaiset; Orgaaniset aineet; Aminohapot 13C, 2H, 15N; Peptidit; Aminohapot ja johdannaiset; V\u00e4lituotteet ja hienokemikaalit; Farmaseuttiset tuotteet ;peptidit synnytykseen;El\u00e4inl\u00e4\u00e4kkeet<br \/>\nMol File: 50-56-6.mol<\/p>\n<p>Oksitosiini (OT) on er\u00e4\u00e4nlainen kohdun supistumisl\u00e4\u00e4ke, ja se voi olla per\u00e4isin el\u00e4imen aivolis\u00e4kkeen takaosasta tai kemiallisesti syntetisoitu.<br \/>\nOksitosiini on kohdun supistumisl\u00e4\u00e4ke, jota k\u00e4ytet\u00e4\u00e4n enimm\u00e4kseen my\u00f6h\u00e4isess\u00e4 raskauden induktiossa ja pys\u00e4htyneess\u00e4 synnytyksess\u00e4 heikoista kohdun supistuksista johtuen. Sopii synnytyksen k\u00e4ynnist\u00e4miseen ja kivun lievitykseen. K\u00e4ytet\u00e4\u00e4n yleisesti torajyv\u00e4valmisteiden kanssa synnytyksen k\u00e4ynnist\u00e4miseen, synnytyksen nopeuttamiseen ja kohdun verenvuotoon synnytyksen tai kuolleena syntym\u00e4n j\u00e4lkeisten heikkojen kohdun supistusten vuoksi. Nen\u00e4tippoja voidaan k\u00e4ytt\u00e4\u00e4 edist\u00e4m\u00e4\u00e4n imetyst\u00e4.<\/p>\n<p> <strong>Oksitosiini CAS 50-56-6 Kemialliset ominaisuudet<\/strong><br \/>\nOksitosiini Kemialliset ominaisuudet<br \/>\nSulamispiste 192-194\u00b0C<br \/>\nalfa D22 -26,2\u00b0 (c) = 0,53)<br \/>\ntiheys 1,1086 (karkea arvio)<br \/>\ntaitekerroin 1,6700 (arvio)<br \/>\nvarastointil\u00e4mp\u00f6tila. 2-8\u00b0C<br \/>\nliukoisuus Liukenee hyvin veteen. Se liukenee laimeisiin etikkahapon ja etanolin (96 %) liuoksiin.<br \/>\nmuodostaa lyofilisoitua jauhetta<br \/>\npka pKa \uff5e6.1(vapaa aminoryhm\u00e4 Cys:ss\u00e4) (joskus);\uff5e10(vapaa fenoli Tyriss\u00e4) ( Joskus)<br \/>\nv\u00e4ri Valkoinen<br \/>\nVesiliukoisuus Vesiliukoinen.<br \/>\nMerck 13,7049<br \/>\nBRN 3586108<br \/>\nInChIKey DSZOEVVLZMNAEH-BXUJZNQYSA-N<br \/>\nCAS-tietokannan viitenumero Tietokannan viite)<\/p>\n<p> <strong>Oksitosiinin k\u00e4ytt\u00f6tarkoitukset CAS 50-56-6<\/strong><br \/>\n1.Oksitosiini on p\u00e4\u00e4asiallinen kohtua supistava ja imetyst\u00e4 stimuloiva aivolis\u00e4kkeen takahormoni.<br \/>\n2. Oksitosiini on nonapeptidihormoni, jota syntetisoidaan ensisijaisesti hypotalamuksen paraventrikulaaristen ja supraoptisten ytimien magnosellulaarisissa neuroneissa. Se tunnetaan parhaiten roolistaan stimuloimassa kohdun supistumista ja imetyst\u00e4, ja se on t\u00e4rke\u00e4 sosiaalisen muistin ja kiintymysten, seksuaalisen ja \u00e4idin k\u00e4ytt\u00e4ytymisen sek\u00e4 aggressiivisuuden kannalta. Lis\u00e4ksi se on osallisena erilaisissa ei-sosiaalisissa k\u00e4ytt\u00e4ytymismuodoissa, mukaan lukien oppiminen, ahdistus, ruokinta ja kivun havaitseminen.<\/p>\n","protected":false},"excerpt":{"rendered":"<p>Tuotteen nimi: Oksitosiini<br \/>\nCAS: 50-56-6<br \/>\nMF: C43H66N12O12S2<br \/>\nMW: 1007.19<br \/>\nEINECS: 200-048-4<br \/>\nMoolitiedosto: 50-56-6.mol<\/p>\n","protected":false},"featured_media":2163,"comment_status":"open","ping_status":"closed","template":"","meta":{"om_disable_all_campaigns":false,"_monsterinsights_skip_tracking":false,"_monsterinsights_sitenote_active":false,"_monsterinsights_sitenote_note":"","_monsterinsights_sitenote_category":0,"site-sidebar-layout":"default","site-content-layout":"default","ast-site-content-layout":"default","site-content-style":"default","site-sidebar-style":"default","ast-global-header-display":"","ast-banner-title-visibility":"","ast-main-header-display":"","ast-hfb-above-header-display":"","ast-hfb-below-header-display":"","ast-hfb-mobile-header-display":"","site-post-title":"","ast-breadcrumbs-content":"","ast-featured-img":"","footer-sml-layout":"","ast-disable-related-posts":"","theme-transparent-header-meta":"default","adv-header-id-meta":"","stick-header-meta":"","header-above-stick-meta":"","header-main-stick-meta":"","header-below-stick-meta":"","astra-migrate-meta-layouts":"default","ast-page-background-enabled":"default","ast-page-background-meta":{"desktop":{"background-color":"","background-image":"","background-repeat":"repeat","background-position":"center center","background-size":"auto","background-attachment":"scroll","background-type":"","background-media":"","overlay-type":"","overlay-color":"","overlay-opacity":"","overlay-gradient":""},"tablet":{"background-color":"","background-image":"","background-repeat":"repeat","background-position":"center center","background-size":"auto","background-attachment":"scroll","background-type":"","background-media":"","overlay-type":"","overlay-color":"","overlay-opacity":"","overlay-gradient":""},"mobile":{"background-color":"","background-image":"","background-repeat":"repeat","background-position":"center center","background-size":"auto","background-attachment":"scroll","background-type":"","background-media":"","overlay-type":"","overlay-color":"","overlay-opacity":"","overlay-gradient":""}},"ast-content-background-meta":{"desktop":{"background-color":"var(--ast-global-color-5)","background-image":"","background-repeat":"repeat","background-position":"center center","background-size":"auto","background-attachment":"scroll","background-type":"","background-media":"","overlay-type":"","overlay-color":"","overlay-opacity":"","overlay-gradient":""},"tablet":{"background-color":"var(--ast-global-color-5)","background-image":"","background-repeat":"repeat","background-position":"center center","background-size":"auto","background-attachment":"scroll","background-type":"","background-media":"","overlay-type":"","overlay-color":"","overlay-opacity":"","overlay-gradient":""},"mobile":{"background-color":"var(--ast-global-color-5)","background-image":"","background-repeat":"repeat","background-position":"center center","background-size":"auto","background-attachment":"scroll","background-type":"","background-media":"","overlay-type":"","overlay-color":"","overlay-opacity":"","overlay-gradient":""}}},"product_brand":[],"product_cat":[434],"product_tag":[],"class_list":{"0":"post-8438","1":"product","2":"type-product","3":"status-publish","4":"has-post-thumbnail","6":"product_cat-urogenitaalinen-peptidi","7":"desktop-align-left","8":"tablet-align-left","9":"mobile-align-left","11":"first","12":"instock","13":"shipping-taxable","14":"product-type-simple"},"_links":{"self":[{"href":"https:\/\/puyapeptide.net\/fi\/wp-json\/wp\/v2\/product\/8438","targetHints":{"allow":["GET"]}}],"collection":[{"href":"https:\/\/puyapeptide.net\/fi\/wp-json\/wp\/v2\/product"}],"about":[{"href":"https:\/\/puyapeptide.net\/fi\/wp-json\/wp\/v2\/types\/product"}],"replies":[{"embeddable":true,"href":"https:\/\/puyapeptide.net\/fi\/wp-json\/wp\/v2\/comments?post=8438"}],"wp:featuredmedia":[{"embeddable":true,"href":"https:\/\/puyapeptide.net\/fi\/wp-json\/wp\/v2\/media\/2163"}],"wp:attachment":[{"href":"https:\/\/puyapeptide.net\/fi\/wp-json\/wp\/v2\/media?parent=8438"}],"wp:term":[{"taxonomy":"product_brand","embeddable":true,"href":"https:\/\/puyapeptide.net\/fi\/wp-json\/wp\/v2\/product_brand?post=8438"},{"taxonomy":"product_cat","embeddable":true,"href":"https:\/\/puyapeptide.net\/fi\/wp-json\/wp\/v2\/product_cat?post=8438"},{"taxonomy":"product_tag","embeddable":true,"href":"https:\/\/puyapeptide.net\/fi\/wp-json\/wp\/v2\/product_tag?post=8438"}],"curies":[{"name":"wp","href":"https:\/\/api.w.org\/{rel}","templated":true}]}}