{"id":8460,"date":"2021-12-16T13:31:27","date_gmt":"2021-12-16T18:31:27","guid":{"rendered":"https:\/\/puyapeptide.net\/product\/korkealaatuinen-atosiban-cas-90779-69-4-on-yhdistetty-kontraktiinin-ja-pressiinin-v1a-reseptorin-antagonisti\/"},"modified":"2021-12-16T13:31:27","modified_gmt":"2021-12-16T18:31:27","slug":"korkealaatuinen-atosiban-cas-90779-69-4-on-yhdistetty-kontraktiinin-ja-pressiinin-v1a-reseptorin-antagonisti","status":"publish","type":"product","link":"https:\/\/puyapeptide.net\/fi\/product\/korkealaatuinen-atosiban-cas-90779-69-4-on-yhdistetty-kontraktiinin-ja-pressiinin-v1a-reseptorin-antagonisti\/","title":{"rendered":"Korkealaatuinen atosiban CAS 90779-69-4 on yhdistetty kontraktiinin ja pressiinin V1A-reseptorin antagonisti"},"content":{"rendered":"<h2><strong>Korkealaatuinen atosiban CAS 90779-69-4 on yhdistetty kontraktiinin ja pressiinin V1A-reseptorin antagonisti<\/strong><\/h2>\n<p>Tuotteen nimi: Atosiban<br \/>\nSynonyymit: RW-22164;RW-22164;RWJ-22164;Atosiban Inpurtiy;atosiban price;1-deamino-2d-tyr-(oet)-4-thr-8-orn- oksitosiini; oksitosiini, 1-(3-merkaptopropaanihappo)-2-(o-etyyli-d-tyrosiini)-4-l-treoniini-8-l; rwj22164; ATOSIBAANIASETATTI<br \/>\nCAS: 90779-69-4&lt;&amp; &gt;MF: C43H67N11O12S2<br \/>\nMW: 994.19<br \/>\nEINECS: 806-815-5<br \/>\nTuoteluokat: hormonit;Peptidi<br \/>\nMol Tiedosto: 90779-69-4.mol<\/p>\n<p>Atosiban oli esiteltiin Yhdistyneess\u00e4 kuningaskunnassa ruiskeena annettavana ennenaikaisen synnytyksen est\u00e4j\u00e4n\u00e4, joka on keskeinen imev\u00e4isten sairastuvuuden ja kuolleisuuden syy. T\u00e4m\u00e4 peptidinen oksitosiinianalogi on vasopressiini V1a -reseptorin ja oksitosiinireseptorin antagonisti, jota l\u00f6ytyy dramaattisesti lis\u00e4\u00e4ntynein\u00e4 pitoisuuksina raskaana olevien naisten kohdun myometriumissa l\u00e4hitulevaisuudessa. Se esti kilpailevasti oksitosiinin ja vasopressiinin aiheuttamia supistuksia raskaana olevan marsun kohtussa. Monikeskustutkimuksessa, kaksoissokkoutetussa lumekontrolloidussa tutkimuksessa atosibaanihoito aiheutti raskauden pidentymist\u00e4 jopa 7 p\u00e4iv\u00e4\u00e4 naisilla, joiden raskaus oli yli 28 viikkoa. Vertailevassa kliinisess\u00e4 tutkimuksessa atosibaanilla havaittiin vastaava tokolyyttinen vaikutus (kohdun rentouttaja) kuin ritodriini, mutta edellinen oli huomattavasti paremmin siedetty, erityisesti mit\u00e4 tulee \u00e4idin syd\u00e4n- ja verisuonisivuvaikutuksiin. Terveill\u00e4 vapaaehtoisilla plasman atosibaanin pitoisuudet laskivat bi-eksponentiaalisesti. Alkupuoliintumisaika oli 21 minuuttia ja terminaalinen puoliintumisaika 1,7 tuntia.<\/p>\n<p>Atosibaani on kontraktiinin ja pressiini V1A:n yhdistetty reseptorin antagonisti. Kontraktiinireseptorin ja pressiini V1A -reseptorin rakenne on samanlainen. Kun supistuva hormonireseptori on estetty, supistuva hormoni voi silti vaikuttaa V1A-reseptorin kautta, joten on v\u00e4ltt\u00e4m\u00e4t\u00f6nt\u00e4 est\u00e4\u00e4 edell\u00e4 mainitut kaksi reseptorin toimintareitti\u00e4, kun k\u00e4ytet\u00e4\u00e4n samaa Chemicalbookia, ja yhden reseptorin yksi antagonismi voi tehokkaasti est\u00e4\u00e4 kohdun supistumisen. T\u00e4m\u00e4 on yksi t\u00e4rkeimmist\u00e4 syist\u00e4, miksi beeta-agonistit, kalsiumkanavasalpaajat ja prostaglandiinisyntaasin est\u00e4j\u00e4t eiv\u00e4t est\u00e4 tehokkaasti kohdun supistuksia.<\/p>\n<p> <strong>Atosiban CAS 90779-69-4 Kemialliset ominaisuudet<\/strong><br \/>\nKiehumispiste 1469,0\u00b165,0 \u00b0C (Arvioitu)<br \/>\ntiheys 1,254\u00b10,06 g\/cm3(Ennustettu)<br \/>\nvarastointil\u00e4mp\u00f6tila. -20\u00b0C<br \/>\nliukoisuus H2O: \u2264100 mg\/ml<br \/>\nkiintoaine<br \/>\npka 12,81\u00b10,70(ennustettu)<br \/>\nCAS-tietokannan viite 90779-69-4(CAS-tietokannan viite)<br \/>\n&lt; &amp;&gt; <strong>Atosiban CAS 90779-69-4:n toiminta ja sovellus<\/strong><br \/>\n1. Ennenaikainen synnytys<br \/>\n2. Atosibaani on oksitosiinireseptoria salpaava aine kokeellisen endometrioosin hoidossa, ja sen on osoitettu osoittavan merkitt\u00e4v\u00e4\u00e4 terapeuttista tehokkuutta.<\/p>\n<p>Atosibaanisy\u00f6p\u00e4tutkimus O. falcatan eteerisen \u00f6ljyn kasvaimia est\u00e4vi\u00e4 vaikutuksia testattiin siirretyiss\u00e4 hiiren H22-kiinteiss\u00e4 kasvaimissa in vivo . Kasvun esto H22-kiinteiss\u00e4 kasvaimissa oli kohtalaista (Yang et al. 2013).<\/p>\n","protected":false},"excerpt":{"rendered":"<p>Tuotteen nimi: Atosiban<br \/>\nCAS: 90779-69-4<br \/>\nMF: C43H67N11O12S2<br \/>\nMW: 994.19<br \/>\nEINECS: 806-815-5<br \/>\nMol Tiedosto: 90779-69-4.mol<\/p>\n","protected":false},"featured_media":2121,"comment_status":"open","ping_status":"closed","template":"","meta":{"om_disable_all_campaigns":false,"_monsterinsights_skip_tracking":false,"_monsterinsights_sitenote_active":false,"_monsterinsights_sitenote_note":"","_monsterinsights_sitenote_category":0,"site-sidebar-layout":"default","site-content-layout":"default","ast-site-content-layout":"default","site-content-style":"default","site-sidebar-style":"default","ast-global-header-display":"","ast-banner-title-visibility":"","ast-main-header-display":"","ast-hfb-above-header-display":"","ast-hfb-below-header-display":"","ast-hfb-mobile-header-display":"","site-post-title":"","ast-breadcrumbs-content":"","ast-featured-img":"","footer-sml-layout":"","ast-disable-related-posts":"","theme-transparent-header-meta":"default","adv-header-id-meta":"","stick-header-meta":"","header-above-stick-meta":"","header-main-stick-meta":"","header-below-stick-meta":"","astra-migrate-meta-layouts":"default","ast-page-background-enabled":"default","ast-page-background-meta":{"desktop":{"background-color":"","background-image":"","background-repeat":"repeat","background-position":"center center","background-size":"auto","background-attachment":"scroll","background-type":"","background-media":"","overlay-type":"","overlay-color":"","overlay-opacity":"","overlay-gradient":""},"tablet":{"background-color":"","background-image":"","background-repeat":"repeat","background-position":"center center","background-size":"auto","background-attachment":"scroll","background-type":"","background-media":"","overlay-type":"","overlay-color":"","overlay-opacity":"","overlay-gradient":""},"mobile":{"background-color":"","background-image":"","background-repeat":"repeat","background-position":"center center","background-size":"auto","background-attachment":"scroll","background-type":"","background-media":"","overlay-type":"","overlay-color":"","overlay-opacity":"","overlay-gradient":""}},"ast-content-background-meta":{"desktop":{"background-color":"var(--ast-global-color-5)","background-image":"","background-repeat":"repeat","background-position":"center center","background-size":"auto","background-attachment":"scroll","background-type":"","background-media":"","overlay-type":"","overlay-color":"","overlay-opacity":"","overlay-gradient":""},"tablet":{"background-color":"var(--ast-global-color-5)","background-image":"","background-repeat":"repeat","background-position":"center center","background-size":"auto","background-attachment":"scroll","background-type":"","background-media":"","overlay-type":"","overlay-color":"","overlay-opacity":"","overlay-gradient":""},"mobile":{"background-color":"var(--ast-global-color-5)","background-image":"","background-repeat":"repeat","background-position":"center center","background-size":"auto","background-attachment":"scroll","background-type":"","background-media":"","overlay-type":"","overlay-color":"","overlay-opacity":"","overlay-gradient":""}}},"product_brand":[],"product_cat":[434],"product_tag":[1223],"class_list":{"0":"post-8460","1":"product","2":"type-product","3":"status-publish","4":"has-post-thumbnail","6":"product_cat-urogenitaalinen-peptidi","7":"product_tag-high-quality-atosiban-cas-90779-69-4-is-a-combined-contractin-and-pressin-v1a-receptor-antagonist-fi","8":"desktop-align-left","9":"tablet-align-left","10":"mobile-align-left","12":"first","13":"instock","14":"shipping-taxable","15":"product-type-simple"},"_links":{"self":[{"href":"https:\/\/puyapeptide.net\/fi\/wp-json\/wp\/v2\/product\/8460","targetHints":{"allow":["GET"]}}],"collection":[{"href":"https:\/\/puyapeptide.net\/fi\/wp-json\/wp\/v2\/product"}],"about":[{"href":"https:\/\/puyapeptide.net\/fi\/wp-json\/wp\/v2\/types\/product"}],"replies":[{"embeddable":true,"href":"https:\/\/puyapeptide.net\/fi\/wp-json\/wp\/v2\/comments?post=8460"}],"wp:featuredmedia":[{"embeddable":true,"href":"https:\/\/puyapeptide.net\/fi\/wp-json\/wp\/v2\/media\/2121"}],"wp:attachment":[{"href":"https:\/\/puyapeptide.net\/fi\/wp-json\/wp\/v2\/media?parent=8460"}],"wp:term":[{"taxonomy":"product_brand","embeddable":true,"href":"https:\/\/puyapeptide.net\/fi\/wp-json\/wp\/v2\/product_brand?post=8460"},{"taxonomy":"product_cat","embeddable":true,"href":"https:\/\/puyapeptide.net\/fi\/wp-json\/wp\/v2\/product_cat?post=8460"},{"taxonomy":"product_tag","embeddable":true,"href":"https:\/\/puyapeptide.net\/fi\/wp-json\/wp\/v2\/product_tag?post=8460"}],"curies":[{"name":"wp","href":"https:\/\/api.w.org\/{rel}","templated":true}]}}