{"id":8597,"date":"2021-12-17T01:48:33","date_gmt":"2021-12-17T06:48:33","guid":{"rendered":"https:\/\/puyapeptide.net\/product\/hot-sale-syopapeptidi-lanreotidi-cas-108736-35-2\/"},"modified":"2021-12-17T01:48:33","modified_gmt":"2021-12-17T06:48:33","slug":"hot-sale-syopapeptidi-lanreotidi-cas-108736-35-2","status":"publish","type":"product","link":"https:\/\/puyapeptide.net\/fi\/product\/hot-sale-syopapeptidi-lanreotidi-cas-108736-35-2\/","title":{"rendered":"Hot Sale Sy\u00f6p\u00e4peptidi Lanreotidi CAS 108736-35-2"},"content":{"rendered":"<h2><strong>Hot Sale Sy\u00f6p\u00e4peptidi Lanreotidi CAS 108736-35-2<\/strong><\/h2>\n<p>Tuotteen nimi: Lanreotide<br \/>\nSynonyymit: LANREOTIDE;AUTOGEL;BETA-(2-NAPHTHYL)-D-ALA-CYS-TYR-D-TRP-LYS-VAL-CYS-THR AMIDE;BIM-23014;ANGIOPEPTIN ;HD-2-NAL-CYS-TYR-D-TRP-LYS-VAL-CYS-THR-NH2;HD-2-NAL-CYS-TYR-D-TRP-LYS-VAL-CYS-THR-NH2, ( DISULFIDE BOND);IPSTYL<br \/>\nCAS: 108736-35-2<br \/>\nMF: C54 H69 N11 O10 S2<br \/>\nMW: 1096.32<br \/>\nEINECS: 689-178-4<br \/>\nTuoteluokat: hormonit<br \/>\n &gt;Mol File: 108736-35-2.mol<\/p>\n<p>Lanreotidi (INN) kuten luonnollisen kasvun est\u00e4j\u00e4t, lanreotidi on monien endokriinisten, neuroendokriinisten, eksokriinisten ja parakriinisten toimintojen peptidi-inhibiittori. Lanreotidi on aktiivisempi ja sen vaikutusaika on pidempi kuin luonnollisen kasvun est\u00e4j\u00e4t. Sen kasvuhormonin erityst\u00e4 est\u00e4v\u00e4 vaikutus on merkitt\u00e4v\u00e4sti selektiivisempi kuin insuliinin erityst\u00e4, ja vuonna 2017 FDA hyv\u00e4ksyi lanreotidiasetaatin injektiok\u00e4ytt\u00f6\u00f6n neuroendokriinisten kasvainten hoitoon.<\/p>\n<p>Lanreotidi (INN) on l\u00e4\u00e4ke, jota k\u00e4ytet\u00e4\u00e4n akromegalian ja neuroendokriinisten kasvainten, erityisesti karsinoidioireyhtym\u00e4n, aiheuttamien oireiden hoito.<\/p>\n<p>Lanreotidia k\u00e4ytet\u00e4\u00e4n sek\u00e4 aivolis\u00e4kkeen ett\u00e4 ei-aivolis\u00e4kkeen kasvuhormonia eritt\u00e4vist\u00e4 kasvaimista johtuvan akromegalian hoidossa sek\u00e4 aiheuttamien oireiden hallintaan. neuroendokriiniset kasvaimet, erityisesti karsinoidikasvaimet ja VIPoomit. Yhdysvalloissa ja Kanadassa lanreotidi on tarkoitettu vain akromegalian hoitoon. Yhdistyneess\u00e4 kuningaskunnassa se on tarkoitettu my\u00f6s tyrotrofisen adenooman hoitoon, joka on harvinainen aivolis\u00e4kkeen kasvain, joka eritt\u00e4\u00e4 TSH:ta.<\/p>\n<p>Lanreotidi vaikuttaa my\u00f6s muihin kuin endokriinisiin kasvaimiin ja muiden somatostatiinianalogien kanssa , tutkitaan mahdollisena yleisen\u00e4 kasvainten vastaisena aineena.<\/p>\n<p> <strong>Lanreotide CAS 108736-35-2 Kemialliset ominaisuudet<\/strong><br \/>\nKiehumispiste 1508,2\u00b165,0 \u00b0C(ennustettu)<br \/>\ntiheys 1,40\u00b10,1 g\/cm3( Ennustettu)<br \/>\nvarastointil\u00e4mp\u00f6tila S\u00e4ilyt\u00e4 pime\u00e4ss\u00e4,Suljettu kuivassa,S\u00e4ilyt\u00e4 pakastimessa, alle -20\u00b0C<br \/>\npka 9.90\u00b10.15(ennustettu)<\/p>\n<p> <strong>Lanreotide CAS 108736-35-2 toiminta ja k\u00e4ytt\u00f6<\/strong><br \/>\nLanreotidi on k\u00e4ytet\u00e4\u00e4n akromegalian hoidossa, joka johtuu sek\u00e4 aivolis\u00e4kkeen ett\u00e4 ei-aivolis\u00e4kkeen kasvuhormonia eritt\u00e4vist\u00e4 kasvaimista, sek\u00e4 neuroendokriinisten kasvainten, erityisesti karsinoidikasvaimien ja VIPoomien, aiheuttamien oireiden hoidossa. Yhdysvalloissa ja Kanadassa lanreotidi on tarkoitettu vain akromegalian hoitoon. Yhdistyneess\u00e4 kuningaskunnassa se on tarkoitettu my\u00f6s tyrotrofisen adenooman, harvinaisen eritt\u00e4v\u00e4n aivolis\u00e4kkeen kasvaimen, hoidossa.<\/p>\n<p>Lanreotidi vaikuttaa my\u00f6s muihin kuin endokriinisiin kasvaimiin, ja muiden somatostatiinianalogien ohella tutkitaan mahdollisena yleisen\u00e4 kasvainten vastaisena aineena.<\/p>\n<p>Lanreotidi ,Yhdysvaltain FDA hyv\u00e4ksyi joulukuussa 2014 lanreotidin potilaiden hoitoon, joilla on ei-leikkauskykyisi\u00e4, hyvin tai kohtalaisen erilaistuneet, paikallisesti edenneet tai metastaattiset gastroenteropankreaattiset neuroendokriiniset kasvaimet (GEP-NET) ).<\/p>\n","protected":false},"excerpt":{"rendered":"<p>Tuotenimi: Lanreotidi<br \/>\nCAS: 108736-35-2<br \/>\nMF: C54 H69 N11 O10 S2<br \/>\nMW: 1096.32<br \/>\nEINECS: 689-178-4<br \/>\nTuoteluokat: hormonit<br \/>\n Mol-tiedosto: 108736-35-2.mol<\/p>\n","protected":false},"featured_media":2100,"comment_status":"open","ping_status":"closed","template":"","meta":{"om_disable_all_campaigns":false,"_monsterinsights_skip_tracking":false,"_monsterinsights_sitenote_active":false,"_monsterinsights_sitenote_note":"","_monsterinsights_sitenote_category":0,"site-sidebar-layout":"default","site-content-layout":"default","ast-site-content-layout":"default","site-content-style":"default","site-sidebar-style":"default","ast-global-header-display":"","ast-banner-title-visibility":"","ast-main-header-display":"","ast-hfb-above-header-display":"","ast-hfb-below-header-display":"","ast-hfb-mobile-header-display":"","site-post-title":"","ast-breadcrumbs-content":"","ast-featured-img":"","footer-sml-layout":"","ast-disable-related-posts":"","theme-transparent-header-meta":"default","adv-header-id-meta":"","stick-header-meta":"","header-above-stick-meta":"","header-main-stick-meta":"","header-below-stick-meta":"","astra-migrate-meta-layouts":"default","ast-page-background-enabled":"default","ast-page-background-meta":{"desktop":{"background-color":"","background-image":"","background-repeat":"repeat","background-position":"center center","background-size":"auto","background-attachment":"scroll","background-type":"","background-media":"","overlay-type":"","overlay-color":"","overlay-opacity":"","overlay-gradient":""},"tablet":{"background-color":"","background-image":"","background-repeat":"repeat","background-position":"center center","background-size":"auto","background-attachment":"scroll","background-type":"","background-media":"","overlay-type":"","overlay-color":"","overlay-opacity":"","overlay-gradient":""},"mobile":{"background-color":"","background-image":"","background-repeat":"repeat","background-position":"center center","background-size":"auto","background-attachment":"scroll","background-type":"","background-media":"","overlay-type":"","overlay-color":"","overlay-opacity":"","overlay-gradient":""}},"ast-content-background-meta":{"desktop":{"background-color":"var(--ast-global-color-5)","background-image":"","background-repeat":"repeat","background-position":"center center","background-size":"auto","background-attachment":"scroll","background-type":"","background-media":"","overlay-type":"","overlay-color":"","overlay-opacity":"","overlay-gradient":""},"tablet":{"background-color":"var(--ast-global-color-5)","background-image":"","background-repeat":"repeat","background-position":"center center","background-size":"auto","background-attachment":"scroll","background-type":"","background-media":"","overlay-type":"","overlay-color":"","overlay-opacity":"","overlay-gradient":""},"mobile":{"background-color":"var(--ast-global-color-5)","background-image":"","background-repeat":"repeat","background-position":"center center","background-size":"auto","background-attachment":"scroll","background-type":"","background-media":"","overlay-type":"","overlay-color":"","overlay-opacity":"","overlay-gradient":""}}},"product_brand":[],"product_cat":[388],"product_tag":[],"class_list":{"0":"post-8597","1":"product","2":"type-product","3":"status-publish","4":"has-post-thumbnail","6":"product_cat-kasvaimen-vastainen-peptidi","7":"desktop-align-left","8":"tablet-align-left","9":"mobile-align-left","11":"first","12":"instock","13":"shipping-taxable","14":"product-type-simple"},"_links":{"self":[{"href":"https:\/\/puyapeptide.net\/fi\/wp-json\/wp\/v2\/product\/8597","targetHints":{"allow":["GET"]}}],"collection":[{"href":"https:\/\/puyapeptide.net\/fi\/wp-json\/wp\/v2\/product"}],"about":[{"href":"https:\/\/puyapeptide.net\/fi\/wp-json\/wp\/v2\/types\/product"}],"replies":[{"embeddable":true,"href":"https:\/\/puyapeptide.net\/fi\/wp-json\/wp\/v2\/comments?post=8597"}],"wp:featuredmedia":[{"embeddable":true,"href":"https:\/\/puyapeptide.net\/fi\/wp-json\/wp\/v2\/media\/2100"}],"wp:attachment":[{"href":"https:\/\/puyapeptide.net\/fi\/wp-json\/wp\/v2\/media?parent=8597"}],"wp:term":[{"taxonomy":"product_brand","embeddable":true,"href":"https:\/\/puyapeptide.net\/fi\/wp-json\/wp\/v2\/product_brand?post=8597"},{"taxonomy":"product_cat","embeddable":true,"href":"https:\/\/puyapeptide.net\/fi\/wp-json\/wp\/v2\/product_cat?post=8597"},{"taxonomy":"product_tag","embeddable":true,"href":"https:\/\/puyapeptide.net\/fi\/wp-json\/wp\/v2\/product_tag?post=8597"}],"curies":[{"name":"wp","href":"https:\/\/api.w.org\/{rel}","templated":true}]}}