{"id":8623,"date":"2021-12-17T01:50:39","date_gmt":"2021-12-17T06:50:39","guid":{"rendered":"https:\/\/puyapeptide.net\/product\/icatibant-acetate-cas-30308-48-4-kaytto-perinnollisen-angioedeeman-hoitoon\/"},"modified":"2021-12-17T01:50:39","modified_gmt":"2021-12-17T06:50:39","slug":"icatibant-acetate-cas-30308-48-4-kaytto-perinnollisen-angioedeeman-hoitoon","status":"publish","type":"product","link":"https:\/\/puyapeptide.net\/fi\/product\/icatibant-acetate-cas-30308-48-4-kaytto-perinnollisen-angioedeeman-hoitoon\/","title":{"rendered":"Icatibant Acetate CAS 30308-48-4 k\u00e4ytt\u00f6 perinn\u00f6llisen angioedeeman hoitoon"},"content":{"rendered":"<h2><strong>Icatibant Acetate CAS 30308-48-4 k\u00e4ytt\u00f6 perinn\u00f6llisen angioedeeman hoitoon<\/strong><\/h2>\n<p>Tuotteen nimi: Icatibant Acetate<br \/>\nSynonyymit: Icatibant Acetate;Icatibant Inpurity;Itibanti Acetate<br \/>\nCAS: 130308-48-4<br \/>\nSekvenssi: HD-Arg-Arg-Pro-Hyp-Gly-Thi- Ser-D-Tic-Oic-Arg-OH<br \/>\nMolekyylikaava: C59H89N19O13S<br \/>\nMoolimassa: 1304,54<\/p>\n<p>Eltebante, bradykiniinityypin 2 (B2) reseptorin selektiivinen kilpaileva antagonisti, on dekapeptidi bradykiniinin kaltainen rakenne, jossa on viisi ei-proteiiniper\u00e4ist\u00e4 aminohappoa. Eltebante hyv\u00e4ksyttiin markkinoitavaksi EU:ssa jo 1. marraskuuta 2010 perinn\u00f6llisen angioedeeman (HAE) akuuttien kohtausten hoitoon.<\/p>\n<p> <strong>Icatibant Acetate CAS 30308-48-4:n toiminta ja k\u00e4ytt\u00f6<\/strong><br \/>\nEltebante asetaatti on voimakas ja selektiivinen kilpaileva bradykiniinityypin 2 (B2) -reseptorien antagonisti, joka hoitaa embolien paikallista turvotusta akuutissa HAE:ss\u00e4 est\u00e4m\u00e4ll\u00e4 bradykiniinin vaikutuksia, jotka liittyv\u00e4t HAE:n emboliseen paikalliseen turvotukseen, tulehdukseen ja tuskallisiin oireisiin. HAE on vain ensimm\u00e4inen useista indikaatioista, joita voidaan hoitaa eltebante-asetaatilla; muita mahdollisia indikaatioita ovat astma, kirroosi ja muun tyyppiset angioedeema.<\/p>\n","protected":false},"excerpt":{"rendered":"<p>Tuotenimi: Icatibant Acetate<br \/>\nCAS: 130308-48-4<br \/>\nSekvenssi: HD-Arg-Arg-Pro-Hyp-Gly-Thi-Ser-D-Tic-Oic-Arg-OH<br \/>\nMolekyylikaava : C59H89N19O13S<br \/>\n Molekyylipaino: 1304,54<\/p>\n","protected":false},"featured_media":2121,"comment_status":"open","ping_status":"closed","template":"","meta":{"om_disable_all_campaigns":false,"_monsterinsights_skip_tracking":false,"_monsterinsights_sitenote_active":false,"_monsterinsights_sitenote_note":"","_monsterinsights_sitenote_category":0,"site-sidebar-layout":"default","site-content-layout":"default","ast-site-content-layout":"default","site-content-style":"default","site-sidebar-style":"default","ast-global-header-display":"","ast-banner-title-visibility":"","ast-main-header-display":"","ast-hfb-above-header-display":"","ast-hfb-below-header-display":"","ast-hfb-mobile-header-display":"","site-post-title":"","ast-breadcrumbs-content":"","ast-featured-img":"","footer-sml-layout":"","ast-disable-related-posts":"","theme-transparent-header-meta":"default","adv-header-id-meta":"","stick-header-meta":"","header-above-stick-meta":"","header-main-stick-meta":"","header-below-stick-meta":"","astra-migrate-meta-layouts":"default","ast-page-background-enabled":"default","ast-page-background-meta":{"desktop":{"background-color":"","background-image":"","background-repeat":"repeat","background-position":"center center","background-size":"auto","background-attachment":"scroll","background-type":"","background-media":"","overlay-type":"","overlay-color":"","overlay-opacity":"","overlay-gradient":""},"tablet":{"background-color":"","background-image":"","background-repeat":"repeat","background-position":"center center","background-size":"auto","background-attachment":"scroll","background-type":"","background-media":"","overlay-type":"","overlay-color":"","overlay-opacity":"","overlay-gradient":""},"mobile":{"background-color":"","background-image":"","background-repeat":"repeat","background-position":"center center","background-size":"auto","background-attachment":"scroll","background-type":"","background-media":"","overlay-type":"","overlay-color":"","overlay-opacity":"","overlay-gradient":""}},"ast-content-background-meta":{"desktop":{"background-color":"var(--ast-global-color-5)","background-image":"","background-repeat":"repeat","background-position":"center center","background-size":"auto","background-attachment":"scroll","background-type":"","background-media":"","overlay-type":"","overlay-color":"","overlay-opacity":"","overlay-gradient":""},"tablet":{"background-color":"var(--ast-global-color-5)","background-image":"","background-repeat":"repeat","background-position":"center center","background-size":"auto","background-attachment":"scroll","background-type":"","background-media":"","overlay-type":"","overlay-color":"","overlay-opacity":"","overlay-gradient":""},"mobile":{"background-color":"var(--ast-global-color-5)","background-image":"","background-repeat":"repeat","background-position":"center center","background-size":"auto","background-attachment":"scroll","background-type":"","background-media":"","overlay-type":"","overlay-color":"","overlay-opacity":"","overlay-gradient":""}}},"product_brand":[],"product_cat":[406],"product_tag":[1117],"class_list":{"0":"post-8623","1":"product","2":"type-product","3":"status-publish","4":"has-post-thumbnail","6":"product_cat-veren-ja-verisuonten-peptidi","7":"product_tag-icatibant-acetate-cas-30308-48-4-use-for-treat-hereditary-angioedema-fi","8":"desktop-align-left","9":"tablet-align-left","10":"mobile-align-left","12":"first","13":"instock","14":"shipping-taxable","15":"product-type-simple"},"_links":{"self":[{"href":"https:\/\/puyapeptide.net\/fi\/wp-json\/wp\/v2\/product\/8623","targetHints":{"allow":["GET"]}}],"collection":[{"href":"https:\/\/puyapeptide.net\/fi\/wp-json\/wp\/v2\/product"}],"about":[{"href":"https:\/\/puyapeptide.net\/fi\/wp-json\/wp\/v2\/types\/product"}],"replies":[{"embeddable":true,"href":"https:\/\/puyapeptide.net\/fi\/wp-json\/wp\/v2\/comments?post=8623"}],"wp:featuredmedia":[{"embeddable":true,"href":"https:\/\/puyapeptide.net\/fi\/wp-json\/wp\/v2\/media\/2121"}],"wp:attachment":[{"href":"https:\/\/puyapeptide.net\/fi\/wp-json\/wp\/v2\/media?parent=8623"}],"wp:term":[{"taxonomy":"product_brand","embeddable":true,"href":"https:\/\/puyapeptide.net\/fi\/wp-json\/wp\/v2\/product_brand?post=8623"},{"taxonomy":"product_cat","embeddable":true,"href":"https:\/\/puyapeptide.net\/fi\/wp-json\/wp\/v2\/product_cat?post=8623"},{"taxonomy":"product_tag","embeddable":true,"href":"https:\/\/puyapeptide.net\/fi\/wp-json\/wp\/v2\/product_tag?post=8623"}],"curies":[{"name":"wp","href":"https:\/\/api.w.org\/{rel}","templated":true}]}}