{"id":8681,"date":"2021-12-17T01:53:57","date_gmt":"2021-12-17T06:53:57","guid":{"rendered":"https:\/\/puyapeptide.net\/product\/puya-supply-abarelix-cas-183552-38-7-kaytto-eturauhassyopaan\/"},"modified":"2021-12-17T01:53:57","modified_gmt":"2021-12-17T06:53:57","slug":"puya-supply-abarelix-cas-183552-38-7-kaytto-eturauhassyopaan","status":"publish","type":"product","link":"https:\/\/puyapeptide.net\/fi\/product\/puya-supply-abarelix-cas-183552-38-7-kaytto-eturauhassyopaan\/","title":{"rendered":"Puya Supply Abarelix CAS 183552-38-7 K\u00e4ytt\u00f6 eturauhassy\u00f6p\u00e4\u00e4n"},"content":{"rendered":"<h2><strong>Puya Supply Abarelix CAS 183552-38-7 K\u00e4ytt\u00f6 eturauhassy\u00f6p\u00e4\u00e4n<\/strong><\/h2>\n<p>Tuotteen nimi: Abarelix<br \/>\nSynonyymit: PPI-149;Abarelix Acetate;Plenaxis;R 3827;Ac-DNal-DCpa-DPal-Ser-N\u03b1MeTyr-DAsp-Leu-Ilys-Pro-DAl-NH2;Abarelix; Abareliksiasetaatti (Plenaxis); D-alaniiniamidi, N-asetyyli-3-(2-naftalenyyli)-D-alanyyli-4-kloori-D-fenyylialanyyli-3-(3-pyridinyyli)-D-alanyyli-L-seryyli- N-metyyli-L-tyrosyyli-D-asparaginyyli-L-leusyyli-N6-(1-metyylietyyli)-L-lysyyli-L-prolyyli-<br \/>\nCAS: 183552-38-7<br \/>\nMF: C72H95ClN14O14&lt;&amp; &gt;MW: 1416.06<br \/>\nEINECS: 1592732-453-0<br \/>\nTuoteluokat:<br \/>\nMol Tiedosto: 183552-38-7.mol<\/p>\n<p>Abarelix v\u00e4hent\u00e4\u00e4 testosteronin tuotantoa kiveksiss\u00e4 est\u00e4m\u00e4ll\u00e4 suoraan luteinisoivan hormonin (LH) ja follikkelia stimuloivan hormonin (FSH) erittyminen. Chemicalbookin LH-erityksen suoran eston vuoksi plasman testosteronipitoisuus ei nouse ja sitten laske. Tutkimuksen tulokset osoittivat, ett\u00e4 abareliksiasetaatilla on korkea affiniteetti aivolis\u00e4kkeen LHRH-reseptoreihin rotilla.<\/p>\n<p> <strong>Abarelix CAS 183552-38-7 Kemialliset ominaisuudet<\/strong><br \/>\nAbarelixin kemialliset ominaisuudet<br \/>\nKeehumispiste 1688,4\u00b165. \u00b0C (ennustettu)<br \/>\ntiheys 1,286\u00b10,06 g\/cm3 (ennustettu)<br \/>\npka 9,82\u00b10,15 (ennustettu)<br \/>\nCAS-tietokannan viite 183552-38-7<\/p>\n<p> <strong>Abarelixin toiminta ja k\u00e4ytt\u00f6 CAS 183552-38-7<\/strong><br \/>\nAbarelix, antineoplastinen aine, on ensimm\u00e4inen varastoitava gonadotropiinia vapauttavan hormonin antagonistivalmiste, joka on t\u00e4ll\u00e4 hetkell\u00e4 hyv\u00e4ksytty ja ensimm\u00e4inen uudentyyppinen eturauhassy\u00f6p\u00e4l\u00e4\u00e4ke.<\/p>\n<p>Abarelix CAS 183552-38-7 K\u00e4yt\u00e4 eturauhassy\u00f6v\u00e4n hoitoon<\/p>\n","protected":false},"excerpt":{"rendered":"<p>Tuotteen nimi: Abarelix<br \/>\nCAS: 183552-38-7<br \/>\nMF: C72H95ClN14O14<br \/>\nMW: 1416.06<br \/>\nEINECS: 1592732-453-0<br \/>\nMol File: 183552-mol.38-7<\/p>\n","protected":false},"featured_media":2121,"comment_status":"open","ping_status":"closed","template":"","meta":{"om_disable_all_campaigns":false,"_monsterinsights_skip_tracking":false,"_monsterinsights_sitenote_active":false,"_monsterinsights_sitenote_note":"","_monsterinsights_sitenote_category":0,"site-sidebar-layout":"default","site-content-layout":"default","ast-site-content-layout":"default","site-content-style":"default","site-sidebar-style":"default","ast-global-header-display":"","ast-banner-title-visibility":"","ast-main-header-display":"","ast-hfb-above-header-display":"","ast-hfb-below-header-display":"","ast-hfb-mobile-header-display":"","site-post-title":"","ast-breadcrumbs-content":"","ast-featured-img":"","footer-sml-layout":"","ast-disable-related-posts":"","theme-transparent-header-meta":"default","adv-header-id-meta":"","stick-header-meta":"","header-above-stick-meta":"","header-main-stick-meta":"","header-below-stick-meta":"","astra-migrate-meta-layouts":"default","ast-page-background-enabled":"default","ast-page-background-meta":{"desktop":{"background-color":"","background-image":"","background-repeat":"repeat","background-position":"center center","background-size":"auto","background-attachment":"scroll","background-type":"","background-media":"","overlay-type":"","overlay-color":"","overlay-opacity":"","overlay-gradient":""},"tablet":{"background-color":"","background-image":"","background-repeat":"repeat","background-position":"center center","background-size":"auto","background-attachment":"scroll","background-type":"","background-media":"","overlay-type":"","overlay-color":"","overlay-opacity":"","overlay-gradient":""},"mobile":{"background-color":"","background-image":"","background-repeat":"repeat","background-position":"center center","background-size":"auto","background-attachment":"scroll","background-type":"","background-media":"","overlay-type":"","overlay-color":"","overlay-opacity":"","overlay-gradient":""}},"ast-content-background-meta":{"desktop":{"background-color":"var(--ast-global-color-5)","background-image":"","background-repeat":"repeat","background-position":"center center","background-size":"auto","background-attachment":"scroll","background-type":"","background-media":"","overlay-type":"","overlay-color":"","overlay-opacity":"","overlay-gradient":""},"tablet":{"background-color":"var(--ast-global-color-5)","background-image":"","background-repeat":"repeat","background-position":"center center","background-size":"auto","background-attachment":"scroll","background-type":"","background-media":"","overlay-type":"","overlay-color":"","overlay-opacity":"","overlay-gradient":""},"mobile":{"background-color":"var(--ast-global-color-5)","background-image":"","background-repeat":"repeat","background-position":"center center","background-size":"auto","background-attachment":"scroll","background-type":"","background-media":"","overlay-type":"","overlay-color":"","overlay-opacity":"","overlay-gradient":""}}},"product_brand":[],"product_cat":[388],"product_tag":[1043],"class_list":{"0":"post-8681","1":"product","2":"type-product","3":"status-publish","4":"has-post-thumbnail","6":"product_cat-kasvaimen-vastainen-peptidi","7":"product_tag-puya-supply-abarelix-cas-183552-38-7-use-for-prostate-cancer-fi","8":"desktop-align-left","9":"tablet-align-left","10":"mobile-align-left","12":"first","13":"instock","14":"shipping-taxable","15":"product-type-simple"},"_links":{"self":[{"href":"https:\/\/puyapeptide.net\/fi\/wp-json\/wp\/v2\/product\/8681","targetHints":{"allow":["GET"]}}],"collection":[{"href":"https:\/\/puyapeptide.net\/fi\/wp-json\/wp\/v2\/product"}],"about":[{"href":"https:\/\/puyapeptide.net\/fi\/wp-json\/wp\/v2\/types\/product"}],"replies":[{"embeddable":true,"href":"https:\/\/puyapeptide.net\/fi\/wp-json\/wp\/v2\/comments?post=8681"}],"wp:featuredmedia":[{"embeddable":true,"href":"https:\/\/puyapeptide.net\/fi\/wp-json\/wp\/v2\/media\/2121"}],"wp:attachment":[{"href":"https:\/\/puyapeptide.net\/fi\/wp-json\/wp\/v2\/media?parent=8681"}],"wp:term":[{"taxonomy":"product_brand","embeddable":true,"href":"https:\/\/puyapeptide.net\/fi\/wp-json\/wp\/v2\/product_brand?post=8681"},{"taxonomy":"product_cat","embeddable":true,"href":"https:\/\/puyapeptide.net\/fi\/wp-json\/wp\/v2\/product_cat?post=8681"},{"taxonomy":"product_tag","embeddable":true,"href":"https:\/\/puyapeptide.net\/fi\/wp-json\/wp\/v2\/product_tag?post=8681"}],"curies":[{"name":"wp","href":"https:\/\/api.w.org\/{rel}","templated":true}]}}