{"id":8717,"date":"2021-12-17T03:00:43","date_gmt":"2021-12-17T08:00:43","guid":{"rendered":"https:\/\/puyapeptide.net\/product\/ganireliksiasetaatti-cas-123246-29-7-gonadotropiinia-vapauttavan-hormonin-gnrh-antagonistit\/"},"modified":"2021-12-17T03:00:43","modified_gmt":"2021-12-17T08:00:43","slug":"ganireliksiasetaatti-cas-123246-29-7-gonadotropiinia-vapauttavan-hormonin-gnrh-antagonistit","status":"publish","type":"product","link":"https:\/\/puyapeptide.net\/fi\/product\/ganireliksiasetaatti-cas-123246-29-7-gonadotropiinia-vapauttavan-hormonin-gnrh-antagonistit\/","title":{"rendered":"Ganireliksiasetaatti CAS 123246-29-7 Gonadotropiinia vapauttavan hormonin (GnRH) antagonistit"},"content":{"rendered":"<h2><strong>Ganireliksiasetaatti CAS 123246-29-7 Gonadotropiinia vapauttavan hormonin (GnRH) antagonistit<\/strong><\/h2>\n<p>Tuotteen nimi: Ganireliksiasetaatti<br \/>\nSynonyymit: Ac-DNal-DCpa-DPal-Ser-Tyr-DHar(Et2)-Leu-Har(Et2)-Pro-DAla -NH2;Ganirelixum;ganirelix Acetate;GANIRELIX; Ganireliksiasetaatti USP\/EP\/BP<br \/>\nCAS: 123246-29-7<br \/>\nMF: C80H113ClN18O13<br \/>\nMW: 1570.34<br \/>\nEINECS:<br \/>\nTuoteluokat: hormonit<br \/>\nMol File: 6-1232 -7.mol<\/p>\n<p>Ganireliksiasetaatti on synteettinen dekapeptidiyhdiste, joka on samanlainen kuin endogeeninen gonadotropiinia vapauttava hormoni (GnRH) (tunnetaan my\u00f6s nimell\u00e4 luteinisoivaa hormonia vapauttava hormoni (LHRH)) ja se on GnRH:n antagonisti, joka antagonisoi kilpailevasti gonadotrooppinen GnRH-reseptori, mutaatioreitti ja aiheuttaa nopean ja palautuvan gonadotropiinin (luteinisoiva hormoni LH ja follikkelia stimuloiva hormoni FSH) erityksen eston. Ganireliksiasetaatti est\u00e4\u00e4 LH:n erityst\u00e4 aivolis\u00e4kkeest\u00e4 huomattavasti enemm\u00e4n kuin FSH:n erityst\u00e4, mik\u00e4 v\u00e4hent\u00e4\u00e4 sukupuolihormonien tuotantoa.<\/p>\n<p> <strong>Ganireliksiasetaatin toiminta ja k\u00e4ytt\u00f6 CAS 123246-29-7<\/strong><br \/>\nGanireliksiasetaatti on GnRH:n analogi substituutioilla t\u00e4hteiss\u00e4 1, 2, 3, 6, 8 ja 10. Se ei ole superagonisti, vaan pikemminkin synteettinen dekapeptidi, jolla on korkea antagonistiaktiivisuus ja ensimm\u00e4inen markkinoille tuotu GnRH-antagonisti. Se on hyv\u00e4ksytty LH-huippujen hillitsemiseen naisilla, jotka saavat munasarjojen hyperstimulaatiohoitoa; LH-huiput edist\u00e4v\u00e4t normaalisti ovulaatiota. T\u00e4m\u00e4n l\u00e4\u00e4kkeen tavoitteena on v\u00e4hent\u00e4\u00e4 merkitt\u00e4v\u00e4sti LH-huippujen hillitsemiseen tarvittavien l\u00e4\u00e4kitysp\u00e4ivien m\u00e4\u00e4r\u00e4\u00e4, jolloin munasolut pysyv\u00e4t munasarjoissa. In vitro -hedelm\u00f6itys (IVF) -hoitojaksot aloitettiin historiallisesti antamalla leuprolidiasetaattia LH:n ennenaikaisen vapautumisen est\u00e4miseksi. T\u00e4m\u00e4 est\u00e4\u00e4 ovulaation niin, ett\u00e4 munasolut ovat hedelm\u00e4llisyysasiantuntijan saatavilla. T\u00e4t\u00e4 tarkoitusta varten leuprolidiasetaattia ruiskutetaan yleens\u00e4 jopa 26 p\u00e4iv\u00e4n ajan. Kliiniset tutkimukset ovat osoittaneet, ett\u00e4 ganireliksiasetaatti voi pys\u00e4ytt\u00e4\u00e4 LH-sy\u00f6t\u00f6n vain 5 p\u00e4iv\u00e4n hoidon aikana, ett\u00e4 LH:n suppressio on voimakkaampaa kuin FSH:n ja ett\u00e4 lyhyempi hoitoaika minimoi ep\u00e4miellytt\u00e4vi\u00e4 sivuvaikutuksia, kuten kuumia aaltoja ja p\u00e4\u00e4ns\u00e4rky\u00e4. .<\/p>\n<p>Sit\u00e4 k\u00e4ytet\u00e4\u00e4n p\u00e4\u00e4asiassa kliinisesti kontrolloiduissa munasarjojen stimulaatioprotokollassa naisille, joille tehd\u00e4\u00e4n avusteista lis\u00e4\u00e4ntymistekniikkaa ennenaikaisten luteinisoivan hormonin huippujen est\u00e4miseksi ja t\u00e4st\u00e4 syyst\u00e4 aiheutuvien hedelm\u00e4llisyysh\u00e4iri\u00f6iden hoidossa. Chemicalbook. L\u00e4\u00e4kkeell\u00e4 on v\u00e4hemm\u00e4n haittavaikutuksia, korkea raskausaste ja lyhyet hoitojaksot, ja sill\u00e4 on merkitt\u00e4vi\u00e4 kliinisi\u00e4 etuja verrattuna vastaaviin l\u00e4\u00e4kkeisiin.<\/p>\n","protected":false},"excerpt":{"rendered":"<p>Tuotenimi: Ganirelix Acetate<br \/>\nCAS: 123246-29-7<br \/>\nMF: C80H113ClN18O13<br \/>\nMW: 1570.34<br \/>\nTuoteluokat: hormonit<br \/>\nMol File: 123246-29-7.mol<\/p>\n","protected":false},"featured_media":2100,"comment_status":"open","ping_status":"closed","template":"","meta":{"om_disable_all_campaigns":false,"_monsterinsights_skip_tracking":false,"_monsterinsights_sitenote_active":false,"_monsterinsights_sitenote_note":"","_monsterinsights_sitenote_category":0,"site-sidebar-layout":"default","site-content-layout":"default","ast-site-content-layout":"default","site-content-style":"default","site-sidebar-style":"default","ast-global-header-display":"","ast-banner-title-visibility":"","ast-main-header-display":"","ast-hfb-above-header-display":"","ast-hfb-below-header-display":"","ast-hfb-mobile-header-display":"","site-post-title":"","ast-breadcrumbs-content":"","ast-featured-img":"","footer-sml-layout":"","ast-disable-related-posts":"","theme-transparent-header-meta":"default","adv-header-id-meta":"","stick-header-meta":"","header-above-stick-meta":"","header-main-stick-meta":"","header-below-stick-meta":"","astra-migrate-meta-layouts":"default","ast-page-background-enabled":"default","ast-page-background-meta":{"desktop":{"background-color":"","background-image":"","background-repeat":"repeat","background-position":"center center","background-size":"auto","background-attachment":"scroll","background-type":"","background-media":"","overlay-type":"","overlay-color":"","overlay-opacity":"","overlay-gradient":""},"tablet":{"background-color":"","background-image":"","background-repeat":"repeat","background-position":"center center","background-size":"auto","background-attachment":"scroll","background-type":"","background-media":"","overlay-type":"","overlay-color":"","overlay-opacity":"","overlay-gradient":""},"mobile":{"background-color":"","background-image":"","background-repeat":"repeat","background-position":"center center","background-size":"auto","background-attachment":"scroll","background-type":"","background-media":"","overlay-type":"","overlay-color":"","overlay-opacity":"","overlay-gradient":""}},"ast-content-background-meta":{"desktop":{"background-color":"var(--ast-global-color-5)","background-image":"","background-repeat":"repeat","background-position":"center center","background-size":"auto","background-attachment":"scroll","background-type":"","background-media":"","overlay-type":"","overlay-color":"","overlay-opacity":"","overlay-gradient":""},"tablet":{"background-color":"var(--ast-global-color-5)","background-image":"","background-repeat":"repeat","background-position":"center center","background-size":"auto","background-attachment":"scroll","background-type":"","background-media":"","overlay-type":"","overlay-color":"","overlay-opacity":"","overlay-gradient":""},"mobile":{"background-color":"var(--ast-global-color-5)","background-image":"","background-repeat":"repeat","background-position":"center center","background-size":"auto","background-attachment":"scroll","background-type":"","background-media":"","overlay-type":"","overlay-color":"","overlay-opacity":"","overlay-gradient":""}}},"product_brand":[],"product_cat":[434],"product_tag":[1035],"class_list":{"0":"post-8717","1":"product","2":"type-product","3":"status-publish","4":"has-post-thumbnail","6":"product_cat-urogenitaalinen-peptidi","7":"product_tag-ganirelix-acetate-cas-123246-29-7-gonadotropin-releasing-hormone-gnrh-antagonists-fi","8":"desktop-align-left","9":"tablet-align-left","10":"mobile-align-left","12":"first","13":"instock","14":"shipping-taxable","15":"product-type-simple"},"_links":{"self":[{"href":"https:\/\/puyapeptide.net\/fi\/wp-json\/wp\/v2\/product\/8717","targetHints":{"allow":["GET"]}}],"collection":[{"href":"https:\/\/puyapeptide.net\/fi\/wp-json\/wp\/v2\/product"}],"about":[{"href":"https:\/\/puyapeptide.net\/fi\/wp-json\/wp\/v2\/types\/product"}],"replies":[{"embeddable":true,"href":"https:\/\/puyapeptide.net\/fi\/wp-json\/wp\/v2\/comments?post=8717"}],"wp:featuredmedia":[{"embeddable":true,"href":"https:\/\/puyapeptide.net\/fi\/wp-json\/wp\/v2\/media\/2100"}],"wp:attachment":[{"href":"https:\/\/puyapeptide.net\/fi\/wp-json\/wp\/v2\/media?parent=8717"}],"wp:term":[{"taxonomy":"product_brand","embeddable":true,"href":"https:\/\/puyapeptide.net\/fi\/wp-json\/wp\/v2\/product_brand?post=8717"},{"taxonomy":"product_cat","embeddable":true,"href":"https:\/\/puyapeptide.net\/fi\/wp-json\/wp\/v2\/product_cat?post=8717"},{"taxonomy":"product_tag","embeddable":true,"href":"https:\/\/puyapeptide.net\/fi\/wp-json\/wp\/v2\/product_tag?post=8717"}],"curies":[{"name":"wp","href":"https:\/\/api.w.org\/{rel}","templated":true}]}}