{"id":8737,"date":"2021-12-17T03:02:11","date_gmt":"2021-12-17T08:02:11","guid":{"rendered":"https:\/\/puyapeptide.net\/product\/eksenatidiasetaattia-cas-141732-76-5-kaytetaan-enteraalisena-hypoglykeemisena-aineena\/"},"modified":"2021-12-17T03:02:11","modified_gmt":"2021-12-17T08:02:11","slug":"eksenatidiasetaattia-cas-141732-76-5-kaytetaan-enteraalisena-hypoglykeemisena-aineena","status":"publish","type":"product","link":"https:\/\/puyapeptide.net\/fi\/product\/eksenatidiasetaattia-cas-141732-76-5-kaytetaan-enteraalisena-hypoglykeemisena-aineena\/","title":{"rendered":"Eksenatidiasetaattia CAS 141732-76-5 k\u00e4ytet\u00e4\u00e4n enteraalisena hypoglykeemisen\u00e4 aineena"},"content":{"rendered":"<h2><strong>Eksenatidiasetaattia CAS 141732-76-5 k\u00e4ytet\u00e4\u00e4n enteraalisena hypoglykeemisen\u00e4 aineena<\/strong><\/h2>\n<p>Tuotteen nimi: Exenatide acetate<br \/>\nSynonyymit: Exenatide;His-Gly-Gly-Gly-Thr-Phe-Thr-Ser-Asp-Leu-Ser-Lys-Gln-Met-Glu-Glu-Glu-Ala -Val-Arg-Leu-Phe-Ile-Glu-Trp-Leu-Lys-Asn-Gly-Gly-Pro-Ser-Gly-Ala-Pro-Pro-Pro-Ser-NH{2}; EXENATIDIASETAATTI (EXENDIN) -4);His-Gly-Gly-Gly-Thr-Phe-Thr-Ser-Asp-Leu-Ser-Lys-Gln-Met-Glu-Glu-Glu-Ala-Val-Arg-Leu-Phe-Ile- Glu-Trp-Leu-Lys-Asn-Gly-Gly-Pro-Ser-Ser-Gly-Ala-Pro-Pro-Pro-Ser-NH2; eksenatidiasetaatti; EXENATIDIASETaatti; ENFUVIRTIDIASETATTI; Extendin-4<br \/>\nCAS : 141732-76-5<br \/>\nMF: C186H286N50O62S<br \/>\nMW: 4244.60796<br \/>\nEINECS: 1592732-453-0<br \/>\nTuoteluokat: Agonisti;em\u00e4kset &amp; Related Chemicalesudesues; Pharmaceuticals;GLP<br \/>\nMol File: 141732-76-5.mol<\/p>\n<p>Eksenatidiasetaatin aminohapposekvenssi on osittain p\u00e4\u00e4llekk\u00e4inen ihmisen GLP-1:n kanssa. Eksenatidiasetaatin on osoitettu sitoutuvan tunnettuun ihmisen GLP-1-reseptoriin ja aktivoivan sit\u00e4 in vitro. T\u00e4m\u00e4 tarkoittaa, ett\u00e4 cAMP (syklinen adenosiinimonofosfaatti) tai muut solunsis\u00e4iset signaalimekanismit lis\u00e4\u00e4v\u00e4t glukoosiriippuvaista insuliinisynteesi\u00e4 ja haiman \u03b2-solujen insuliinin erityst\u00e4 kehossa.<\/p>\n<p> <strong>Eksenatidiasetaatti CAS:n toiminta ja<\/strong> k\u00e4ytt\u00f6 <strong>141732-76-5<\/strong><br \/>\nEksenatidiasetaatin k\u00e4ytt\u00f6 lis\u00e4\u00e4 akinaarista cAMP-arvoa stimuloimatta amylaasin vapautumista. Inkretiini\u00e4 j\u00e4ljittelev\u00e4n\u00e4 aineena eksenatidiasetaatti toimii glukagonin kaltaisen peptidi-1 (GLP-1) -reseptorin agonistina. Vaikka GLP-1:ll\u00e4 on pitk\u00e4aikainen aktiivisuus, eksenatidiasetaatti lis\u00e4\u00e4 aterian j\u00e4lkeist\u00e4 insuliinin tuotantoa ja vaimentaa glukagonin erityst\u00e4. T\u00e4st\u00e4 syyst\u00e4 eksenatidiasetaattia on k\u00e4ytetty diabeteksen II l\u00e4\u00e4kkeen\u00e4.<\/p>\n","protected":false},"excerpt":{"rendered":"<p>Tuotteen nimi: Eksenatidiasetaatti<br \/>\nCAS: 141732-76-5<br \/>\nMF: C186H286N50O62S<br \/>\nMW: 4244.60796<br \/>\nEINECS: 1592732-453-0<br \/>\nMol Tiedosto: 1461-532-lmol.7<\/p>\n","protected":false},"featured_media":2205,"comment_status":"open","ping_status":"closed","template":"","meta":{"om_disable_all_campaigns":false,"_monsterinsights_skip_tracking":false,"_monsterinsights_sitenote_active":false,"_monsterinsights_sitenote_note":"","_monsterinsights_sitenote_category":0,"site-sidebar-layout":"default","site-content-layout":"default","ast-site-content-layout":"default","site-content-style":"default","site-sidebar-style":"default","ast-global-header-display":"","ast-banner-title-visibility":"","ast-main-header-display":"","ast-hfb-above-header-display":"","ast-hfb-below-header-display":"","ast-hfb-mobile-header-display":"","site-post-title":"","ast-breadcrumbs-content":"","ast-featured-img":"","footer-sml-layout":"","ast-disable-related-posts":"","theme-transparent-header-meta":"default","adv-header-id-meta":"","stick-header-meta":"","header-above-stick-meta":"","header-main-stick-meta":"","header-below-stick-meta":"","astra-migrate-meta-layouts":"default","ast-page-background-enabled":"default","ast-page-background-meta":{"desktop":{"background-color":"","background-image":"","background-repeat":"repeat","background-position":"center center","background-size":"auto","background-attachment":"scroll","background-type":"","background-media":"","overlay-type":"","overlay-color":"","overlay-opacity":"","overlay-gradient":""},"tablet":{"background-color":"","background-image":"","background-repeat":"repeat","background-position":"center center","background-size":"auto","background-attachment":"scroll","background-type":"","background-media":"","overlay-type":"","overlay-color":"","overlay-opacity":"","overlay-gradient":""},"mobile":{"background-color":"","background-image":"","background-repeat":"repeat","background-position":"center center","background-size":"auto","background-attachment":"scroll","background-type":"","background-media":"","overlay-type":"","overlay-color":"","overlay-opacity":"","overlay-gradient":""}},"ast-content-background-meta":{"desktop":{"background-color":"var(--ast-global-color-5)","background-image":"","background-repeat":"repeat","background-position":"center center","background-size":"auto","background-attachment":"scroll","background-type":"","background-media":"","overlay-type":"","overlay-color":"","overlay-opacity":"","overlay-gradient":""},"tablet":{"background-color":"var(--ast-global-color-5)","background-image":"","background-repeat":"repeat","background-position":"center center","background-size":"auto","background-attachment":"scroll","background-type":"","background-media":"","overlay-type":"","overlay-color":"","overlay-opacity":"","overlay-gradient":""},"mobile":{"background-color":"var(--ast-global-color-5)","background-image":"","background-repeat":"repeat","background-position":"center center","background-size":"auto","background-attachment":"scroll","background-type":"","background-media":"","overlay-type":"","overlay-color":"","overlay-opacity":"","overlay-gradient":""}}},"product_brand":[],"product_cat":[340],"product_tag":[1011],"class_list":{"0":"post-8737","1":"product","2":"type-product","3":"status-publish","4":"has-post-thumbnail","6":"product_cat-diabetes-peptidi","7":"product_tag-exenatide-acetate-cas-141732-76-5-used-as-an-enteral-hypoglycemic-agent-fi","8":"desktop-align-left","9":"tablet-align-left","10":"mobile-align-left","12":"first","13":"instock","14":"shipping-taxable","15":"product-type-simple"},"_links":{"self":[{"href":"https:\/\/puyapeptide.net\/fi\/wp-json\/wp\/v2\/product\/8737","targetHints":{"allow":["GET"]}}],"collection":[{"href":"https:\/\/puyapeptide.net\/fi\/wp-json\/wp\/v2\/product"}],"about":[{"href":"https:\/\/puyapeptide.net\/fi\/wp-json\/wp\/v2\/types\/product"}],"replies":[{"embeddable":true,"href":"https:\/\/puyapeptide.net\/fi\/wp-json\/wp\/v2\/comments?post=8737"}],"wp:featuredmedia":[{"embeddable":true,"href":"https:\/\/puyapeptide.net\/fi\/wp-json\/wp\/v2\/media\/2205"}],"wp:attachment":[{"href":"https:\/\/puyapeptide.net\/fi\/wp-json\/wp\/v2\/media?parent=8737"}],"wp:term":[{"taxonomy":"product_brand","embeddable":true,"href":"https:\/\/puyapeptide.net\/fi\/wp-json\/wp\/v2\/product_brand?post=8737"},{"taxonomy":"product_cat","embeddable":true,"href":"https:\/\/puyapeptide.net\/fi\/wp-json\/wp\/v2\/product_cat?post=8737"},{"taxonomy":"product_tag","embeddable":true,"href":"https:\/\/puyapeptide.net\/fi\/wp-json\/wp\/v2\/product_tag?post=8737"}],"curies":[{"name":"wp","href":"https:\/\/api.w.org\/{rel}","templated":true}]}}