{"id":8790,"date":"2021-12-17T03:06:11","date_gmt":"2021-12-17T08:06:11","guid":{"rendered":"https:\/\/puyapeptide.net\/product\/puya-supply-degarelix-acetate-cas-214766-78-6-kaytetaan-eturauhassyovan-hoitoon\/"},"modified":"2021-12-17T03:06:11","modified_gmt":"2021-12-17T08:06:11","slug":"puya-supply-degarelix-acetate-cas-214766-78-6-kaytetaan-eturauhassyovan-hoitoon","status":"publish","type":"product","link":"https:\/\/puyapeptide.net\/fi\/product\/puya-supply-degarelix-acetate-cas-214766-78-6-kaytetaan-eturauhassyovan-hoitoon\/","title":{"rendered":"Puya Supply Degarelix Acetate CAS 214766-78-6 K\u00e4ytet\u00e4\u00e4n eturauhassy\u00f6v\u00e4n hoitoon"},"content":{"rendered":"<h2><strong>Puya Supply Degarelix Acetate CAS 214766-78-6 K\u00e4ytet\u00e4\u00e4n eturauhassy\u00f6v\u00e4n hoitoon<\/strong><\/h2>\n<p>Tuotteen nimi: DEGARELIX<br \/>\nSynonyymit: DEGARELIX;Degareliksiasetaatti;N-asetyyli-3-(2-naftyyli)-D-alanyyli-4-kloori-D-fenyylialanyyli-3-(3-pyridyyli)-D -alanyyli-L-seryyli-4-[2,6-dioksoheksahydropyrimidin-4(S)-yylikarboksamido]-L-fenyylialanyyli-4-ureido-D-fenyylialanyyli-L-leusyyli-N6-isopropyyli-L-lysyyli-L- prolyyli-D-alaniiniamidiasetaatti; degareliksiasetaattisuola; D-alaniiniamidi, N-asetyyli-3-(naftalen-2-yyli)-D-alanyyli-4-kloori-D-fenyylialanyyli-3-(pyridin-3-yyli) -D-alanyyli-L-seryyli-4-((((4S)-2,6-dioksoheksahydropyrimidin-4-yyli)karbonyyli)amino)-L-fenyylialanyyli-4-(karbamoyyliamino)-D-fenyylialanyyli-L-leusyyli -N6-(1-metyylietyyli)-L-lysyyli-L-prolyyli-; Degareliksiasetaatti (FE-200486, Degareliksi); FirMagon; Degareliksi, Degareliksiasetaatti<br \/>\nCAS: 214766-78-6<br \/>\nMF: C82H103ClN1<br \/>\nMW: 1632.26<br \/>\nEINECS: 807-277-4<br \/>\nTuoteluokat: API<br \/>\nMol-tiedosto: 214766-78-6.mol<\/p>\n<p>GnRH:n antagonistit ovat osoittautuneet tehokas hoito hormonaalisesti s\u00e4\u00e4dellyille sy\u00f6ville, kuten eturauhassy\u00f6ville ja tietyille rintasy\u00f6ville. GnRH:n analogeina ne sitoutuvat kilpailevasti ja palautuvasti aivolis\u00e4kkeen GnRH-reseptoreihin ja est\u00e4v\u00e4t siten luteinisoivan hormonin (LH) ja follikkelia stimuloivan hormonin (FSH) vapautumisen. Miehill\u00e4 LH:n v\u00e4heneminen laukaisee testosteronin erityksen poistumisen kiveksist\u00e4, ja n\u00e4m\u00e4 kastraatiota muistuttavat tasot ovat olleet v\u00e4ltt\u00e4m\u00e4tt\u00f6mi\u00e4 edenneen eturauhassy\u00f6v\u00e4n tehokkaassa hoidossa. Verrattuna GnRH-agonisteihin, antagonistit eiv\u00e4t k\u00e4rsi taudin mahdollisesta pahenemisesta johtuen hypotalamus-aivolis\u00e4ke-sukurauhasten akselin alkustimulaatiosta ennen GnRH-reseptorin alass\u00e4\u00e4t\u00f6\u00e4. Lis\u00e4ksi GnRH-antagonistit tarjoavat hy\u00f6dyllisi\u00e4 vaikutuksia nopeammin annostelun j\u00e4lkeen ja johtavat tehokkaampaan gonadotropiinitasojen suppressioon. T\u00e4t\u00e4 silm\u00e4ll\u00e4 pit\u00e4en degareliksiasetaatti on tuotu markkinoille kolmannen sukupolven GnRH-antagonistina eturauhassy\u00f6v\u00e4n hoitoon, ja se liittyy muihin markkinoilla oleviin kolmannen sukupolven l\u00e4\u00e4kkeisiin, ganireliksiin ja setroneliksiin.<\/p>\n<p> <strong>Chemical Properties of Degarelix Acetate CAS 214766-78-6<\/strong><br \/>\ntiheys 1,325\u00b10,06 g\/cm3(ennustettu)<br \/>\nvarastointil\u00e4mp\u00f6tila. S\u00e4ilyt\u00e4 pime\u00e4ss\u00e4, inertiss\u00e4 ilmakeh\u00e4ss\u00e4, S\u00e4ilyt\u00e4 pakastimessa, alle -20\u00b0C<br \/>\npka 10.38\u00b10.40(ennustettu)<\/p>\n<p> <strong>Degarelix Acetate CAS 214766-78-6:n toiminta ja k\u00e4ytt\u00f6tarkoitus<\/strong><br \/>\nKehittynyt hormoni -riippuvainen eturauhassy\u00f6p\u00e4<\/p>\n<p>Desmopressiini (tuotenimet: DDAVP, DesmoMelt, Minirin, Minirin Melt, Octim, Stimate) on synteettinen korvike vasopressiinille, virtsan tuotantoa v\u00e4hent\u00e4v\u00e4lle hormonille. Se voidaan ottaa nen\u00e4n kautta, suonensis\u00e4isesti tai tablettina suun kautta tai kielen alle. L\u00e4\u00e4k\u00e4rit m\u00e4\u00e4r\u00e4\u00e4v\u00e4t desmopressiinia useimmiten diabetes insipiduksen, y\u00f6kastelun tai nokturian hoitoon.<\/p>\n<p>Se voidaan ottaa nen\u00e4\u00e4n, suonensis\u00e4isesti tai tabletteina. L\u00e4\u00e4k\u00e4rit m\u00e4\u00e4r\u00e4\u00e4v\u00e4t Desmopressiini\u00e4 useimmiten diabetes insipiduksen tai y\u00f6llisen enureesin hoitoon. Desmopressiini (1-desamino-8-D-arginiinivasopressiini) on normaalin ihmisen hormonin arginiinivasopressiinin, yhdeks\u00e4n aminohappoa sis\u00e4lt\u00e4v\u00e4n peptidin, muunneltu muoto. Desmopressiiniasetaatin l\u00e4\u00e4ketieteelliseen k\u00e4ytt\u00f6\u00f6n kuuluu: (a) s\u00e4nkykastelu; (b) y\u00f6aikainen virtsaaminen; (c) hyytymish\u00e4iri\u00f6t; (d) diabetes insipidus.<\/p>\n","protected":false},"excerpt":{"rendered":"<p>Tuotteen nimi: DEGARELIX<br \/>\nCAS: 214766-78-6<br \/>\nMF: C82H103ClN18O16<br \/>\nMW: 1632.26<br \/>\nEINECS: 807-277-4<br \/>\nTuoteluokat: API<br \/>\n4 Mol File6621 -78-6.mol<\/p>\n","protected":false},"featured_media":2121,"comment_status":"open","ping_status":"closed","template":"","meta":{"om_disable_all_campaigns":false,"_monsterinsights_skip_tracking":false,"_monsterinsights_sitenote_active":false,"_monsterinsights_sitenote_note":"","_monsterinsights_sitenote_category":0,"site-sidebar-layout":"default","site-content-layout":"default","ast-site-content-layout":"default","site-content-style":"default","site-sidebar-style":"default","ast-global-header-display":"","ast-banner-title-visibility":"","ast-main-header-display":"","ast-hfb-above-header-display":"","ast-hfb-below-header-display":"","ast-hfb-mobile-header-display":"","site-post-title":"","ast-breadcrumbs-content":"","ast-featured-img":"","footer-sml-layout":"","ast-disable-related-posts":"","theme-transparent-header-meta":"default","adv-header-id-meta":"","stick-header-meta":"","header-above-stick-meta":"","header-main-stick-meta":"","header-below-stick-meta":"","astra-migrate-meta-layouts":"default","ast-page-background-enabled":"default","ast-page-background-meta":{"desktop":{"background-color":"","background-image":"","background-repeat":"repeat","background-position":"center center","background-size":"auto","background-attachment":"scroll","background-type":"","background-media":"","overlay-type":"","overlay-color":"","overlay-opacity":"","overlay-gradient":""},"tablet":{"background-color":"","background-image":"","background-repeat":"repeat","background-position":"center center","background-size":"auto","background-attachment":"scroll","background-type":"","background-media":"","overlay-type":"","overlay-color":"","overlay-opacity":"","overlay-gradient":""},"mobile":{"background-color":"","background-image":"","background-repeat":"repeat","background-position":"center center","background-size":"auto","background-attachment":"scroll","background-type":"","background-media":"","overlay-type":"","overlay-color":"","overlay-opacity":"","overlay-gradient":""}},"ast-content-background-meta":{"desktop":{"background-color":"var(--ast-global-color-5)","background-image":"","background-repeat":"repeat","background-position":"center center","background-size":"auto","background-attachment":"scroll","background-type":"","background-media":"","overlay-type":"","overlay-color":"","overlay-opacity":"","overlay-gradient":""},"tablet":{"background-color":"var(--ast-global-color-5)","background-image":"","background-repeat":"repeat","background-position":"center center","background-size":"auto","background-attachment":"scroll","background-type":"","background-media":"","overlay-type":"","overlay-color":"","overlay-opacity":"","overlay-gradient":""},"mobile":{"background-color":"var(--ast-global-color-5)","background-image":"","background-repeat":"repeat","background-position":"center center","background-size":"auto","background-attachment":"scroll","background-type":"","background-media":"","overlay-type":"","overlay-color":"","overlay-opacity":"","overlay-gradient":""}}},"product_brand":[],"product_cat":[388],"product_tag":[933],"class_list":{"0":"post-8790","1":"product","2":"type-product","3":"status-publish","4":"has-post-thumbnail","6":"product_cat-kasvaimen-vastainen-peptidi","7":"product_tag-puya-supply-degarelix-acetate-cas-214766-78-6-used-for-treat-prostate-cancer-fi","8":"desktop-align-left","9":"tablet-align-left","10":"mobile-align-left","12":"first","13":"instock","14":"shipping-taxable","15":"product-type-simple"},"_links":{"self":[{"href":"https:\/\/puyapeptide.net\/fi\/wp-json\/wp\/v2\/product\/8790","targetHints":{"allow":["GET"]}}],"collection":[{"href":"https:\/\/puyapeptide.net\/fi\/wp-json\/wp\/v2\/product"}],"about":[{"href":"https:\/\/puyapeptide.net\/fi\/wp-json\/wp\/v2\/types\/product"}],"replies":[{"embeddable":true,"href":"https:\/\/puyapeptide.net\/fi\/wp-json\/wp\/v2\/comments?post=8790"}],"wp:featuredmedia":[{"embeddable":true,"href":"https:\/\/puyapeptide.net\/fi\/wp-json\/wp\/v2\/media\/2121"}],"wp:attachment":[{"href":"https:\/\/puyapeptide.net\/fi\/wp-json\/wp\/v2\/media?parent=8790"}],"wp:term":[{"taxonomy":"product_brand","embeddable":true,"href":"https:\/\/puyapeptide.net\/fi\/wp-json\/wp\/v2\/product_brand?post=8790"},{"taxonomy":"product_cat","embeddable":true,"href":"https:\/\/puyapeptide.net\/fi\/wp-json\/wp\/v2\/product_cat?post=8790"},{"taxonomy":"product_tag","embeddable":true,"href":"https:\/\/puyapeptide.net\/fi\/wp-json\/wp\/v2\/product_tag?post=8790"}],"curies":[{"name":"wp","href":"https:\/\/api.w.org\/{rel}","templated":true}]}}