{"id":8827,"date":"2021-12-17T03:08:30","date_gmt":"2021-12-17T08:08:30","guid":{"rendered":"https:\/\/puyapeptide.net\/product\/desmopressiiniasetaatti-cas-16679-58-6-kaytetaan-uropareesin-hoitoon\/"},"modified":"2021-12-17T03:08:30","modified_gmt":"2021-12-17T08:08:30","slug":"desmopressiiniasetaatti-cas-16679-58-6-kaytetaan-uropareesin-hoitoon","status":"publish","type":"product","link":"https:\/\/puyapeptide.net\/fi\/product\/desmopressiiniasetaatti-cas-16679-58-6-kaytetaan-uropareesin-hoitoon\/","title":{"rendered":"Desmopressiiniasetaatti CAS 16679-58-6 k\u00e4ytet\u00e4\u00e4n uropareesin hoitoon"},"content":{"rendered":"<h2><strong>Desmopressiiniasetaatti CAS 16679-58-6 k\u00e4ytet\u00e4\u00e4n uropareesin hoitoon<\/strong><\/h2>\n<p>Tuotteen nimi: Desmopressiini<br \/>\nSynonyymit: MPR-TYR-PHE-GLN-ASN-CYS-PRO-D-ARG-GLY-NH2;MINIRIN;[DEAMINO1, DARG8] VASOPRESSIN;[DEAMINO-CYS1, D- ARG8]-VASOPRESSIN;DDAVP, IHMIS;DESMOPRESSIN;DESMOPRESSIN, HUMAN;DESAMINO-[D-ARG8]VASOPRESSIN<br \/>\nCAS: 16679-58-6<br \/>\nMF: C46H64N14O12S2<br \/>\nMW: 1069ECS22 240-726-7<br \/>\nTuoteluokat: Aminohappojohdannaiset; Peptidi; Vasopressiini- ja oksitosiinireseptori<br \/>\nMol-tiedosto: 16679-58-6.mol<\/p>\n<p>Desmopressiini (tuotenimi: DDAVP) on keinotekoinen aine vasopressiinin johdannainen, joka on samanlainen kuin antidiureettinen hormoni (ADH), jota kehossa luonnostaan muodostuu. Sit\u00e4 k\u00e4ytet\u00e4\u00e4n diabetes insipiduksen, y\u00f6kastelun, hemofilia A:n, von Willebrandin taudin ja veren korkeiden ureapitoisuuksien hoitoon. Se pystyy lis\u00e4\u00e4m\u00e4\u00e4n veden l\u00e4p\u00e4isevyytt\u00e4 munuaisten tubulussoluissa, lis\u00e4\u00e4m\u00e4ll\u00e4 edelleen virtsan pitoisuutta ja v\u00e4hent\u00e4en virtsan tuotantoa. Siksi sit\u00e4 voidaan k\u00e4ytt\u00e4\u00e4 eri syist\u00e4, kuten vammoista, leikkauksista ja tietyist\u00e4 l\u00e4\u00e4ketieteellisist\u00e4 tiloista, aiheuttaman vakavan janon, virtsaamisen ja kuivumisen ehk\u00e4isemiseen ja hallitsemiseen. T\u00e4m\u00e4 auttaa sinua nukkumaan koko y\u00f6n her\u00e4\u00e4m\u00e4tt\u00e4 virtsasta.<\/p>\n<p> <strong>Desmopressiini CAS 16679-58-6 Kemialliset ominaisuudet<\/strong><br \/>\nalfa D25 +85,5 \u00b1 2\u00b0 (laskettuna vapaalle peptidille)<br \/>\ntiheys 1,56 \u00b10,1 g\/cm3(ennustettu)<br \/>\nRTECS YW9000000<br \/>\nvarastointil\u00e4mp\u00f6tila. S\u00e4ilyt\u00e4 0\u00b0C:ssa<br \/>\nliukoisuus H2O: liukeneva 20mg\/ml, kirkas, v\u00e4rit\u00f6n<br \/>\npka 9,90\u00b10,15(ennustettu)<br \/>\nmuodossa siisti<br \/>\nInChIKey NFLWUMRGJYTJIN-PNIOQBSNSA-N<\/p>\n<p> <strong>K\u00e4ytt\u00f6tarkoitukset Desmopressiini CAS 16679-58-6<\/strong><br \/>\nAntidiureetti.<\/p>\n","protected":false},"excerpt":{"rendered":"<p>Tuotteen nimi: Desmopressiini<br \/>\nCAS: 16679-58-6<br \/>\nMF: C46H64N14O12S2<br \/>\nMW: 1069.22<br \/>\nEINECS: 240-726-7<br \/>\nMol Tiedosto: 16679-58-6.mol<\/p>\n","protected":false},"featured_media":2205,"comment_status":"open","ping_status":"closed","template":"","meta":{"om_disable_all_campaigns":false,"_monsterinsights_skip_tracking":false,"_monsterinsights_sitenote_active":false,"_monsterinsights_sitenote_note":"","_monsterinsights_sitenote_category":0,"site-sidebar-layout":"default","site-content-layout":"default","ast-site-content-layout":"default","site-content-style":"default","site-sidebar-style":"default","ast-global-header-display":"","ast-banner-title-visibility":"","ast-main-header-display":"","ast-hfb-above-header-display":"","ast-hfb-below-header-display":"","ast-hfb-mobile-header-display":"","site-post-title":"","ast-breadcrumbs-content":"","ast-featured-img":"","footer-sml-layout":"","ast-disable-related-posts":"","theme-transparent-header-meta":"default","adv-header-id-meta":"","stick-header-meta":"","header-above-stick-meta":"","header-main-stick-meta":"","header-below-stick-meta":"","astra-migrate-meta-layouts":"default","ast-page-background-enabled":"default","ast-page-background-meta":{"desktop":{"background-color":"","background-image":"","background-repeat":"repeat","background-position":"center center","background-size":"auto","background-attachment":"scroll","background-type":"","background-media":"","overlay-type":"","overlay-color":"","overlay-opacity":"","overlay-gradient":""},"tablet":{"background-color":"","background-image":"","background-repeat":"repeat","background-position":"center center","background-size":"auto","background-attachment":"scroll","background-type":"","background-media":"","overlay-type":"","overlay-color":"","overlay-opacity":"","overlay-gradient":""},"mobile":{"background-color":"","background-image":"","background-repeat":"repeat","background-position":"center center","background-size":"auto","background-attachment":"scroll","background-type":"","background-media":"","overlay-type":"","overlay-color":"","overlay-opacity":"","overlay-gradient":""}},"ast-content-background-meta":{"desktop":{"background-color":"var(--ast-global-color-5)","background-image":"","background-repeat":"repeat","background-position":"center center","background-size":"auto","background-attachment":"scroll","background-type":"","background-media":"","overlay-type":"","overlay-color":"","overlay-opacity":"","overlay-gradient":""},"tablet":{"background-color":"var(--ast-global-color-5)","background-image":"","background-repeat":"repeat","background-position":"center center","background-size":"auto","background-attachment":"scroll","background-type":"","background-media":"","overlay-type":"","overlay-color":"","overlay-opacity":"","overlay-gradient":""},"mobile":{"background-color":"var(--ast-global-color-5)","background-image":"","background-repeat":"repeat","background-position":"center center","background-size":"auto","background-attachment":"scroll","background-type":"","background-media":"","overlay-type":"","overlay-color":"","overlay-opacity":"","overlay-gradient":""}}},"product_brand":[],"product_cat":[406],"product_tag":[925],"class_list":{"0":"post-8827","1":"product","2":"type-product","3":"status-publish","4":"has-post-thumbnail","6":"product_cat-veren-ja-verisuonten-peptidi","7":"product_tag-desmopressin-acetate-cas-16679-58-6-used-for-treat-uroparesis-fi","8":"desktop-align-left","9":"tablet-align-left","10":"mobile-align-left","12":"first","13":"instock","14":"shipping-taxable","15":"product-type-simple"},"_links":{"self":[{"href":"https:\/\/puyapeptide.net\/fi\/wp-json\/wp\/v2\/product\/8827","targetHints":{"allow":["GET"]}}],"collection":[{"href":"https:\/\/puyapeptide.net\/fi\/wp-json\/wp\/v2\/product"}],"about":[{"href":"https:\/\/puyapeptide.net\/fi\/wp-json\/wp\/v2\/types\/product"}],"replies":[{"embeddable":true,"href":"https:\/\/puyapeptide.net\/fi\/wp-json\/wp\/v2\/comments?post=8827"}],"wp:featuredmedia":[{"embeddable":true,"href":"https:\/\/puyapeptide.net\/fi\/wp-json\/wp\/v2\/media\/2205"}],"wp:attachment":[{"href":"https:\/\/puyapeptide.net\/fi\/wp-json\/wp\/v2\/media?parent=8827"}],"wp:term":[{"taxonomy":"product_brand","embeddable":true,"href":"https:\/\/puyapeptide.net\/fi\/wp-json\/wp\/v2\/product_brand?post=8827"},{"taxonomy":"product_cat","embeddable":true,"href":"https:\/\/puyapeptide.net\/fi\/wp-json\/wp\/v2\/product_cat?post=8827"},{"taxonomy":"product_tag","embeddable":true,"href":"https:\/\/puyapeptide.net\/fi\/wp-json\/wp\/v2\/product_tag?post=8827"}],"curies":[{"name":"wp","href":"https:\/\/api.w.org\/{rel}","templated":true}]}}