{"id":8868,"date":"2021-12-17T03:11:01","date_gmt":"2021-12-17T08:11:01","guid":{"rendered":"https:\/\/puyapeptide.net\/product\/korkealaatuinen-terlipressiiniasetaatti-cas-14636-12-5-akuutin-suonikohjuverenvuodon-hoitoon\/"},"modified":"2021-12-17T03:11:01","modified_gmt":"2021-12-17T08:11:01","slug":"korkealaatuinen-terlipressiiniasetaatti-cas-14636-12-5-akuutin-suonikohjuverenvuodon-hoitoon","status":"publish","type":"product","link":"https:\/\/puyapeptide.net\/fi\/product\/korkealaatuinen-terlipressiiniasetaatti-cas-14636-12-5-akuutin-suonikohjuverenvuodon-hoitoon\/","title":{"rendered":"Korkealaatuinen terlipressiiniasetaatti CAS 14636-12-5 akuutin suonikohjuverenvuodon hoitoon"},"content":{"rendered":"<h2><strong>Korkealaatuinen terlipressiiniasetaatti CAS 14636-12-5 akuutin suonikohjuverenvuodon hoitoon<\/strong><\/h2>\n<p>Tuotteen nimi: N-(N-(N-Glysyyliglysyyli)glysyyli)-8-L-lysiinivasopressiini<br \/>\nSynonyymit: [N-\u03b1-Triglysyyli-8-lysiini]-vasopressiini;130: PN: WO2010033207 SEQID: 171 vaadittu proteiini; 1-triglysyyli-8-lysiini Vasopressiini; N-a-glysyyliglysyyliglysyyli-[8-lysiini]-vasopressiini; N-a-glysyyli-glysyyli-glysyyli-lysiini-vasopressiini; N-a-glysyyliglysyyliglysyyli-Na-vasopressiini; -Gly-Gly-8-Lys-vasopressiini; Terlipressiini, Terlipressiini, Terlipressiini, Terlipressiini<br \/>\nCAS: 14636-12-5<br \/>\nMF: C52H74N16O15S2<br \/>\nMW: 1227.37<br \/>\nEINECS: 8-38-6<br \/>\nTuoteluokat: hormonit;peptidi;aminohappojohdannaiset<br \/>\nMol-tiedosto: 14636-12-5.mol<\/p>\n<p>Terlipressiinin kemiallinen nimi on suliinissa oleva triglysyyliamidilysiini, joka on uudenlainen synteettinen aine. pitk\u00e4vaikutteinen angiogeeninen valmiste. Se on aihiol\u00e4\u00e4ke, joka on itsess\u00e4\u00e4n inaktiivinen. Kun 3 glysiinisubstituutioj\u00e4\u00e4nn\u00f6st\u00e4 on poistettu N-p\u00e4\u00e4st\u00e4\u00e4n, se &quot;vapauttaa&quot; hitaasti aktiivista lysiini\u00e4 plus. Siksi terlipressiini vastaa s\u00e4ili\u00f6t\u00e4, joka voi vapauttaa lysiinivasopressiini\u00e4 vakaalla nopeudella.<\/p>\n<p> <strong>Terlipressiiniasetaatin kemialliset ominaisuudet CAS 14636-12-5<\/strong><br \/>\nKiehumispiste 1824,0\u00b165,0 \u00b0C(ennustettu)<br \/>\ntiheys 1,46\u00b10,1 g\/cm3(ennustettu)<br \/>\nvarastointil\u00e4mp\u00f6tila. S\u00e4ilytet\u00e4\u00e4n pime\u00e4ss\u00e4, inertiss\u00e4 ilmakeh\u00e4ss\u00e4, s\u00e4ilytet\u00e4\u00e4n pakastimessa, alle -20\u00b0C<br \/>\npka 9.90\u00b10.15(ennustettu)<br \/>\nCAS-tietokannan viite 14636-12-5(CAS-tietokannan viite)<\/p>\n<p> <strong>Toiminto Ja Terlipressiiniasetaatin CAS 14636-12-5 sovellus<\/strong><br \/>\nN-(N-(N-glysyyliglysyyli)glysyyli)-8-L-lysinevasopressiini on vasopressiinin analogi, jota k\u00e4ytet\u00e4\u00e4n vasoaktiivisena l\u00e4\u00e4kkeen\u00e4 hypotension hoidossa. N-(N-(N-glysyyliglysyyli)glysyyli)-8-L-lysinevasopressiini\u00e4 k\u00e4ytet\u00e4\u00e4n norepinefriinille resistentti\u00e4 septist\u00e4 sokkia ja hepatorenaalista oireyhtym\u00e4\u00e4. N-(N-(N-glysyyliglysyyli)glysyyli)-8-L-lysinevasopressiini\u00e4 k\u00e4ytet\u00e4\u00e4n my\u00f6s akuutin suonikohjuverenvuodon hoidossa.<\/p>\n","protected":false},"excerpt":{"rendered":"<p>Tuotenimi: N-(N-(N-glysyyliglysyyli)glysyyli)-8-L-lysiinivasopressiini<br \/>\nCAS: 14636-12-5<br \/>\nMF: C52H74N16O15S2<br \/>\nMW: 1227,37<br \/>\nEINECS: 238- 680-8<br \/>\nTuoteluokat: hormonit;peptidit;aminohappojohdannaiset<br \/>\nMol Tiedosto: 14636-12-5.mol<\/p>\n","protected":false},"featured_media":2289,"comment_status":"open","ping_status":"closed","template":"","meta":{"om_disable_all_campaigns":false,"_monsterinsights_skip_tracking":false,"_monsterinsights_sitenote_active":false,"_monsterinsights_sitenote_note":"","_monsterinsights_sitenote_category":0,"site-sidebar-layout":"default","site-content-layout":"default","ast-site-content-layout":"default","site-content-style":"default","site-sidebar-style":"default","ast-global-header-display":"","ast-banner-title-visibility":"","ast-main-header-display":"","ast-hfb-above-header-display":"","ast-hfb-below-header-display":"","ast-hfb-mobile-header-display":"","site-post-title":"","ast-breadcrumbs-content":"","ast-featured-img":"","footer-sml-layout":"","ast-disable-related-posts":"","theme-transparent-header-meta":"default","adv-header-id-meta":"","stick-header-meta":"","header-above-stick-meta":"","header-main-stick-meta":"","header-below-stick-meta":"","astra-migrate-meta-layouts":"default","ast-page-background-enabled":"default","ast-page-background-meta":{"desktop":{"background-color":"","background-image":"","background-repeat":"repeat","background-position":"center center","background-size":"auto","background-attachment":"scroll","background-type":"","background-media":"","overlay-type":"","overlay-color":"","overlay-opacity":"","overlay-gradient":""},"tablet":{"background-color":"","background-image":"","background-repeat":"repeat","background-position":"center center","background-size":"auto","background-attachment":"scroll","background-type":"","background-media":"","overlay-type":"","overlay-color":"","overlay-opacity":"","overlay-gradient":""},"mobile":{"background-color":"","background-image":"","background-repeat":"repeat","background-position":"center center","background-size":"auto","background-attachment":"scroll","background-type":"","background-media":"","overlay-type":"","overlay-color":"","overlay-opacity":"","overlay-gradient":""}},"ast-content-background-meta":{"desktop":{"background-color":"var(--ast-global-color-5)","background-image":"","background-repeat":"repeat","background-position":"center center","background-size":"auto","background-attachment":"scroll","background-type":"","background-media":"","overlay-type":"","overlay-color":"","overlay-opacity":"","overlay-gradient":""},"tablet":{"background-color":"var(--ast-global-color-5)","background-image":"","background-repeat":"repeat","background-position":"center center","background-size":"auto","background-attachment":"scroll","background-type":"","background-media":"","overlay-type":"","overlay-color":"","overlay-opacity":"","overlay-gradient":""},"mobile":{"background-color":"var(--ast-global-color-5)","background-image":"","background-repeat":"repeat","background-position":"center center","background-size":"auto","background-attachment":"scroll","background-type":"","background-media":"","overlay-type":"","overlay-color":"","overlay-opacity":"","overlay-gradient":""}}},"product_brand":[],"product_cat":[406],"product_tag":[879],"class_list":{"0":"post-8868","1":"product","2":"type-product","3":"status-publish","4":"has-post-thumbnail","6":"product_cat-veren-ja-verisuonten-peptidi","7":"product_tag-terlipressin-acetate-cas-14636-12-5-for-treat-acute-variceal-bleeding-fi","8":"desktop-align-left","9":"tablet-align-left","10":"mobile-align-left","12":"first","13":"instock","14":"shipping-taxable","15":"product-type-simple"},"_links":{"self":[{"href":"https:\/\/puyapeptide.net\/fi\/wp-json\/wp\/v2\/product\/8868","targetHints":{"allow":["GET"]}}],"collection":[{"href":"https:\/\/puyapeptide.net\/fi\/wp-json\/wp\/v2\/product"}],"about":[{"href":"https:\/\/puyapeptide.net\/fi\/wp-json\/wp\/v2\/types\/product"}],"replies":[{"embeddable":true,"href":"https:\/\/puyapeptide.net\/fi\/wp-json\/wp\/v2\/comments?post=8868"}],"wp:featuredmedia":[{"embeddable":true,"href":"https:\/\/puyapeptide.net\/fi\/wp-json\/wp\/v2\/media\/2289"}],"wp:attachment":[{"href":"https:\/\/puyapeptide.net\/fi\/wp-json\/wp\/v2\/media?parent=8868"}],"wp:term":[{"taxonomy":"product_brand","embeddable":true,"href":"https:\/\/puyapeptide.net\/fi\/wp-json\/wp\/v2\/product_brand?post=8868"},{"taxonomy":"product_cat","embeddable":true,"href":"https:\/\/puyapeptide.net\/fi\/wp-json\/wp\/v2\/product_cat?post=8868"},{"taxonomy":"product_tag","embeddable":true,"href":"https:\/\/puyapeptide.net\/fi\/wp-json\/wp\/v2\/product_tag?post=8868"}],"curies":[{"name":"wp","href":"https:\/\/api.w.org\/{rel}","templated":true}]}}