{"id":8880,"date":"2021-12-17T03:12:07","date_gmt":"2021-12-17T08:12:07","guid":{"rendered":"https:\/\/puyapeptide.net\/product\/laadukas-oktreotidi-cas-79517-01-4-syovan-kasvua-estavalle-eritysta-estavalle-sandostatinille\/"},"modified":"2021-12-17T03:12:07","modified_gmt":"2021-12-17T08:12:07","slug":"laadukas-oktreotidi-cas-79517-01-4-syovan-kasvua-estavalle-eritysta-estavalle-sandostatinille","status":"publish","type":"product","link":"https:\/\/puyapeptide.net\/fi\/product\/laadukas-oktreotidi-cas-79517-01-4-syovan-kasvua-estavalle-eritysta-estavalle-sandostatinille\/","title":{"rendered":"Laadukas oktreotidi CAS 79517-01-4 sy\u00f6v\u00e4n kasvua est\u00e4v\u00e4lle erityst\u00e4 est\u00e4v\u00e4lle Sandostatinille"},"content":{"rendered":"<h2><strong>Laadukas oktreotidi CAS 79517-01-4 sy\u00f6v\u00e4n kasvua est\u00e4v\u00e4lle erityst\u00e4 est\u00e4v\u00e4lle Sandostatinille<\/strong><\/h2>\n<p>Tuotteen nimi: Oktreotidi<br \/>\nSynonyymit: SANDOSTATIN;SMS-201-995; [r-(r*,r*)]-d-fenyylialanyyli-l-kysteinyyli-l-fenyylialanyyli-d-tryptofyyli-l- lysyyli-l-treonyyli-n-[2-hydroksi-1-(hydroksimetyyli)propyyli]kysteiiniamidi syklinen (2-&gt;7)-disulfidi; oktreotidi; oktreotidi (SMS 201-995), ASETAATTI; syklinen (2- 7)-disulfidi, (rl-treonyyli-n-(2-hydroksi-1-(hydroksimetyyli)propyyli); oktreotidi (D-Phe5, Cys6\u00b711, D-Trp8, L-treoninoli12)-SoMatostatiini-14 (5- 12), SMS-201-995; D-fenyylialanyyli-L-kysteinyyli-L-fenyylialanyyli-D-tryptofyyli-L-lysyyli-L-treonyyli-N-[(1R,2R)-2-hydroksi-1-(hydroksimetyyli) )propyyli]-<br \/>\nCAS: 79517-01-4<br \/>\nMF: C51H70N10O12S2<br \/>\nMW: 1079.3<br \/>\nEINECS: 616-695-4<br \/>\nTuoteluokat: peptidi;Somatostatiinijohdannaisreseptori;Amino-A ;Intermediates &amp; Fine Chemicals;Peptides;Pharmaceuticals<br \/>\nMol File: 79517-01-4.mol<\/p>\n<p>Oktreotidi on synteettinen 8-peptidinen syklinen yhdiste, jota k\u00e4ytet\u00e4\u00e4n ruoansulatuskanavassa.Se on luonnollisen somatostatiinin homologi. Sill\u00e4 on luonnollisen somatostatiinin farmakologinen vaikutus ja pitk\u00e4kestoinen vaikutus (puoli-li t\u00e4m\u00e4n tuotteen fe on 1,5 tuntia, kun taas luonnollinen somatostatiini on 2-3 minuuttia). T\u00e4m\u00e4 tuote voi selektiivisesti est\u00e4\u00e4 kasvuhormonin, glukagonin ja insuliinin erityst\u00e4, joka on voimakkaampaa kuin luonnollinen somatostatiini.<\/p>\n<p> <strong>Teho ja<\/strong> k\u00e4ytt\u00f6 <strong>Oktreotidi CAS 79517-01-4<\/strong><br \/>\n1. Somatostatiinin oktapeptidianalogi. Mahalaukun erityst\u00e4 est\u00e4v\u00e4 aine. K\u00e4ytet\u00e4\u00e4n akromegalian hoidossa<br \/>\n2. luonnollinen hormoni somatostatiini<br \/>\n3. Oktreotidiasetaattia USP (Sandostatin) k\u00e4ytet\u00e4\u00e4n mestastaattisten karsinoidikasvaimien hoitoon; suoliston vasoaktiiviset peptidej\u00e4 eritt\u00e4v\u00e4t kasvaimet.<\/p>\n<p>Oktreotidi on l\u00e4\u00e4ke, jota k\u00e4ytet\u00e4\u00e4n tiettyjen sy\u00f6pien aiheuttaman ripulin ja ihon punoituksen hoitoon.<\/p>\n","protected":false},"excerpt":{"rendered":"<p>Tuotteen nimi: Oktreotidi<br \/>\nCAS: 79517-01-4<br \/>\nMF: C51H70N10O12S2<br \/>\nMW: 1079.3<br \/>\nEINECS: 616-695-4<\/p>\n","protected":false},"featured_media":2268,"comment_status":"open","ping_status":"closed","template":"","meta":{"om_disable_all_campaigns":false,"_monsterinsights_skip_tracking":false,"_monsterinsights_sitenote_active":false,"_monsterinsights_sitenote_note":"","_monsterinsights_sitenote_category":0,"site-sidebar-layout":"default","site-content-layout":"default","ast-site-content-layout":"default","site-content-style":"default","site-sidebar-style":"default","ast-global-header-display":"","ast-banner-title-visibility":"","ast-main-header-display":"","ast-hfb-above-header-display":"","ast-hfb-below-header-display":"","ast-hfb-mobile-header-display":"","site-post-title":"","ast-breadcrumbs-content":"","ast-featured-img":"","footer-sml-layout":"","ast-disable-related-posts":"","theme-transparent-header-meta":"default","adv-header-id-meta":"","stick-header-meta":"","header-above-stick-meta":"","header-main-stick-meta":"","header-below-stick-meta":"","astra-migrate-meta-layouts":"default","ast-page-background-enabled":"default","ast-page-background-meta":{"desktop":{"background-color":"","background-image":"","background-repeat":"repeat","background-position":"center center","background-size":"auto","background-attachment":"scroll","background-type":"","background-media":"","overlay-type":"","overlay-color":"","overlay-opacity":"","overlay-gradient":""},"tablet":{"background-color":"","background-image":"","background-repeat":"repeat","background-position":"center center","background-size":"auto","background-attachment":"scroll","background-type":"","background-media":"","overlay-type":"","overlay-color":"","overlay-opacity":"","overlay-gradient":""},"mobile":{"background-color":"","background-image":"","background-repeat":"repeat","background-position":"center center","background-size":"auto","background-attachment":"scroll","background-type":"","background-media":"","overlay-type":"","overlay-color":"","overlay-opacity":"","overlay-gradient":""}},"ast-content-background-meta":{"desktop":{"background-color":"var(--ast-global-color-5)","background-image":"","background-repeat":"repeat","background-position":"center center","background-size":"auto","background-attachment":"scroll","background-type":"","background-media":"","overlay-type":"","overlay-color":"","overlay-opacity":"","overlay-gradient":""},"tablet":{"background-color":"var(--ast-global-color-5)","background-image":"","background-repeat":"repeat","background-position":"center center","background-size":"auto","background-attachment":"scroll","background-type":"","background-media":"","overlay-type":"","overlay-color":"","overlay-opacity":"","overlay-gradient":""},"mobile":{"background-color":"var(--ast-global-color-5)","background-image":"","background-repeat":"repeat","background-position":"center center","background-size":"auto","background-attachment":"scroll","background-type":"","background-media":"","overlay-type":"","overlay-color":"","overlay-opacity":"","overlay-gradient":""}}},"product_brand":[],"product_cat":[388],"product_tag":[847],"class_list":{"0":"post-8880","1":"product","2":"type-product","3":"status-publish","4":"has-post-thumbnail","6":"product_cat-kasvaimen-vastainen-peptidi","7":"product_tag-top-quality-octreotide-cas-79517-01-4-for-anticancer-growth-inhibiting-fi","8":"desktop-align-left","9":"tablet-align-left","10":"mobile-align-left","12":"first","13":"instock","14":"shipping-taxable","15":"product-type-simple"},"_links":{"self":[{"href":"https:\/\/puyapeptide.net\/fi\/wp-json\/wp\/v2\/product\/8880","targetHints":{"allow":["GET"]}}],"collection":[{"href":"https:\/\/puyapeptide.net\/fi\/wp-json\/wp\/v2\/product"}],"about":[{"href":"https:\/\/puyapeptide.net\/fi\/wp-json\/wp\/v2\/types\/product"}],"replies":[{"embeddable":true,"href":"https:\/\/puyapeptide.net\/fi\/wp-json\/wp\/v2\/comments?post=8880"}],"wp:featuredmedia":[{"embeddable":true,"href":"https:\/\/puyapeptide.net\/fi\/wp-json\/wp\/v2\/media\/2268"}],"wp:attachment":[{"href":"https:\/\/puyapeptide.net\/fi\/wp-json\/wp\/v2\/media?parent=8880"}],"wp:term":[{"taxonomy":"product_brand","embeddable":true,"href":"https:\/\/puyapeptide.net\/fi\/wp-json\/wp\/v2\/product_brand?post=8880"},{"taxonomy":"product_cat","embeddable":true,"href":"https:\/\/puyapeptide.net\/fi\/wp-json\/wp\/v2\/product_cat?post=8880"},{"taxonomy":"product_tag","embeddable":true,"href":"https:\/\/puyapeptide.net\/fi\/wp-json\/wp\/v2\/product_tag?post=8880"}],"curies":[{"name":"wp","href":"https:\/\/api.w.org\/{rel}","templated":true}]}}