{"id":8902,"date":"2021-12-17T03:14:18","date_gmt":"2021-12-17T08:14:18","guid":{"rendered":"https:\/\/puyapeptide.net\/product\/karbetosiiniasetaatti-cas-37025-55-1-heikkojen-kohdun-supistusten-ja-synnytyksen-jalkeisen-verenvuodon-ehkaisy\/"},"modified":"2021-12-17T03:14:18","modified_gmt":"2021-12-17T08:14:18","slug":"karbetosiiniasetaatti-cas-37025-55-1-heikkojen-kohdun-supistusten-ja-synnytyksen-jalkeisen-verenvuodon-ehkaisy","status":"publish","type":"product","link":"https:\/\/puyapeptide.net\/fi\/product\/karbetosiiniasetaatti-cas-37025-55-1-heikkojen-kohdun-supistusten-ja-synnytyksen-jalkeisen-verenvuodon-ehkaisy\/","title":{"rendered":"Karbetosiiniasetaatti CAS 37025-55-1 Heikkojen kohdun supistusten ja synnytyksen j\u00e4lkeisen verenvuodon ehk\u00e4isy"},"content":{"rendered":"<h2><strong>Karbetosiiniasetaatti CAS 37025-55-1 Heikkojen kohdun supistusten ja synnytyksen j\u00e4lkeisen verenvuodon ehk\u00e4isy<\/strong><\/h2>\n<p>Tuotteen nimi: KARBETOSIINI<br \/>\nSynonyymit: BUTYRYL-TYR(ME)-ILE-GLN-ASN-CYS-PRO-LEU-GLY-NH2, (BUTYRYL-4-YL:N JA CYS:n SULFIDISIDOS); BUTYRYYYLI-TYR(ME)-ILE-GLN-ASN-CYS-PRO-LEU-GLY-NH2 TRIFLUOROASETAATTISUOLA; (BUTYRYL1,TYR(ME)2)-1-KARBAOKSYTOSIINITRIFLUOROASETaattisuola;(BUTYRYL1,TYR(ME)2)-OKSITOSIINI ;(BUTYRYL1,TYR(ME)2)-OKSITOSIINITRIFLUOROASETAATTISUOLA; KARBETOSIINI; KARBETOSIINITRIFLUOROASETAATTISUOLA; (2-O-METYLTYROSINI)-DE-AMINO-1-KARBAOKSITOSIINI<br \/>\nCAS: 370125-5MF : C45H69N11O12S<br \/>\nMW: 988.17<br \/>\nEINECS: 253-312-6:&amp;&gt;API:teluokat ; Peptidi; Vasopressiini- ja oksitosiinireseptori; V\u00e4lituotteet ja hienokemikaalit; L\u00e4\u00e4keaineet&lt;-5-&gt;2 1.mol<\/p>\n<p>Karbetosiini on synteettinen pitk\u00e4vaikutteinen oksitosiini-8-peptidianalogi, jolla on agonistiominaisuudet ja jolla on samanlaiset kliiniset ja farmakologiset ominaisuudet kuin luonnollisella oksitosiinilla. Kuten oksitosiini, karbetosiini sitoutuu kohdun sile\u00e4n lihaksen oksitosiinireseptoreihin aiheuttaen kohdun rytmisen supistumisen, joka lis\u00e4\u00e4 sen taajuutta ja lis\u00e4\u00e4 kohdun s\u00e4vy\u00e4 alkuper\u00e4isen Chemicalbookin supistumisen lis\u00e4ksi. Ei-raskaana oksitosiinireseptorien taso kohdussa on alhainen, lis\u00e4\u00e4ntyy raskauden aikana ja huippunsa synnytyksess\u00e4. Siksi kabergoilla ei ole vaikutusta ei-raskaana olevaan kohtuun, mutta sill\u00e4 on kohdistettu kohdun supistava vaikutus, joka tulee olemaan kohtuun ja juuri synnytt\u00e4neeseen kohtuun.<\/p>\n<p> <strong>KARBETOSIINI Karbetosiinin kemialliset ominaisuudet<\/strong><br \/>\nalfa D &#8211; 69,0\u00b0 (c = 0) ,25 1 M etikkahapossa) Kiehumispiste 1477,9 \u00b1 65,0 \u00b0C (ennustettu) tiheys 1,218 \u00b1 0,06 g\/cm3 (ennustettu)<br \/>\nvarastointil\u00e4mp\u00f6tila. -15\u00b0C<br \/>\nmuotojauhe<br \/>\npka 13,07\u00b10,70(ennustettu)<br \/>\nv\u00e4ri valkoisesta beigeen<\/p>\n<p> <strong>Karbetosiinin toiminta ja k\u00e4ytt\u00f6tarkoitus<\/strong><br \/>\nK\u00e4ytett\u00e4viksi valinnaisen epiduraali- tai lannepuudutuksen keisarinleikkauksessa j\u00e4lkeen synnytys heikkojen kohdun supistuksen ja synnytyksen j\u00e4lkeisen verenvuodon est\u00e4miseksi.<br \/>\nKeisarileikkaus muulla anestesialla h\u00e4t\u00e4keisarileikkausta varten, klassinen keisarileikkaus, epiduraali-tai spinaalipuututus tai \u00e4idin l\u00e4sn\u00e4olo, jolla on merkitt\u00e4v\u00e4 syd\u00e4nsairaus, anamneesissa rasisassa verenpainetauti, tai maksa, endokriininen koagulopatia Karbetosiinin k\u00e4ytt\u00f6\u00e4 ei ole tutkittu. Karbetosiinin antamista em\u00e4ttimen synnytyksen j\u00e4lkeen ei ole tutkittu eik\u00e4 annosta ole tehokas.<\/p>\n","protected":false},"excerpt":{"rendered":"<p>Tuotteen nimi: CARBETOCIN<br \/>\nCAS: 37025-55-1<br \/>\nMF: C45H69N11O12S<br \/>\nMW: 988.17<br \/>\nEINECS: 253-312-6<br \/>\nMol Tiedosto: 37025-55-1.mol<\/p>\n","protected":false},"featured_media":2205,"comment_status":"open","ping_status":"closed","template":"","meta":{"om_disable_all_campaigns":false,"_monsterinsights_skip_tracking":false,"_monsterinsights_sitenote_active":false,"_monsterinsights_sitenote_note":"","_monsterinsights_sitenote_category":0,"site-sidebar-layout":"default","site-content-layout":"default","ast-site-content-layout":"default","site-content-style":"default","site-sidebar-style":"default","ast-global-header-display":"","ast-banner-title-visibility":"","ast-main-header-display":"","ast-hfb-above-header-display":"","ast-hfb-below-header-display":"","ast-hfb-mobile-header-display":"","site-post-title":"","ast-breadcrumbs-content":"","ast-featured-img":"","footer-sml-layout":"","ast-disable-related-posts":"","theme-transparent-header-meta":"default","adv-header-id-meta":"","stick-header-meta":"","header-above-stick-meta":"","header-main-stick-meta":"","header-below-stick-meta":"","astra-migrate-meta-layouts":"default","ast-page-background-enabled":"default","ast-page-background-meta":{"desktop":{"background-color":"","background-image":"","background-repeat":"repeat","background-position":"center center","background-size":"auto","background-attachment":"scroll","background-type":"","background-media":"","overlay-type":"","overlay-color":"","overlay-opacity":"","overlay-gradient":""},"tablet":{"background-color":"","background-image":"","background-repeat":"repeat","background-position":"center center","background-size":"auto","background-attachment":"scroll","background-type":"","background-media":"","overlay-type":"","overlay-color":"","overlay-opacity":"","overlay-gradient":""},"mobile":{"background-color":"","background-image":"","background-repeat":"repeat","background-position":"center center","background-size":"auto","background-attachment":"scroll","background-type":"","background-media":"","overlay-type":"","overlay-color":"","overlay-opacity":"","overlay-gradient":""}},"ast-content-background-meta":{"desktop":{"background-color":"var(--ast-global-color-5)","background-image":"","background-repeat":"repeat","background-position":"center center","background-size":"auto","background-attachment":"scroll","background-type":"","background-media":"","overlay-type":"","overlay-color":"","overlay-opacity":"","overlay-gradient":""},"tablet":{"background-color":"var(--ast-global-color-5)","background-image":"","background-repeat":"repeat","background-position":"center center","background-size":"auto","background-attachment":"scroll","background-type":"","background-media":"","overlay-type":"","overlay-color":"","overlay-opacity":"","overlay-gradient":""},"mobile":{"background-color":"var(--ast-global-color-5)","background-image":"","background-repeat":"repeat","background-position":"center center","background-size":"auto","background-attachment":"scroll","background-type":"","background-media":"","overlay-type":"","overlay-color":"","overlay-opacity":"","overlay-gradient":""}}},"product_brand":[],"product_cat":[434],"product_tag":[824],"class_list":{"0":"post-8902","1":"product","2":"type-product","3":"status-publish","4":"has-post-thumbnail","6":"product_cat-urogenitaalinen-peptidi","7":"product_tag-carbetocin-acetate-cas-37025-55-1-fi","8":"desktop-align-left","9":"tablet-align-left","10":"mobile-align-left","12":"first","13":"instock","14":"shipping-taxable","15":"product-type-simple"},"_links":{"self":[{"href":"https:\/\/puyapeptide.net\/fi\/wp-json\/wp\/v2\/product\/8902","targetHints":{"allow":["GET"]}}],"collection":[{"href":"https:\/\/puyapeptide.net\/fi\/wp-json\/wp\/v2\/product"}],"about":[{"href":"https:\/\/puyapeptide.net\/fi\/wp-json\/wp\/v2\/types\/product"}],"replies":[{"embeddable":true,"href":"https:\/\/puyapeptide.net\/fi\/wp-json\/wp\/v2\/comments?post=8902"}],"wp:featuredmedia":[{"embeddable":true,"href":"https:\/\/puyapeptide.net\/fi\/wp-json\/wp\/v2\/media\/2205"}],"wp:attachment":[{"href":"https:\/\/puyapeptide.net\/fi\/wp-json\/wp\/v2\/media?parent=8902"}],"wp:term":[{"taxonomy":"product_brand","embeddable":true,"href":"https:\/\/puyapeptide.net\/fi\/wp-json\/wp\/v2\/product_brand?post=8902"},{"taxonomy":"product_cat","embeddable":true,"href":"https:\/\/puyapeptide.net\/fi\/wp-json\/wp\/v2\/product_cat?post=8902"},{"taxonomy":"product_tag","embeddable":true,"href":"https:\/\/puyapeptide.net\/fi\/wp-json\/wp\/v2\/product_tag?post=8902"}],"curies":[{"name":"wp","href":"https:\/\/api.w.org\/{rel}","templated":true}]}}