{"id":8932,"date":"2021-12-17T03:38:42","date_gmt":"2021-12-17T08:38:42","guid":{"rendered":"https:\/\/puyapeptide.net\/product\/hot-sale-plecanatide-cas-467426-54-6-kaytto-kroonisen-idiopaattisen-ummetuksen-cic-hoitoon\/"},"modified":"2021-12-17T03:38:42","modified_gmt":"2021-12-17T08:38:42","slug":"hot-sale-plecanatide-cas-467426-54-6-kaytto-kroonisen-idiopaattisen-ummetuksen-cic-hoitoon","status":"publish","type":"product","link":"https:\/\/puyapeptide.net\/fi\/product\/hot-sale-plecanatide-cas-467426-54-6-kaytto-kroonisen-idiopaattisen-ummetuksen-cic-hoitoon\/","title":{"rendered":"Hot Sale Plecanatide CAS 467426-54-6 K\u00e4ytt\u00f6 kroonisen idiopaattisen ummetuksen (CIC) hoitoon"},"content":{"rendered":"<h2><strong>Hot Sale Plecanatide CAS 467426-54-6 K\u00e4ytt\u00f6 kroonisen idiopaattisen ummetuksen (CIC) hoitoon<\/strong><\/h2>\n<p>Tuotteen nimi: Plecanatide<br \/>\nSynonyymit: Plecanatide;ASN-ASP-GLU-CYS-GLU-LEU-CYS-VAL-ASN-VAL-ALA-CYS-THR-GLY-CYS-LEU(DISULFIDISIDOTE CYS1&amp;CYS3, CYS2&amp;CYS4);Plekanatidin ep\u00e4puhtaus; L-leusiini, L-asparaginyyli-L-a-aspartyyli-L-a-glutamyyli-L-kysteinyyli-L-a-glutamyyli-L-leusyyli-L-kysteinyyli-L-valyyli-L- asparaginyyli-L-valyyli-L-alanyyli-L-kysteinyyli-L-treonyyliglysyyli-L-kysteinyyli-, syklinen (4\u219212),(7\u219215)-bis(disulfidi);plekanatidi-fandakemia; plekanatidin ep\u00e4puhtaus; plekanatidi USP\/ EP\/BP;Prikanatidi<br \/>\nCAS: 467426-54-6<br \/>\nMF: C65H104N18O26S4<br \/>\nMW: 1681.89<br \/>\nMol Tiedosto: 467426-54-6.mol<\/p>\n<p>Plekanatidi on uusi l\u00e4\u00e4ke, joka vaikuttaa guanylaattisyklaasientsyymiin stimuloiden suolen nesteen erityst\u00e4 ja kiihdytt\u00e4en suolen toimintaa. Suun kautta otettava peptidi, joka koostuu 16 aminohaposta, on suunniteltu j\u00e4ljittelem\u00e4\u00e4n virtsan guanosiinia, ihmisen maha-suolikanavan peptidi\u00e4. Alun perin Callisto Pharmaceuticals Yhdysvalloissa kehitt\u00e4m\u00e4 ja Synergy Pharmaceuticalsin kehitt\u00e4miseen siirretty prokainatidi hyv\u00e4ksyi Yhdysvaltain elintarvike- ja l\u00e4\u00e4keviraston (FDA) markkinointiin 19. tammikuuta 2017 Chemicalbook 2017 aikuisten CIC:n hoitoon. Prokainatidi on uroguanosiinin analogi. (uroguanyliini) ja sis\u00e4lt\u00e4\u00e4 16 Se on uroguanyliinin analogi, syklinen peptidi, joka sis\u00e4lt\u00e4\u00e4 16 aminohappoa ja toimii guanylaattisyklaasireseptorin agonistina, joka edist\u00e4\u00e4 natriumin erittymist\u00e4 virtsaan, s\u00e4\u00e4telee happo-em\u00e4s-ioneja maha-suolikanavassa, indusoi nestett\u00e4. kulkeutuu maha-suolikanavaan ja lis\u00e4\u00e4 maha-suolikanavan peristaltiikkaa.<\/p>\n<p>K\u00e4\u00e4nnetty osoitteessa www.DeepL.com\/Translator (ilmainen versio)<\/p>\n<p> <strong>Plekanatidin toiminta ja k\u00e4ytt\u00f6<\/strong><br \/>\nProkainidi on guanylaattisyklaasi-C (GC-C) -reseptoriagonisti, joka edist\u00e4\u00e4 natriumin erittymist\u00e4 virtsaan, s\u00e4\u00e4telee happo-em\u00e4s-ioneja maha-suolikanavassa, indusoi nesteen kuljetusta e ruoansulatuskanavassa ja lis\u00e4\u00e4 maha-suolikanavan peristaltiikkaa, ja se on tarkoitettu aikuisten CIC:n hoitoon.<\/p>\n","protected":false},"excerpt":{"rendered":"<p>Tuotteen nimi: Plecanatide <strong><br \/>\nCAS: 467426-54-6<br \/>\nMF: C65H104N18O26S4<br \/>\nMW: 1681.89<br \/>\nMol Tiedosto: 467426-54-6.mol<\/strong><\/p>\n","protected":false},"featured_media":2163,"comment_status":"open","ping_status":"closed","template":"","meta":{"om_disable_all_campaigns":false,"_monsterinsights_skip_tracking":false,"_monsterinsights_sitenote_active":false,"_monsterinsights_sitenote_note":"","_monsterinsights_sitenote_category":0,"site-sidebar-layout":"default","site-content-layout":"default","ast-site-content-layout":"default","site-content-style":"default","site-sidebar-style":"default","ast-global-header-display":"","ast-banner-title-visibility":"","ast-main-header-display":"","ast-hfb-above-header-display":"","ast-hfb-below-header-display":"","ast-hfb-mobile-header-display":"","site-post-title":"","ast-breadcrumbs-content":"","ast-featured-img":"","footer-sml-layout":"","ast-disable-related-posts":"","theme-transparent-header-meta":"default","adv-header-id-meta":"","stick-header-meta":"","header-above-stick-meta":"","header-main-stick-meta":"","header-below-stick-meta":"","astra-migrate-meta-layouts":"default","ast-page-background-enabled":"default","ast-page-background-meta":{"desktop":{"background-color":"","background-image":"","background-repeat":"repeat","background-position":"center center","background-size":"auto","background-attachment":"scroll","background-type":"","background-media":"","overlay-type":"","overlay-color":"","overlay-opacity":"","overlay-gradient":""},"tablet":{"background-color":"","background-image":"","background-repeat":"repeat","background-position":"center center","background-size":"auto","background-attachment":"scroll","background-type":"","background-media":"","overlay-type":"","overlay-color":"","overlay-opacity":"","overlay-gradient":""},"mobile":{"background-color":"","background-image":"","background-repeat":"repeat","background-position":"center center","background-size":"auto","background-attachment":"scroll","background-type":"","background-media":"","overlay-type":"","overlay-color":"","overlay-opacity":"","overlay-gradient":""}},"ast-content-background-meta":{"desktop":{"background-color":"var(--ast-global-color-5)","background-image":"","background-repeat":"repeat","background-position":"center center","background-size":"auto","background-attachment":"scroll","background-type":"","background-media":"","overlay-type":"","overlay-color":"","overlay-opacity":"","overlay-gradient":""},"tablet":{"background-color":"var(--ast-global-color-5)","background-image":"","background-repeat":"repeat","background-position":"center center","background-size":"auto","background-attachment":"scroll","background-type":"","background-media":"","overlay-type":"","overlay-color":"","overlay-opacity":"","overlay-gradient":""},"mobile":{"background-color":"var(--ast-global-color-5)","background-image":"","background-repeat":"repeat","background-position":"center center","background-size":"auto","background-attachment":"scroll","background-type":"","background-media":"","overlay-type":"","overlay-color":"","overlay-opacity":"","overlay-gradient":""}}},"product_brand":[],"product_cat":[449],"product_tag":[810],"class_list":{"0":"post-8932","1":"product","2":"type-product","3":"status-publish","4":"has-post-thumbnail","6":"product_cat-ruoansulatuskanavan-peptidi","7":"product_tag-plecanatide-cas-467426-54-6-use-for-treat-chronic-idiopathic-constipation-fi","8":"desktop-align-left","9":"tablet-align-left","10":"mobile-align-left","12":"first","13":"instock","14":"shipping-taxable","15":"product-type-simple"},"_links":{"self":[{"href":"https:\/\/puyapeptide.net\/fi\/wp-json\/wp\/v2\/product\/8932","targetHints":{"allow":["GET"]}}],"collection":[{"href":"https:\/\/puyapeptide.net\/fi\/wp-json\/wp\/v2\/product"}],"about":[{"href":"https:\/\/puyapeptide.net\/fi\/wp-json\/wp\/v2\/types\/product"}],"replies":[{"embeddable":true,"href":"https:\/\/puyapeptide.net\/fi\/wp-json\/wp\/v2\/comments?post=8932"}],"wp:featuredmedia":[{"embeddable":true,"href":"https:\/\/puyapeptide.net\/fi\/wp-json\/wp\/v2\/media\/2163"}],"wp:attachment":[{"href":"https:\/\/puyapeptide.net\/fi\/wp-json\/wp\/v2\/media?parent=8932"}],"wp:term":[{"taxonomy":"product_brand","embeddable":true,"href":"https:\/\/puyapeptide.net\/fi\/wp-json\/wp\/v2\/product_brand?post=8932"},{"taxonomy":"product_cat","embeddable":true,"href":"https:\/\/puyapeptide.net\/fi\/wp-json\/wp\/v2\/product_cat?post=8932"},{"taxonomy":"product_tag","embeddable":true,"href":"https:\/\/puyapeptide.net\/fi\/wp-json\/wp\/v2\/product_tag?post=8932"}],"curies":[{"name":"wp","href":"https:\/\/api.w.org\/{rel}","templated":true}]}}